{"id":3291,"date":"2015-11-17T15:34:09","date_gmt":"2015-11-17T13:34:09","guid":{"rendered":"https:\/\/osr.org\/fr\/?page_id=3291"},"modified":"2023-01-25T08:50:30","modified_gmt":"2023-01-25T06:50:30","slug":"sitemap","status":"publish","type":"page","link":"https:\/\/osr.org\/fr\/sitemap\/","title":{"rendered":"Sitemap"},"content":{"rendered":"<ul>\n<li><a title=\"Acheter Une \u00c9toile\" href=\"\/fr\/\"><strong>Acheter Une \u00c9toile<\/strong><\/a><\/li>\n<li><a href=\"\/fr\/cadeau-de\/bapteme-garcon\/\">Bapt\u00eame Petit Gar\u00e7on<\/a><\/li>\n<li><a href=\"\/fr\/cadeau-de\/bapteme-fille\/\">Bapt\u00eame Petite Fille<\/a><\/li>\n<li><a href=\"\/fr\/cadeau-de\/amour\/\">Cadeau d&rsquo;Amour<\/a><\/li>\n<li><a href=\"\/fr\/cadeau-de\/anniversaire\/\">Cadeau d&rsquo;Anniversaire<\/a><\/li>\n<li><a href=\"\/fr\/cadeau-de\/fete-des-meres\/\">Cadeau de F\u00eate des M\u00e8res<\/a><\/li>\n<li><a href=\"https:\/\/osr.org\/fr\/cadeau-de\/fete-des-peres\/\">Cadeau de F\u00eate des P\u00e8res<\/a><\/li>\n<li><a href=\"\/fr\/cadeau-de\/jubile\/\">Cadeau de Jubil\u00e9<\/a><\/li>\n<li><a href=\"\/fr\/cadeau-de\/mariage\/\">Cadeau de Mariage<\/a><\/li>\n<li><a href=\"\/fr\/cadeau-de\/naissance-garcon\/\">Cadeau de Naissance Gar\u00e7on<\/a><\/li>\n<li><a href=\"\/fr\/cadeau-de\/naissance-pour-fille\/\">Cadeau de Naissance Pour Fille<\/a><\/li>\n<li><a href=\"\/fr\/cadeau-de\/noel\/\">Cadeau de No\u00ebl<\/a><\/li>\n<li><a href=\"\/fr\/cadeau-de\/saint-sylvestre\/\">Cadeau de Saint Sylvestre<\/a><\/li>\n<li><a href=\"\/fr\/cadeau-de\/saint-valentin\/\">Cadeau de Saint Valentin<\/a><\/li>\n<li><a href=\"\/fr\/cadeau-de\/souvenir\/\">D\u00e9c\u00e8s<\/a><\/li>\n<li><a href=\"\/fr\/cadeau-de\/quinquagenaire-50-ans\/\">Quinquag\u00e9naire 50 Ans<\/a><\/li>\n<\/ul>\n","protected":false},"excerpt":{"rendered":"<p>Acheter Une \u00c9toile Bapt\u00eame Petit Gar\u00e7on Bapt\u00eame Petite Fille Cadeau d&rsquo;Amour Cadeau d&rsquo;Anniversaire Cadeau de F\u00eate des M\u00e8res Cadeau de F\u00eate des P\u00e8res Cadeau de Jubil\u00e9 Cadeau de Mariage Cadeau de Naissance Gar\u00e7on Cadeau de Naissance Pour Fille Cadeau de No\u00ebl Cadeau de Saint Sylvestre Cadeau de Saint Valentin D\u00e9c\u00e8s Quinquag\u00e9naire 50 Ans<\/p>\n","protected":false},"author":4,"featured_media":0,"parent":0,"menu_order":0,"comment_status":"closed","ping_status":"closed","template":"page-about.php","meta":{"_acf_changed":false,"inline_featured_image":false,"footnotes":""},"class_list":["post-3291","page","type-page","status-publish","hentry"],"acf":[],"yoast_head":"<!-- This site is optimized with the Yoast SEO plugin v27.1.1 - https:\/\/yoast.com\/product\/yoast-seo-wordpress\/ -->\n<title>Sitemap - Online Star Register<\/title>\n<meta name=\"robots\" content=\"index, follow, max-snippet:-1, max-image-preview:large, max-video-preview:-1\" \/>\n<link rel=\"canonical\" href=\"https:\/\/osr.org\/fr\/sitemap\/\" \/>\n<meta property=\"og:locale\" content=\"fr_FR\" \/>\n<meta property=\"og:type\" content=\"article\" \/>\n<meta property=\"og:title\" content=\"Sitemap - Online Star Register\" \/>\n<meta property=\"og:description\" content=\"Acheter Une \u00c9toile Bapt\u00eame Petit Gar\u00e7on Bapt\u00eame Petite Fille Cadeau d&rsquo;Amour Cadeau d&rsquo;Anniversaire Cadeau de F\u00eate des M\u00e8res Cadeau de F\u00eate des P\u00e8res Cadeau de Jubil\u00e9 Cadeau de Mariage Cadeau de Naissance Gar\u00e7on Cadeau de Naissance Pour Fille Cadeau de No\u00ebl Cadeau de Saint Sylvestre Cadeau de Saint Valentin D\u00e9c\u00e8s Quinquag\u00e9naire 50 Ans\" \/>\n<meta property=\"og:url\" content=\"https:\/\/osr.org\/fr\/sitemap\/\" \/>\n<meta property=\"og:site_name\" content=\"Online Star Register\" \/>\n<meta property=\"article:modified_time\" content=\"2023-01-25T06:50:30+00:00\" \/>\n<meta name=\"twitter:card\" content=\"summary_large_image\" \/>\n<meta name=\"twitter:label1\" content=\"Dur\u00e9e de lecture estim\u00e9e\" \/>\n\t<meta name=\"twitter:data1\" content=\"1 minute\" \/>\n<script type=\"application\/ld+json\" class=\"yoast-schema-graph\">{\n\t    \"@context\": \"https:\/\/schema.org\",\n\t    \"@graph\": [\n\t        {\n\t            \"@type\": \"WebPage\",\n\t            \"@id\": \"https:\/\/osr.org\/fr\/sitemap\/\",\n\t            \"url\": \"https:\/\/osr.org\/fr\/sitemap\/\",\n\t            \"name\": \"Sitemap - Online Star Register\",\n\t            \"isPartOf\": {\n\t                \"@id\": \"https:\/\/osr.org\/fr\/#website\"\n\t            },\n\t            \"datePublished\": \"2015-11-17T13:34:09+00:00\",\n\t            \"dateModified\": \"2023-01-25T06:50:30+00:00\",\n\t            \"breadcrumb\": {\n\t                \"@id\": \"https:\/\/osr.org\/fr\/sitemap\/#breadcrumb\"\n\t            },\n\t            \"inLanguage\": \"fr-FR\",\n\t            \"potentialAction\": [\n\t                {\n\t                    \"@type\": \"ReadAction\",\n\t                    \"target\": [\n\t                        \"https:\/\/osr.org\/fr\/sitemap\/\"\n\t                    ]\n\t                }\n\t            ]\n\t        },\n\t        {\n\t            \"@type\": \"BreadcrumbList\",\n\t            \"@id\": \"https:\/\/osr.org\/fr\/sitemap\/#breadcrumb\",\n\t            \"itemListElement\": [\n\t                {\n\t                    \"@type\": \"ListItem\",\n\t                    \"position\": 1,\n\t                    \"name\": \"Home\",\n\t                    \"item\": \"https:\/\/osr.org\/fr\/\"\n\t                },\n\t                {\n\t                    \"@type\": \"ListItem\",\n\t                    \"position\": 2,\n\t                    \"name\": \"Sitemap\"\n\t                }\n\t            ]\n\t        },\n\t        {\n\t            \"@type\": \"WebSite\",\n\t            \"@id\": \"https:\/\/osr.org\/fr\/#website\",\n\t            \"url\": \"https:\/\/osr.org\/fr\/\",\n\t            \"name\": \"Online Star Register\",\n\t            \"description\": \"\",\n\t            \"potentialAction\": [\n\t                {\n\t                    \"@type\": \"SearchAction\",\n\t                    \"target\": {\n\t                        \"@type\": \"EntryPoint\",\n\t                        \"urlTemplate\": \"https:\/\/osr.org\/fr\/?s={search_term_string}\"\n\t                    },\n\t                    \"query-input\": {\n\t                        \"@type\": \"PropertyValueSpecification\",\n\t                        \"valueRequired\": true,\n\t                        \"valueName\": \"search_term_string\"\n\t                    }\n\t                }\n\t            ],\n\t            \"inLanguage\": \"fr-FR\"\n\t        }\n\t    ]\n\t}<\/script>\n<!-- \/ Yoast SEO plugin. -->","yoast_head_json":{"title":"Sitemap - Online Star Register","robots":{"index":"index","follow":"follow","max-snippet":"max-snippet:-1","max-image-preview":"max-image-preview:large","max-video-preview":"max-video-preview:-1"},"canonical":"https:\/\/osr.org\/fr\/sitemap\/","og_locale":"fr_FR","og_type":"article","og_title":"Sitemap - Online Star Register","og_description":"Acheter Une \u00c9toile Bapt\u00eame Petit Gar\u00e7on Bapt\u00eame Petite Fille Cadeau d&rsquo;Amour Cadeau d&rsquo;Anniversaire Cadeau de F\u00eate des M\u00e8res Cadeau de F\u00eate des P\u00e8res Cadeau de Jubil\u00e9 Cadeau de Mariage Cadeau de Naissance Gar\u00e7on Cadeau de Naissance Pour Fille Cadeau de No\u00ebl Cadeau de Saint Sylvestre Cadeau de Saint Valentin D\u00e9c\u00e8s Quinquag\u00e9naire 50 Ans","og_url":"https:\/\/osr.org\/fr\/sitemap\/","og_site_name":"Online Star Register","article_modified_time":"2023-01-25T06:50:30+00:00","twitter_card":"summary_large_image","twitter_misc":{"Dur\u00e9e de lecture estim\u00e9e":"1 minute"},"schema":{"@context":"https:\/\/schema.org","@graph":[{"@type":"WebPage","@id":"https:\/\/osr.org\/fr\/sitemap\/","url":"https:\/\/osr.org\/fr\/sitemap\/","name":"Sitemap - Online Star Register","isPartOf":{"@id":"https:\/\/osr.org\/fr\/#website"},"datePublished":"2015-11-17T13:34:09+00:00","dateModified":"2023-01-25T06:50:30+00:00","breadcrumb":{"@id":"https:\/\/osr.org\/fr\/sitemap\/#breadcrumb"},"inLanguage":"fr-FR","potentialAction":[{"@type":"ReadAction","target":["https:\/\/osr.org\/fr\/sitemap\/"]}]},{"@type":"BreadcrumbList","@id":"https:\/\/osr.org\/fr\/sitemap\/#breadcrumb","itemListElement":[{"@type":"ListItem","position":1,"name":"Home","item":"https:\/\/osr.org\/fr\/"},{"@type":"ListItem","position":2,"name":"Sitemap"}]},{"@type":"WebSite","@id":"https:\/\/osr.org\/fr\/#website","url":"https:\/\/osr.org\/fr\/","name":"Online Star Register","description":"","potentialAction":[{"@type":"SearchAction","target":{"@type":"EntryPoint","urlTemplate":"https:\/\/osr.org\/fr\/?s={search_term_string}"},"query-input":{"@type":"PropertyValueSpecification","valueRequired":true,"valueName":"search_term_string"}}],"inLanguage":"fr-FR"}]}},"_links":{"self":[{"href":"https:\/\/osr.org\/fr\/wp-json\/wp\/v2\/pages\/3291","targetHints":{"allow":["GET"]}}],"collection":[{"href":"https:\/\/osr.org\/fr\/wp-json\/wp\/v2\/pages"}],"about":[{"href":"https:\/\/osr.org\/fr\/wp-json\/wp\/v2\/types\/page"}],"author":[{"embeddable":true,"href":"https:\/\/osr.org\/fr\/wp-json\/wp\/v2\/users\/4"}],"replies":[{"embeddable":true,"href":"https:\/\/osr.org\/fr\/wp-json\/wp\/v2\/comments?post=3291"}],"version-history":[{"count":3,"href":"https:\/\/osr.org\/fr\/wp-json\/wp\/v2\/pages\/3291\/revisions"}],"predecessor-version":[{"id":225388,"href":"https:\/\/osr.org\/fr\/wp-json\/wp\/v2\/pages\/3291\/revisions\/225388"}],"wp:attachment":[{"href":"https:\/\/osr.org\/fr\/wp-json\/wp\/v2\/media?parent=3291"}],"curies":[{"name":"wp","href":"https:\/\/api.w.org\/{rel}","templated":true}]}}