{"id":3249,"date":"2015-11-17T15:30:20","date_gmt":"2015-11-17T13:30:20","guid":{"rendered":"https:\/\/osr.org\/fr\/?page_id=3249"},"modified":"2022-11-03T20:31:43","modified_gmt":"2022-11-03T18:31:43","slug":"ecrivez-dans-les-etoiles","status":"publish","type":"page","link":"https:\/\/osr.org\/fr\/ecrivez-dans-les-etoiles\/","title":{"rendered":"\u00c9crire une revue"},"content":{"rendered":"<div class=\"write-review-content\">\n<div class=\"write-review-title\">\n<p>Revues<\/p>\n<h3>\u00c9crire une revue<\/h3>\n<\/div>\n<p><a class=\"button write-review-button-desktop arrow-left\" href=\"https:\/\/osr.org\/fr\/reviews\/\">Retour \u00e0 la page des revues<\/a>\n<\/div>\n<p>\n<div class=\"wpcf7 no-js\" id=\"wpcf7-f9207-o1\" lang=\"fr-FR\" dir=\"ltr\" data-wpcf7-id=\"9207\">\n<div class=\"screen-reader-response\"><p role=\"status\" aria-live=\"polite\" aria-atomic=\"true\"><\/p> <ul><\/ul><\/div>\n<form action=\"\/fr\/wp-json\/wp\/v2\/pages\/3249#wpcf7-f9207-o1\" method=\"post\" class=\"wpcf7-form init write-review-form\" aria-label=\"Formulaire de contact\" novalidate=\"novalidate\" data-status=\"init\">\n<fieldset class=\"hidden-fields-container\"><input type=\"hidden\" name=\"_wpcf7\" value=\"9207\" \/><input type=\"hidden\" name=\"_wpcf7_version\" value=\"6.1.5\" \/><input type=\"hidden\" name=\"_wpcf7_locale\" value=\"fr_FR\" \/><input type=\"hidden\" name=\"_wpcf7_unit_tag\" value=\"wpcf7-f9207-o1\" \/><input type=\"hidden\" name=\"_wpcf7_container_post\" value=\"0\" \/><input type=\"hidden\" name=\"_wpcf7_posted_data_hash\" value=\"\" \/>\n<\/fieldset>\n<div class=\"wpcf7-turnstile cf-turnstile\" data-sitekey=\"0x4AAAAAACtXztal9POC4gX4\" data-response-field-name=\"_wpcf7_turnstile_response\"><\/div>\n\n<p class=\"rate-stars-box\">\u00c9valuez votre exp\u00e9rience : <span class=\"wpcf7-form-control-wrap radio-87\"><span class=\"wpcf7-form-control wpcf7-radio stars rate-stars\"><label><input type=\"radio\" name=\"radio-87\" value=\"1\" \/><span class=\"icon\"><\/span><\/label><label><input type=\"radio\" name=\"radio-87\" value=\"1.5\" \/><span class=\"icon\"><\/span><span class=\"icon-half\"><\/span><\/label><label><input type=\"radio\" name=\"radio-87\" value=\"2\" \/><span class=\"icon\"><\/span><span class=\"icon\"><\/span><\/label><label><input type=\"radio\" name=\"radio-87\" value=\"2.5\" \/><span class=\"icon\"><\/span><span class=\"icon\"><\/span><span class=\"icon-half\"><\/span><\/label><label><input type=\"radio\" name=\"radio-87\" value=\"3\" \/><span class=\"icon\"><\/span><span class=\"icon\"><\/span><span class=\"icon\"><\/span><\/label><label><input type=\"radio\" name=\"radio-87\" value=\"3.5\" \/><span class=\"icon\"><\/span><span class=\"icon\"><\/span><span class=\"icon\"><\/span><span class=\"icon-half\"><\/span><\/label><label><input type=\"radio\" name=\"radio-87\" value=\"4\" \/><span class=\"icon\"><\/span><span class=\"icon\"><\/span><span class=\"icon\"><\/span><span class=\"icon\"><\/span><\/label><label><input type=\"radio\" name=\"radio-87\" value=\"4.5\" \/><span class=\"icon\"><\/span><span class=\"icon\"><\/span><span class=\"icon\"><\/span><span class=\"icon\"><\/span><span class=\"icon-half\"><\/span><\/label><label><input type=\"radio\" name=\"radio-87\" value=\"5\" checked=\"checked\" \/><span class=\"icon\"><\/span><span class=\"icon\"><\/span><span class=\"icon\"><\/span><span class=\"icon\"><\/span><span class=\"icon\"><\/span><\/label><\/span><\/span>\n<\/p>\n<p>Votre nom (obligatoire)\n<\/p>\n<p><span class=\"wpcf7-form-control-wrap\" data-name=\"your-name\"><input size=\"40\" maxlength=\"400\" class=\"wpcf7-form-control wpcf7-text wpcf7-validates-as-required\" aria-required=\"true\" aria-invalid=\"false\" value=\"\" type=\"text\" name=\"your-name\" \/><\/span>\n<\/p>\n<p>Votre email (obligatoire)\n<\/p>\n<p><span class=\"wpcf7-form-control-wrap\" data-name=\"your-email\"><input size=\"40\" maxlength=\"400\" class=\"wpcf7-form-control wpcf7-email wpcf7-validates-as-required wpcf7-text wpcf7-validates-as-email\" aria-required=\"true\" aria-invalid=\"false\" value=\"\" type=\"email\" name=\"your-email\" \/><\/span>\n<\/p>\n<p>Sujet\n<\/p>\n<p><span class=\"wpcf7-form-control-wrap\" data-name=\"your-subject\"><input size=\"40\" maxlength=\"400\" class=\"wpcf7-form-control wpcf7-text wpcf7-validates-as-required\" aria-required=\"true\" aria-invalid=\"false\" value=\"\" type=\"text\" name=\"your-subject\" \/><\/span>\n<\/p>\n<p>Votre message\n<\/p>\n<p><span class=\"wpcf7-form-control-wrap\" data-name=\"your-message\"><textarea cols=\"40\" rows=\"10\" maxlength=\"2000\" class=\"wpcf7-form-control wpcf7-textarea\" aria-invalid=\"false\" name=\"your-message\"><\/textarea><\/span>\n<\/p>\n<p><input class=\"wpcf7-form-control wpcf7-submit has-spinner\" type=\"submit\" value=\"Envoyer\" \/>\n<\/p><div class=\"wpcf7-response-output\" aria-hidden=\"true\"><\/div>\n<\/form>\n<\/div>\n<br \/>\n<a class=\"button write-review-button-mobile arrow-left\" href=\"https:\/\/osr.org\/fr\/reviews\/\">Retour \u00e0 la page des revues<\/a><\/p>\n","protected":false},"excerpt":{"rendered":"<p>Revues \u00c9crire une revue Retour \u00e0 la page des revues Retour \u00e0 la page des revues<\/p>\n","protected":false},"author":4,"featured_media":0,"parent":0,"menu_order":0,"comment_status":"closed","ping_status":"closed","template":"page-stars-light-bg-clean.php","meta":{"_acf_changed":false,"inline_featured_image":false,"footnotes":""},"class_list":["post-3249","page","type-page","status-publish","hentry"],"acf":[],"yoast_head":"<!-- This site is optimized with the Yoast SEO plugin v27.1.1 - https:\/\/yoast.com\/product\/yoast-seo-wordpress\/ -->\n<title>\u00c9crire une revue - Online Star Register<\/title>\n<meta name=\"description\" content=\"\u00c9crivez votre avis sur notre site et gagnez un cadeau d&#039;\u00e9toile en ligne\u00a0! Un nouveau gagnant est annonc\u00e9 chaque mois sur la page Facebook d&#039;OSR.\" \/>\n<meta name=\"robots\" content=\"index, follow, max-snippet:-1, max-image-preview:large, max-video-preview:-1\" \/>\n<link rel=\"canonical\" href=\"https:\/\/osr.org\/fr\/ecrivez-dans-les-etoiles\/\" \/>\n<meta property=\"og:locale\" content=\"fr_FR\" \/>\n<meta property=\"og:type\" content=\"article\" \/>\n<meta property=\"og:title\" content=\"\u00c9crire une revue - Online Star Register\" \/>\n<meta property=\"og:description\" content=\"\u00c9crivez votre avis sur notre site et gagnez un cadeau d&#039;\u00e9toile en ligne\u00a0! Un nouveau gagnant est annonc\u00e9 chaque mois sur la page Facebook d&#039;OSR.\" \/>\n<meta property=\"og:url\" content=\"https:\/\/osr.org\/fr\/ecrivez-dans-les-etoiles\/\" \/>\n<meta property=\"og:site_name\" content=\"Online Star Register\" \/>\n<meta property=\"article:modified_time\" content=\"2022-11-03T18:31:43+00:00\" \/>\n<meta name=\"twitter:card\" content=\"summary_large_image\" \/>\n<meta name=\"twitter:label1\" content=\"Dur\u00e9e de lecture estim\u00e9e\" \/>\n\t<meta name=\"twitter:data1\" content=\"1 minute\" \/>\n<script type=\"application\/ld+json\" class=\"yoast-schema-graph\">{\n\t    \"@context\": \"https:\/\/schema.org\",\n\t    \"@graph\": [\n\t        {\n\t            \"@type\": \"WebPage\",\n\t            \"@id\": \"https:\/\/osr.org\/fr\/ecrivez-dans-les-etoiles\/\",\n\t            \"url\": \"https:\/\/osr.org\/fr\/ecrivez-dans-les-etoiles\/\",\n\t            \"name\": \"\u00c9crire une revue - Online Star Register\",\n\t            \"isPartOf\": {\n\t                \"@id\": \"https:\/\/osr.org\/fr\/#website\"\n\t            },\n\t            \"datePublished\": \"2015-11-17T13:30:20+00:00\",\n\t            \"dateModified\": \"2022-11-03T18:31:43+00:00\",\n\t            \"description\": \"\u00c9crivez votre avis sur notre site et gagnez un cadeau d'\u00e9toile en ligne\u00a0! Un nouveau gagnant est annonc\u00e9 chaque mois sur la page Facebook d'OSR.\",\n\t            \"breadcrumb\": {\n\t                \"@id\": \"https:\/\/osr.org\/fr\/ecrivez-dans-les-etoiles\/#breadcrumb\"\n\t            },\n\t            \"inLanguage\": \"fr-FR\",\n\t            \"potentialAction\": [\n\t                {\n\t                    \"@type\": \"ReadAction\",\n\t                    \"target\": [\n\t                        \"https:\/\/osr.org\/fr\/ecrivez-dans-les-etoiles\/\"\n\t                    ]\n\t                }\n\t            ]\n\t        },\n\t        {\n\t            \"@type\": \"BreadcrumbList\",\n\t            \"@id\": \"https:\/\/osr.org\/fr\/ecrivez-dans-les-etoiles\/#breadcrumb\",\n\t            \"itemListElement\": [\n\t                {\n\t                    \"@type\": \"ListItem\",\n\t                    \"position\": 1,\n\t                    \"name\": \"Home\",\n\t                    \"item\": \"https:\/\/osr.org\/fr\/\"\n\t                },\n\t                {\n\t                    \"@type\": \"ListItem\",\n\t                    \"position\": 2,\n\t                    \"name\": \"\u00c9crire une revue\"\n\t                }\n\t            ]\n\t        },\n\t        {\n\t            \"@type\": \"WebSite\",\n\t            \"@id\": \"https:\/\/osr.org\/fr\/#website\",\n\t            \"url\": \"https:\/\/osr.org\/fr\/\",\n\t            \"name\": \"Online Star Register\",\n\t            \"description\": \"\",\n\t            \"potentialAction\": [\n\t                {\n\t                    \"@type\": \"SearchAction\",\n\t                    \"target\": {\n\t                        \"@type\": \"EntryPoint\",\n\t                        \"urlTemplate\": \"https:\/\/osr.org\/fr\/?s={search_term_string}\"\n\t                    },\n\t                    \"query-input\": {\n\t                        \"@type\": \"PropertyValueSpecification\",\n\t                        \"valueRequired\": true,\n\t                        \"valueName\": \"search_term_string\"\n\t                    }\n\t                }\n\t            ],\n\t            \"inLanguage\": \"fr-FR\"\n\t        }\n\t    ]\n\t}<\/script>\n<!-- \/ Yoast SEO plugin. -->","yoast_head_json":{"title":"\u00c9crire une revue - Online Star Register","description":"\u00c9crivez votre avis sur notre site et gagnez un cadeau d'\u00e9toile en ligne\u00a0! Un nouveau gagnant est annonc\u00e9 chaque mois sur la page Facebook d'OSR.","robots":{"index":"index","follow":"follow","max-snippet":"max-snippet:-1","max-image-preview":"max-image-preview:large","max-video-preview":"max-video-preview:-1"},"canonical":"https:\/\/osr.org\/fr\/ecrivez-dans-les-etoiles\/","og_locale":"fr_FR","og_type":"article","og_title":"\u00c9crire une revue - Online Star Register","og_description":"\u00c9crivez votre avis sur notre site et gagnez un cadeau d'\u00e9toile en ligne\u00a0! Un nouveau gagnant est annonc\u00e9 chaque mois sur la page Facebook d'OSR.","og_url":"https:\/\/osr.org\/fr\/ecrivez-dans-les-etoiles\/","og_site_name":"Online Star Register","article_modified_time":"2022-11-03T18:31:43+00:00","twitter_card":"summary_large_image","twitter_misc":{"Dur\u00e9e de lecture estim\u00e9e":"1 minute"},"schema":{"@context":"https:\/\/schema.org","@graph":[{"@type":"WebPage","@id":"https:\/\/osr.org\/fr\/ecrivez-dans-les-etoiles\/","url":"https:\/\/osr.org\/fr\/ecrivez-dans-les-etoiles\/","name":"\u00c9crire une revue - Online Star Register","isPartOf":{"@id":"https:\/\/osr.org\/fr\/#website"},"datePublished":"2015-11-17T13:30:20+00:00","dateModified":"2022-11-03T18:31:43+00:00","description":"\u00c9crivez votre avis sur notre site et gagnez un cadeau d'\u00e9toile en ligne\u00a0! Un nouveau gagnant est annonc\u00e9 chaque mois sur la page Facebook d'OSR.","breadcrumb":{"@id":"https:\/\/osr.org\/fr\/ecrivez-dans-les-etoiles\/#breadcrumb"},"inLanguage":"fr-FR","potentialAction":[{"@type":"ReadAction","target":["https:\/\/osr.org\/fr\/ecrivez-dans-les-etoiles\/"]}]},{"@type":"BreadcrumbList","@id":"https:\/\/osr.org\/fr\/ecrivez-dans-les-etoiles\/#breadcrumb","itemListElement":[{"@type":"ListItem","position":1,"name":"Home","item":"https:\/\/osr.org\/fr\/"},{"@type":"ListItem","position":2,"name":"\u00c9crire une revue"}]},{"@type":"WebSite","@id":"https:\/\/osr.org\/fr\/#website","url":"https:\/\/osr.org\/fr\/","name":"Online Star Register","description":"","potentialAction":[{"@type":"SearchAction","target":{"@type":"EntryPoint","urlTemplate":"https:\/\/osr.org\/fr\/?s={search_term_string}"},"query-input":{"@type":"PropertyValueSpecification","valueRequired":true,"valueName":"search_term_string"}}],"inLanguage":"fr-FR"}]}},"_links":{"self":[{"href":"https:\/\/osr.org\/fr\/wp-json\/wp\/v2\/pages\/3249","targetHints":{"allow":["GET"]}}],"collection":[{"href":"https:\/\/osr.org\/fr\/wp-json\/wp\/v2\/pages"}],"about":[{"href":"https:\/\/osr.org\/fr\/wp-json\/wp\/v2\/types\/page"}],"author":[{"embeddable":true,"href":"https:\/\/osr.org\/fr\/wp-json\/wp\/v2\/users\/4"}],"replies":[{"embeddable":true,"href":"https:\/\/osr.org\/fr\/wp-json\/wp\/v2\/comments?post=3249"}],"version-history":[{"count":7,"href":"https:\/\/osr.org\/fr\/wp-json\/wp\/v2\/pages\/3249\/revisions"}],"predecessor-version":[{"id":216214,"href":"https:\/\/osr.org\/fr\/wp-json\/wp\/v2\/pages\/3249\/revisions\/216214"}],"wp:attachment":[{"href":"https:\/\/osr.org\/fr\/wp-json\/wp\/v2\/media?parent=3249"}],"curies":[{"name":"wp","href":"https:\/\/api.w.org\/{rel}","templated":true}]}}