{"id":2998,"date":"2015-11-17T15:01:48","date_gmt":"2015-11-17T13:01:48","guid":{"rendered":"https:\/\/osr.org\/fr\/?page_id=2998"},"modified":"2023-03-09T13:56:39","modified_gmt":"2023-03-09T11:56:39","slug":"informations-de-paiement","status":"publish","type":"page","link":"https:\/\/osr.org\/fr\/informations-de-paiement\/","title":{"rendered":"Informations de paiement"},"content":{"rendered":"<h3>M\u00e9thodes de paiement<\/h3>\n<p>Online Star Register accepte plusieurs modes de paiement, notamment Visa, MasterCard, Maestro, American Express et PayPal. D&rsquo;autres modes de paiement sp\u00e9cifiques \u00e0 certains pays, tels que <strong>Cartes Bancaires <\/strong>sont \u00e9galement disponibles.<\/p>\n<h3>Devises<\/h3>\n<p>Online Star Register vous offre la possibilit\u00e9 d&rsquo;afficher les prix en diff\u00e9rentes devises. Celle utilis\u00e9e pour payer sera d\u00e9cid\u00e9e par le pays o\u00f9 vous vous trouvez et la m\u00e9thode de paiement choisie.<\/p>\n<h3>Votre facture<\/h3>\n<p>Les factures sont envoy\u00e9es par la poste, mais vous pouvez facilement les t\u00e9l\u00e9charger depuis votre <a href=\"\/order\/fr\/login\">compte client<\/a>. Vous pouvez vous connecter avec votre adresse e-mail personnelle et le mot de passe qui vous a \u00e9t\u00e9 envoy\u00e9 dans votre e-mail de confirmation de commande.<\/p>\n<h3>Paiement s\u00e9curis\u00e9<\/h3>\n<p>OSR.org garantit l&rsquo;enti\u00e8re s\u00e9curit\u00e9 de vos informations de commande et de vos paiements gr\u00e2ce \u00e0 l&rsquo;utilisation du dernier protocole de s\u00e9curit\u00e9 SSL (HTTPS) en date. Vous pouvez reconna\u00eetre notre connexion s\u00e9curis\u00e9e gr\u00e2ce au verrou et au https:\/\/ dans l&rsquo;adresse de la page. La s\u00e9curit\u00e9 de notre site est constamment surveill\u00e9e et garantie par Norton Secured et McAfee Secure.<\/p>\n","protected":false},"excerpt":{"rendered":"<p>M\u00e9thodes de paiement Online Star Register accepte plusieurs modes de paiement, notamment Visa, MasterCard, Maestro, American Express et PayPal. D&rsquo;autres modes de paiement sp\u00e9cifiques \u00e0 certains pays, tels que Cartes Bancaires sont \u00e9galement disponibles. Devises Online Star Register vous offre la possibilit\u00e9 d&rsquo;afficher les prix en diff\u00e9rentes devises. Celle utilis\u00e9e pour payer sera d\u00e9cid\u00e9e par [&hellip;]<\/p>\n","protected":false},"author":4,"featured_media":0,"parent":0,"menu_order":0,"comment_status":"closed","ping_status":"closed","template":"page-shipping-information.php","meta":{"_acf_changed":false,"inline_featured_image":false,"footnotes":""},"class_list":["post-2998","page","type-page","status-publish","hentry"],"acf":[],"yoast_head":"<!-- This site is optimized with the Yoast SEO plugin v27.3 - https:\/\/yoast.com\/product\/yoast-seo-wordpress\/ -->\n<title>Informations de paiement - Online Star Register<\/title>\n<meta name=\"description\" content=\"Payez votre \u00e9toile avec une carte Visa, MasterCard, American Express, PayPal, ou virement bancaire. Plusieurs m\u00e9thodes par pays sont aussi disponibles.\" \/>\n<meta name=\"robots\" content=\"index, follow, max-snippet:-1, max-image-preview:large, max-video-preview:-1\" \/>\n<link rel=\"canonical\" href=\"https:\/\/osr.org\/fr\/informations-de-paiement\/\" \/>\n<meta property=\"og:locale\" content=\"fr_FR\" \/>\n<meta property=\"og:type\" content=\"article\" \/>\n<meta property=\"og:title\" content=\"Informations de paiement - Online Star Register\" \/>\n<meta property=\"og:description\" content=\"Payez votre \u00e9toile avec une carte Visa, MasterCard, American Express, PayPal, ou virement bancaire. Plusieurs m\u00e9thodes par pays sont aussi disponibles.\" \/>\n<meta property=\"og:url\" content=\"https:\/\/osr.org\/fr\/informations-de-paiement\/\" \/>\n<meta property=\"og:site_name\" content=\"Online Star Register\" \/>\n<meta property=\"article:modified_time\" content=\"2023-03-09T11:56:39+00:00\" \/>\n<meta name=\"twitter:card\" content=\"summary_large_image\" \/>\n<meta name=\"twitter:label1\" content=\"Dur\u00e9e de lecture estim\u00e9e\" \/>\n\t<meta name=\"twitter:data1\" content=\"1 minute\" \/>\n<script type=\"application\/ld+json\" class=\"yoast-schema-graph\">{\n\t    \"@context\": \"https:\\\/\\\/schema.org\",\n\t    \"@graph\": [\n\t        {\n\t            \"@type\": \"WebPage\",\n\t            \"@id\": \"https:\\\/\\\/osr.org\\\/fr\\\/informations-de-paiement\\\/\",\n\t            \"url\": \"https:\\\/\\\/osr.org\\\/fr\\\/informations-de-paiement\\\/\",\n\t            \"name\": \"Informations de paiement - Online Star Register\",\n\t            \"isPartOf\": {\n\t                \"@id\": \"https:\\\/\\\/osr.org\\\/fr\\\/#website\"\n\t            },\n\t            \"datePublished\": \"2015-11-17T13:01:48+00:00\",\n\t            \"dateModified\": \"2023-03-09T11:56:39+00:00\",\n\t            \"description\": \"Payez votre \u00e9toile avec une carte Visa, MasterCard, American Express, PayPal, ou virement bancaire. Plusieurs m\u00e9thodes par pays sont aussi disponibles.\",\n\t            \"breadcrumb\": {\n\t                \"@id\": \"https:\\\/\\\/osr.org\\\/fr\\\/informations-de-paiement\\\/#breadcrumb\"\n\t            },\n\t            \"inLanguage\": \"fr-FR\",\n\t            \"potentialAction\": [\n\t                {\n\t                    \"@type\": \"ReadAction\",\n\t                    \"target\": [\n\t                        \"https:\\\/\\\/osr.org\\\/fr\\\/informations-de-paiement\\\/\"\n\t                    ]\n\t                }\n\t            ]\n\t        },\n\t        {\n\t            \"@type\": \"BreadcrumbList\",\n\t            \"@id\": \"https:\\\/\\\/osr.org\\\/fr\\\/informations-de-paiement\\\/#breadcrumb\",\n\t            \"itemListElement\": [\n\t                {\n\t                    \"@type\": \"ListItem\",\n\t                    \"position\": 1,\n\t                    \"name\": \"Home\",\n\t                    \"item\": \"https:\\\/\\\/osr.org\\\/fr\\\/\"\n\t                },\n\t                {\n\t                    \"@type\": \"ListItem\",\n\t                    \"position\": 2,\n\t                    \"name\": \"Informations de paiement\"\n\t                }\n\t            ]\n\t        },\n\t        {\n\t            \"@type\": \"WebSite\",\n\t            \"@id\": \"https:\\\/\\\/osr.org\\\/fr\\\/#website\",\n\t            \"url\": \"https:\\\/\\\/osr.org\\\/fr\\\/\",\n\t            \"name\": \"Online Star Register\",\n\t            \"description\": \"\",\n\t            \"potentialAction\": [\n\t                {\n\t                    \"@type\": \"SearchAction\",\n\t                    \"target\": {\n\t                        \"@type\": \"EntryPoint\",\n\t                        \"urlTemplate\": \"https:\\\/\\\/osr.org\\\/fr\\\/?s={search_term_string}\"\n\t                    },\n\t                    \"query-input\": {\n\t                        \"@type\": \"PropertyValueSpecification\",\n\t                        \"valueRequired\": true,\n\t                        \"valueName\": \"search_term_string\"\n\t                    }\n\t                }\n\t            ],\n\t            \"inLanguage\": \"fr-FR\"\n\t        }\n\t    ]\n\t}<\/script>\n<!-- \/ Yoast SEO plugin. -->","yoast_head_json":{"title":"Informations de paiement - Online Star Register","description":"Payez votre \u00e9toile avec une carte Visa, MasterCard, American Express, PayPal, ou virement bancaire. Plusieurs m\u00e9thodes par pays sont aussi disponibles.","robots":{"index":"index","follow":"follow","max-snippet":"max-snippet:-1","max-image-preview":"max-image-preview:large","max-video-preview":"max-video-preview:-1"},"canonical":"https:\/\/osr.org\/fr\/informations-de-paiement\/","og_locale":"fr_FR","og_type":"article","og_title":"Informations de paiement - Online Star Register","og_description":"Payez votre \u00e9toile avec une carte Visa, MasterCard, American Express, PayPal, ou virement bancaire. Plusieurs m\u00e9thodes par pays sont aussi disponibles.","og_url":"https:\/\/osr.org\/fr\/informations-de-paiement\/","og_site_name":"Online Star Register","article_modified_time":"2023-03-09T11:56:39+00:00","twitter_card":"summary_large_image","twitter_misc":{"Dur\u00e9e de lecture estim\u00e9e":"1 minute"},"schema":{"@context":"https:\/\/schema.org","@graph":[{"@type":"WebPage","@id":"https:\/\/osr.org\/fr\/informations-de-paiement\/","url":"https:\/\/osr.org\/fr\/informations-de-paiement\/","name":"Informations de paiement - Online Star Register","isPartOf":{"@id":"https:\/\/osr.org\/fr\/#website"},"datePublished":"2015-11-17T13:01:48+00:00","dateModified":"2023-03-09T11:56:39+00:00","description":"Payez votre \u00e9toile avec une carte Visa, MasterCard, American Express, PayPal, ou virement bancaire. Plusieurs m\u00e9thodes par pays sont aussi disponibles.","breadcrumb":{"@id":"https:\/\/osr.org\/fr\/informations-de-paiement\/#breadcrumb"},"inLanguage":"fr-FR","potentialAction":[{"@type":"ReadAction","target":["https:\/\/osr.org\/fr\/informations-de-paiement\/"]}]},{"@type":"BreadcrumbList","@id":"https:\/\/osr.org\/fr\/informations-de-paiement\/#breadcrumb","itemListElement":[{"@type":"ListItem","position":1,"name":"Home","item":"https:\/\/osr.org\/fr\/"},{"@type":"ListItem","position":2,"name":"Informations de paiement"}]},{"@type":"WebSite","@id":"https:\/\/osr.org\/fr\/#website","url":"https:\/\/osr.org\/fr\/","name":"Online Star Register","description":"","potentialAction":[{"@type":"SearchAction","target":{"@type":"EntryPoint","urlTemplate":"https:\/\/osr.org\/fr\/?s={search_term_string}"},"query-input":{"@type":"PropertyValueSpecification","valueRequired":true,"valueName":"search_term_string"}}],"inLanguage":"fr-FR"}]}},"_links":{"self":[{"href":"https:\/\/osr.org\/fr\/wp-json\/wp\/v2\/pages\/2998","targetHints":{"allow":["GET"]}}],"collection":[{"href":"https:\/\/osr.org\/fr\/wp-json\/wp\/v2\/pages"}],"about":[{"href":"https:\/\/osr.org\/fr\/wp-json\/wp\/v2\/types\/page"}],"author":[{"embeddable":true,"href":"https:\/\/osr.org\/fr\/wp-json\/wp\/v2\/users\/4"}],"replies":[{"embeddable":true,"href":"https:\/\/osr.org\/fr\/wp-json\/wp\/v2\/comments?post=2998"}],"version-history":[{"count":9,"href":"https:\/\/osr.org\/fr\/wp-json\/wp\/v2\/pages\/2998\/revisions"}],"predecessor-version":[{"id":229167,"href":"https:\/\/osr.org\/fr\/wp-json\/wp\/v2\/pages\/2998\/revisions\/229167"}],"wp:attachment":[{"href":"https:\/\/osr.org\/fr\/wp-json\/wp\/v2\/media?parent=2998"}],"curies":[{"name":"wp","href":"https:\/\/api.w.org\/{rel}","templated":true}]}}