{"id":2881,"date":"2015-11-17T14:43:11","date_gmt":"2015-11-17T12:43:11","guid":{"rendered":"https:\/\/osr.org\/fr\/?page_id=2881"},"modified":"2017-10-19T12:29:21","modified_gmt":"2017-10-19T10:29:21","slug":"osr","status":"publish","type":"page","link":"https:\/\/osr.org\/fr\/osr\/","title":{"rendered":"Trouvez votre \u00e9toile dans l&rsquo;Online Star Register\u00a0!"},"content":{"rendered":"<h1>D\u00e9couvrez l&rsquo;Online Star Register en 3D depuis votre navigateur internet\u00a0!<\/h1>\n<p>Les \u00e9toiles <a href=\"\/fr\/\">nomm\u00e9es dans l&rsquo;Online Star Register<\/a> sont maintenant visibles dans l&rsquo;appli de navigateur <strong>Un million d&rsquo;\u00e9toiles<\/strong>\u00a0! Veuillez noter que\u00a0:<\/p>\n<ol>\n<li>Un million d&rsquo;\u00e9toiles utilise des images haute r\u00e9solution. Assurez-vous de l&rsquo;afficher sur un appareil puissant dot\u00e9 de pilotes graphiques \u00e0 jour.<\/li>\n<li>Vous devriez utiliser Google Chrome ou un autre navigateur qui <a href=\"https:\/\/get.webgl.org\/\" target=\"_blank\">prend en charge WebGL<\/a>.<\/li>\n<li>Vous consultez de v\u00e9ritables coordonn\u00e9es stellaires\u00a0! Veuillez \u00eatre patient pendant que nous ajoutons des \u00e9toiles pour recr\u00e9er la galaxie dans votre navigateur.<\/li>\n<li>Pour chercher une \u00e9toile dans l&rsquo;ancien registre, veuillez voir plus bas.<\/li>\n<\/ol>\n","protected":false},"excerpt":{"rendered":"<p>D\u00e9couvrez l&rsquo;Online Star Register en 3D depuis votre navigateur internet\u00a0! Les \u00e9toiles nomm\u00e9es dans l&rsquo;Online Star Register sont maintenant visibles dans l&rsquo;appli de navigateur Un million d&rsquo;\u00e9toiles\u00a0! Veuillez noter que\u00a0: Un million d&rsquo;\u00e9toiles utilise des images haute r\u00e9solution. Assurez-vous de l&rsquo;afficher sur un appareil puissant dot\u00e9 de pilotes graphiques \u00e0 jour. Vous devriez utiliser Google [&hellip;]<\/p>\n","protected":false},"author":4,"featured_media":0,"parent":0,"menu_order":0,"comment_status":"closed","ping_status":"closed","template":"page-register-fallback.php","meta":{"_acf_changed":false,"inline_featured_image":false,"footnotes":""},"class_list":["post-2881","page","type-page","status-publish","hentry"],"acf":[],"yoast_head":"<!-- This site is optimized with the Yoast SEO plugin v27.1.1 - https:\/\/yoast.com\/product\/yoast-seo-wordpress\/ -->\n<title>Trouvez votre \u00e9toile dans l&#039;Online Star Register\u00a0! - Online Star Register<\/title>\n<meta name=\"description\" content=\"Les \u00e9toiles nomm\u00e9es dans l&#039;Online Star Register sont aussi visibles dans l&#039;appli de navigateur Un million d&#039;\u00e9toiles\u00a0!\" \/>\n<meta name=\"robots\" content=\"noindex, nofollow\" \/>\n<meta property=\"og:locale\" content=\"fr_FR\" \/>\n<meta property=\"og:type\" content=\"article\" \/>\n<meta property=\"og:title\" content=\"Trouvez votre \u00e9toile dans l&#039;Online Star Register\u00a0! - Online Star Register\" \/>\n<meta property=\"og:description\" content=\"Les \u00e9toiles nomm\u00e9es dans l&#039;Online Star Register sont aussi visibles dans l&#039;appli de navigateur Un million d&#039;\u00e9toiles\u00a0!\" \/>\n<meta property=\"og:url\" content=\"https:\/\/osr.org\/fr\/osr\/\" \/>\n<meta property=\"og:site_name\" content=\"Online Star Register\" \/>\n<meta property=\"article:modified_time\" content=\"2017-10-19T10:29:21+00:00\" \/>\n<meta name=\"twitter:card\" content=\"summary_large_image\" \/>\n<meta name=\"twitter:label1\" content=\"Dur\u00e9e de lecture estim\u00e9e\" \/>\n\t<meta name=\"twitter:data1\" content=\"1 minute\" \/>\n<script type=\"application\/ld+json\" class=\"yoast-schema-graph\">{\n\t    \"@context\": \"https:\/\/schema.org\",\n\t    \"@graph\": [\n\t        {\n\t            \"@type\": \"WebPage\",\n\t            \"@id\": \"https:\/\/osr.org\/fr\/osr\/\",\n\t            \"url\": \"https:\/\/osr.org\/fr\/osr\/\",\n\t            \"name\": \"Trouvez votre \u00e9toile dans l'Online Star Register\u00a0! - Online Star Register\",\n\t            \"isPartOf\": {\n\t                \"@id\": \"https:\/\/osr.org\/fr\/#website\"\n\t            },\n\t            \"datePublished\": \"2015-11-17T12:43:11+00:00\",\n\t            \"dateModified\": \"2017-10-19T10:29:21+00:00\",\n\t            \"description\": \"Les \u00e9toiles nomm\u00e9es dans l'Online Star Register sont aussi visibles dans l'appli de navigateur Un million d'\u00e9toiles\u00a0!\",\n\t            \"breadcrumb\": {\n\t                \"@id\": \"https:\/\/osr.org\/fr\/osr\/#breadcrumb\"\n\t            },\n\t            \"inLanguage\": \"fr-FR\",\n\t            \"potentialAction\": [\n\t                {\n\t                    \"@type\": \"ReadAction\",\n\t                    \"target\": [\n\t                        \"https:\/\/osr.org\/fr\/osr\/\"\n\t                    ]\n\t                }\n\t            ]\n\t        },\n\t        {\n\t            \"@type\": \"BreadcrumbList\",\n\t            \"@id\": \"https:\/\/osr.org\/fr\/osr\/#breadcrumb\",\n\t            \"itemListElement\": [\n\t                {\n\t                    \"@type\": \"ListItem\",\n\t                    \"position\": 1,\n\t                    \"name\": \"Home\",\n\t                    \"item\": \"https:\/\/osr.org\/fr\/\"\n\t                },\n\t                {\n\t                    \"@type\": \"ListItem\",\n\t                    \"position\": 2,\n\t                    \"name\": \"Trouvez votre \u00e9toile dans l&#8217;Online Star Register\u00a0!\"\n\t                }\n\t            ]\n\t        },\n\t        {\n\t            \"@type\": \"WebSite\",\n\t            \"@id\": \"https:\/\/osr.org\/fr\/#website\",\n\t            \"url\": \"https:\/\/osr.org\/fr\/\",\n\t            \"name\": \"Online Star Register\",\n\t            \"description\": \"\",\n\t            \"potentialAction\": [\n\t                {\n\t                    \"@type\": \"SearchAction\",\n\t                    \"target\": {\n\t                        \"@type\": \"EntryPoint\",\n\t                        \"urlTemplate\": \"https:\/\/osr.org\/fr\/?s={search_term_string}\"\n\t                    },\n\t                    \"query-input\": {\n\t                        \"@type\": \"PropertyValueSpecification\",\n\t                        \"valueRequired\": true,\n\t                        \"valueName\": \"search_term_string\"\n\t                    }\n\t                }\n\t            ],\n\t            \"inLanguage\": \"fr-FR\"\n\t        }\n\t    ]\n\t}<\/script>\n<!-- \/ Yoast SEO plugin. -->","yoast_head_json":{"title":"Trouvez votre \u00e9toile dans l'Online Star Register\u00a0! - Online Star Register","description":"Les \u00e9toiles nomm\u00e9es dans l'Online Star Register sont aussi visibles dans l'appli de navigateur Un million d'\u00e9toiles\u00a0!","robots":{"index":"noindex","follow":"nofollow"},"og_locale":"fr_FR","og_type":"article","og_title":"Trouvez votre \u00e9toile dans l'Online Star Register\u00a0! - Online Star Register","og_description":"Les \u00e9toiles nomm\u00e9es dans l'Online Star Register sont aussi visibles dans l'appli de navigateur Un million d'\u00e9toiles\u00a0!","og_url":"https:\/\/osr.org\/fr\/osr\/","og_site_name":"Online Star Register","article_modified_time":"2017-10-19T10:29:21+00:00","twitter_card":"summary_large_image","twitter_misc":{"Dur\u00e9e de lecture estim\u00e9e":"1 minute"},"schema":{"@context":"https:\/\/schema.org","@graph":[{"@type":"WebPage","@id":"https:\/\/osr.org\/fr\/osr\/","url":"https:\/\/osr.org\/fr\/osr\/","name":"Trouvez votre \u00e9toile dans l'Online Star Register\u00a0! - Online Star Register","isPartOf":{"@id":"https:\/\/osr.org\/fr\/#website"},"datePublished":"2015-11-17T12:43:11+00:00","dateModified":"2017-10-19T10:29:21+00:00","description":"Les \u00e9toiles nomm\u00e9es dans l'Online Star Register sont aussi visibles dans l'appli de navigateur Un million d'\u00e9toiles\u00a0!","breadcrumb":{"@id":"https:\/\/osr.org\/fr\/osr\/#breadcrumb"},"inLanguage":"fr-FR","potentialAction":[{"@type":"ReadAction","target":["https:\/\/osr.org\/fr\/osr\/"]}]},{"@type":"BreadcrumbList","@id":"https:\/\/osr.org\/fr\/osr\/#breadcrumb","itemListElement":[{"@type":"ListItem","position":1,"name":"Home","item":"https:\/\/osr.org\/fr\/"},{"@type":"ListItem","position":2,"name":"Trouvez votre \u00e9toile dans l&#8217;Online Star Register\u00a0!"}]},{"@type":"WebSite","@id":"https:\/\/osr.org\/fr\/#website","url":"https:\/\/osr.org\/fr\/","name":"Online Star Register","description":"","potentialAction":[{"@type":"SearchAction","target":{"@type":"EntryPoint","urlTemplate":"https:\/\/osr.org\/fr\/?s={search_term_string}"},"query-input":{"@type":"PropertyValueSpecification","valueRequired":true,"valueName":"search_term_string"}}],"inLanguage":"fr-FR"}]}},"_links":{"self":[{"href":"https:\/\/osr.org\/fr\/wp-json\/wp\/v2\/pages\/2881","targetHints":{"allow":["GET"]}}],"collection":[{"href":"https:\/\/osr.org\/fr\/wp-json\/wp\/v2\/pages"}],"about":[{"href":"https:\/\/osr.org\/fr\/wp-json\/wp\/v2\/types\/page"}],"author":[{"embeddable":true,"href":"https:\/\/osr.org\/fr\/wp-json\/wp\/v2\/users\/4"}],"replies":[{"embeddable":true,"href":"https:\/\/osr.org\/fr\/wp-json\/wp\/v2\/comments?post=2881"}],"version-history":[{"count":6,"href":"https:\/\/osr.org\/fr\/wp-json\/wp\/v2\/pages\/2881\/revisions"}],"predecessor-version":[{"id":44467,"href":"https:\/\/osr.org\/fr\/wp-json\/wp\/v2\/pages\/2881\/revisions\/44467"}],"wp:attachment":[{"href":"https:\/\/osr.org\/fr\/wp-json\/wp\/v2\/media?parent=2881"}],"curies":[{"name":"wp","href":"https:\/\/api.w.org\/{rel}","templated":true}]}}