{"id":2646,"date":"2015-11-17T00:37:37","date_gmt":"2015-11-16T22:37:37","guid":{"rendered":"https:\/\/osr.org\/fr\/?page_id=2646"},"modified":"2021-05-03T14:47:48","modified_gmt":"2021-05-03T12:47:48","slug":"trouver","status":"publish","type":"page","link":"https:\/\/osr.org\/fr\/trouver\/","title":{"rendered":"Comment puis-je trouver une \u00e9toile\u00a0?"},"content":{"rendered":"<p><strong>Il existe de nombreuses autres mani\u00e8res de trouver une \u00e9toile \u00e0 part la carte stellaire. L&rsquo;OSR vous aide \u00e0 trouver des \u00e9toiles en vous offrant des applis et des outils uniques, comme l&rsquo;appli pour t\u00e9l\u00e9phone portable Star Finder, et notre appli pour navigateur Un million d&rsquo;\u00e9toiles.<\/strong><\/p>\n<div class=\"container-lazyload preview-lazyload container-youtube js-lazyload--not-loaded\"><a href=\"https:\/\/youtu.be\/yMZpfMzYP9M\" class=\"lazy-load-youtube preview-lazyload preview-youtube\" data-video-title=\"Comment rep\u00e9rer votre \u00e9toile\" title=\"Play video &quot;Comment rep\u00e9rer votre \u00e9toile&quot;\">https:\/\/youtu.be\/yMZpfMzYP9M<\/a><noscript>Video can&rsquo;t be loaded because JavaScript is disabled: <a href=\"https:\/\/youtu.be\/yMZpfMzYP9M\" title=\"Comment rep\u00e9rer votre \u00e9toile\">Comment rep\u00e9rer votre \u00e9toile (https:\/\/youtu.be\/yMZpfMzYP9M)<\/a><\/noscript><\/div>\n<p><span class=\"blue-box\">Dans cet article, nous vous montrerons comment trouver l&rsquo;\u00e9toile appel\u00e9e <strong>One Million Stars<\/strong> avec plusieurs applications. L&rsquo;\u00e9toile de cet exemple se trouve aux coordonn\u00e9es <strong>RA 13h03m33.35 -49\u00b031&rsquo;38.1\u00a0\u00bb dec 4.83 mag Cen<\/strong>.<\/span><\/p>\n<h3>\u00c0 propos des coordonn\u00e9es<\/h3>\n<ul>\n<li><strong>RA<\/strong> correspond \u00e0 \u00ab\u00a0Right Ascension\u00a0\u00bb (ascension droite), et \u00ab\u00a0dec\u00a0\u00bb est l&rsquo;abr\u00e9viation de d\u00e9clinaison. Ces points sont semblables \u00e0 la latitude et la longitude, mais se rapportent \u00e0 des coordonn\u00e9es dans le ciel.<\/li>\n<li><strong>Mag<\/strong> signifie \u00ab\u00a0magnitude\u00a0\u00bb, c&rsquo;est-\u00e0-dire l&rsquo;intensit\u00e9 lumineuse de l&rsquo;\u00e9toile. La limite d&rsquo;intensit\u00e9 visible \u00e0 l&rsquo;\u0153il nu est d&rsquo;environ 6,5. Des jumelles peuvent permettre de voir des magnitudes d&rsquo;\u00e0 peu pr\u00e8s 10. Pour les magnitudes sup\u00e9rieures, l&rsquo;utilisation d&rsquo;un t\u00e9lescope amateur est recommand\u00e9e.<\/li>\n<li><strong>Cen<\/strong>, dans cet exemple, correspond au Centaure, l&rsquo;une des 88 constellations visibles dans le ciel. Conna\u00eetre la constellation peut vous aider \u00e0 localiser l&rsquo;\u00e9toile plus facilement.<\/li>\n<\/ul>\n<h3>Appli OSR Star Finder<\/h3>\n<p>Trouver une \u00e9toile dans le ciel nocturne est d\u00e9sormais facile avec l&rsquo;<a href=\"https:\/\/osr.org\/fr\/blog\/osr-fr\/osr-star-finder\/\">appli OSR Star Finder<\/a>. Utilisez votre code OSR pour trouver l&rsquo;\u00e9toile, puis pointer votre t\u00e9l\u00e9phone vers le ciel pour la localiser. Si l&rsquo;\u00e9toile n&rsquo;est pas visible parce que vous n&rsquo;\u00eates pas dans le bon h\u00e9misph\u00e8re, l&rsquo;appli peut vous aider \u00e0 d\u00e9terminer le moment o\u00f9 elle sera visible pour vous. L&rsquo;appli peut \u00e9galement vous indiquer les lieux o\u00f9 l&rsquo;\u00e9toile est actuellement visible.<\/p>\n<h3>Google Earth<\/h3>\n<p>Pour trouver votre \u00e9toile avec la version gratuite de Google Earth, suivez les \u00e9tapes suivantes\u00a0:<\/p>\n<ol>\n<li><a href=\"https:\/\/www.google.com\/intl\/fr\/earth\/about\/download\/gep\/agree.html\" target=\"_blank\" rel=\"noopener noreferrer\">T\u00e9l\u00e9chargez et installez le programme<\/a><\/li>\n<li>Dans la barre du haut, s\u00e9lectionnez l&rsquo;ic\u00f4ne de la plan\u00e8te et choisissez \u00ab\u00a0ciel\u00a0\u00bb dans le menu d\u00e9roulant<\/li>\n<li>Dans le champ de recherche \u00e0 gauche, saisissez les coordonn\u00e9es au format 13:03:33.35 -49:31:38.1. Ce format peut \u00eatre obtenu \u00e0 partir des coordonn\u00e9es RA 13h03m33.35 -49\u00b031&rsquo;38.1\u00a0\u00bb dec 4.83 mag Cen<\/li>\n<\/ol>\n<p>De plus, vous pouvez trouver votre \u00e9toile en allant sur la <a href=\"\/fr\/blog\/osr-fr\/page-etoile\/\">page d&rsquo;\u00e9toile OSR<\/a>. Voici un <a href=\"https:\/\/stars.osr.org\/one-million-stars\" target=\"_blank\" rel=\"noopener noreferrer\">exemple de page d&rsquo;\u00e9toile<\/a>.<\/p>\n<h3>L&rsquo;Online Star Register et Un million d&rsquo;\u00e9toiles<\/h3>\n<p>Vous pouvez chercher votre \u00e9toile dans l&rsquo;Online Star Register, en consultant <a href=\"\/fr\/osr\/\">Un million d&rsquo;\u00e9toiles<\/a>. Utilisez votre code OSR pour voler jusqu&rsquo;\u00e0 votre \u00e9toile. <a href=\"https:\/\/osr.org\/oms\/fr\/LPR805246\" target=\"_blank\" rel=\"noopener noreferrer\">Vous pouvez voir ici une de ces \u00e9toiles de pr\u00e8s.<\/a>.<\/p>\n<p>Voulez-vous \u00eatre tenu au courant des derni\u00e8res options pour admirer votre \u00e9toile\u00a0? <a href=\"#popup\">Veuillez vous inscrire \u00e0 notre lettre d&rsquo;information pour recevoir les derni\u00e8res mises \u00e0 jour\u00a0<\/a>!<\/p>\n","protected":false},"excerpt":{"rendered":"<p>Il existe de nombreuses autres mani\u00e8res de trouver une \u00e9toile \u00e0 part la carte stellaire. L&rsquo;OSR vous aide \u00e0 trouver des \u00e9toiles en vous offrant des applis et des outils uniques, comme l&rsquo;appli pour t\u00e9l\u00e9phone portable Star Finder, et notre appli pour navigateur Un million d&rsquo;\u00e9toiles. https:\/\/youtu.be\/yMZpfMzYP9MVideo can&rsquo;t be loaded because JavaScript is disabled: Comment [&hellip;]<\/p>\n","protected":false},"author":4,"featured_media":0,"parent":0,"menu_order":0,"comment_status":"closed","ping_status":"closed","template":"page-about.php","meta":{"_acf_changed":false,"inline_featured_image":false,"footnotes":""},"class_list":["post-2646","page","type-page","status-publish","hentry"],"acf":[],"yoast_head":"<!-- This site is optimized with the Yoast SEO plugin v27.3 - https:\/\/yoast.com\/product\/yoast-seo-wordpress\/ -->\n<title>Comment puis-je trouver une \u00e9toile\u00a0? - Online Star Register<\/title>\n<meta name=\"description\" content=\"Apprenez \u00e0 trouver une \u00e9toile dans le ciel avec les applis et les outils d&#039;OSR, dont la carte stellaire, l&#039;appli Star Finder, et Un million d&#039;\u00e9toiles.\" \/>\n<meta name=\"robots\" content=\"index, follow, max-snippet:-1, max-image-preview:large, max-video-preview:-1\" \/>\n<link rel=\"canonical\" href=\"https:\/\/osr.org\/fr\/trouver\/\" \/>\n<meta property=\"og:locale\" content=\"fr_FR\" \/>\n<meta property=\"og:type\" content=\"article\" \/>\n<meta property=\"og:title\" content=\"Comment puis-je trouver une \u00e9toile\u00a0? - Online Star Register\" \/>\n<meta property=\"og:description\" content=\"Apprenez \u00e0 trouver une \u00e9toile dans le ciel avec les applis et les outils d&#039;OSR, dont la carte stellaire, l&#039;appli Star Finder, et Un million d&#039;\u00e9toiles.\" \/>\n<meta property=\"og:url\" content=\"https:\/\/osr.org\/fr\/trouver\/\" \/>\n<meta property=\"og:site_name\" content=\"Online Star Register\" \/>\n<meta property=\"article:modified_time\" content=\"2021-05-03T12:47:48+00:00\" \/>\n<meta name=\"twitter:card\" content=\"summary_large_image\" \/>\n<meta name=\"twitter:label1\" content=\"Dur\u00e9e de lecture estim\u00e9e\" \/>\n\t<meta name=\"twitter:data1\" content=\"2 minutes\" \/>\n<script type=\"application\/ld+json\" class=\"yoast-schema-graph\">{\n\t    \"@context\": \"https:\\\/\\\/schema.org\",\n\t    \"@graph\": [\n\t        {\n\t            \"@type\": \"WebPage\",\n\t            \"@id\": \"https:\\\/\\\/osr.org\\\/fr\\\/trouver\\\/\",\n\t            \"url\": \"https:\\\/\\\/osr.org\\\/fr\\\/trouver\\\/\",\n\t            \"name\": \"Comment puis-je trouver une \u00e9toile\u00a0? - Online Star Register\",\n\t            \"isPartOf\": {\n\t                \"@id\": \"https:\\\/\\\/osr.org\\\/fr\\\/#website\"\n\t            },\n\t            \"datePublished\": \"2015-11-16T22:37:37+00:00\",\n\t            \"dateModified\": \"2021-05-03T12:47:48+00:00\",\n\t            \"description\": \"Apprenez \u00e0 trouver une \u00e9toile dans le ciel avec les applis et les outils d'OSR, dont la carte stellaire, l'appli Star Finder, et Un million d'\u00e9toiles.\",\n\t            \"breadcrumb\": {\n\t                \"@id\": \"https:\\\/\\\/osr.org\\\/fr\\\/trouver\\\/#breadcrumb\"\n\t            },\n\t            \"inLanguage\": \"fr-FR\",\n\t            \"potentialAction\": [\n\t                {\n\t                    \"@type\": \"ReadAction\",\n\t                    \"target\": [\n\t                        \"https:\\\/\\\/osr.org\\\/fr\\\/trouver\\\/\"\n\t                    ]\n\t                }\n\t            ]\n\t        },\n\t        {\n\t            \"@type\": \"BreadcrumbList\",\n\t            \"@id\": \"https:\\\/\\\/osr.org\\\/fr\\\/trouver\\\/#breadcrumb\",\n\t            \"itemListElement\": [\n\t                {\n\t                    \"@type\": \"ListItem\",\n\t                    \"position\": 1,\n\t                    \"name\": \"Home\",\n\t                    \"item\": \"https:\\\/\\\/osr.org\\\/fr\\\/\"\n\t                },\n\t                {\n\t                    \"@type\": \"ListItem\",\n\t                    \"position\": 2,\n\t                    \"name\": \"Comment puis-je trouver une \u00e9toile\u00a0?\"\n\t                }\n\t            ]\n\t        },\n\t        {\n\t            \"@type\": \"WebSite\",\n\t            \"@id\": \"https:\\\/\\\/osr.org\\\/fr\\\/#website\",\n\t            \"url\": \"https:\\\/\\\/osr.org\\\/fr\\\/\",\n\t            \"name\": \"Online Star Register\",\n\t            \"description\": \"\",\n\t            \"potentialAction\": [\n\t                {\n\t                    \"@type\": \"SearchAction\",\n\t                    \"target\": {\n\t                        \"@type\": \"EntryPoint\",\n\t                        \"urlTemplate\": \"https:\\\/\\\/osr.org\\\/fr\\\/?s={search_term_string}\"\n\t                    },\n\t                    \"query-input\": {\n\t                        \"@type\": \"PropertyValueSpecification\",\n\t                        \"valueRequired\": true,\n\t                        \"valueName\": \"search_term_string\"\n\t                    }\n\t                }\n\t            ],\n\t            \"inLanguage\": \"fr-FR\"\n\t        }\n\t    ]\n\t}<\/script>\n<!-- \/ Yoast SEO plugin. -->","yoast_head_json":{"title":"Comment puis-je trouver une \u00e9toile\u00a0? - Online Star Register","description":"Apprenez \u00e0 trouver une \u00e9toile dans le ciel avec les applis et les outils d'OSR, dont la carte stellaire, l'appli Star Finder, et Un million d'\u00e9toiles.","robots":{"index":"index","follow":"follow","max-snippet":"max-snippet:-1","max-image-preview":"max-image-preview:large","max-video-preview":"max-video-preview:-1"},"canonical":"https:\/\/osr.org\/fr\/trouver\/","og_locale":"fr_FR","og_type":"article","og_title":"Comment puis-je trouver une \u00e9toile\u00a0? - Online Star Register","og_description":"Apprenez \u00e0 trouver une \u00e9toile dans le ciel avec les applis et les outils d'OSR, dont la carte stellaire, l'appli Star Finder, et Un million d'\u00e9toiles.","og_url":"https:\/\/osr.org\/fr\/trouver\/","og_site_name":"Online Star Register","article_modified_time":"2021-05-03T12:47:48+00:00","twitter_card":"summary_large_image","twitter_misc":{"Dur\u00e9e de lecture estim\u00e9e":"2 minutes"},"schema":{"@context":"https:\/\/schema.org","@graph":[{"@type":"WebPage","@id":"https:\/\/osr.org\/fr\/trouver\/","url":"https:\/\/osr.org\/fr\/trouver\/","name":"Comment puis-je trouver une \u00e9toile\u00a0? - Online Star Register","isPartOf":{"@id":"https:\/\/osr.org\/fr\/#website"},"datePublished":"2015-11-16T22:37:37+00:00","dateModified":"2021-05-03T12:47:48+00:00","description":"Apprenez \u00e0 trouver une \u00e9toile dans le ciel avec les applis et les outils d'OSR, dont la carte stellaire, l'appli Star Finder, et Un million d'\u00e9toiles.","breadcrumb":{"@id":"https:\/\/osr.org\/fr\/trouver\/#breadcrumb"},"inLanguage":"fr-FR","potentialAction":[{"@type":"ReadAction","target":["https:\/\/osr.org\/fr\/trouver\/"]}]},{"@type":"BreadcrumbList","@id":"https:\/\/osr.org\/fr\/trouver\/#breadcrumb","itemListElement":[{"@type":"ListItem","position":1,"name":"Home","item":"https:\/\/osr.org\/fr\/"},{"@type":"ListItem","position":2,"name":"Comment puis-je trouver une \u00e9toile\u00a0?"}]},{"@type":"WebSite","@id":"https:\/\/osr.org\/fr\/#website","url":"https:\/\/osr.org\/fr\/","name":"Online Star Register","description":"","potentialAction":[{"@type":"SearchAction","target":{"@type":"EntryPoint","urlTemplate":"https:\/\/osr.org\/fr\/?s={search_term_string}"},"query-input":{"@type":"PropertyValueSpecification","valueRequired":true,"valueName":"search_term_string"}}],"inLanguage":"fr-FR"}]}},"_links":{"self":[{"href":"https:\/\/osr.org\/fr\/wp-json\/wp\/v2\/pages\/2646","targetHints":{"allow":["GET"]}}],"collection":[{"href":"https:\/\/osr.org\/fr\/wp-json\/wp\/v2\/pages"}],"about":[{"href":"https:\/\/osr.org\/fr\/wp-json\/wp\/v2\/types\/page"}],"author":[{"embeddable":true,"href":"https:\/\/osr.org\/fr\/wp-json\/wp\/v2\/users\/4"}],"replies":[{"embeddable":true,"href":"https:\/\/osr.org\/fr\/wp-json\/wp\/v2\/comments?post=2646"}],"version-history":[{"count":8,"href":"https:\/\/osr.org\/fr\/wp-json\/wp\/v2\/pages\/2646\/revisions"}],"predecessor-version":[{"id":453281,"href":"https:\/\/osr.org\/fr\/wp-json\/wp\/v2\/pages\/2646\/revisions\/453281"}],"wp:attachment":[{"href":"https:\/\/osr.org\/fr\/wp-json\/wp\/v2\/media?parent=2646"}],"curies":[{"name":"wp","href":"https:\/\/api.w.org\/{rel}","templated":true}]}}