{"id":2395,"date":"2015-11-17T00:02:53","date_gmt":"2015-11-16T22:02:53","guid":{"rendered":"https:\/\/osr.org\/fr\/?page_id=2395"},"modified":"2022-10-21T10:11:25","modified_gmt":"2022-10-21T08:11:25","slug":"nous-contacter","status":"publish","type":"page","link":"https:\/\/osr.org\/fr\/nous-contacter\/","title":{"rendered":"Nous contacter"},"content":{"rendered":"<p>Pour consulter l&rsquo;\u00e9tat actuel de votre commande, veuillez <a href=\"\/order\/fr\/login\">vous connecter \u00e0 votre compte<\/a>. Nous avons r\u00e9pondu \u00e0 quelques-unes des <a href=\"\/fr\/questions-frequemment-posees\/\">questions fr\u00e9quemment pos\u00e9es<\/a> pour vous.<\/p>\n<p>Afin de vous offrir le meilleur service client possible, veuillez nous envoyer vos questions sur l&rsquo;Online Star Register en utilisant le formulaire ci-dessous. Nous vous r\u00e9pondrons aussi t\u00f4t que possible.<\/p>\n\n<div class=\"wpcf7 no-js\" id=\"wpcf7-f9137-o1\" lang=\"fr-FR\" dir=\"ltr\" data-wpcf7-id=\"9137\">\n<div class=\"screen-reader-response\"><p role=\"status\" aria-live=\"polite\" aria-atomic=\"true\"><\/p> <ul><\/ul><\/div>\n<form action=\"\/fr\/wp-json\/wp\/v2\/pages\/2395#wpcf7-f9137-o1\" method=\"post\" class=\"wpcf7-form init\" aria-label=\"Formulaire de contact\" novalidate=\"novalidate\" data-status=\"init\">\n<fieldset class=\"hidden-fields-container\"><input type=\"hidden\" name=\"_wpcf7\" value=\"9137\" \/><input type=\"hidden\" name=\"_wpcf7_version\" value=\"6.1.5\" \/><input type=\"hidden\" name=\"_wpcf7_locale\" value=\"fr_FR\" \/><input type=\"hidden\" name=\"_wpcf7_unit_tag\" value=\"wpcf7-f9137-o1\" \/><input type=\"hidden\" name=\"_wpcf7_container_post\" value=\"0\" \/><input type=\"hidden\" name=\"_wpcf7_posted_data_hash\" value=\"\" \/>\n<\/fieldset>\n<div class=\"wpcf7-turnstile cf-turnstile\" data-sitekey=\"0x4AAAAAACtXztal9POC4gX4\" data-response-field-name=\"_wpcf7_turnstile_response\"><\/div>\n\n<p>Votre nom (obligatoire)\n<\/p>\n<p><span class=\"wpcf7-form-control-wrap\" data-name=\"your-name\"><input size=\"40\" maxlength=\"400\" class=\"wpcf7-form-control wpcf7-text wpcf7-validates-as-required\" aria-required=\"true\" aria-invalid=\"false\" value=\"\" type=\"text\" name=\"your-name\" \/><\/span>\n<\/p>\n<p>Votre email (obligatoire)\n<\/p>\n<p><span class=\"wpcf7-form-control-wrap\" data-name=\"your-email\"><input size=\"40\" maxlength=\"400\" class=\"wpcf7-form-control wpcf7-email wpcf7-validates-as-required wpcf7-text wpcf7-validates-as-email\" aria-required=\"true\" aria-invalid=\"false\" value=\"\" type=\"email\" name=\"your-email\" \/><\/span>\n<\/p>\n<p>Sujet\n<\/p>\n<p><span class=\"wpcf7-form-control-wrap\" data-name=\"your-subject\"><input size=\"40\" maxlength=\"400\" class=\"wpcf7-form-control wpcf7-text wpcf7-validates-as-required\" aria-required=\"true\" aria-invalid=\"false\" value=\"\" type=\"text\" name=\"your-subject\" \/><\/span>\n<\/p>\n<p>Votre message\n<\/p>\n<p><span class=\"wpcf7-form-control-wrap\" data-name=\"your-message\"><textarea cols=\"40\" rows=\"10\" maxlength=\"2000\" class=\"wpcf7-form-control wpcf7-textarea\" aria-invalid=\"false\" name=\"your-message\"><\/textarea><\/span>\n<\/p>\n<p><input class=\"wpcf7-form-control wpcf7-submit has-spinner\" type=\"submit\" value=\"Envoyer\" \/>\n<\/p><div class=\"wpcf7-response-output\" aria-hidden=\"true\"><\/div>\n<\/form>\n<\/div>\n\n<h3>Adresse de l&rsquo;entreprise<\/h3>\n<p>Si\u00e8ge<br \/>\nOnline Star Register<br \/>\nLaan van de Maagd 83<br \/>\n7324 BT APELDOORN<br \/>\nTHE NETHERLANDS<br \/>\nKVK: 60333553<br \/>\nT\u00e9l.\u00a0: +3188-8000088<br \/>\nE-mail\u00a0: <a href=\"mailto:help@osr.org\">help@osr.org<\/a><\/p>\n<p>Veuillez noter que le num\u00e9ro de t\u00e9l\u00e9phone ci-dessus n&rsquo;est pas pour le service client. Toutes les questions et la correspondance peuvent \u00eatre effectu\u00e9es en utilisant le formulaire.<\/p>\n<h3>Suivez OSR sur les m\u00e9dias sociaux<\/h3>\n<ul>\n<li><a href=\"\/fr\/blog\/\">Le blog de l&rsquo;Online Star Register<\/a><\/li>\n<li><a href=\"https:\/\/www.facebook.com\/osrorg\">OSR @ Facebook<\/a><\/li>\n<li><a href=\"https:\/\/www.instagram.com\/onlinestarregister\/\">OSR @ Instagram<\/a><\/li>\n<li><a href=\"https:\/\/www.tiktok.com\/@onlinestarregister\">OSR @ TikTok<\/a><\/li>\n<li><a href=\"https:\/\/www.pinterest.com\/OnlineStarRegister\/\">OSR @ Pinterest<\/a><\/li>\n<li><a href=\"https:\/\/www.youtube.com\/OnlineStarRegister?cbrd=1&amp;ucbcb=1\">OSR @ YouTube<\/a><\/li>\n<\/ul>\n","protected":false},"excerpt":{"rendered":"<p>Pour consulter l&rsquo;\u00e9tat actuel de votre commande, veuillez vous connecter \u00e0 votre compte. Nous avons r\u00e9pondu \u00e0 quelques-unes des questions fr\u00e9quemment pos\u00e9es pour vous. Afin de vous offrir le meilleur service client possible, veuillez nous envoyer vos questions sur l&rsquo;Online Star Register en utilisant le formulaire ci-dessous. Nous vous r\u00e9pondrons aussi t\u00f4t que possible. Adresse [&hellip;]<\/p>\n","protected":false},"author":4,"featured_media":0,"parent":0,"menu_order":0,"comment_status":"closed","ping_status":"closed","template":"page-service.php","meta":{"_acf_changed":false,"inline_featured_image":false,"footnotes":""},"class_list":["post-2395","page","type-page","status-publish","hentry"],"acf":[],"yoast_head":"<!-- This site is optimized with the Yoast SEO plugin v27.1.1 - https:\/\/yoast.com\/product\/yoast-seo-wordpress\/ -->\n<title>Nous contacter - Online Star Register<\/title>\n<meta name=\"description\" content=\"Contactez l&#039;Online Star Register en remplissant notre formulaire. Nous r\u00e9pondrons \u00e0 votre question ou nous r\u00e9glerons un probl\u00e8me en un \u00e0 deux jours.\" \/>\n<meta name=\"robots\" content=\"index, follow, max-snippet:-1, max-image-preview:large, max-video-preview:-1\" \/>\n<link rel=\"canonical\" href=\"https:\/\/osr.org\/fr\/nous-contacter\/\" \/>\n<meta property=\"og:locale\" content=\"fr_FR\" \/>\n<meta property=\"og:type\" content=\"article\" \/>\n<meta property=\"og:title\" content=\"Nous contacter - Online Star Register\" \/>\n<meta property=\"og:description\" content=\"Contactez l&#039;Online Star Register en remplissant notre formulaire. Nous r\u00e9pondrons \u00e0 votre question ou nous r\u00e9glerons un probl\u00e8me en un \u00e0 deux jours.\" \/>\n<meta property=\"og:url\" content=\"https:\/\/osr.org\/fr\/nous-contacter\/\" \/>\n<meta property=\"og:site_name\" content=\"Online Star Register\" \/>\n<meta property=\"article:modified_time\" content=\"2022-10-21T08:11:25+00:00\" \/>\n<meta name=\"twitter:card\" content=\"summary_large_image\" \/>\n<meta name=\"twitter:label1\" content=\"Dur\u00e9e de lecture estim\u00e9e\" \/>\n\t<meta name=\"twitter:data1\" content=\"1 minute\" \/>\n<script type=\"application\/ld+json\" class=\"yoast-schema-graph\">{\n\t    \"@context\": \"https:\/\/schema.org\",\n\t    \"@graph\": [\n\t        {\n\t            \"@type\": \"WebPage\",\n\t            \"@id\": \"https:\/\/osr.org\/fr\/nous-contacter\/\",\n\t            \"url\": \"https:\/\/osr.org\/fr\/nous-contacter\/\",\n\t            \"name\": \"Nous contacter - Online Star Register\",\n\t            \"isPartOf\": {\n\t                \"@id\": \"https:\/\/osr.org\/fr\/#website\"\n\t            },\n\t            \"datePublished\": \"2015-11-16T22:02:53+00:00\",\n\t            \"dateModified\": \"2022-10-21T08:11:25+00:00\",\n\t            \"description\": \"Contactez l'Online Star Register en remplissant notre formulaire. Nous r\u00e9pondrons \u00e0 votre question ou nous r\u00e9glerons un probl\u00e8me en un \u00e0 deux jours.\",\n\t            \"breadcrumb\": {\n\t                \"@id\": \"https:\/\/osr.org\/fr\/nous-contacter\/#breadcrumb\"\n\t            },\n\t            \"inLanguage\": \"fr-FR\",\n\t            \"potentialAction\": [\n\t                {\n\t                    \"@type\": \"ReadAction\",\n\t                    \"target\": [\n\t                        \"https:\/\/osr.org\/fr\/nous-contacter\/\"\n\t                    ]\n\t                }\n\t            ]\n\t        },\n\t        {\n\t            \"@type\": \"BreadcrumbList\",\n\t            \"@id\": \"https:\/\/osr.org\/fr\/nous-contacter\/#breadcrumb\",\n\t            \"itemListElement\": [\n\t                {\n\t                    \"@type\": \"ListItem\",\n\t                    \"position\": 1,\n\t                    \"name\": \"Home\",\n\t                    \"item\": \"https:\/\/osr.org\/fr\/\"\n\t                },\n\t                {\n\t                    \"@type\": \"ListItem\",\n\t                    \"position\": 2,\n\t                    \"name\": \"Nous contacter\"\n\t                }\n\t            ]\n\t        },\n\t        {\n\t            \"@type\": \"WebSite\",\n\t            \"@id\": \"https:\/\/osr.org\/fr\/#website\",\n\t            \"url\": \"https:\/\/osr.org\/fr\/\",\n\t            \"name\": \"Online Star Register\",\n\t            \"description\": \"\",\n\t            \"potentialAction\": [\n\t                {\n\t                    \"@type\": \"SearchAction\",\n\t                    \"target\": {\n\t                        \"@type\": \"EntryPoint\",\n\t                        \"urlTemplate\": \"https:\/\/osr.org\/fr\/?s={search_term_string}\"\n\t                    },\n\t                    \"query-input\": {\n\t                        \"@type\": \"PropertyValueSpecification\",\n\t                        \"valueRequired\": true,\n\t                        \"valueName\": \"search_term_string\"\n\t                    }\n\t                }\n\t            ],\n\t            \"inLanguage\": \"fr-FR\"\n\t        }\n\t    ]\n\t}<\/script>\n<!-- \/ Yoast SEO plugin. -->","yoast_head_json":{"title":"Nous contacter - Online Star Register","description":"Contactez l'Online Star Register en remplissant notre formulaire. Nous r\u00e9pondrons \u00e0 votre question ou nous r\u00e9glerons un probl\u00e8me en un \u00e0 deux jours.","robots":{"index":"index","follow":"follow","max-snippet":"max-snippet:-1","max-image-preview":"max-image-preview:large","max-video-preview":"max-video-preview:-1"},"canonical":"https:\/\/osr.org\/fr\/nous-contacter\/","og_locale":"fr_FR","og_type":"article","og_title":"Nous contacter - Online Star Register","og_description":"Contactez l'Online Star Register en remplissant notre formulaire. Nous r\u00e9pondrons \u00e0 votre question ou nous r\u00e9glerons un probl\u00e8me en un \u00e0 deux jours.","og_url":"https:\/\/osr.org\/fr\/nous-contacter\/","og_site_name":"Online Star Register","article_modified_time":"2022-10-21T08:11:25+00:00","twitter_card":"summary_large_image","twitter_misc":{"Dur\u00e9e de lecture estim\u00e9e":"1 minute"},"schema":{"@context":"https:\/\/schema.org","@graph":[{"@type":"WebPage","@id":"https:\/\/osr.org\/fr\/nous-contacter\/","url":"https:\/\/osr.org\/fr\/nous-contacter\/","name":"Nous contacter - Online Star Register","isPartOf":{"@id":"https:\/\/osr.org\/fr\/#website"},"datePublished":"2015-11-16T22:02:53+00:00","dateModified":"2022-10-21T08:11:25+00:00","description":"Contactez l'Online Star Register en remplissant notre formulaire. Nous r\u00e9pondrons \u00e0 votre question ou nous r\u00e9glerons un probl\u00e8me en un \u00e0 deux jours.","breadcrumb":{"@id":"https:\/\/osr.org\/fr\/nous-contacter\/#breadcrumb"},"inLanguage":"fr-FR","potentialAction":[{"@type":"ReadAction","target":["https:\/\/osr.org\/fr\/nous-contacter\/"]}]},{"@type":"BreadcrumbList","@id":"https:\/\/osr.org\/fr\/nous-contacter\/#breadcrumb","itemListElement":[{"@type":"ListItem","position":1,"name":"Home","item":"https:\/\/osr.org\/fr\/"},{"@type":"ListItem","position":2,"name":"Nous contacter"}]},{"@type":"WebSite","@id":"https:\/\/osr.org\/fr\/#website","url":"https:\/\/osr.org\/fr\/","name":"Online Star Register","description":"","potentialAction":[{"@type":"SearchAction","target":{"@type":"EntryPoint","urlTemplate":"https:\/\/osr.org\/fr\/?s={search_term_string}"},"query-input":{"@type":"PropertyValueSpecification","valueRequired":true,"valueName":"search_term_string"}}],"inLanguage":"fr-FR"}]}},"_links":{"self":[{"href":"https:\/\/osr.org\/fr\/wp-json\/wp\/v2\/pages\/2395","targetHints":{"allow":["GET"]}}],"collection":[{"href":"https:\/\/osr.org\/fr\/wp-json\/wp\/v2\/pages"}],"about":[{"href":"https:\/\/osr.org\/fr\/wp-json\/wp\/v2\/types\/page"}],"author":[{"embeddable":true,"href":"https:\/\/osr.org\/fr\/wp-json\/wp\/v2\/users\/4"}],"replies":[{"embeddable":true,"href":"https:\/\/osr.org\/fr\/wp-json\/wp\/v2\/comments?post=2395"}],"version-history":[{"count":9,"href":"https:\/\/osr.org\/fr\/wp-json\/wp\/v2\/pages\/2395\/revisions"}],"predecessor-version":[{"id":453247,"href":"https:\/\/osr.org\/fr\/wp-json\/wp\/v2\/pages\/2395\/revisions\/453247"}],"wp:attachment":[{"href":"https:\/\/osr.org\/fr\/wp-json\/wp\/v2\/media?parent=2395"}],"curies":[{"name":"wp","href":"https:\/\/api.w.org\/{rel}","templated":true}]}}