{"id":2306,"date":"2015-11-16T23:50:33","date_gmt":"2015-11-16T21:50:33","guid":{"rendered":"https:\/\/osr.org\/fr\/?page_id=2306"},"modified":"2024-10-08T18:37:27","modified_gmt":"2024-10-08T16:37:27","slug":"a-propos-de-l-online-star-register-old","status":"publish","type":"page","link":"https:\/\/osr.org\/fr\/a-propos-de-l-online-star-register-old\/","title":{"rendered":"\u00c0 propos de l&rsquo;Online Star Register"},"content":{"rendered":"<p><strong>L&rsquo;Online Star Register (OSR) pense que toute personne sur Terre doit pouvoir profiter de sa propre \u00e9toile dans le ciel nocturne. C&rsquo;est pourquoi nous vous donnons la possibilit\u00e9 de <a href=\"https:\/\/osr.org\/wp-content\/uploads\/2020\/10\/FR.mp4\">nommer une \u00e9toile<\/a> dans l&rsquo;Online Star Register\u00a0!<\/strong><\/p>\n<p><img loading=\"lazy\" decoding=\"async\" src=\"\/wp-content\/uploads\/2015\/10\/about-osr.jpg\" alt=\"About OSR\" width=\"650\" height=\"400\" class=\"alignnone size-full wp-image-16136\" srcset=\"https:\/\/osr.org\/wp-content\/uploads\/2015\/10\/about-osr.jpg 650w, https:\/\/osr.org\/wp-content\/uploads\/2015\/10\/about-osr-300x185.jpg 300w\" sizes=\"auto, (max-width: 650px) 100vw, 650px\" \/><\/p>\n<p><span class=\"blue-box\">L&rsquo;OSR nomme des \u00e9toiles pour des individus du monde entier depuis le d\u00e9but du mill\u00e9naire, et est d\u00e9sormais le service d&rsquo;enregistrement d&rsquo;\u00e9toile num\u00e9ro un dans le monde. L&rsquo;enregistrement d&rsquo;une \u00e9toile dans <a href=\"\/fr\/osr\/\">l&rsquo;Online Star Register<\/a> est globalement consid\u00e9r\u00e9 comme l&rsquo;un des cadeaux les plus originaux, touchants et personnels que l&rsquo;on puisse offrir \u00e0 son partenaire, un ami, un membre de sa famille ou un coll\u00e8gue.<\/span><\/p>\n<h3><span style=\"color: #15acdf;\">Visualiser les \u00e9toiles<\/span><\/h3>\n<p>Lorsque nous inventerons de nouvelles fa\u00e7ons de voir votre \u00e9toile, nous les ajouterons GRATUITEMENT \u00e0 votre coffret cadeau d&rsquo;origine, pour que vous puissiez toujours la trouver dans le ciel nocturne. Votre \u00e9toile nomm\u00e9e et votre date d&rsquo;\u00e9toile resplendiront au firmament pour des millions d&rsquo;ann\u00e9es, et votre cadeau durera \u00e9ternellement. Qui plus est, de nouvelles mises \u00e0 jour vous garantiront que votre \u00e9toile suivra les innovations d&rsquo;Online Star Register.<\/p>\n<p>Par exemple, vous pouvez \u00e0 pr\u00e9sent voler \u00e0 travers l&rsquo;univers et d\u00e9couvrir les \u00e9toiles et la galaxie en 3D. Regardez notre vid\u00e9o ci-dessous\u00a0!<\/p>\n<p><iframe loading=\"lazy\" width=\"560\" height=\"315\" src=\"https:\/\/www.youtube.com\/embed\/wTI1GMAM8io?rel=0\" frameborder=\"0\" allowfullscreen><\/iframe><\/p>\n<h3><span style=\"color: #15acdf;\">Service et s\u00e9curit\u00e9 maximums<\/span><\/h3>\n<ol>\n<li>L&rsquo;OSR est une entreprise internationale disposant d&rsquo;un si\u00e8ge central aux Pays-Bas. Nous proposons une exp\u00e9dition rapide et mondiale, ainsi qu&rsquo;une livraison num\u00e9rique imm\u00e9diate.<\/li>\n<li>Nous offrons un excellent service client dans toutes les langues. Nous nous effor\u00e7ons de r\u00e9pondre \u00e0 vos messages en un \u00e0 deux jours ouvr\u00e9s.<\/li>\n<li>OSR.org garantit la compl\u00e8te s\u00e9curit\u00e9 de vos informations de commande et de vos paiements, car nous utilisons le dernier protocole de s\u00e9curit\u00e9 SSL (HTTPS) en date. La s\u00e9curit\u00e9 de notre site est constamment surveill\u00e9e et garantie par Norton Secured et McAfee Secure.<\/li>\n<\/ol>\n<h3><span style=\"color: #15acdf;\">Presse<\/span><\/h3>\n<p>L&rsquo;OSR est apparu dans des \u00e9missions TV et radio, dans des journaux et des magazines partout dans le monde. Pour les demandes m\u00e9dia et presse, <a href=\"https:\/\/osr.org\/fr\/press\/\">veuillez visiter notre page presse<\/a>.<\/p>\n<h3><span style=\"color: #15acdf;\">Blog de l&rsquo;Online Star Register<\/span><\/h3>\n<p>Sur le <a href=\"\/fr\/blog\/\">blog de l&rsquo;Online Star Register<\/a> nous vous faisons part des derni\u00e8res nouvelles concernant les cadeaux de l&rsquo;OST, nos applis, et ce que nous aimons le plus\u00a0: l&rsquo;univers et les \u00e9toiles\u00a0!<\/p>\n","protected":false},"excerpt":{"rendered":"<p>L&rsquo;Online Star Register (OSR) pense que toute personne sur Terre doit pouvoir profiter de sa propre \u00e9toile dans le ciel nocturne. C&rsquo;est pourquoi nous vous donnons la possibilit\u00e9 de nommer une \u00e9toile dans l&rsquo;Online Star Register\u00a0! L&rsquo;OSR nomme des \u00e9toiles pour des individus du monde entier depuis le d\u00e9but du mill\u00e9naire, et est d\u00e9sormais le [&hellip;]<\/p>\n","protected":false},"author":4,"featured_media":0,"parent":0,"menu_order":0,"comment_status":"closed","ping_status":"closed","template":"page-about.php","meta":{"_acf_changed":false,"inline_featured_image":false,"footnotes":""},"class_list":["post-2306","page","type-page","status-publish","hentry"],"acf":[],"yoast_head":"<!-- This site is optimized with the Yoast SEO plugin v27.1.1 - https:\/\/yoast.com\/product\/yoast-seo-wordpress\/ -->\n<title>\u00c0 propos de l&#039;Online Star Register (OSR)<\/title>\n<meta name=\"description\" content=\"D\u00e9couvrez sur l&#039;Online Star Register et comment visualiser des \u00e9toiles personnalis\u00e9es dans le ciel. B\u00e9n\u00e9ficiez d&#039;une exp\u00e9dition mondiale GRATUITE\u00a0!\" \/>\n<meta name=\"robots\" content=\"noindex, follow\" \/>\n<meta property=\"og:locale\" content=\"fr_FR\" \/>\n<meta property=\"og:type\" content=\"article\" \/>\n<meta property=\"og:title\" content=\"\u00c0 propos de l&#039;Online Star Register (OSR)\" \/>\n<meta property=\"og:description\" content=\"D\u00e9couvrez sur l&#039;Online Star Register et comment visualiser des \u00e9toiles personnalis\u00e9es dans le ciel. B\u00e9n\u00e9ficiez d&#039;une exp\u00e9dition mondiale GRATUITE\u00a0!\" \/>\n<meta property=\"og:url\" content=\"https:\/\/osr.org\/fr\/a-propos-de-l-online-star-register-old\/\" \/>\n<meta property=\"og:site_name\" content=\"Online Star Register\" \/>\n<meta property=\"article:modified_time\" content=\"2024-10-08T16:37:27+00:00\" \/>\n<meta name=\"twitter:card\" content=\"summary_large_image\" \/>\n<meta name=\"twitter:label1\" content=\"Dur\u00e9e de lecture estim\u00e9e\" \/>\n\t<meta name=\"twitter:data1\" content=\"3 minutes\" \/>\n<script type=\"application\/ld+json\" class=\"yoast-schema-graph\">{\n\t    \"@context\": \"https:\/\/schema.org\",\n\t    \"@graph\": [\n\t        {\n\t            \"@type\": \"WebPage\",\n\t            \"@id\": \"https:\/\/osr.org\/fr\/a-propos-de-l-online-star-register-old\/\",\n\t            \"url\": \"https:\/\/osr.org\/fr\/a-propos-de-l-online-star-register-old\/\",\n\t            \"name\": \"\u00c0 propos de l'Online Star Register (OSR)\",\n\t            \"isPartOf\": {\n\t                \"@id\": \"https:\/\/osr.org\/fr\/#website\"\n\t            },\n\t            \"datePublished\": \"2015-11-16T21:50:33+00:00\",\n\t            \"dateModified\": \"2024-10-08T16:37:27+00:00\",\n\t            \"description\": \"D\u00e9couvrez sur l'Online Star Register et comment visualiser des \u00e9toiles personnalis\u00e9es dans le ciel. B\u00e9n\u00e9ficiez d'une exp\u00e9dition mondiale GRATUITE\u00a0!\",\n\t            \"breadcrumb\": {\n\t                \"@id\": \"https:\/\/osr.org\/fr\/a-propos-de-l-online-star-register-old\/#breadcrumb\"\n\t            },\n\t            \"inLanguage\": \"fr-FR\",\n\t            \"potentialAction\": [\n\t                {\n\t                    \"@type\": \"ReadAction\",\n\t                    \"target\": [\n\t                        \"https:\/\/osr.org\/fr\/a-propos-de-l-online-star-register-old\/\"\n\t                    ]\n\t                }\n\t            ]\n\t        },\n\t        {\n\t            \"@type\": \"BreadcrumbList\",\n\t            \"@id\": \"https:\/\/osr.org\/fr\/a-propos-de-l-online-star-register-old\/#breadcrumb\",\n\t            \"itemListElement\": [\n\t                {\n\t                    \"@type\": \"ListItem\",\n\t                    \"position\": 1,\n\t                    \"name\": \"Home\",\n\t                    \"item\": \"https:\/\/osr.org\/fr\/\"\n\t                },\n\t                {\n\t                    \"@type\": \"ListItem\",\n\t                    \"position\": 2,\n\t                    \"name\": \"\u00c0 propos de l&#8217;Online Star Register\"\n\t                }\n\t            ]\n\t        },\n\t        {\n\t            \"@type\": \"WebSite\",\n\t            \"@id\": \"https:\/\/osr.org\/fr\/#website\",\n\t            \"url\": \"https:\/\/osr.org\/fr\/\",\n\t            \"name\": \"Online Star Register\",\n\t            \"description\": \"\",\n\t            \"potentialAction\": [\n\t                {\n\t                    \"@type\": \"SearchAction\",\n\t                    \"target\": {\n\t                        \"@type\": \"EntryPoint\",\n\t                        \"urlTemplate\": \"https:\/\/osr.org\/fr\/?s={search_term_string}\"\n\t                    },\n\t                    \"query-input\": {\n\t                        \"@type\": \"PropertyValueSpecification\",\n\t                        \"valueRequired\": true,\n\t                        \"valueName\": \"search_term_string\"\n\t                    }\n\t                }\n\t            ],\n\t            \"inLanguage\": \"fr-FR\"\n\t        }\n\t    ]\n\t}<\/script>\n<!-- \/ Yoast SEO plugin. -->","yoast_head_json":{"title":"\u00c0 propos de l'Online Star Register (OSR)","description":"D\u00e9couvrez sur l'Online Star Register et comment visualiser des \u00e9toiles personnalis\u00e9es dans le ciel. B\u00e9n\u00e9ficiez d'une exp\u00e9dition mondiale GRATUITE\u00a0!","robots":{"index":"noindex","follow":"follow"},"og_locale":"fr_FR","og_type":"article","og_title":"\u00c0 propos de l'Online Star Register (OSR)","og_description":"D\u00e9couvrez sur l'Online Star Register et comment visualiser des \u00e9toiles personnalis\u00e9es dans le ciel. B\u00e9n\u00e9ficiez d'une exp\u00e9dition mondiale GRATUITE\u00a0!","og_url":"https:\/\/osr.org\/fr\/a-propos-de-l-online-star-register-old\/","og_site_name":"Online Star Register","article_modified_time":"2024-10-08T16:37:27+00:00","twitter_card":"summary_large_image","twitter_misc":{"Dur\u00e9e de lecture estim\u00e9e":"3 minutes"},"schema":{"@context":"https:\/\/schema.org","@graph":[{"@type":"WebPage","@id":"https:\/\/osr.org\/fr\/a-propos-de-l-online-star-register-old\/","url":"https:\/\/osr.org\/fr\/a-propos-de-l-online-star-register-old\/","name":"\u00c0 propos de l'Online Star Register (OSR)","isPartOf":{"@id":"https:\/\/osr.org\/fr\/#website"},"datePublished":"2015-11-16T21:50:33+00:00","dateModified":"2024-10-08T16:37:27+00:00","description":"D\u00e9couvrez sur l'Online Star Register et comment visualiser des \u00e9toiles personnalis\u00e9es dans le ciel. B\u00e9n\u00e9ficiez d'une exp\u00e9dition mondiale GRATUITE\u00a0!","breadcrumb":{"@id":"https:\/\/osr.org\/fr\/a-propos-de-l-online-star-register-old\/#breadcrumb"},"inLanguage":"fr-FR","potentialAction":[{"@type":"ReadAction","target":["https:\/\/osr.org\/fr\/a-propos-de-l-online-star-register-old\/"]}]},{"@type":"BreadcrumbList","@id":"https:\/\/osr.org\/fr\/a-propos-de-l-online-star-register-old\/#breadcrumb","itemListElement":[{"@type":"ListItem","position":1,"name":"Home","item":"https:\/\/osr.org\/fr\/"},{"@type":"ListItem","position":2,"name":"\u00c0 propos de l&#8217;Online Star Register"}]},{"@type":"WebSite","@id":"https:\/\/osr.org\/fr\/#website","url":"https:\/\/osr.org\/fr\/","name":"Online Star Register","description":"","potentialAction":[{"@type":"SearchAction","target":{"@type":"EntryPoint","urlTemplate":"https:\/\/osr.org\/fr\/?s={search_term_string}"},"query-input":{"@type":"PropertyValueSpecification","valueRequired":true,"valueName":"search_term_string"}}],"inLanguage":"fr-FR"}]}},"_links":{"self":[{"href":"https:\/\/osr.org\/fr\/wp-json\/wp\/v2\/pages\/2306","targetHints":{"allow":["GET"]}}],"collection":[{"href":"https:\/\/osr.org\/fr\/wp-json\/wp\/v2\/pages"}],"about":[{"href":"https:\/\/osr.org\/fr\/wp-json\/wp\/v2\/types\/page"}],"author":[{"embeddable":true,"href":"https:\/\/osr.org\/fr\/wp-json\/wp\/v2\/users\/4"}],"replies":[{"embeddable":true,"href":"https:\/\/osr.org\/fr\/wp-json\/wp\/v2\/comments?post=2306"}],"version-history":[{"count":6,"href":"https:\/\/osr.org\/fr\/wp-json\/wp\/v2\/pages\/2306\/revisions"}],"predecessor-version":[{"id":466104,"href":"https:\/\/osr.org\/fr\/wp-json\/wp\/v2\/pages\/2306\/revisions\/466104"}],"wp:attachment":[{"href":"https:\/\/osr.org\/fr\/wp-json\/wp\/v2\/media?parent=2306"}],"curies":[{"name":"wp","href":"https:\/\/api.w.org\/{rel}","templated":true}]}}