{"id":199541,"date":"2022-04-01T17:03:31","date_gmt":"2022-04-01T15:03:31","guid":{"rendered":"https:\/\/osr.org\/la-carte-cadeau-osr\/the-osr-gift-card\/"},"modified":"2022-06-01T15:12:48","modified_gmt":"2022-06-01T13:12:48","slug":"la-carte-cadeau-osr","status":"publish","type":"page","link":"https:\/\/osr.org\/fr\/la-carte-cadeau-osr\/la-carte-cadeau-osr\/","title":{"rendered":"La carte cadeau OSR"},"content":{"rendered":"<p><strong>Avec la carte cadeau OSR, le destinataire peut lui-m\u00eame nommer une \u00e9toile et choisir la date d&rsquo;\u00e9toile, la constellation et le th\u00e8me du cadeau. Vous pouvez recevoir la carte cadeau par courrier ou la t\u00e9l\u00e9charger imm\u00e9diatement en PDF. Continuez \u00e0 lire pour en savoir plus sur la carte cadeau OSR.<\/strong><\/p>\n<ul>\n<li>Choisissez ce cadeau si vous voulez laisser au destinataire la libert\u00e9 de choisir le nom de l&rsquo;\u00e9toile<\/li>\n<li>Vous recevrez une carte cadeau par internet (PDF) ou dans votre bo\u00eete aux lettres (par UPS)<\/li>\n<li>Avec la carte cadeau OSR, le destinataire pourra commander son propre coffret cadeau OSR gratuitement<\/li>\n<\/ul>\n<p><strong><span class=\"blue-box\">Vous avez re\u00e7u une carte cadeau OSR et vous souhaitez commander votre coffret cadeau OSR gratuit\u00a0? <a href=\"https:\/\/osr.org\/fr\/carte-cadeau\/\">Nommez une \u00e9toile GRATUITEMENT avec votre carte cadeau OSR en cliquant ici<\/a>\u00a0!<\/span><\/strong><\/p>\n<h2><span style=\"color: #15acdf;\">\u00c0 propos de la carte cadeau OSR<\/span><\/h2>\n<p>Et si vous voulez donner le nom de quelqu&rsquo;un \u00e0 une \u00e9toile, mais que <em>vous souhaitez laisser au destinataire le soin de choisir l&rsquo;\u00e9toile<\/em>\u00a0? Cela peut \u00eatre le cas si vous voulez faire la surprise \u00e0\u00a0:<\/p>\n<ul>\n<li>Des parents qui attendent un enfant<\/li>\n<li>quelqu&rsquo;un que vous ne connaissez pas bien<\/li>\n<li>une personne dont vous savez qu&rsquo;elle pr\u00e9f\u00e9rera choisir elle-m\u00eame le nom de son \u00e9toile<\/li>\n<\/ul>\n<p>C&rsquo;est l\u00e0 que la carte cadeau OSR est parfaite, car elle permet \u00e7a\u00a0! Plus de d\u00e9tails ci-dessous\u00a0:<br \/>\n<div class=\"st-slider-container\"><div class=\"st-slider js-slider-shortcode\"><div class=\"swiper-slide\"><div class=\"st-slider__slide-inner\"><picture><source srcset=\"https:\/\/osr.org\/wp-content\/uploads\/2021\/10\/mobile-osr-gift-card-2d.jpg\" media=\"(max-width:640px)\"><img loading=\"lazy\" decoding=\"async\" src=\"https:\/\/osr.org\/wp-content\/uploads\/2021\/10\/osr-gift-card-2d.jpg\" width=\"650\" height=\"500\"><\/picture><div class=\"st-slider__slide-content\"><p>Avec le code unique inscrit sur la carte cadeau OSR, le destinataire peut commander le coffret cadeau sur osr.org gratuitement. Le destinataire pourra lui-m\u00eame choisir son \u00e9toile et lui donner un nom.<\/p>\n<\/div><\/div><\/div><div class=\"swiper-slide\"><div class=\"st-slider__slide-inner\"><picture><source srcset=\"https:\/\/osr.org\/wp-content\/uploads\/2021\/10\/mobile-osr-gift-card-physical.jpg\" media=\"(max-width:640px)\"><img loading=\"lazy\" decoding=\"async\" src=\"https:\/\/osr.org\/wp-content\/uploads\/2021\/10\/osr-gift-card-physical.jpg\" width=\"650\" height=\"500\"><\/picture><div class=\"st-slider__slide-content\"><p>Vous pouvez commander le coffret cadeau OSR, qui sera envoy\u00e9 gratuitement par UPS.<\/p>\n<\/div><\/div><\/div><div class=\"swiper-slide\"><div class=\"st-slider__slide-inner\"><picture><source srcset=\"https:\/\/osr.org\/wp-content\/uploads\/2021\/10\/mobile-osr-gift-card-wrapped.jpg\" media=\"(max-width:640px)\"><img loading=\"lazy\" decoding=\"async\" src=\"https:\/\/osr.org\/wp-content\/uploads\/2021\/10\/osr-gift-card-wrapped.jpg\" width=\"650\" height=\"500\"><\/picture><div class=\"st-slider__slide-content\"><p>Le coffret cadeau OSR est pr\u00e9sent\u00e9 dans un emballage \u00e9l\u00e9gant. Vous pouvez y ajouter un message personnel.<\/p>\n<\/div><\/div><\/div><div class=\"swiper-slide\"><div class=\"st-slider__slide-inner\"><picture><source srcset=\"https:\/\/osr.org\/wp-content\/uploads\/2021\/10\/mobile-gift-card-online.jpg\" media=\"(max-width:640px)\"><img loading=\"lazy\" decoding=\"async\" src=\"https:\/\/osr.org\/wp-content\/uploads\/2021\/10\/gift-card-online.jpg\" width=\"650\" height=\"500\"><\/picture><div class=\"st-slider__slide-content\"><p>Vous pouvez aussi choisir la carte cadeau en ligne (pas de frais de port), que vous pouvez t\u00e9l\u00e9charger imm\u00e9diatement (PDF).<\/p>\n<\/div><\/div><\/div><\/div><\/div><\/p>\n<h2><span style=\"color: #15acdf;\">Livraison imm\u00e9diate (PDF) ou avec UPS<\/span><\/h2>\n<p style=\"text-align: left;\"><img loading=\"lazy\" decoding=\"async\" class=\"alignnone size-full wp-image-20325\" src=\"https:\/\/osr.org\/wp-content\/uploads\/2017\/10\/which-osr-gift-card.jpg\" alt=\"Quelle version de la carte cadeau OSR\" width=\"650\" height=\"217\" \/><br \/>\nNous proposons deux versions de la carte cadeau\u00a0:<\/p>\n<ol>\n<li>La <strong>carte cadeau en ligne<\/strong> n&rsquo;a pas de co\u00fbt d&rsquo;exp\u00e9dition. Vous pouvez la t\u00e9l\u00e9charger instantan\u00e9ment (PDF) apr\u00e8s votre achat.<\/li>\n<li>La <strong>carte cadeau OSR<\/strong> est une vraie carte dans un emballage \u00e9l\u00e9gant livr\u00e9e par UPS (en raison de la valeur de la carte cadeau) sous 48 heures. Les frais d&rsquo;exp\u00e9dition d\u00e9pendent de l&rsquo;adresse du destinataire.<\/li>\n<\/ol>\n<p style=\"text-align: center;\"><a class=\"button button-orange medium arrow\" href=\"\/order\/fr\/giftcard?currency_id=2\"><strong>Choisissez votre carte cadeau\u00a0!<\/strong><\/a><\/p>\n<h2><span style=\"color: #15acdf;\">Que peut-on commander avec la carte cadeau\u00a0?<\/span><\/h2>\n<p>Avec le code unique inscrit sur la carte cadeau OSR, le destinataire peut commander le coffret cadeau sur osr.org GRATUITEMENT. Le destinataire pourra choisir lui-m\u00eame le nom de son \u00e9toile, ainsi que la date d&rsquo;\u00e9toile, la constellation et le th\u00e8me du coffret. Vous pouvez voir ci-dessous le contenu du coffret cadeau OSR\u00a0:<\/p>\n<div class=\"st-slider-container\"><div class=\"st-slider js-slider-shortcode\"><div class=\"swiper-slide\"><div class=\"st-slider__slide-inner\"><picture><source srcset=\"https:\/\/osr.org\/wp-content\/uploads\/2022\/02\/Mobile-Totaalpakket.jpg\" media=\"(max-width:640px)\"><img loading=\"lazy\" decoding=\"async\" src=\"https:\/\/osr.org\/wp-content\/uploads\/2022\/02\/Totaalpakket.jpg\" width=\"650\" height=\"500\"><\/picture><div class=\"st-slider__slide-content\"><p>D\u00e9couvrez les \u00e9l\u00e9ments du coffret cadeau OSR \u2013 notre cadeau le plus populaire !<\/p>\n<\/div><\/div><\/div><div class=\"swiper-slide\"><div class=\"st-slider__slide-inner\"><picture><source srcset=\"https:\/\/osr.org\/wp-content\/uploads\/2021\/10\/Mobile-Certificaat-1.jpg\" media=\"(max-width:640px)\"><img loading=\"lazy\" decoding=\"async\" src=\"https:\/\/osr.org\/wp-content\/uploads\/2021\/10\/Certificaat-1.jpg\" width=\"650\" height=\"500\"><\/picture><div class=\"st-slider__slide-content\"><p>Le certificat d'\u00e9toile est imprim\u00e9 sur du papier de luxe et comprend les coordonn\u00e9es de l'\u00e9toile, son nom et sa date.<\/p>\n<\/div><\/div><\/div><div class=\"swiper-slide\"><div class=\"st-slider__slide-inner\"><picture><source srcset=\"https:\/\/osr.org\/wp-content\/uploads\/2021\/10\/Mobile-Info-Sheet-1.jpg\" media=\"(max-width:640px)\"><img loading=\"lazy\" decoding=\"async\" src=\"https:\/\/osr.org\/wp-content\/uploads\/2021\/10\/Info-Sheet-1.jpg\" width=\"650\" height=\"500\"><\/picture><div class=\"st-slider__slide-content\"><p>Cette feuille explique comment vous pouvez utiliser toutes les fonctions de votre cadeau d'\u00e9toile gr\u00e2ce au code OSR unique.<\/p>\n<\/div><\/div><\/div><div class=\"swiper-slide\"><div class=\"st-slider__slide-inner\"><picture><source srcset=\"https:\/\/osr.org\/wp-content\/uploads\/2021\/10\/Mobile-Sticker-2.jpg\" media=\"(max-width:640px)\"><img loading=\"lazy\" decoding=\"async\" src=\"https:\/\/osr.org\/wp-content\/uploads\/2021\/10\/Sticker-2.jpg\" width=\"650\" height=\"500\"><\/picture><div class=\"st-slider__slide-content\"><p>L'\u00e9toile sur la feuille qui se trouve sur la fiche explicative est \u00e9galement un autocollant qui brille dans le noir.<\/p>\n<\/div><\/div><\/div><div class=\"swiper-slide\"><div class=\"st-slider__slide-inner\"><picture><source srcset=\"https:\/\/osr.org\/wp-content\/uploads\/2021\/10\/Mobile-Sticker.jpg\" media=\"(max-width:640px)\"><img loading=\"lazy\" decoding=\"async\" src=\"https:\/\/osr.org\/wp-content\/uploads\/2021\/10\/Sticker.jpg\" width=\"650\" height=\"500\"><\/picture><div class=\"st-slider__slide-content\"><p>L'\u00e9toile sur la feuille qui se trouve sur la fiche explicative est \u00e9galement un autocollant qui brille dans le noir.<\/p>\n<\/div><\/div><\/div><div class=\"swiper-slide\"><div class=\"st-slider__slide-inner\"><picture><source srcset=\"https:\/\/osr.org\/wp-content\/uploads\/2021\/10\/Mobile-Tekstkaart-1.jpg\" media=\"(max-width:640px)\"><img loading=\"lazy\" decoding=\"async\" src=\"https:\/\/osr.org\/wp-content\/uploads\/2021\/10\/Tekstkaart.jpg\" width=\"650\" height=\"500\"><\/picture><div class=\"st-slider__slide-content\"><p>Vous pouvez ajouter un message personnel dans le formulaire de commande pour le destinataire et qui sera imprim\u00e9 sur cette carte.<\/p>\n<\/div><\/div><\/div><div class=\"swiper-slide\"><div class=\"st-slider__slide-inner\"><picture><source srcset=\"https:\/\/osr.org\/wp-content\/uploads\/2021\/10\/Mobile-Star-Map.jpg\" media=\"(max-width:640px)\"><img loading=\"lazy\" decoding=\"async\" src=\"https:\/\/osr.org\/wp-content\/uploads\/2021\/10\/Star-Map.jpg\" width=\"650\" height=\"500\"><\/picture><div class=\"st-slider__slide-content\"><p>Ce cadran stellaire d\u00e9taill\u00e9 vous aidera \u00e0 trouver votre \u00e9toile dans le firmament.<\/p>\n<\/div><\/div><\/div><div class=\"swiper-slide\"><div class=\"st-slider__slide-inner\"><picture><source srcset=\"https:\/\/osr.org\/wp-content\/uploads\/2021\/10\/Mobile-Brief-1.jpg\" media=\"(max-width:640px)\"><img loading=\"lazy\" decoding=\"async\" src=\"https:\/\/osr.org\/wp-content\/uploads\/2021\/10\/Brief-1.jpg\" width=\"650\" height=\"500\"><\/picture><div class=\"st-slider__slide-content\"><p>La lettre officielle de l'OSR confirmant l'inscription de l'\u00e9toile dans l'Online Star Register.<\/p>\n<\/div><\/div><\/div><div class=\"swiper-slide\"><div class=\"st-slider__slide-inner\"><picture><source srcset=\"https:\/\/osr.org\/wp-content\/uploads\/2022\/02\/Mobile-Envelope.jpg\" media=\"(max-width:640px)\"><img loading=\"lazy\" decoding=\"async\" src=\"https:\/\/osr.org\/wp-content\/uploads\/2022\/02\/Envelope.jpg\" width=\"650\" height=\"500\"><\/picture><div class=\"st-slider__slide-content\"><p>Il existe un emballage sp\u00e9cial pour chaque occasion. Par exemple : occasion g\u00e9n\u00e9rale, anniversaire, amour, No\u00ebl, naissance ou mariage.<\/p>\n<\/div><\/div><\/div><div class=\"swiper-slide\"><div class=\"st-slider__slide-inner\"><picture><source srcset=\"https:\/\/osr.org\/wp-content\/uploads\/2022\/02\/Mobile-Snazzy-bag.jpg\" media=\"(max-width:640px)\"><img loading=\"lazy\" decoding=\"async\" src=\"https:\/\/osr.org\/wp-content\/uploads\/2022\/02\/Snazzy-bag.jpg\" width=\"650\" height=\"500\"><\/picture><div class=\"st-slider__slide-content\"><p>L'emballage \u00e9l\u00e9gant rentre dans toutes les bo\u00eetes aux lettres. Vous n'aurez donc pas besoin d'\u00eatre chez vous pour le recevoir.<\/p>\n<\/div><\/div><\/div><div class=\"swiper-slide\"><div class=\"st-slider__slide-inner\"><picture><source srcset=\"https:\/\/osr.org\/wp-content\/uploads\/2021\/10\/Mobile-OMS.jpg\" media=\"(max-width:640px)\"><img loading=\"lazy\" decoding=\"async\" src=\"https:\/\/osr.org\/wp-content\/uploads\/2021\/10\/OMS.jpg\" width=\"650\" height=\"500\"><\/picture><div class=\"st-slider__slide-content\"><p>Chaque \u00e9toile nomm\u00e9e peut \u00eatre admir\u00e9e dans notre application de navigateur unique \u00ab Un million d'\u00e9toiles \u00bb.<\/p>\n<\/div><\/div><\/div><div class=\"swiper-slide\"><div class=\"st-slider__slide-inner\"><picture><source srcset=\"https:\/\/osr.org\/wp-content\/uploads\/2021\/10\/Star-Finder-App-SML.jpg\" media=\"(max-width:640px)\"><img loading=\"lazy\" decoding=\"async\" src=\"https:\/\/osr.org\/wp-content\/uploads\/2021\/10\/Star-Finder-App-1.jpg\" width=\"650\" height=\"500\"><\/picture><div class=\"st-slider__slide-content\"><p>Trouvez votre \u00e9toile facilement avec l'appli Star Finder pour t\u00e9l\u00e9phone portable !<\/p>\n<\/div><\/div><\/div><div class=\"swiper-slide\"><div class=\"st-slider__slide-inner\"><picture><source srcset=\"https:\/\/osr.org\/wp-content\/uploads\/2021\/10\/Mobile-Star-Page-1.jpg\" media=\"(max-width:640px)\"><img loading=\"lazy\" decoding=\"async\" src=\"https:\/\/osr.org\/wp-content\/uploads\/2021\/10\/Star-Page.jpg\" width=\"650\" height=\"500\"><\/picture><div class=\"st-slider__slide-content\"><p>Sur la page d'\u00e9toile, vous pouvez ajouter des messages, des images et une vid\u00e9o. Il y a m\u00eame un livre d'or que les amis et la famille peuvent signer !<\/p>\n<\/div><\/div><\/div><\/div><\/div>\n<p style=\"text-align: center;\"><a class=\"button button-orange medium arrow\" href=\"\/order\/fr\/giftcard?currency_id=2\"><strong>Commandez la carte cadeau OSR\u00a0!<\/strong><\/a><\/p>\n<h2><span style=\"color: #15acdf;\">Cartes cadeau OSR comme cadeau d&rsquo;entreprise<\/span><\/h2>\n<p>La carte cadeau OSR est parfaite pour les entreprises\u00a0! Il vous suffit de choisir la carte cadeau OSR en ligne, ou la version physique. Le destinataire peut enregistrer et nommer sa propre \u00e9toile. Ainsi, vous n&rsquo;aurez pas \u00e0 le faire. Chaque destinataire recevra le coffret cadeau OSR chez lui.<\/p>\n<ul>\n<li>C&rsquo;est rapide et facile (livraison en 48\u00a0heures avec UPS)<\/li>\n<li>Aucune personnalisation requise<\/li>\n<li>Parfait en de nombreuses occasions, comme une date anniversaire, No\u00ebl, les f\u00eates de fin d&rsquo;ann\u00e9e ou pour f\u00eater un objectif atteint<\/li>\n<\/ul>\n<p>Beaucoup d&rsquo;entreprises ont choisi Online Star Register comme cadeau d&rsquo;entreprise. Ce cadeau est un excellent moyen de rappeler aux coll\u00e8gues, aux employ\u00e9s, aux clients et aux autres relations professionnelles que vous les appr\u00e9ciez. Ils sont les \u00e9toiles qui font briller votre soci\u00e9t\u00e9. Commandez des cartes cadeau OSR pour leur offrir le cadeau d&rsquo;entreprise le plus original de l&rsquo;univers\u00a0!<\/p>\n<p style=\"text-align: center;\"><a class=\"button button-blue medium arrow\" href=\"https:\/\/osr.org\/fr\/cadeaux-entreprise\/\"><strong>Contactez-nous pour votre commande de cadeau d&rsquo;entreprise<\/strong><\/a><\/p>\n<p><span class=\"blue-box\"><strong>Conseil<\/strong>\u00a0: vous pouvez commander de grandes quantit\u00e9s de cartes cadeau imm\u00e9diatement <a href=\"https:\/\/osr.org\/order\/fr\/giftcard?currency_id=2\">gr\u00e2ce \u00e0 notre formulaire de commande<\/a>.<\/span><\/p>\n","protected":false},"excerpt":{"rendered":"<p>Avec la carte cadeau OSR, le destinataire peut lui-m\u00eame nommer une \u00e9toile et choisir la date d&rsquo;\u00e9toile, la constellation et le th\u00e8me du cadeau. Vous pouvez recevoir la carte cadeau par courrier ou la t\u00e9l\u00e9charger imm\u00e9diatement en PDF. Continuez \u00e0 lire pour en savoir plus sur la carte cadeau OSR. Choisissez ce cadeau si vous [&hellip;]<\/p>\n","protected":false},"author":4,"featured_media":0,"parent":199564,"menu_order":0,"comment_status":"closed","ping_status":"closed","template":"page-osr-gift-card-sub.php","meta":{"_acf_changed":false,"inline_featured_image":false,"footnotes":""},"class_list":["post-199541","page","type-page","status-publish","hentry"],"acf":[],"yoast_head":"<!-- This site is optimized with the Yoast SEO plugin v27.3 - https:\/\/yoast.com\/product\/yoast-seo-wordpress\/ -->\n<title>La carte cadeau OSR - Online Star Register<\/title>\n<meta name=\"description\" content=\"Vous voulez donner le nom de quelqu&#039;un \u00e0 une \u00e9toile tout en lui laissant le soin de choisir l&#039;\u00e9toile\u00a0? Commandez la carte cadeau OSR\u00a0!\" \/>\n<meta name=\"robots\" content=\"index, follow, max-snippet:-1, max-image-preview:large, max-video-preview:-1\" \/>\n<link rel=\"canonical\" href=\"https:\/\/osr.org\/fr\/la-carte-cadeau-osr\/la-carte-cadeau-osr\/\" \/>\n<meta property=\"og:locale\" content=\"fr_FR\" \/>\n<meta property=\"og:type\" content=\"article\" \/>\n<meta property=\"og:title\" content=\"La carte cadeau OSR - Online Star Register\" \/>\n<meta property=\"og:description\" content=\"Vous voulez donner le nom de quelqu&#039;un \u00e0 une \u00e9toile tout en lui laissant le soin de choisir l&#039;\u00e9toile\u00a0? Commandez la carte cadeau OSR\u00a0!\" \/>\n<meta property=\"og:url\" content=\"https:\/\/osr.org\/fr\/la-carte-cadeau-osr\/la-carte-cadeau-osr\/\" \/>\n<meta property=\"og:site_name\" content=\"Online Star Register\" \/>\n<meta property=\"article:modified_time\" content=\"2022-06-01T13:12:48+00:00\" \/>\n<meta property=\"og:image\" content=\"https:\/\/osr.org\/wp-content\/uploads\/2017\/10\/which-osr-gift-card.jpg\" \/>\n<meta name=\"twitter:card\" content=\"summary_large_image\" \/>\n<meta name=\"twitter:label1\" content=\"Dur\u00e9e de lecture estim\u00e9e\" \/>\n\t<meta name=\"twitter:data1\" content=\"3 minutes\" \/>\n<script type=\"application\/ld+json\" class=\"yoast-schema-graph\">{\n\t    \"@context\": \"https:\\\/\\\/schema.org\",\n\t    \"@graph\": [\n\t        {\n\t            \"@type\": \"WebPage\",\n\t            \"@id\": \"https:\\\/\\\/osr.org\\\/fr\\\/la-carte-cadeau-osr\\\/la-carte-cadeau-osr\\\/\",\n\t            \"url\": \"https:\\\/\\\/osr.org\\\/fr\\\/la-carte-cadeau-osr\\\/la-carte-cadeau-osr\\\/\",\n\t            \"name\": \"La carte cadeau OSR - Online Star Register\",\n\t            \"isPartOf\": {\n\t                \"@id\": \"https:\\\/\\\/osr.org\\\/fr\\\/#website\"\n\t            },\n\t            \"primaryImageOfPage\": {\n\t                \"@id\": \"https:\\\/\\\/osr.org\\\/fr\\\/la-carte-cadeau-osr\\\/la-carte-cadeau-osr\\\/#primaryimage\"\n\t            },\n\t            \"image\": {\n\t                \"@id\": \"https:\\\/\\\/osr.org\\\/fr\\\/la-carte-cadeau-osr\\\/la-carte-cadeau-osr\\\/#primaryimage\"\n\t            },\n\t            \"thumbnailUrl\": \"https:\\\/\\\/osr.org\\\/wp-content\\\/uploads\\\/2017\\\/10\\\/which-osr-gift-card.jpg\",\n\t            \"datePublished\": \"2022-04-01T15:03:31+00:00\",\n\t            \"dateModified\": \"2022-06-01T13:12:48+00:00\",\n\t            \"description\": \"Vous voulez donner le nom de quelqu'un \u00e0 une \u00e9toile tout en lui laissant le soin de choisir l'\u00e9toile\u00a0? Commandez la carte cadeau OSR\u00a0!\",\n\t            \"breadcrumb\": {\n\t                \"@id\": \"https:\\\/\\\/osr.org\\\/fr\\\/la-carte-cadeau-osr\\\/la-carte-cadeau-osr\\\/#breadcrumb\"\n\t            },\n\t            \"inLanguage\": \"fr-FR\",\n\t            \"potentialAction\": [\n\t                {\n\t                    \"@type\": \"ReadAction\",\n\t                    \"target\": [\n\t                        \"https:\\\/\\\/osr.org\\\/fr\\\/la-carte-cadeau-osr\\\/la-carte-cadeau-osr\\\/\"\n\t                    ]\n\t                }\n\t            ]\n\t        },\n\t        {\n\t            \"@type\": \"ImageObject\",\n\t            \"inLanguage\": \"fr-FR\",\n\t            \"@id\": \"https:\\\/\\\/osr.org\\\/fr\\\/la-carte-cadeau-osr\\\/la-carte-cadeau-osr\\\/#primaryimage\",\n\t            \"url\": \"https:\\\/\\\/osr.org\\\/wp-content\\\/uploads\\\/2017\\\/10\\\/which-osr-gift-card.jpg\",\n\t            \"contentUrl\": \"https:\\\/\\\/osr.org\\\/wp-content\\\/uploads\\\/2017\\\/10\\\/which-osr-gift-card.jpg\"\n\t        },\n\t        {\n\t            \"@type\": \"BreadcrumbList\",\n\t            \"@id\": \"https:\\\/\\\/osr.org\\\/fr\\\/la-carte-cadeau-osr\\\/la-carte-cadeau-osr\\\/#breadcrumb\",\n\t            \"itemListElement\": [\n\t                {\n\t                    \"@type\": \"ListItem\",\n\t                    \"position\": 1,\n\t                    \"name\": \"Home\",\n\t                    \"item\": \"https:\\\/\\\/osr.org\\\/fr\\\/\"\n\t                },\n\t                {\n\t                    \"@type\": \"ListItem\",\n\t                    \"position\": 2,\n\t                    \"name\": \"La carte cadeau OSR\",\n\t                    \"item\": \"https:\\\/\\\/osr.org\\\/fr\\\/la-carte-cadeau-osr\\\/\"\n\t                },\n\t                {\n\t                    \"@type\": \"ListItem\",\n\t                    \"position\": 3,\n\t                    \"name\": \"La carte cadeau OSR\"\n\t                }\n\t            ]\n\t        },\n\t        {\n\t            \"@type\": \"WebSite\",\n\t            \"@id\": \"https:\\\/\\\/osr.org\\\/fr\\\/#website\",\n\t            \"url\": \"https:\\\/\\\/osr.org\\\/fr\\\/\",\n\t            \"name\": \"Online Star Register\",\n\t            \"description\": \"\",\n\t            \"potentialAction\": [\n\t                {\n\t                    \"@type\": \"SearchAction\",\n\t                    \"target\": {\n\t                        \"@type\": \"EntryPoint\",\n\t                        \"urlTemplate\": \"https:\\\/\\\/osr.org\\\/fr\\\/?s={search_term_string}\"\n\t                    },\n\t                    \"query-input\": {\n\t                        \"@type\": \"PropertyValueSpecification\",\n\t                        \"valueRequired\": true,\n\t                        \"valueName\": \"search_term_string\"\n\t                    }\n\t                }\n\t            ],\n\t            \"inLanguage\": \"fr-FR\"\n\t        }\n\t    ]\n\t}<\/script>\n<!-- \/ Yoast SEO plugin. -->","yoast_head_json":{"title":"La carte cadeau OSR - Online Star Register","description":"Vous voulez donner le nom de quelqu'un \u00e0 une \u00e9toile tout en lui laissant le soin de choisir l'\u00e9toile\u00a0? Commandez la carte cadeau OSR\u00a0!","robots":{"index":"index","follow":"follow","max-snippet":"max-snippet:-1","max-image-preview":"max-image-preview:large","max-video-preview":"max-video-preview:-1"},"canonical":"https:\/\/osr.org\/fr\/la-carte-cadeau-osr\/la-carte-cadeau-osr\/","og_locale":"fr_FR","og_type":"article","og_title":"La carte cadeau OSR - Online Star Register","og_description":"Vous voulez donner le nom de quelqu'un \u00e0 une \u00e9toile tout en lui laissant le soin de choisir l'\u00e9toile\u00a0? Commandez la carte cadeau OSR\u00a0!","og_url":"https:\/\/osr.org\/fr\/la-carte-cadeau-osr\/la-carte-cadeau-osr\/","og_site_name":"Online Star Register","article_modified_time":"2022-06-01T13:12:48+00:00","og_image":[{"url":"https:\/\/osr.org\/wp-content\/uploads\/2017\/10\/which-osr-gift-card.jpg","type":"","width":"","height":""}],"twitter_card":"summary_large_image","twitter_misc":{"Dur\u00e9e de lecture estim\u00e9e":"3 minutes"},"schema":{"@context":"https:\/\/schema.org","@graph":[{"@type":"WebPage","@id":"https:\/\/osr.org\/fr\/la-carte-cadeau-osr\/la-carte-cadeau-osr\/","url":"https:\/\/osr.org\/fr\/la-carte-cadeau-osr\/la-carte-cadeau-osr\/","name":"La carte cadeau OSR - Online Star Register","isPartOf":{"@id":"https:\/\/osr.org\/fr\/#website"},"primaryImageOfPage":{"@id":"https:\/\/osr.org\/fr\/la-carte-cadeau-osr\/la-carte-cadeau-osr\/#primaryimage"},"image":{"@id":"https:\/\/osr.org\/fr\/la-carte-cadeau-osr\/la-carte-cadeau-osr\/#primaryimage"},"thumbnailUrl":"https:\/\/osr.org\/wp-content\/uploads\/2017\/10\/which-osr-gift-card.jpg","datePublished":"2022-04-01T15:03:31+00:00","dateModified":"2022-06-01T13:12:48+00:00","description":"Vous voulez donner le nom de quelqu'un \u00e0 une \u00e9toile tout en lui laissant le soin de choisir l'\u00e9toile\u00a0? Commandez la carte cadeau OSR\u00a0!","breadcrumb":{"@id":"https:\/\/osr.org\/fr\/la-carte-cadeau-osr\/la-carte-cadeau-osr\/#breadcrumb"},"inLanguage":"fr-FR","potentialAction":[{"@type":"ReadAction","target":["https:\/\/osr.org\/fr\/la-carte-cadeau-osr\/la-carte-cadeau-osr\/"]}]},{"@type":"ImageObject","inLanguage":"fr-FR","@id":"https:\/\/osr.org\/fr\/la-carte-cadeau-osr\/la-carte-cadeau-osr\/#primaryimage","url":"https:\/\/osr.org\/wp-content\/uploads\/2017\/10\/which-osr-gift-card.jpg","contentUrl":"https:\/\/osr.org\/wp-content\/uploads\/2017\/10\/which-osr-gift-card.jpg"},{"@type":"BreadcrumbList","@id":"https:\/\/osr.org\/fr\/la-carte-cadeau-osr\/la-carte-cadeau-osr\/#breadcrumb","itemListElement":[{"@type":"ListItem","position":1,"name":"Home","item":"https:\/\/osr.org\/fr\/"},{"@type":"ListItem","position":2,"name":"La carte cadeau OSR","item":"https:\/\/osr.org\/fr\/la-carte-cadeau-osr\/"},{"@type":"ListItem","position":3,"name":"La carte cadeau OSR"}]},{"@type":"WebSite","@id":"https:\/\/osr.org\/fr\/#website","url":"https:\/\/osr.org\/fr\/","name":"Online Star Register","description":"","potentialAction":[{"@type":"SearchAction","target":{"@type":"EntryPoint","urlTemplate":"https:\/\/osr.org\/fr\/?s={search_term_string}"},"query-input":{"@type":"PropertyValueSpecification","valueRequired":true,"valueName":"search_term_string"}}],"inLanguage":"fr-FR"}]}},"_links":{"self":[{"href":"https:\/\/osr.org\/fr\/wp-json\/wp\/v2\/pages\/199541","targetHints":{"allow":["GET"]}}],"collection":[{"href":"https:\/\/osr.org\/fr\/wp-json\/wp\/v2\/pages"}],"about":[{"href":"https:\/\/osr.org\/fr\/wp-json\/wp\/v2\/types\/page"}],"author":[{"embeddable":true,"href":"https:\/\/osr.org\/fr\/wp-json\/wp\/v2\/users\/4"}],"replies":[{"embeddable":true,"href":"https:\/\/osr.org\/fr\/wp-json\/wp\/v2\/comments?post=199541"}],"version-history":[{"count":4,"href":"https:\/\/osr.org\/fr\/wp-json\/wp\/v2\/pages\/199541\/revisions"}],"predecessor-version":[{"id":199731,"href":"https:\/\/osr.org\/fr\/wp-json\/wp\/v2\/pages\/199541\/revisions\/199731"}],"up":[{"embeddable":true,"href":"https:\/\/osr.org\/fr\/wp-json\/wp\/v2\/pages\/199564"}],"wp:attachment":[{"href":"https:\/\/osr.org\/fr\/wp-json\/wp\/v2\/media?parent=199541"}],"curies":[{"name":"wp","href":"https:\/\/api.w.org\/{rel}","templated":true}]}}