{"id":520413,"date":"2026-03-02T15:36:52","date_gmt":"2026-03-02T13:36:52","guid":{"rendered":"https:\/\/osr.org\/?page_id=520413"},"modified":"2026-03-05T10:31:07","modified_gmt":"2026-03-05T08:31:07","slug":"luo-oma-tahtikuviosi","status":"publish","type":"page","link":"https:\/\/osr.org\/fi\/luo-oma-tahtikuviosi\/","title":{"rendered":"Luo oma oma t\u00e4htikuviosi"},"content":{"rendered":"","protected":false},"excerpt":{"rendered":"","protected":false},"author":53,"featured_media":0,"parent":0,"menu_order":0,"comment_status":"closed","ping_status":"closed","template":"page-custom-constellations.php","meta":{"_acf_changed":false,"inline_featured_image":false,"footnotes":""},"class_list":["post-520413","page","type-page","status-publish","hentry"],"acf":[],"yoast_head":"\nLuo oma oma t\u00e4htikuviosi | Personoi t\u00e4htilahjasi<\/title>\n<meta name=\"description\" content=\"Luo oma t\u00e4htikuviosi ja muunna tarinasi, logosi tai symbolisi ainutlaatuiseksi t\u00e4htikuvioiksi. T\u00e4ydellinen lahja perheille, ryhmille ja yrityksille.\" \/>\n<meta name=\"robots\" content=\"index, follow, max-snippet:-1, max-image-preview:large, max-video-preview:-1\" \/>\n<link rel=\"canonical\" href=\"https:\/\/osr.org\/fi\/luo-oma-tahtikuviosi\/\" \/>\n<meta property=\"og:locale\" content=\"fi_FI\" \/>\n<meta property=\"og:type\" content=\"article\" \/>\n<meta property=\"og:title\" content=\"Luo oma oma t\u00e4htikuviosi | Personoi t\u00e4htilahjasi\" \/>\n<meta property=\"og:description\" content=\"Luo oma t\u00e4htikuviosi ja muunna tarinasi, logosi tai symbolisi ainutlaatuiseksi t\u00e4htikuvioiksi. T\u00e4ydellinen lahja perheille, ryhmille ja yrityksille.\" \/>\n<meta property=\"og:url\" content=\"https:\/\/osr.org\/fi\/luo-oma-tahtikuviosi\/\" \/>\n<meta property=\"og:site_name\" content=\"Online Star Register\" \/>\n<meta property=\"article:modified_time\" content=\"2026-03-05T08:31:07+00:00\" \/>\n<meta name=\"twitter:card\" content=\"summary_large_image\" \/>\n<script type=\"application\/ld+json\" class=\"yoast-schema-graph\">{\n\t \"@context\": \"https:\\\/\\\/schema.org\",\n\t \"@graph\": [\n\t {\n\t \"@type\": \"WebPage\",\n\t \"@id\": \"https:\\\/\\\/osr.org\\\/fi\\\/luo-oma-tahtikuviosi\\\/\",\n\t \"url\": \"https:\\\/\\\/osr.org\\\/fi\\\/luo-oma-tahtikuviosi\\\/\",\n\t \"name\": \"Luo oma oma t\u00e4htikuviosi | Personoi t\u00e4htilahjasi\",\n\t \"isPartOf\": {\n\t \"@id\": \"https:\\\/\\\/osr.org\\\/fi\\\/#website\"\n\t },\n\t \"datePublished\": \"2026-03-02T13:36:52+00:00\",\n\t \"dateModified\": \"2026-03-05T08:31:07+00:00\",\n\t \"description\": \"Luo oma t\u00e4htikuviosi ja muunna tarinasi, logosi tai symbolisi ainutlaatuiseksi t\u00e4htikuvioiksi. T\u00e4ydellinen lahja perheille, ryhmille ja yrityksille.\",\n\t \"breadcrumb\": {\n\t \"@id\": \"https:\\\/\\\/osr.org\\\/fi\\\/luo-oma-tahtikuviosi\\\/#breadcrumb\"\n\t },\n\t \"inLanguage\": \"fi\",\n\t \"potentialAction\": [\n\t {\n\t \"@type\": \"ReadAction\",\n\t \"target\": [\n\t \"https:\\\/\\\/osr.org\\\/fi\\\/luo-oma-tahtikuviosi\\\/\"\n\t ]\n\t }\n\t ]\n\t },\n\t {\n\t \"@type\": \"BreadcrumbList\",\n\t \"@id\": \"https:\\\/\\\/osr.org\\\/fi\\\/luo-oma-tahtikuviosi\\\/#breadcrumb\",\n\t \"itemListElement\": [\n\t {\n\t \"@type\": \"ListItem\",\n\t \"position\": 1,\n\t \"name\": \"Home\",\n\t \"item\": \"https:\\\/\\\/osr.org\\\/fi\\\/\"\n\t },\n\t {\n\t \"@type\": \"ListItem\",\n\t \"position\": 2,\n\t \"name\": \"Luo oma oma t\u00e4htikuviosi\"\n\t }\n\t ]\n\t },\n\t {\n\t \"@type\": \"WebSite\",\n\t \"@id\": \"https:\\\/\\\/osr.org\\\/fi\\\/#website\",\n\t \"url\": \"https:\\\/\\\/osr.org\\\/fi\\\/\",\n\t \"name\": \"Online Star Register\",\n\t \"description\": \"\",\n\t \"potentialAction\": [\n\t {\n\t \"@type\": \"SearchAction\",\n\t \"target\": {\n\t \"@type\": \"EntryPoint\",\n\t \"urlTemplate\": \"https:\\\/\\\/osr.org\\\/fi\\\/?s={search_term_string}\"\n\t },\n\t \"query-input\": {\n\t \"@type\": \"PropertyValueSpecification\",\n\t \"valueRequired\": true,\n\t \"valueName\": \"search_term_string\"\n\t }\n\t }\n\t ],\n\t \"inLanguage\": \"fi\"\n\t }\n\t ]\n\t}<\/script>\n<!-- \/ Yoast SEO plugin. -->","yoast_head_json":{"title":"Luo oma oma t\u00e4htikuviosi | Personoi t\u00e4htilahjasi","description":"Luo oma t\u00e4htikuviosi ja muunna tarinasi, logosi tai symbolisi ainutlaatuiseksi t\u00e4htikuvioiksi. T\u00e4ydellinen lahja perheille, ryhmille ja yrityksille.","robots":{"index":"index","follow":"follow","max-snippet":"max-snippet:-1","max-image-preview":"max-image-preview:large","max-video-preview":"max-video-preview:-1"},"canonical":"https:\/\/osr.org\/fi\/luo-oma-tahtikuviosi\/","og_locale":"fi_FI","og_type":"article","og_title":"Luo oma oma t\u00e4htikuviosi | Personoi t\u00e4htilahjasi","og_description":"Luo oma t\u00e4htikuviosi ja muunna tarinasi, logosi tai symbolisi ainutlaatuiseksi t\u00e4htikuvioiksi. T\u00e4ydellinen lahja perheille, ryhmille ja yrityksille.","og_url":"https:\/\/osr.org\/fi\/luo-oma-tahtikuviosi\/","og_site_name":"Online Star Register","article_modified_time":"2026-03-05T08:31:07+00:00","twitter_card":"summary_large_image","schema":{"@context":"https:\/\/schema.org","@graph":[{"@type":"WebPage","@id":"https:\/\/osr.org\/fi\/luo-oma-tahtikuviosi\/","url":"https:\/\/osr.org\/fi\/luo-oma-tahtikuviosi\/","name":"Luo oma oma t\u00e4htikuviosi | Personoi t\u00e4htilahjasi","isPartOf":{"@id":"https:\/\/osr.org\/fi\/#website"},"datePublished":"2026-03-02T13:36:52+00:00","dateModified":"2026-03-05T08:31:07+00:00","description":"Luo oma t\u00e4htikuviosi ja muunna tarinasi, logosi tai symbolisi ainutlaatuiseksi t\u00e4htikuvioiksi. T\u00e4ydellinen lahja perheille, ryhmille ja yrityksille.","breadcrumb":{"@id":"https:\/\/osr.org\/fi\/luo-oma-tahtikuviosi\/#breadcrumb"},"inLanguage":"fi","potentialAction":[{"@type":"ReadAction","target":["https:\/\/osr.org\/fi\/luo-oma-tahtikuviosi\/"]}]},{"@type":"BreadcrumbList","@id":"https:\/\/osr.org\/fi\/luo-oma-tahtikuviosi\/#breadcrumb","itemListElement":[{"@type":"ListItem","position":1,"name":"Home","item":"https:\/\/osr.org\/fi\/"},{"@type":"ListItem","position":2,"name":"Luo oma oma t\u00e4htikuviosi"}]},{"@type":"WebSite","@id":"https:\/\/osr.org\/fi\/#website","url":"https:\/\/osr.org\/fi\/","name":"Online Star Register","description":"","potentialAction":[{"@type":"SearchAction","target":{"@type":"EntryPoint","urlTemplate":"https:\/\/osr.org\/fi\/?s={search_term_string}"},"query-input":{"@type":"PropertyValueSpecification","valueRequired":true,"valueName":"search_term_string"}}],"inLanguage":"fi"}]}},"_links":{"self":[{"href":"https:\/\/osr.org\/fi\/wp-json\/wp\/v2\/pages\/520413","targetHints":{"allow":["GET"]}}],"collection":[{"href":"https:\/\/osr.org\/fi\/wp-json\/wp\/v2\/pages"}],"about":[{"href":"https:\/\/osr.org\/fi\/wp-json\/wp\/v2\/types\/page"}],"author":[{"embeddable":true,"href":"https:\/\/osr.org\/fi\/wp-json\/wp\/v2\/users\/53"}],"replies":[{"embeddable":true,"href":"https:\/\/osr.org\/fi\/wp-json\/wp\/v2\/comments?post=520413"}],"version-history":[{"count":5,"href":"https:\/\/osr.org\/fi\/wp-json\/wp\/v2\/pages\/520413\/revisions"}],"predecessor-version":[{"id":520835,"href":"https:\/\/osr.org\/fi\/wp-json\/wp\/v2\/pages\/520413\/revisions\/520835"}],"wp:attachment":[{"href":"https:\/\/osr.org\/fi\/wp-json\/wp\/v2\/media?parent=520413"}],"curies":[{"name":"wp","href":"https:\/\/api.w.org\/{rel}","templated":true}]}}