{"id":3304,"date":"2015-11-17T15:34:51","date_gmt":"2015-11-17T13:34:51","guid":{"rendered":"https:\/\/osr.org\/fi\/?page_id=3304"},"modified":"2023-01-25T08:50:04","modified_gmt":"2023-01-25T06:50:04","slug":"sitemap","status":"publish","type":"page","link":"https:\/\/osr.org\/fi\/sitemap\/","title":{"rendered":"Sivukartta"},"content":{"rendered":"<ul>\n<li><a href=\"\/fi\/\"><strong>Osta T\u00e4hti<\/strong><\/a><\/li>\n<li><a href=\"\/fi\/lahja\/50-vuotissyntymapaiva\/\">50-vuotislahja<\/a><\/li>\n<li><a href=\"\/fi\/lahja\/aitienpaiva\/\">\u00c4itienp\u00e4iv\u00e4lahja<\/a><\/li>\n<li><a href=\"\/fi\/lahja\/haalahja\/\">H\u00e4\u00e4lahja<\/a><\/li>\n<li><a href=\"\/fi\/lahja\/isanpaiva\/\">Is\u00e4np\u00e4iv\u00e4lahja<\/a><\/li>\n<li><a href=\"\/fi\/lahja\/joulu\/\">Joululahja<\/a><\/li>\n<li><a href=\"\/fi\/lahja\/rakkaalle\/\">Lahja rakkaimmalle<\/a><\/li>\n<li><a href=\"\/fi\/lahja\/muisto\/\">Muistolahja<\/a><\/li>\n<li><a href=\"\/fi\/lahja\/poikavauva\/\">Pojan syntym\u00e4n lahja<\/a><\/li>\n<li><a href=\"\/fi\/lahja\/pojan-ristiaiset\/\">Risti\u00e4islahja pojalle<\/a><\/li>\n<li><a href=\"\/fi\/lahja\/tyton-ristiaiset\/\">Risti\u00e4islahja tyt\u00f6lle<\/a><\/li>\n<li><a href=\"\/fi\/lahja\/tyttovauva\/\">Tyt\u00f6n syntym\u00e4n lahja<\/a><\/li>\n<li><a href=\"\/fi\/lahja\/uusivuosi\/\">Uudenvuodenlahja<\/a><\/li>\n<li><a href=\"\/fi\/lahja\/vuosipaiva\/\">Vuosip\u00e4iv\u00e4lahja<\/a><\/li>\n<li><a href=\"\/fi\/lahja\/ystavanpaiva\/\">Yst\u00e4v\u00e4np\u00e4iv\u00e4lahja<\/a><\/li>\n<\/ul>\n","protected":false},"excerpt":{"rendered":"<p>Osta T\u00e4hti 50-vuotislahja \u00c4itienp\u00e4iv\u00e4lahja H\u00e4\u00e4lahja Is\u00e4np\u00e4iv\u00e4lahja Joululahja Lahja rakkaimmalle Muistolahja Pojan syntym\u00e4n lahja Risti\u00e4islahja pojalle Risti\u00e4islahja tyt\u00f6lle Tyt\u00f6n syntym\u00e4n lahja Uudenvuodenlahja Vuosip\u00e4iv\u00e4lahja Yst\u00e4v\u00e4np\u00e4iv\u00e4lahja<\/p>\n","protected":false},"author":4,"featured_media":0,"parent":0,"menu_order":0,"comment_status":"closed","ping_status":"closed","template":"page-about.php","meta":{"_acf_changed":false,"inline_featured_image":false,"footnotes":""},"class_list":["post-3304","page","type-page","status-publish","hentry"],"acf":[],"yoast_head":"<!-- This site is optimized with the Yoast SEO plugin v27.1.1 - https:\/\/yoast.com\/product\/yoast-seo-wordpress\/ -->\n<title>Sivukartta - Online Star Register<\/title>\n<meta name=\"robots\" content=\"index, follow, max-snippet:-1, max-image-preview:large, max-video-preview:-1\" \/>\n<link rel=\"canonical\" href=\"https:\/\/osr.org\/fi\/sitemap\/\" \/>\n<meta property=\"og:locale\" content=\"fi_FI\" \/>\n<meta property=\"og:type\" content=\"article\" \/>\n<meta property=\"og:title\" content=\"Sivukartta - Online Star Register\" \/>\n<meta property=\"og:description\" content=\"Osta T\u00e4hti 50-vuotislahja \u00c4itienp\u00e4iv\u00e4lahja H\u00e4\u00e4lahja Is\u00e4np\u00e4iv\u00e4lahja Joululahja Lahja rakkaimmalle Muistolahja Pojan syntym\u00e4n lahja Risti\u00e4islahja pojalle Risti\u00e4islahja tyt\u00f6lle Tyt\u00f6n syntym\u00e4n lahja Uudenvuodenlahja Vuosip\u00e4iv\u00e4lahja Yst\u00e4v\u00e4np\u00e4iv\u00e4lahja\" \/>\n<meta property=\"og:url\" content=\"https:\/\/osr.org\/fi\/sitemap\/\" \/>\n<meta property=\"og:site_name\" content=\"Online Star Register\" \/>\n<meta property=\"article:modified_time\" content=\"2023-01-25T06:50:04+00:00\" \/>\n<meta name=\"twitter:card\" content=\"summary_large_image\" \/>\n<meta name=\"twitter:label1\" content=\"Arvioitu lukuaika\" \/>\n\t<meta name=\"twitter:data1\" content=\"1 minuutti\" \/>\n<script type=\"application\/ld+json\" class=\"yoast-schema-graph\">{\n\t    \"@context\": \"https:\/\/schema.org\",\n\t    \"@graph\": [\n\t        {\n\t            \"@type\": \"WebPage\",\n\t            \"@id\": \"https:\/\/osr.org\/fi\/sitemap\/\",\n\t            \"url\": \"https:\/\/osr.org\/fi\/sitemap\/\",\n\t            \"name\": \"Sivukartta - Online Star Register\",\n\t            \"isPartOf\": {\n\t                \"@id\": \"https:\/\/osr.org\/fi\/#website\"\n\t            },\n\t            \"datePublished\": \"2015-11-17T13:34:51+00:00\",\n\t            \"dateModified\": \"2023-01-25T06:50:04+00:00\",\n\t            \"breadcrumb\": {\n\t                \"@id\": \"https:\/\/osr.org\/fi\/sitemap\/#breadcrumb\"\n\t            },\n\t            \"inLanguage\": \"fi\",\n\t            \"potentialAction\": [\n\t                {\n\t                    \"@type\": \"ReadAction\",\n\t                    \"target\": [\n\t                        \"https:\/\/osr.org\/fi\/sitemap\/\"\n\t                    ]\n\t                }\n\t            ]\n\t        },\n\t        {\n\t            \"@type\": \"BreadcrumbList\",\n\t            \"@id\": \"https:\/\/osr.org\/fi\/sitemap\/#breadcrumb\",\n\t            \"itemListElement\": [\n\t                {\n\t                    \"@type\": \"ListItem\",\n\t                    \"position\": 1,\n\t                    \"name\": \"Home\",\n\t                    \"item\": \"https:\/\/osr.org\/fi\/\"\n\t                },\n\t                {\n\t                    \"@type\": \"ListItem\",\n\t                    \"position\": 2,\n\t                    \"name\": \"Sivukartta\"\n\t                }\n\t            ]\n\t        },\n\t        {\n\t            \"@type\": \"WebSite\",\n\t            \"@id\": \"https:\/\/osr.org\/fi\/#website\",\n\t            \"url\": \"https:\/\/osr.org\/fi\/\",\n\t            \"name\": \"Online Star Register\",\n\t            \"description\": \"\",\n\t            \"potentialAction\": [\n\t                {\n\t                    \"@type\": \"SearchAction\",\n\t                    \"target\": {\n\t                        \"@type\": \"EntryPoint\",\n\t                        \"urlTemplate\": \"https:\/\/osr.org\/fi\/?s={search_term_string}\"\n\t                    },\n\t                    \"query-input\": {\n\t                        \"@type\": \"PropertyValueSpecification\",\n\t                        \"valueRequired\": true,\n\t                        \"valueName\": \"search_term_string\"\n\t                    }\n\t                }\n\t            ],\n\t            \"inLanguage\": \"fi\"\n\t        }\n\t    ]\n\t}<\/script>\n<!-- \/ Yoast SEO plugin. -->","yoast_head_json":{"title":"Sivukartta - Online Star Register","robots":{"index":"index","follow":"follow","max-snippet":"max-snippet:-1","max-image-preview":"max-image-preview:large","max-video-preview":"max-video-preview:-1"},"canonical":"https:\/\/osr.org\/fi\/sitemap\/","og_locale":"fi_FI","og_type":"article","og_title":"Sivukartta - Online Star Register","og_description":"Osta T\u00e4hti 50-vuotislahja \u00c4itienp\u00e4iv\u00e4lahja H\u00e4\u00e4lahja Is\u00e4np\u00e4iv\u00e4lahja Joululahja Lahja rakkaimmalle Muistolahja Pojan syntym\u00e4n lahja Risti\u00e4islahja pojalle Risti\u00e4islahja tyt\u00f6lle Tyt\u00f6n syntym\u00e4n lahja Uudenvuodenlahja Vuosip\u00e4iv\u00e4lahja Yst\u00e4v\u00e4np\u00e4iv\u00e4lahja","og_url":"https:\/\/osr.org\/fi\/sitemap\/","og_site_name":"Online Star Register","article_modified_time":"2023-01-25T06:50:04+00:00","twitter_card":"summary_large_image","twitter_misc":{"Arvioitu lukuaika":"1 minuutti"},"schema":{"@context":"https:\/\/schema.org","@graph":[{"@type":"WebPage","@id":"https:\/\/osr.org\/fi\/sitemap\/","url":"https:\/\/osr.org\/fi\/sitemap\/","name":"Sivukartta - Online Star Register","isPartOf":{"@id":"https:\/\/osr.org\/fi\/#website"},"datePublished":"2015-11-17T13:34:51+00:00","dateModified":"2023-01-25T06:50:04+00:00","breadcrumb":{"@id":"https:\/\/osr.org\/fi\/sitemap\/#breadcrumb"},"inLanguage":"fi","potentialAction":[{"@type":"ReadAction","target":["https:\/\/osr.org\/fi\/sitemap\/"]}]},{"@type":"BreadcrumbList","@id":"https:\/\/osr.org\/fi\/sitemap\/#breadcrumb","itemListElement":[{"@type":"ListItem","position":1,"name":"Home","item":"https:\/\/osr.org\/fi\/"},{"@type":"ListItem","position":2,"name":"Sivukartta"}]},{"@type":"WebSite","@id":"https:\/\/osr.org\/fi\/#website","url":"https:\/\/osr.org\/fi\/","name":"Online Star Register","description":"","potentialAction":[{"@type":"SearchAction","target":{"@type":"EntryPoint","urlTemplate":"https:\/\/osr.org\/fi\/?s={search_term_string}"},"query-input":{"@type":"PropertyValueSpecification","valueRequired":true,"valueName":"search_term_string"}}],"inLanguage":"fi"}]}},"_links":{"self":[{"href":"https:\/\/osr.org\/fi\/wp-json\/wp\/v2\/pages\/3304","targetHints":{"allow":["GET"]}}],"collection":[{"href":"https:\/\/osr.org\/fi\/wp-json\/wp\/v2\/pages"}],"about":[{"href":"https:\/\/osr.org\/fi\/wp-json\/wp\/v2\/types\/page"}],"author":[{"embeddable":true,"href":"https:\/\/osr.org\/fi\/wp-json\/wp\/v2\/users\/4"}],"replies":[{"embeddable":true,"href":"https:\/\/osr.org\/fi\/wp-json\/wp\/v2\/comments?post=3304"}],"version-history":[{"count":4,"href":"https:\/\/osr.org\/fi\/wp-json\/wp\/v2\/pages\/3304\/revisions"}],"predecessor-version":[{"id":225387,"href":"https:\/\/osr.org\/fi\/wp-json\/wp\/v2\/pages\/3304\/revisions\/225387"}],"wp:attachment":[{"href":"https:\/\/osr.org\/fi\/wp-json\/wp\/v2\/media?parent=3304"}],"curies":[{"name":"wp","href":"https:\/\/api.w.org\/{rel}","templated":true}]}}