{"id":2893,"date":"2015-11-17T14:43:47","date_gmt":"2015-11-17T12:43:47","guid":{"rendered":"https:\/\/osr.org\/fi\/?page_id=2893"},"modified":"2017-10-19T12:28:51","modified_gmt":"2017-10-19T10:28:51","slug":"osr","status":"publish","type":"page","link":"https:\/\/osr.org\/fi\/osr\/","title":{"rendered":"Online Star Register"},"content":{"rendered":"<h1>Koe Online Star Register 3D-el\u00e4mys verkkoselaimellasi!<\/h1>\n<p>T\u00e4hdet, jotka on <a href=\"\/fi\/\">nimetty Online Star Registeriss\u00e4<\/a> ovat nyt n\u00e4kyviss\u00e4 ainutlaatuisessa <strong>One Million Stars<\/strong> -selainsovelluksessa! Ole hyv\u00e4 ja ota huomioon:<\/p>\n<ol>\n<li>One Million Stars k\u00e4ytt\u00e4\u00e4 HD-grafiikkaa, joten varmista, ett\u00e4 katselet sit\u00e4 laitteella jossa on ajantasalla olevat suorituskykyiset n\u00e4yt\u00f6nohjaimet.<\/li>\n<li>Sinun tulisi k\u00e4ytt\u00e4\u00e4 Google Chrome, tai muuta selainta, jossa on <a href=\"https:\/\/get.webgl.org\/\" target=\"_blank\">WebGL-tuki<\/a>.<\/li>\n<li>Katselet todellisia t\u00e4htikoordinaatteja! Ole hyv\u00e4 ja odota hetki, kun lis\u00e4\u00e4mme t\u00e4hdet ja luomme galaksin uudelleen selaimeesi.<\/li>\n<li>Etsi\u00e4ksesi t\u00e4hte\u00e4 vanhasta rekisterist\u00e4, ole hyv\u00e4 ja selaa alasp\u00e4in.<\/li>\n<\/ol>\n","protected":false},"excerpt":{"rendered":"<p>Koe Online Star Register 3D-el\u00e4mys verkkoselaimellasi! T\u00e4hdet, jotka on nimetty Online Star Registeriss\u00e4 ovat nyt n\u00e4kyviss\u00e4 ainutlaatuisessa One Million Stars -selainsovelluksessa! Ole hyv\u00e4 ja ota huomioon: One Million Stars k\u00e4ytt\u00e4\u00e4 HD-grafiikkaa, joten varmista, ett\u00e4 katselet sit\u00e4 laitteella jossa on ajantasalla olevat suorituskykyiset n\u00e4yt\u00f6nohjaimet. Sinun tulisi k\u00e4ytt\u00e4\u00e4 Google Chrome, tai muuta selainta, jossa on WebGL-tuki. Katselet [&hellip;]<\/p>\n","protected":false},"author":4,"featured_media":0,"parent":0,"menu_order":0,"comment_status":"closed","ping_status":"closed","template":"page-register-fallback.php","meta":{"_acf_changed":false,"inline_featured_image":false,"footnotes":""},"class_list":["post-2893","page","type-page","status-publish","hentry"],"acf":[],"yoast_head":"<!-- This site is optimized with the Yoast SEO plugin v27.3 - https:\/\/yoast.com\/product\/yoast-seo-wordpress\/ -->\n<title>Katsele t\u00e4hte\u00e4si Online Star Registeriss\u00e4!<\/title>\n<meta name=\"description\" content=\"T\u00e4hdet, jotka on nimetty Online Star Registeriss\u00e4, ovat nyt n\u00e4ht\u00e4viss\u00e4 my\u00f6s ainutlaatuisessa One Million Stars -selainsovelluksessa!\" \/>\n<meta name=\"robots\" content=\"noindex, nofollow\" \/>\n<meta property=\"og:locale\" content=\"fi_FI\" \/>\n<meta property=\"og:type\" content=\"article\" \/>\n<meta property=\"og:title\" content=\"Katsele t\u00e4hte\u00e4si Online Star Registeriss\u00e4!\" \/>\n<meta property=\"og:description\" content=\"T\u00e4hdet, jotka on nimetty Online Star Registeriss\u00e4, ovat nyt n\u00e4ht\u00e4viss\u00e4 my\u00f6s ainutlaatuisessa One Million Stars -selainsovelluksessa!\" \/>\n<meta property=\"og:url\" content=\"https:\/\/osr.org\/fi\/osr\/\" \/>\n<meta property=\"og:site_name\" content=\"Online Star Register\" \/>\n<meta property=\"article:modified_time\" content=\"2017-10-19T10:28:51+00:00\" \/>\n<meta name=\"twitter:card\" content=\"summary_large_image\" \/>\n<script type=\"application\/ld+json\" class=\"yoast-schema-graph\">{\n\t    \"@context\": \"https:\\\/\\\/schema.org\",\n\t    \"@graph\": [\n\t        {\n\t            \"@type\": \"WebPage\",\n\t            \"@id\": \"https:\\\/\\\/osr.org\\\/fi\\\/osr\\\/\",\n\t            \"url\": \"https:\\\/\\\/osr.org\\\/fi\\\/osr\\\/\",\n\t            \"name\": \"Katsele t\u00e4hte\u00e4si Online Star Registeriss\u00e4!\",\n\t            \"isPartOf\": {\n\t                \"@id\": \"https:\\\/\\\/osr.org\\\/fi\\\/#website\"\n\t            },\n\t            \"datePublished\": \"2015-11-17T12:43:47+00:00\",\n\t            \"dateModified\": \"2017-10-19T10:28:51+00:00\",\n\t            \"description\": \"T\u00e4hdet, jotka on nimetty Online Star Registeriss\u00e4, ovat nyt n\u00e4ht\u00e4viss\u00e4 my\u00f6s ainutlaatuisessa One Million Stars -selainsovelluksessa!\",\n\t            \"breadcrumb\": {\n\t                \"@id\": \"https:\\\/\\\/osr.org\\\/fi\\\/osr\\\/#breadcrumb\"\n\t            },\n\t            \"inLanguage\": \"fi\",\n\t            \"potentialAction\": [\n\t                {\n\t                    \"@type\": \"ReadAction\",\n\t                    \"target\": [\n\t                        \"https:\\\/\\\/osr.org\\\/fi\\\/osr\\\/\"\n\t                    ]\n\t                }\n\t            ]\n\t        },\n\t        {\n\t            \"@type\": \"BreadcrumbList\",\n\t            \"@id\": \"https:\\\/\\\/osr.org\\\/fi\\\/osr\\\/#breadcrumb\",\n\t            \"itemListElement\": [\n\t                {\n\t                    \"@type\": \"ListItem\",\n\t                    \"position\": 1,\n\t                    \"name\": \"Home\",\n\t                    \"item\": \"https:\\\/\\\/osr.org\\\/fi\\\/\"\n\t                },\n\t                {\n\t                    \"@type\": \"ListItem\",\n\t                    \"position\": 2,\n\t                    \"name\": \"Online Star Register\"\n\t                }\n\t            ]\n\t        },\n\t        {\n\t            \"@type\": \"WebSite\",\n\t            \"@id\": \"https:\\\/\\\/osr.org\\\/fi\\\/#website\",\n\t            \"url\": \"https:\\\/\\\/osr.org\\\/fi\\\/\",\n\t            \"name\": \"Online Star Register\",\n\t            \"description\": \"\",\n\t            \"potentialAction\": [\n\t                {\n\t                    \"@type\": \"SearchAction\",\n\t                    \"target\": {\n\t                        \"@type\": \"EntryPoint\",\n\t                        \"urlTemplate\": \"https:\\\/\\\/osr.org\\\/fi\\\/?s={search_term_string}\"\n\t                    },\n\t                    \"query-input\": {\n\t                        \"@type\": \"PropertyValueSpecification\",\n\t                        \"valueRequired\": true,\n\t                        \"valueName\": \"search_term_string\"\n\t                    }\n\t                }\n\t            ],\n\t            \"inLanguage\": \"fi\"\n\t        }\n\t    ]\n\t}<\/script>\n<!-- \/ Yoast SEO plugin. -->","yoast_head_json":{"title":"Katsele t\u00e4hte\u00e4si Online Star Registeriss\u00e4!","description":"T\u00e4hdet, jotka on nimetty Online Star Registeriss\u00e4, ovat nyt n\u00e4ht\u00e4viss\u00e4 my\u00f6s ainutlaatuisessa One Million Stars -selainsovelluksessa!","robots":{"index":"noindex","follow":"nofollow"},"og_locale":"fi_FI","og_type":"article","og_title":"Katsele t\u00e4hte\u00e4si Online Star Registeriss\u00e4!","og_description":"T\u00e4hdet, jotka on nimetty Online Star Registeriss\u00e4, ovat nyt n\u00e4ht\u00e4viss\u00e4 my\u00f6s ainutlaatuisessa One Million Stars -selainsovelluksessa!","og_url":"https:\/\/osr.org\/fi\/osr\/","og_site_name":"Online Star Register","article_modified_time":"2017-10-19T10:28:51+00:00","twitter_card":"summary_large_image","schema":{"@context":"https:\/\/schema.org","@graph":[{"@type":"WebPage","@id":"https:\/\/osr.org\/fi\/osr\/","url":"https:\/\/osr.org\/fi\/osr\/","name":"Katsele t\u00e4hte\u00e4si Online Star Registeriss\u00e4!","isPartOf":{"@id":"https:\/\/osr.org\/fi\/#website"},"datePublished":"2015-11-17T12:43:47+00:00","dateModified":"2017-10-19T10:28:51+00:00","description":"T\u00e4hdet, jotka on nimetty Online Star Registeriss\u00e4, ovat nyt n\u00e4ht\u00e4viss\u00e4 my\u00f6s ainutlaatuisessa One Million Stars -selainsovelluksessa!","breadcrumb":{"@id":"https:\/\/osr.org\/fi\/osr\/#breadcrumb"},"inLanguage":"fi","potentialAction":[{"@type":"ReadAction","target":["https:\/\/osr.org\/fi\/osr\/"]}]},{"@type":"BreadcrumbList","@id":"https:\/\/osr.org\/fi\/osr\/#breadcrumb","itemListElement":[{"@type":"ListItem","position":1,"name":"Home","item":"https:\/\/osr.org\/fi\/"},{"@type":"ListItem","position":2,"name":"Online Star Register"}]},{"@type":"WebSite","@id":"https:\/\/osr.org\/fi\/#website","url":"https:\/\/osr.org\/fi\/","name":"Online Star Register","description":"","potentialAction":[{"@type":"SearchAction","target":{"@type":"EntryPoint","urlTemplate":"https:\/\/osr.org\/fi\/?s={search_term_string}"},"query-input":{"@type":"PropertyValueSpecification","valueRequired":true,"valueName":"search_term_string"}}],"inLanguage":"fi"}]}},"_links":{"self":[{"href":"https:\/\/osr.org\/fi\/wp-json\/wp\/v2\/pages\/2893","targetHints":{"allow":["GET"]}}],"collection":[{"href":"https:\/\/osr.org\/fi\/wp-json\/wp\/v2\/pages"}],"about":[{"href":"https:\/\/osr.org\/fi\/wp-json\/wp\/v2\/types\/page"}],"author":[{"embeddable":true,"href":"https:\/\/osr.org\/fi\/wp-json\/wp\/v2\/users\/4"}],"replies":[{"embeddable":true,"href":"https:\/\/osr.org\/fi\/wp-json\/wp\/v2\/comments?post=2893"}],"version-history":[{"count":7,"href":"https:\/\/osr.org\/fi\/wp-json\/wp\/v2\/pages\/2893\/revisions"}],"predecessor-version":[{"id":44465,"href":"https:\/\/osr.org\/fi\/wp-json\/wp\/v2\/pages\/2893\/revisions\/44465"}],"wp:attachment":[{"href":"https:\/\/osr.org\/fi\/wp-json\/wp\/v2\/media?parent=2893"}],"curies":[{"name":"wp","href":"https:\/\/api.w.org\/{rel}","templated":true}]}}