{"id":2658,"date":"2015-11-17T00:39:03","date_gmt":"2015-11-16T22:39:03","guid":{"rendered":"https:\/\/osr.org\/fi\/?page_id=2658"},"modified":"2021-05-03T14:47:21","modified_gmt":"2021-05-03T12:47:21","slug":"paikallistaminen","status":"publish","type":"page","link":"https:\/\/osr.org\/fi\/paikallistaminen\/","title":{"rendered":"Kuinka paikallistan t\u00e4hden?"},"content":{"rendered":"<p><strong>On olemassa monta tapaa paikallistaa t\u00e4hti T\u00e4htikartan k\u00e4ytt\u00e4misen lis\u00e4ksi. OSR auttaa sinua l\u00f6yt\u00e4m\u00e4\u00e4n t\u00e4hdet tarjoamalla k\u00e4ytt\u00f6\u00f6si sovelluksia ja ty\u00f6kaluja, kuten OSR Star Finder -mobiilisovelluksen ja One Million Stars -selainsovelluksemme.<\/strong><\/p>\n<div class=\"container-lazyload preview-lazyload container-youtube js-lazyload--not-loaded\"><a href=\"https:\/\/youtu.be\/fFTBc_UOAU8\" class=\"lazy-load-youtube preview-lazyload preview-youtube\" data-video-title=\"Kuinka l\u00f6yd\u00e4t t\u00e4htesi\" title=\"Play video &quot;Kuinka l\u00f6yd\u00e4t t\u00e4htesi&quot;\">https:\/\/youtu.be\/fFTBc_UOAU8<\/a><noscript>Video can&#8217;t be loaded because JavaScript is disabled: <a href=\"https:\/\/youtu.be\/fFTBc_UOAU8\" title=\"Kuinka l\u00f6yd\u00e4t t\u00e4htesi\">Kuinka l\u00f6yd\u00e4t t\u00e4htesi (https:\/\/youtu.be\/fFTBc_UOAU8)<\/a><\/noscript><\/div>\n<p><span class=\"blue-box\">T\u00e4ss\u00e4 artikkelissa n\u00e4yt\u00e4mme sinulle kuinka voit l\u00f6yt\u00e4\u00e4 t\u00e4hden nimelt\u00e4 <strong>One Million Stars<\/strong> k\u00e4ytt\u00e4m\u00e4ll\u00e4 useita sovelluksia. T\u00e4m\u00e4n esimerkkit\u00e4hden koordinaatit ovat <strong>RA 13h03m33.35 -49\u00b031&#8217;38.1&#8221; dec 4.83 mag Cen<\/strong>.<\/span><\/p>\n<h3>Koordinaateista<\/h3>\n<ul>\n<li><strong>RA<\/strong> on lyhennys rektaskensiosta (Right Ascension) ja dec on lyhennys deklinaatiosta. Ne ovat samankaltaisia kuin pituus- ja leveyspiiri, mutta ne vastaavat koordinaatteja taivaalla.<\/li>\n<li><strong>Mag<\/strong> ilmaisee t\u00e4hden kirkkautta (magnitude). Paljaalla silm\u00e4ll\u00e4 n\u00e4ht\u00e4vien t\u00e4htien kirkkaus rajoittuu suuruusluokkaan 6.5. Kiikarilla voi n\u00e4hd\u00e4 10 suuruisia kirkkauksia. Sen suurempia kirkkauksia n\u00e4hd\u00e4ksesi suositellaan k\u00e4ytt\u00e4m\u00e4\u00e4n kaukoputkea.<\/li>\n<li><strong>Cen<\/strong>, tarkoittaa t\u00e4ss\u00e4 tapauksessa Kentauri-t\u00e4hdist\u00f6\u00e4, joka on yksi 88 taivaalta l\u00f6ytyvist\u00e4 t\u00e4hdist\u00f6ist\u00e4. T\u00e4hdist\u00f6n tunnistaminen tekee t\u00e4htesi paikallistamisen helpommaksi.<\/li>\n<\/ul>\n<h3>OSR Star Finder -sovellus<\/h3>\n<p>T\u00e4hden l\u00f6yt\u00e4minen y\u00f6taivaalta on tehty helpoksi <a href=\"\/fi\/blog\/osr-fi\/star-finder-sovellus\/\">OSR Star Finder -sovelluksella<\/a>. K\u00e4yt\u00e4 OSR-koodia t\u00e4hden l\u00f6yt\u00e4miseen, sitten osoita puhelimellasi taivaalle paikallistaaksesi se. Jos t\u00e4hti ei ole n\u00e4kyviss\u00e4, koska et ole oikealla pallonpuoliskolla, sovellus kertoo milloin t\u00e4hti on seuraavan kerran n\u00e4kyviss\u00e4. Sovellus kertoo my\u00f6s paikat joissa t\u00e4hti on parhaillaan n\u00e4kyviss\u00e4.<\/p>\n<h3>Google Earth<\/h3>\n<p>Paikallistaaksesi t\u00e4htesi ilmaisella Google Earth -versiolla, k\u00e4yt\u00e4 yksinkertaisesti seuraavia askeleita:<\/p>\n<ol>\n<li><a href=\"https:\/\/www.google.com\/intl\/fi\/earth\/about\/download\/gep\/agree.html\" target=\"_blank\" rel=\"noopener noreferrer\">Lataa ja asenna ohjelmisto<\/a><\/li>\n<li>Valitse yl\u00e4palkista planeetta-kuvake ja alaspudotusvalikosta taivas (Sky)<\/li>\n<li>Laita vasemmalla olevaan hakukentt\u00e4\u00e4n koordinaatit muodossa 13:03:33.35 -49:31:38.1. T\u00e4m\u00e4 on per\u00e4isin koodinaateista RA 13h03m33.35 -49\u00b031&#8217;38.1&#8221; dec 4.83 mag Cen<\/li>\n<\/ol>\n<p>Lis\u00e4ksi, voit l\u00f6yt\u00e4\u00e4 t\u00e4htesi vierailemalla <a href=\"\/fi\/blog\/osr-fi\/tahti-sivu\/\">OSR T\u00e4htisivulla<\/a>. T\u00e4ss\u00e4 on esimerkki <a href=\"https:\/\/stars.osr.org\/one-million-stars\" target=\"_blank\" rel=\"noopener noreferrer\">T\u00e4htisivusta<\/a>.<\/p>\n<h3>Online Star Registerist\u00e4 ja One Million Stars -sovelluksesta<\/h3>\n<p>Voit katsella t\u00e4hte\u00e4 Online Star Registeriss\u00e4, vierailemalla <a href=\"\/fi\/osr\/\">One Million Stars -projektissa<\/a>. K\u00e4yt\u00e4 OSR-koodia lent\u00e4\u00e4ksesi t\u00e4htesi luo. <a href=\"https:\/\/osr.org\/oms\/fi\/LPR805246\" target=\"_blank\" rel=\"noopener noreferrer\">T\u00e4\u00e4ll\u00e4 voit n\u00e4hd\u00e4 yhden n\u00e4ist\u00e4 t\u00e4hdist\u00e4 l\u00e4helt\u00e4<\/a>.<\/p>\n<p>Haluatko saada p\u00e4ivityksi\u00e4 viimeisimmist\u00e4 vaihtoehdoista katsella t\u00e4hte\u00e4si? <a href=\"#popup\">Ole hyv\u00e4 ja tilaa uutiskirjeemme saadaksesi viimeisimm\u00e4t p\u00e4ivitykset<\/a>!<\/p>\n","protected":false},"excerpt":{"rendered":"<p>On olemassa monta tapaa paikallistaa t\u00e4hti T\u00e4htikartan k\u00e4ytt\u00e4misen lis\u00e4ksi. OSR auttaa sinua l\u00f6yt\u00e4m\u00e4\u00e4n t\u00e4hdet tarjoamalla k\u00e4ytt\u00f6\u00f6si sovelluksia ja ty\u00f6kaluja, kuten OSR Star Finder -mobiilisovelluksen ja One Million Stars -selainsovelluksemme. https:\/\/youtu.be\/fFTBc_UOAU8Video can&#8217;t be loaded because JavaScript is disabled: Kuinka l\u00f6yd\u00e4t t\u00e4htesi (https:\/\/youtu.be\/fFTBc_UOAU8) T\u00e4ss\u00e4 artikkelissa n\u00e4yt\u00e4mme sinulle kuinka voit l\u00f6yt\u00e4\u00e4 t\u00e4hden nimelt\u00e4 One Million Stars k\u00e4ytt\u00e4m\u00e4ll\u00e4 useita [&hellip;]<\/p>\n","protected":false},"author":4,"featured_media":0,"parent":0,"menu_order":0,"comment_status":"closed","ping_status":"closed","template":"page-about.php","meta":{"_acf_changed":false,"inline_featured_image":false,"footnotes":""},"class_list":["post-2658","page","type-page","status-publish","hentry"],"acf":[],"yoast_head":"<!-- This site is optimized with the Yoast SEO plugin v27.3 - https:\/\/yoast.com\/product\/yoast-seo-wordpress\/ -->\n<title>Kuinka paikallistan t\u00e4hden? - Online Star Register<\/title>\n<meta name=\"description\" content=\"Opi paikallistamaan t\u00e4hti taivaalta OSR-sovelluksilla ja ty\u00f6kaluilla, joihin kuuluvat T\u00e4htikartta, Star Finder- ja One Million Stars -sovellukset.\" \/>\n<meta name=\"robots\" content=\"index, follow, max-snippet:-1, max-image-preview:large, max-video-preview:-1\" \/>\n<link rel=\"canonical\" href=\"https:\/\/osr.org\/fi\/paikallistaminen\/\" \/>\n<meta property=\"og:locale\" content=\"fi_FI\" \/>\n<meta property=\"og:type\" content=\"article\" \/>\n<meta property=\"og:title\" content=\"Kuinka paikallistan t\u00e4hden? - Online Star Register\" \/>\n<meta property=\"og:description\" content=\"Opi paikallistamaan t\u00e4hti taivaalta OSR-sovelluksilla ja ty\u00f6kaluilla, joihin kuuluvat T\u00e4htikartta, Star Finder- ja One Million Stars -sovellukset.\" \/>\n<meta property=\"og:url\" content=\"https:\/\/osr.org\/fi\/paikallistaminen\/\" \/>\n<meta property=\"og:site_name\" content=\"Online Star Register\" \/>\n<meta property=\"article:modified_time\" content=\"2021-05-03T12:47:21+00:00\" \/>\n<meta name=\"twitter:card\" content=\"summary_large_image\" \/>\n<meta name=\"twitter:label1\" content=\"Arvioitu lukuaika\" \/>\n\t<meta name=\"twitter:data1\" content=\"2 minuuttia\" \/>\n<script type=\"application\/ld+json\" class=\"yoast-schema-graph\">{\n\t    \"@context\": \"https:\\\/\\\/schema.org\",\n\t    \"@graph\": [\n\t        {\n\t            \"@type\": \"WebPage\",\n\t            \"@id\": \"https:\\\/\\\/osr.org\\\/fi\\\/paikallistaminen\\\/\",\n\t            \"url\": \"https:\\\/\\\/osr.org\\\/fi\\\/paikallistaminen\\\/\",\n\t            \"name\": \"Kuinka paikallistan t\u00e4hden? - Online Star Register\",\n\t            \"isPartOf\": {\n\t                \"@id\": \"https:\\\/\\\/osr.org\\\/fi\\\/#website\"\n\t            },\n\t            \"datePublished\": \"2015-11-16T22:39:03+00:00\",\n\t            \"dateModified\": \"2021-05-03T12:47:21+00:00\",\n\t            \"description\": \"Opi paikallistamaan t\u00e4hti taivaalta OSR-sovelluksilla ja ty\u00f6kaluilla, joihin kuuluvat T\u00e4htikartta, Star Finder- ja One Million Stars -sovellukset.\",\n\t            \"breadcrumb\": {\n\t                \"@id\": \"https:\\\/\\\/osr.org\\\/fi\\\/paikallistaminen\\\/#breadcrumb\"\n\t            },\n\t            \"inLanguage\": \"fi\",\n\t            \"potentialAction\": [\n\t                {\n\t                    \"@type\": \"ReadAction\",\n\t                    \"target\": [\n\t                        \"https:\\\/\\\/osr.org\\\/fi\\\/paikallistaminen\\\/\"\n\t                    ]\n\t                }\n\t            ]\n\t        },\n\t        {\n\t            \"@type\": \"BreadcrumbList\",\n\t            \"@id\": \"https:\\\/\\\/osr.org\\\/fi\\\/paikallistaminen\\\/#breadcrumb\",\n\t            \"itemListElement\": [\n\t                {\n\t                    \"@type\": \"ListItem\",\n\t                    \"position\": 1,\n\t                    \"name\": \"Home\",\n\t                    \"item\": \"https:\\\/\\\/osr.org\\\/fi\\\/\"\n\t                },\n\t                {\n\t                    \"@type\": \"ListItem\",\n\t                    \"position\": 2,\n\t                    \"name\": \"Kuinka paikallistan t\u00e4hden?\"\n\t                }\n\t            ]\n\t        },\n\t        {\n\t            \"@type\": \"WebSite\",\n\t            \"@id\": \"https:\\\/\\\/osr.org\\\/fi\\\/#website\",\n\t            \"url\": \"https:\\\/\\\/osr.org\\\/fi\\\/\",\n\t            \"name\": \"Online Star Register\",\n\t            \"description\": \"\",\n\t            \"potentialAction\": [\n\t                {\n\t                    \"@type\": \"SearchAction\",\n\t                    \"target\": {\n\t                        \"@type\": \"EntryPoint\",\n\t                        \"urlTemplate\": \"https:\\\/\\\/osr.org\\\/fi\\\/?s={search_term_string}\"\n\t                    },\n\t                    \"query-input\": {\n\t                        \"@type\": \"PropertyValueSpecification\",\n\t                        \"valueRequired\": true,\n\t                        \"valueName\": \"search_term_string\"\n\t                    }\n\t                }\n\t            ],\n\t            \"inLanguage\": \"fi\"\n\t        }\n\t    ]\n\t}<\/script>\n<!-- \/ Yoast SEO plugin. -->","yoast_head_json":{"title":"Kuinka paikallistan t\u00e4hden? - Online Star Register","description":"Opi paikallistamaan t\u00e4hti taivaalta OSR-sovelluksilla ja ty\u00f6kaluilla, joihin kuuluvat T\u00e4htikartta, Star Finder- ja One Million Stars -sovellukset.","robots":{"index":"index","follow":"follow","max-snippet":"max-snippet:-1","max-image-preview":"max-image-preview:large","max-video-preview":"max-video-preview:-1"},"canonical":"https:\/\/osr.org\/fi\/paikallistaminen\/","og_locale":"fi_FI","og_type":"article","og_title":"Kuinka paikallistan t\u00e4hden? - Online Star Register","og_description":"Opi paikallistamaan t\u00e4hti taivaalta OSR-sovelluksilla ja ty\u00f6kaluilla, joihin kuuluvat T\u00e4htikartta, Star Finder- ja One Million Stars -sovellukset.","og_url":"https:\/\/osr.org\/fi\/paikallistaminen\/","og_site_name":"Online Star Register","article_modified_time":"2021-05-03T12:47:21+00:00","twitter_card":"summary_large_image","twitter_misc":{"Arvioitu lukuaika":"2 minuuttia"},"schema":{"@context":"https:\/\/schema.org","@graph":[{"@type":"WebPage","@id":"https:\/\/osr.org\/fi\/paikallistaminen\/","url":"https:\/\/osr.org\/fi\/paikallistaminen\/","name":"Kuinka paikallistan t\u00e4hden? - Online Star Register","isPartOf":{"@id":"https:\/\/osr.org\/fi\/#website"},"datePublished":"2015-11-16T22:39:03+00:00","dateModified":"2021-05-03T12:47:21+00:00","description":"Opi paikallistamaan t\u00e4hti taivaalta OSR-sovelluksilla ja ty\u00f6kaluilla, joihin kuuluvat T\u00e4htikartta, Star Finder- ja One Million Stars -sovellukset.","breadcrumb":{"@id":"https:\/\/osr.org\/fi\/paikallistaminen\/#breadcrumb"},"inLanguage":"fi","potentialAction":[{"@type":"ReadAction","target":["https:\/\/osr.org\/fi\/paikallistaminen\/"]}]},{"@type":"BreadcrumbList","@id":"https:\/\/osr.org\/fi\/paikallistaminen\/#breadcrumb","itemListElement":[{"@type":"ListItem","position":1,"name":"Home","item":"https:\/\/osr.org\/fi\/"},{"@type":"ListItem","position":2,"name":"Kuinka paikallistan t\u00e4hden?"}]},{"@type":"WebSite","@id":"https:\/\/osr.org\/fi\/#website","url":"https:\/\/osr.org\/fi\/","name":"Online Star Register","description":"","potentialAction":[{"@type":"SearchAction","target":{"@type":"EntryPoint","urlTemplate":"https:\/\/osr.org\/fi\/?s={search_term_string}"},"query-input":{"@type":"PropertyValueSpecification","valueRequired":true,"valueName":"search_term_string"}}],"inLanguage":"fi"}]}},"_links":{"self":[{"href":"https:\/\/osr.org\/fi\/wp-json\/wp\/v2\/pages\/2658","targetHints":{"allow":["GET"]}}],"collection":[{"href":"https:\/\/osr.org\/fi\/wp-json\/wp\/v2\/pages"}],"about":[{"href":"https:\/\/osr.org\/fi\/wp-json\/wp\/v2\/types\/page"}],"author":[{"embeddable":true,"href":"https:\/\/osr.org\/fi\/wp-json\/wp\/v2\/users\/4"}],"replies":[{"embeddable":true,"href":"https:\/\/osr.org\/fi\/wp-json\/wp\/v2\/comments?post=2658"}],"version-history":[{"count":6,"href":"https:\/\/osr.org\/fi\/wp-json\/wp\/v2\/pages\/2658\/revisions"}],"predecessor-version":[{"id":453286,"href":"https:\/\/osr.org\/fi\/wp-json\/wp\/v2\/pages\/2658\/revisions\/453286"}],"wp:attachment":[{"href":"https:\/\/osr.org\/fi\/wp-json\/wp\/v2\/media?parent=2658"}],"curies":[{"name":"wp","href":"https:\/\/api.w.org\/{rel}","templated":true}]}}