{"id":2522,"date":"2015-11-17T00:19:12","date_gmt":"2015-11-16T22:19:12","guid":{"rendered":"https:\/\/osr.org\/fi\/?page_id=2522"},"modified":"2026-03-16T18:05:08","modified_gmt":"2026-03-16T16:05:08","slug":"usein-kysytyt-kysymykset","status":"publish","type":"page","link":"https:\/\/osr.org\/fi\/usein-kysytyt-kysymykset\/","title":{"rendered":"Usein kysytyt kysymykset"},"content":{"rendered":"<p>Alla on vastattu usein kysyttyihin kysymyksiin, joita Online Star Registerin asiakkaat ovat kysyneet. Jos et l\u00f6yd\u00e4 alta vastausta kysymykseesi, \u00e4l\u00e4 ep\u00e4r\u00f6i ottaa <a href=\"https:\/\/osr.org\/fi\/ota-meihin-yhteytta\/\">meihin yhteytt\u00e4<\/a>.<\/p>\n","protected":false},"excerpt":{"rendered":"<p>Alla on vastattu usein kysyttyihin kysymyksiin, joita Online Star Registerin asiakkaat ovat kysyneet. Jos et l\u00f6yd\u00e4 alta vastausta kysymykseesi, \u00e4l\u00e4 ep\u00e4r\u00f6i ottaa meihin yhteytt\u00e4.<\/p>\n","protected":false},"author":4,"featured_media":0,"parent":0,"menu_order":0,"comment_status":"closed","ping_status":"closed","template":"page-faq.php","meta":{"_acf_changed":false,"inline_featured_image":false,"footnotes":""},"class_list":["post-2522","page","type-page","status-publish","hentry"],"acf":[],"yoast_head":"<!-- This site is optimized with the Yoast SEO plugin v27.3 - https:\/\/yoast.com\/product\/yoast-seo-wordpress\/ -->\n<title>Usein kysytyt kysymykset - Online Star Register<\/title>\n<meta name=\"description\" content=\"Katso vastauksia usein kysyttyihin kysymyksiin. Selvit\u00e4 kuinka tarkistat tilauksesti tilan, teet useita tilauksia, katsot t\u00e4hte\u00e4si ja paljon muuta.\" \/>\n<meta name=\"robots\" content=\"index, follow, max-snippet:-1, max-image-preview:large, max-video-preview:-1\" \/>\n<link rel=\"canonical\" href=\"https:\/\/osr.org\/fi\/usein-kysytyt-kysymykset\/\" \/>\n<meta property=\"og:locale\" content=\"fi_FI\" \/>\n<meta property=\"og:type\" content=\"article\" \/>\n<meta property=\"og:title\" content=\"Usein kysytyt kysymykset - Online Star Register\" \/>\n<meta property=\"og:description\" content=\"Katso vastauksia usein kysyttyihin kysymyksiin. Selvit\u00e4 kuinka tarkistat tilauksesti tilan, teet useita tilauksia, katsot t\u00e4hte\u00e4si ja paljon muuta.\" \/>\n<meta property=\"og:url\" content=\"https:\/\/osr.org\/fi\/usein-kysytyt-kysymykset\/\" \/>\n<meta property=\"og:site_name\" content=\"Online Star Register\" \/>\n<meta property=\"article:modified_time\" content=\"2026-03-16T16:05:08+00:00\" \/>\n<meta name=\"twitter:card\" content=\"summary_large_image\" \/>\n<meta name=\"twitter:label1\" content=\"Arvioitu lukuaika\" \/>\n\t<meta name=\"twitter:data1\" content=\"1 minuutti\" \/>\n<script type=\"application\/ld+json\" class=\"yoast-schema-graph\">{\n\t    \"@context\": \"https:\\\/\\\/schema.org\",\n\t    \"@graph\": [\n\t        {\n\t            \"@type\": \"WebPage\",\n\t            \"@id\": \"https:\\\/\\\/osr.org\\\/fi\\\/usein-kysytyt-kysymykset\\\/\",\n\t            \"url\": \"https:\\\/\\\/osr.org\\\/fi\\\/usein-kysytyt-kysymykset\\\/\",\n\t            \"name\": \"Usein kysytyt kysymykset - Online Star Register\",\n\t            \"isPartOf\": {\n\t                \"@id\": \"https:\\\/\\\/osr.org\\\/fi\\\/#website\"\n\t            },\n\t            \"datePublished\": \"2015-11-16T22:19:12+00:00\",\n\t            \"dateModified\": \"2026-03-16T16:05:08+00:00\",\n\t            \"description\": \"Katso vastauksia usein kysyttyihin kysymyksiin. Selvit\u00e4 kuinka tarkistat tilauksesti tilan, teet useita tilauksia, katsot t\u00e4hte\u00e4si ja paljon muuta.\",\n\t            \"breadcrumb\": {\n\t                \"@id\": \"https:\\\/\\\/osr.org\\\/fi\\\/usein-kysytyt-kysymykset\\\/#breadcrumb\"\n\t            },\n\t            \"inLanguage\": \"fi\",\n\t            \"potentialAction\": [\n\t                {\n\t                    \"@type\": \"ReadAction\",\n\t                    \"target\": [\n\t                        \"https:\\\/\\\/osr.org\\\/fi\\\/usein-kysytyt-kysymykset\\\/\"\n\t                    ]\n\t                }\n\t            ]\n\t        },\n\t        {\n\t            \"@type\": \"BreadcrumbList\",\n\t            \"@id\": \"https:\\\/\\\/osr.org\\\/fi\\\/usein-kysytyt-kysymykset\\\/#breadcrumb\",\n\t            \"itemListElement\": [\n\t                {\n\t                    \"@type\": \"ListItem\",\n\t                    \"position\": 1,\n\t                    \"name\": \"Home\",\n\t                    \"item\": \"https:\\\/\\\/osr.org\\\/fi\\\/\"\n\t                },\n\t                {\n\t                    \"@type\": \"ListItem\",\n\t                    \"position\": 2,\n\t                    \"name\": \"Usein kysytyt kysymykset\"\n\t                }\n\t            ]\n\t        },\n\t        {\n\t            \"@type\": \"WebSite\",\n\t            \"@id\": \"https:\\\/\\\/osr.org\\\/fi\\\/#website\",\n\t            \"url\": \"https:\\\/\\\/osr.org\\\/fi\\\/\",\n\t            \"name\": \"Online Star Register\",\n\t            \"description\": \"\",\n\t            \"potentialAction\": [\n\t                {\n\t                    \"@type\": \"SearchAction\",\n\t                    \"target\": {\n\t                        \"@type\": \"EntryPoint\",\n\t                        \"urlTemplate\": \"https:\\\/\\\/osr.org\\\/fi\\\/?s={search_term_string}\"\n\t                    },\n\t                    \"query-input\": {\n\t                        \"@type\": \"PropertyValueSpecification\",\n\t                        \"valueRequired\": true,\n\t                        \"valueName\": \"search_term_string\"\n\t                    }\n\t                }\n\t            ],\n\t            \"inLanguage\": \"fi\"\n\t        }\n\t    ]\n\t}<\/script>\n<!-- \/ Yoast SEO plugin. -->","yoast_head_json":{"title":"Usein kysytyt kysymykset - Online Star Register","description":"Katso vastauksia usein kysyttyihin kysymyksiin. Selvit\u00e4 kuinka tarkistat tilauksesti tilan, teet useita tilauksia, katsot t\u00e4hte\u00e4si ja paljon muuta.","robots":{"index":"index","follow":"follow","max-snippet":"max-snippet:-1","max-image-preview":"max-image-preview:large","max-video-preview":"max-video-preview:-1"},"canonical":"https:\/\/osr.org\/fi\/usein-kysytyt-kysymykset\/","og_locale":"fi_FI","og_type":"article","og_title":"Usein kysytyt kysymykset - Online Star Register","og_description":"Katso vastauksia usein kysyttyihin kysymyksiin. Selvit\u00e4 kuinka tarkistat tilauksesti tilan, teet useita tilauksia, katsot t\u00e4hte\u00e4si ja paljon muuta.","og_url":"https:\/\/osr.org\/fi\/usein-kysytyt-kysymykset\/","og_site_name":"Online Star Register","article_modified_time":"2026-03-16T16:05:08+00:00","twitter_card":"summary_large_image","twitter_misc":{"Arvioitu lukuaika":"1 minuutti"},"schema":{"@context":"https:\/\/schema.org","@graph":[{"@type":"WebPage","@id":"https:\/\/osr.org\/fi\/usein-kysytyt-kysymykset\/","url":"https:\/\/osr.org\/fi\/usein-kysytyt-kysymykset\/","name":"Usein kysytyt kysymykset - Online Star Register","isPartOf":{"@id":"https:\/\/osr.org\/fi\/#website"},"datePublished":"2015-11-16T22:19:12+00:00","dateModified":"2026-03-16T16:05:08+00:00","description":"Katso vastauksia usein kysyttyihin kysymyksiin. Selvit\u00e4 kuinka tarkistat tilauksesti tilan, teet useita tilauksia, katsot t\u00e4hte\u00e4si ja paljon muuta.","breadcrumb":{"@id":"https:\/\/osr.org\/fi\/usein-kysytyt-kysymykset\/#breadcrumb"},"inLanguage":"fi","potentialAction":[{"@type":"ReadAction","target":["https:\/\/osr.org\/fi\/usein-kysytyt-kysymykset\/"]}]},{"@type":"BreadcrumbList","@id":"https:\/\/osr.org\/fi\/usein-kysytyt-kysymykset\/#breadcrumb","itemListElement":[{"@type":"ListItem","position":1,"name":"Home","item":"https:\/\/osr.org\/fi\/"},{"@type":"ListItem","position":2,"name":"Usein kysytyt kysymykset"}]},{"@type":"WebSite","@id":"https:\/\/osr.org\/fi\/#website","url":"https:\/\/osr.org\/fi\/","name":"Online Star Register","description":"","potentialAction":[{"@type":"SearchAction","target":{"@type":"EntryPoint","urlTemplate":"https:\/\/osr.org\/fi\/?s={search_term_string}"},"query-input":{"@type":"PropertyValueSpecification","valueRequired":true,"valueName":"search_term_string"}}],"inLanguage":"fi"}]}},"_links":{"self":[{"href":"https:\/\/osr.org\/fi\/wp-json\/wp\/v2\/pages\/2522","targetHints":{"allow":["GET"]}}],"collection":[{"href":"https:\/\/osr.org\/fi\/wp-json\/wp\/v2\/pages"}],"about":[{"href":"https:\/\/osr.org\/fi\/wp-json\/wp\/v2\/types\/page"}],"author":[{"embeddable":true,"href":"https:\/\/osr.org\/fi\/wp-json\/wp\/v2\/users\/4"}],"replies":[{"embeddable":true,"href":"https:\/\/osr.org\/fi\/wp-json\/wp\/v2\/comments?post=2522"}],"version-history":[{"count":11,"href":"https:\/\/osr.org\/fi\/wp-json\/wp\/v2\/pages\/2522\/revisions"}],"predecessor-version":[{"id":521073,"href":"https:\/\/osr.org\/fi\/wp-json\/wp\/v2\/pages\/2522\/revisions\/521073"}],"wp:attachment":[{"href":"https:\/\/osr.org\/fi\/wp-json\/wp\/v2\/media?parent=2522"}],"curies":[{"name":"wp","href":"https:\/\/api.w.org\/{rel}","templated":true}]}}