{"id":2408,"date":"2015-11-17T00:03:39","date_gmt":"2015-11-16T22:03:39","guid":{"rendered":"https:\/\/osr.org\/fi\/?page_id=2408"},"modified":"2022-10-21T10:10:45","modified_gmt":"2022-10-21T08:10:45","slug":"ota-meihin-yhteytta","status":"publish","type":"page","link":"https:\/\/osr.org\/fi\/ota-meihin-yhteytta\/","title":{"rendered":"Ota meihin yhteytt\u00e4"},"content":{"rendered":"<p>Tarkistaaksesi tilauksesi etenemisen, ole hyv\u00e4 ja <a href=\"\/order\/fi\/login\">kirjaudu tilillesi<\/a>. Huomioidaksemme sinua olemme vastanneet joihinkin <a href=\"\/fi\/usein-kysytyt-kysymykset\/\">usein kysyttyihin kysymyksiin<\/a>.<\/p>\n<p>Voidaksemme tarjota sinulla parasta mahdollista asiakaspalvelua, ole hyv\u00e4 ja l\u00e4het\u00e4 kysymyksesi koskien Online Star Register -palvelua k\u00e4ytt\u00e4m\u00e4ll\u00e4 alla olevaa lomaketta. Me vastaamme sinulle mahdollisimman pian. <\/p>\n\n<div class=\"wpcf7 no-js\" id=\"wpcf7-f9133-o1\" lang=\"fi\" dir=\"ltr\" data-wpcf7-id=\"9133\">\n<div class=\"screen-reader-response\"><p role=\"status\" aria-live=\"polite\" aria-atomic=\"true\"><\/p> <ul><\/ul><\/div>\n<form action=\"\/fi\/wp-json\/wp\/v2\/pages\/2408#wpcf7-f9133-o1\" method=\"post\" class=\"wpcf7-form init\" aria-label=\"Yhteydenottolomake\" novalidate=\"novalidate\" data-status=\"init\">\n<fieldset class=\"hidden-fields-container\"><input type=\"hidden\" name=\"_wpcf7\" value=\"9133\" \/><input type=\"hidden\" name=\"_wpcf7_version\" value=\"6.1.5\" \/><input type=\"hidden\" name=\"_wpcf7_locale\" value=\"fi\" \/><input type=\"hidden\" name=\"_wpcf7_unit_tag\" value=\"wpcf7-f9133-o1\" \/><input type=\"hidden\" name=\"_wpcf7_container_post\" value=\"0\" \/><input type=\"hidden\" name=\"_wpcf7_posted_data_hash\" value=\"\" \/>\n<\/fieldset>\n<div class=\"wpcf7-turnstile cf-turnstile\" data-sitekey=\"0x4AAAAAACtXztal9POC4gX4\" data-response-field-name=\"_wpcf7_turnstile_response\"><\/div>\n\n<p>Nimi (pakollinen)\n<\/p>\n<p><span class=\"wpcf7-form-control-wrap\" data-name=\"your-name\"><input size=\"40\" maxlength=\"400\" class=\"wpcf7-form-control wpcf7-text wpcf7-validates-as-required\" aria-required=\"true\" aria-invalid=\"false\" value=\"\" type=\"text\" name=\"your-name\" \/><\/span>\n<\/p>\n<p>S\u00e4hk\u00f6posti (pakollinen)\n<\/p>\n<p><span class=\"wpcf7-form-control-wrap\" data-name=\"your-email\"><input size=\"40\" maxlength=\"400\" class=\"wpcf7-form-control wpcf7-email wpcf7-validates-as-required wpcf7-text wpcf7-validates-as-email\" aria-required=\"true\" aria-invalid=\"false\" value=\"\" type=\"email\" name=\"your-email\" \/><\/span>\n<\/p>\n<p>Aihe\n<\/p>\n<p><span class=\"wpcf7-form-control-wrap\" data-name=\"your-subject\"><input size=\"40\" maxlength=\"400\" class=\"wpcf7-form-control wpcf7-text wpcf7-validates-as-required\" aria-required=\"true\" aria-invalid=\"false\" value=\"\" type=\"text\" name=\"your-subject\" \/><\/span>\n<\/p>\n<p>Viesti\n<\/p>\n<p><span class=\"wpcf7-form-control-wrap\" data-name=\"your-message\"><textarea cols=\"40\" rows=\"10\" maxlength=\"2000\" class=\"wpcf7-form-control wpcf7-textarea\" aria-invalid=\"false\" name=\"your-message\"><\/textarea><\/span>\n<\/p>\n<p><input class=\"wpcf7-form-control wpcf7-submit has-spinner\" type=\"submit\" value=\"L\u00e4het\u00e4\" \/>\n<\/p><div class=\"wpcf7-response-output\" aria-hidden=\"true\"><\/div>\n<\/form>\n<\/div>\n\n<h3>Yrityksen osoite<\/h3>\n<p>P\u00e4\u00e4konttori<br \/>\nOnline Star Register<br \/>\nLaan van de Maagd 83<br \/>\n7324 BT APELDOORN<br \/>\nTHE NETHERLANDS<br \/>\nKVK: 60333553<br \/>\nPuh: +3188-8000088<br \/>\nS\u00e4hk\u00f6posti: <a href=\"mailto:help@osr.org\">help@osr.org<\/a><\/p>\n<p>Ole hyv\u00e4 ja ota huomioon, ett\u00e4 yll\u00e4 oleva puhelinnumero ei ole asiakaspalvelunumero. Kaikki kysymykset ja kirjeenvaihto tehd\u00e4\u00e4n k\u00e4ytt\u00e4m\u00e4ll\u00e4 siihen tarkoitettua asiakaspalvelu lomaketta. <\/p>\n<h3>Seuraa OSR -projektia sosiaalisessa mediassa<\/h3>\n<ul>\n<li><a href=\"\/fi\/blog\/\">Online Star Register -blogi<\/a><\/li>\n<li><a href=\"https:\/\/www.facebook.com\/osrorg\">OSR @ Facebook<\/a><\/li>\n<li><a href=\"https:\/\/www.instagram.com\/onlinestarregister\/\">OSR @ Instagram<\/a><\/li>\n<li><a href=\"https:\/\/www.tiktok.com\/@onlinestarregister\">OSR @ TikTok<\/a><\/li>\n<li><a href=\"https:\/\/www.pinterest.com\/OnlineStarRegister\/\">OSR @ Pinterest<\/a><\/li>\n<li><a href=\"https:\/\/www.youtube.com\/OnlineStarRegister?cbrd=1&amp;ucbcb=1\">OSR @ YouTube<\/a><\/li>\n<\/ul>\n","protected":false},"excerpt":{"rendered":"<p>Tarkistaaksesi tilauksesi etenemisen, ole hyv\u00e4 ja kirjaudu tilillesi. Huomioidaksemme sinua olemme vastanneet joihinkin usein kysyttyihin kysymyksiin. Voidaksemme tarjota sinulla parasta mahdollista asiakaspalvelua, ole hyv\u00e4 ja l\u00e4het\u00e4 kysymyksesi koskien Online Star Register -palvelua k\u00e4ytt\u00e4m\u00e4ll\u00e4 alla olevaa lomaketta. Me vastaamme sinulle mahdollisimman pian. Yrityksen osoite P\u00e4\u00e4konttori Online Star Register Laan van de Maagd 83 7324 BT APELDOORN [&hellip;]<\/p>\n","protected":false},"author":4,"featured_media":0,"parent":0,"menu_order":0,"comment_status":"closed","ping_status":"closed","template":"page-service.php","meta":{"_acf_changed":false,"inline_featured_image":false,"footnotes":""},"class_list":["post-2408","page","type-page","status-publish","hentry"],"acf":[],"yoast_head":"<!-- This site is optimized with the Yoast SEO plugin v27.1.1 - https:\/\/yoast.com\/product\/yoast-seo-wordpress\/ -->\n<title>Ota meihin yhteytt\u00e4 - Online Star Register<\/title>\n<meta name=\"description\" content=\"Ota yhteytt\u00e4 OSR t\u00e4ytt\u00e4m\u00e4ll\u00e4 meid\u00e4n asiakaspalaute lomakkeemme. Saat vastauksen kysymykseesi tai ratkaisun ongelmaasi 1-2 arkip\u00e4iv\u00e4n kuluessa.\" \/>\n<meta name=\"robots\" content=\"index, follow, max-snippet:-1, max-image-preview:large, max-video-preview:-1\" \/>\n<link rel=\"canonical\" href=\"https:\/\/osr.org\/fi\/ota-meihin-yhteytta\/\" \/>\n<meta property=\"og:locale\" content=\"fi_FI\" \/>\n<meta property=\"og:type\" content=\"article\" \/>\n<meta property=\"og:title\" content=\"Ota meihin yhteytt\u00e4 - Online Star Register\" \/>\n<meta property=\"og:description\" content=\"Ota yhteytt\u00e4 OSR t\u00e4ytt\u00e4m\u00e4ll\u00e4 meid\u00e4n asiakaspalaute lomakkeemme. Saat vastauksen kysymykseesi tai ratkaisun ongelmaasi 1-2 arkip\u00e4iv\u00e4n kuluessa.\" \/>\n<meta property=\"og:url\" content=\"https:\/\/osr.org\/fi\/ota-meihin-yhteytta\/\" \/>\n<meta property=\"og:site_name\" content=\"Online Star Register\" \/>\n<meta property=\"article:modified_time\" content=\"2022-10-21T08:10:45+00:00\" \/>\n<meta name=\"twitter:card\" content=\"summary_large_image\" \/>\n<meta name=\"twitter:label1\" content=\"Arvioitu lukuaika\" \/>\n\t<meta name=\"twitter:data1\" content=\"1 minuutti\" \/>\n<script type=\"application\/ld+json\" class=\"yoast-schema-graph\">{\n\t    \"@context\": \"https:\/\/schema.org\",\n\t    \"@graph\": [\n\t        {\n\t            \"@type\": \"WebPage\",\n\t            \"@id\": \"https:\/\/osr.org\/fi\/ota-meihin-yhteytta\/\",\n\t            \"url\": \"https:\/\/osr.org\/fi\/ota-meihin-yhteytta\/\",\n\t            \"name\": \"Ota meihin yhteytt\u00e4 - Online Star Register\",\n\t            \"isPartOf\": {\n\t                \"@id\": \"https:\/\/osr.org\/fi\/#website\"\n\t            },\n\t            \"datePublished\": \"2015-11-16T22:03:39+00:00\",\n\t            \"dateModified\": \"2022-10-21T08:10:45+00:00\",\n\t            \"description\": \"Ota yhteytt\u00e4 OSR t\u00e4ytt\u00e4m\u00e4ll\u00e4 meid\u00e4n asiakaspalaute lomakkeemme. Saat vastauksen kysymykseesi tai ratkaisun ongelmaasi 1-2 arkip\u00e4iv\u00e4n kuluessa.\",\n\t            \"breadcrumb\": {\n\t                \"@id\": \"https:\/\/osr.org\/fi\/ota-meihin-yhteytta\/#breadcrumb\"\n\t            },\n\t            \"inLanguage\": \"fi\",\n\t            \"potentialAction\": [\n\t                {\n\t                    \"@type\": \"ReadAction\",\n\t                    \"target\": [\n\t                        \"https:\/\/osr.org\/fi\/ota-meihin-yhteytta\/\"\n\t                    ]\n\t                }\n\t            ]\n\t        },\n\t        {\n\t            \"@type\": \"BreadcrumbList\",\n\t            \"@id\": \"https:\/\/osr.org\/fi\/ota-meihin-yhteytta\/#breadcrumb\",\n\t            \"itemListElement\": [\n\t                {\n\t                    \"@type\": \"ListItem\",\n\t                    \"position\": 1,\n\t                    \"name\": \"Home\",\n\t                    \"item\": \"https:\/\/osr.org\/fi\/\"\n\t                },\n\t                {\n\t                    \"@type\": \"ListItem\",\n\t                    \"position\": 2,\n\t                    \"name\": \"Ota meihin yhteytt\u00e4\"\n\t                }\n\t            ]\n\t        },\n\t        {\n\t            \"@type\": \"WebSite\",\n\t            \"@id\": \"https:\/\/osr.org\/fi\/#website\",\n\t            \"url\": \"https:\/\/osr.org\/fi\/\",\n\t            \"name\": \"Online Star Register\",\n\t            \"description\": \"\",\n\t            \"potentialAction\": [\n\t                {\n\t                    \"@type\": \"SearchAction\",\n\t                    \"target\": {\n\t                        \"@type\": \"EntryPoint\",\n\t                        \"urlTemplate\": \"https:\/\/osr.org\/fi\/?s={search_term_string}\"\n\t                    },\n\t                    \"query-input\": {\n\t                        \"@type\": \"PropertyValueSpecification\",\n\t                        \"valueRequired\": true,\n\t                        \"valueName\": \"search_term_string\"\n\t                    }\n\t                }\n\t            ],\n\t            \"inLanguage\": \"fi\"\n\t        }\n\t    ]\n\t}<\/script>\n<!-- \/ Yoast SEO plugin. -->","yoast_head_json":{"title":"Ota meihin yhteytt\u00e4 - Online Star Register","description":"Ota yhteytt\u00e4 OSR t\u00e4ytt\u00e4m\u00e4ll\u00e4 meid\u00e4n asiakaspalaute lomakkeemme. Saat vastauksen kysymykseesi tai ratkaisun ongelmaasi 1-2 arkip\u00e4iv\u00e4n kuluessa.","robots":{"index":"index","follow":"follow","max-snippet":"max-snippet:-1","max-image-preview":"max-image-preview:large","max-video-preview":"max-video-preview:-1"},"canonical":"https:\/\/osr.org\/fi\/ota-meihin-yhteytta\/","og_locale":"fi_FI","og_type":"article","og_title":"Ota meihin yhteytt\u00e4 - Online Star Register","og_description":"Ota yhteytt\u00e4 OSR t\u00e4ytt\u00e4m\u00e4ll\u00e4 meid\u00e4n asiakaspalaute lomakkeemme. Saat vastauksen kysymykseesi tai ratkaisun ongelmaasi 1-2 arkip\u00e4iv\u00e4n kuluessa.","og_url":"https:\/\/osr.org\/fi\/ota-meihin-yhteytta\/","og_site_name":"Online Star Register","article_modified_time":"2022-10-21T08:10:45+00:00","twitter_card":"summary_large_image","twitter_misc":{"Arvioitu lukuaika":"1 minuutti"},"schema":{"@context":"https:\/\/schema.org","@graph":[{"@type":"WebPage","@id":"https:\/\/osr.org\/fi\/ota-meihin-yhteytta\/","url":"https:\/\/osr.org\/fi\/ota-meihin-yhteytta\/","name":"Ota meihin yhteytt\u00e4 - Online Star Register","isPartOf":{"@id":"https:\/\/osr.org\/fi\/#website"},"datePublished":"2015-11-16T22:03:39+00:00","dateModified":"2022-10-21T08:10:45+00:00","description":"Ota yhteytt\u00e4 OSR t\u00e4ytt\u00e4m\u00e4ll\u00e4 meid\u00e4n asiakaspalaute lomakkeemme. Saat vastauksen kysymykseesi tai ratkaisun ongelmaasi 1-2 arkip\u00e4iv\u00e4n kuluessa.","breadcrumb":{"@id":"https:\/\/osr.org\/fi\/ota-meihin-yhteytta\/#breadcrumb"},"inLanguage":"fi","potentialAction":[{"@type":"ReadAction","target":["https:\/\/osr.org\/fi\/ota-meihin-yhteytta\/"]}]},{"@type":"BreadcrumbList","@id":"https:\/\/osr.org\/fi\/ota-meihin-yhteytta\/#breadcrumb","itemListElement":[{"@type":"ListItem","position":1,"name":"Home","item":"https:\/\/osr.org\/fi\/"},{"@type":"ListItem","position":2,"name":"Ota meihin yhteytt\u00e4"}]},{"@type":"WebSite","@id":"https:\/\/osr.org\/fi\/#website","url":"https:\/\/osr.org\/fi\/","name":"Online Star Register","description":"","potentialAction":[{"@type":"SearchAction","target":{"@type":"EntryPoint","urlTemplate":"https:\/\/osr.org\/fi\/?s={search_term_string}"},"query-input":{"@type":"PropertyValueSpecification","valueRequired":true,"valueName":"search_term_string"}}],"inLanguage":"fi"}]}},"_links":{"self":[{"href":"https:\/\/osr.org\/fi\/wp-json\/wp\/v2\/pages\/2408","targetHints":{"allow":["GET"]}}],"collection":[{"href":"https:\/\/osr.org\/fi\/wp-json\/wp\/v2\/pages"}],"about":[{"href":"https:\/\/osr.org\/fi\/wp-json\/wp\/v2\/types\/page"}],"author":[{"embeddable":true,"href":"https:\/\/osr.org\/fi\/wp-json\/wp\/v2\/users\/4"}],"replies":[{"embeddable":true,"href":"https:\/\/osr.org\/fi\/wp-json\/wp\/v2\/comments?post=2408"}],"version-history":[{"count":10,"href":"https:\/\/osr.org\/fi\/wp-json\/wp\/v2\/pages\/2408\/revisions"}],"predecessor-version":[{"id":453253,"href":"https:\/\/osr.org\/fi\/wp-json\/wp\/v2\/pages\/2408\/revisions\/453253"}],"wp:attachment":[{"href":"https:\/\/osr.org\/fi\/wp-json\/wp\/v2\/media?parent=2408"}],"curies":[{"name":"wp","href":"https:\/\/api.w.org\/{rel}","templated":true}]}}