{"id":2318,"date":"2015-11-16T23:51:11","date_gmt":"2015-11-16T21:51:11","guid":{"rendered":"https:\/\/osr.org\/fi\/?page_id=2318"},"modified":"2024-10-08T18:36:58","modified_gmt":"2024-10-08T16:36:58","slug":"online-star-registerista-old","status":"publish","type":"page","link":"https:\/\/osr.org\/fi\/online-star-registerista-old\/","title":{"rendered":"Online Star Registerist\u00e4"},"content":{"rendered":"<p><strong>Online Star Register (OSR) on sit\u00e4 mielt\u00e4, ett\u00e4 jokaisen ihmisen pit\u00e4isi saada nauttia ikiomasta y\u00f6taivaan t\u00e4hdest\u00e4. Siksi me olemme mahdollistaneet <a href=\"https:\/\/osr.org\/fi\/\">t\u00e4hden nime\u00e4misen<\/a> Online Star Registeriss\u00e4!<\/strong><\/p>\n<p><img loading=\"lazy\" decoding=\"async\" src=\"\/wp-content\/uploads\/2015\/10\/about-osr.jpg\" alt=\"OSR rekister\u00f6innist\u00e4\" width=\"650\" height=\"400\" class=\"alignnone size-full wp-image-16147\" srcset=\"https:\/\/osr.org\/wp-content\/uploads\/2015\/10\/about-osr.jpg 650w, https:\/\/osr.org\/wp-content\/uploads\/2015\/10\/about-osr-300x185.jpg 300w\" sizes=\"auto, (max-width: 650px) 100vw, 650px\" \/><\/p>\n<p><span class=\"blue-box\">OSR on nimennyt t\u00e4hti\u00e4 ihmisille ymp\u00e4ri maailmaa milleniumin alusta l\u00e4htien ja on nyt t\u00e4htien rekister\u00f6imispalvelujen numero ykk\u00f6nen maailmassa. Henkil\u00f6kohtaisen t\u00e4hden rekister\u00f6iminen <a href=\"\/fi\/osr\/\">Online Star Registeriss\u00e4<\/a> on ainutlaatuisin, tunteikkain ja persoonallisin lahja, jonka voit antaa kumppanille, yst\u00e4v\u00e4lle, perheen j\u00e4senelle, tai ty\u00f6toverille.<\/span><\/p>\n<h3><span style=\"color: #15acdf;\">T\u00e4htien visualisointi<\/span><\/h3>\n<p>Aina kun me kehit\u00e4mme uusia tapoja visualisoida t\u00e4htesi, me lis\u00e4\u00e4mme ne alkuper\u00e4iseen lahjapakkaukseen ILMAISEKSI, joten voit aina paikallistaa t\u00e4htesi \u00f6iselt\u00e4 taivaalta. Sinun nime\u00e4m\u00e4 t\u00e4htesi ja erityinen t\u00e4hden p\u00e4iv\u00e4ys loistaa taivaalla miljoonia tulevia vuosia varmistaen, ett\u00e4 lahjasi kest\u00e4\u00e4 ikuisesti, kun taas p\u00e4ivitykset varmistavat, ett\u00e4 t\u00e4htesi kehittyy uusien Online Star Register -innovaatioiden mukana.<\/p>\n<p>Voit esimerkiksi lent\u00e4\u00e4 universumin l\u00e4pi ja kokea t\u00e4hdet ja galaksin 3D-el\u00e4myksen\u00e4. Katso alla oleva video!<\/p>\n<p><iframe loading=\"lazy\" width=\"560\" height=\"315\" src=\"https:\/\/www.youtube.com\/embed\/wTI1GMAM8io?rel=0\" frameborder=\"0\" allowfullscreen><\/iframe><\/p>\n<h3><span style=\"color: #15acdf;\">Paras mahdollinen palvelu ja turvallisuus<\/span><\/h3>\n<ol>\n<li>OSR on kansainv\u00e4linen yritys ja meid\u00e4n p\u00e4\u00e4konttorimme sijaitsee Alankomaissa. Me tarjoamme nopean, maailmanlaajuisen toimituksen, kuten my\u00f6s v\u00e4litt\u00f6m\u00e4n e-toimituksen.<\/li>\n<li>Me tarjoamme erinomaista asiakaspalvelua kaikilla mahdollisilla kielill\u00e4. Pyrimme vastaamaan viesteihisi 1-2 arkip\u00e4iv\u00e4n sis\u00e4ll\u00e4.<\/li>\n<li>OSR.org takaa tilauksesi tietojen ja maksujen t\u00e4yden turvan, koska me k\u00e4yt\u00e4mme uusinta SSL-suojausta (HTTPS). Sivustomme turvallisuutta tarkkaillaan jatkuvasti ja sen takaavat sek\u00e4 Norton Secured ett\u00e4 McAfee Secure.<\/li>\n<\/ol>\n<h3><span style=\"color: #15acdf;\">Lehdist\u00f6<\/span><\/h3>\n<p>OSR on ollut esill\u00e4 TV- ja radiol\u00e4hetyksiss\u00e4, sanomalehdiss\u00e4 ja aikakausilehdiss\u00e4 ymp\u00e4ri maailmaa. Lehdist\u00f6- ja mediatiedusteluissa, <a href=\"\/fi\/lehdisto\/\">ole hyv\u00e4 ja vieraile lehdist\u00f6lle tarkoitetulla sivullamme<\/a>.<\/p>\n<h3><span style=\"color: #15acdf;\">Online Star Register Blogi<\/span><\/h3>\n<p><a href=\"\/fi\/blog\/\">Online Star Register blogissa<\/a> me jaamme kanssasi viimeisimm\u00e4t uutiset OSR-lahjoista, sovelluksistamme ja siit\u00e4 mist\u00e4 me pid\u00e4mme kaikista eniten: universumista ja t\u00e4hdist\u00e4!<\/p>\n","protected":false},"excerpt":{"rendered":"<p>Online Star Register (OSR) on sit\u00e4 mielt\u00e4, ett\u00e4 jokaisen ihmisen pit\u00e4isi saada nauttia ikiomasta y\u00f6taivaan t\u00e4hdest\u00e4. Siksi me olemme mahdollistaneet t\u00e4hden nime\u00e4misen Online Star Registeriss\u00e4! OSR on nimennyt t\u00e4hti\u00e4 ihmisille ymp\u00e4ri maailmaa milleniumin alusta l\u00e4htien ja on nyt t\u00e4htien rekister\u00f6imispalvelujen numero ykk\u00f6nen maailmassa. Henkil\u00f6kohtaisen t\u00e4hden rekister\u00f6iminen Online Star Registeriss\u00e4 on ainutlaatuisin, tunteikkain ja persoonallisin lahja, [&hellip;]<\/p>\n","protected":false},"author":4,"featured_media":0,"parent":0,"menu_order":0,"comment_status":"closed","ping_status":"closed","template":"page-about.php","meta":{"_acf_changed":false,"inline_featured_image":false,"footnotes":""},"class_list":["post-2318","page","type-page","status-publish","hentry"],"acf":[],"yoast_head":"<!-- This site is optimized with the Yoast SEO plugin v27.1.1 - https:\/\/yoast.com\/product\/yoast-seo-wordpress\/ -->\n<title>Online Star Registerist\u00e4 (OSR)<\/title>\n<meta name=\"description\" content=\"Lue lis\u00e4\u00e4 Online Star Registerist\u00e4. Katso kuinka voit visualisoida henkil\u00f6kohtaiset t\u00e4hdet taivaalla. Saat maailmanlaajuisen toimituksen ILMAISEKSI!\" \/>\n<meta name=\"robots\" content=\"noindex, follow\" \/>\n<meta property=\"og:locale\" content=\"fi_FI\" \/>\n<meta property=\"og:type\" content=\"article\" \/>\n<meta property=\"og:title\" content=\"Online Star Registerist\u00e4 (OSR)\" \/>\n<meta property=\"og:description\" content=\"Lue lis\u00e4\u00e4 Online Star Registerist\u00e4. Katso kuinka voit visualisoida henkil\u00f6kohtaiset t\u00e4hdet taivaalla. Saat maailmanlaajuisen toimituksen ILMAISEKSI!\" \/>\n<meta property=\"og:url\" content=\"https:\/\/osr.org\/fi\/online-star-registerista-old\/\" \/>\n<meta property=\"og:site_name\" content=\"Online Star Register\" \/>\n<meta property=\"article:modified_time\" content=\"2024-10-08T16:36:58+00:00\" \/>\n<meta name=\"twitter:card\" content=\"summary_large_image\" \/>\n<meta name=\"twitter:label1\" content=\"Arvioitu lukuaika\" \/>\n\t<meta name=\"twitter:data1\" content=\"2 minuuttia\" \/>\n<script type=\"application\/ld+json\" class=\"yoast-schema-graph\">{\n\t    \"@context\": \"https:\/\/schema.org\",\n\t    \"@graph\": [\n\t        {\n\t            \"@type\": \"WebPage\",\n\t            \"@id\": \"https:\/\/osr.org\/fi\/online-star-registerista-old\/\",\n\t            \"url\": \"https:\/\/osr.org\/fi\/online-star-registerista-old\/\",\n\t            \"name\": \"Online Star Registerist\u00e4 (OSR)\",\n\t            \"isPartOf\": {\n\t                \"@id\": \"https:\/\/osr.org\/fi\/#website\"\n\t            },\n\t            \"datePublished\": \"2015-11-16T21:51:11+00:00\",\n\t            \"dateModified\": \"2024-10-08T16:36:58+00:00\",\n\t            \"description\": \"Lue lis\u00e4\u00e4 Online Star Registerist\u00e4. Katso kuinka voit visualisoida henkil\u00f6kohtaiset t\u00e4hdet taivaalla. Saat maailmanlaajuisen toimituksen ILMAISEKSI!\",\n\t            \"breadcrumb\": {\n\t                \"@id\": \"https:\/\/osr.org\/fi\/online-star-registerista-old\/#breadcrumb\"\n\t            },\n\t            \"inLanguage\": \"fi\",\n\t            \"potentialAction\": [\n\t                {\n\t                    \"@type\": \"ReadAction\",\n\t                    \"target\": [\n\t                        \"https:\/\/osr.org\/fi\/online-star-registerista-old\/\"\n\t                    ]\n\t                }\n\t            ]\n\t        },\n\t        {\n\t            \"@type\": \"BreadcrumbList\",\n\t            \"@id\": \"https:\/\/osr.org\/fi\/online-star-registerista-old\/#breadcrumb\",\n\t            \"itemListElement\": [\n\t                {\n\t                    \"@type\": \"ListItem\",\n\t                    \"position\": 1,\n\t                    \"name\": \"Home\",\n\t                    \"item\": \"https:\/\/osr.org\/fi\/\"\n\t                },\n\t                {\n\t                    \"@type\": \"ListItem\",\n\t                    \"position\": 2,\n\t                    \"name\": \"Online Star Registerist\u00e4\"\n\t                }\n\t            ]\n\t        },\n\t        {\n\t            \"@type\": \"WebSite\",\n\t            \"@id\": \"https:\/\/osr.org\/fi\/#website\",\n\t            \"url\": \"https:\/\/osr.org\/fi\/\",\n\t            \"name\": \"Online Star Register\",\n\t            \"description\": \"\",\n\t            \"potentialAction\": [\n\t                {\n\t                    \"@type\": \"SearchAction\",\n\t                    \"target\": {\n\t                        \"@type\": \"EntryPoint\",\n\t                        \"urlTemplate\": \"https:\/\/osr.org\/fi\/?s={search_term_string}\"\n\t                    },\n\t                    \"query-input\": {\n\t                        \"@type\": \"PropertyValueSpecification\",\n\t                        \"valueRequired\": true,\n\t                        \"valueName\": \"search_term_string\"\n\t                    }\n\t                }\n\t            ],\n\t            \"inLanguage\": \"fi\"\n\t        }\n\t    ]\n\t}<\/script>\n<!-- \/ Yoast SEO plugin. -->","yoast_head_json":{"title":"Online Star Registerist\u00e4 (OSR)","description":"Lue lis\u00e4\u00e4 Online Star Registerist\u00e4. Katso kuinka voit visualisoida henkil\u00f6kohtaiset t\u00e4hdet taivaalla. Saat maailmanlaajuisen toimituksen ILMAISEKSI!","robots":{"index":"noindex","follow":"follow"},"og_locale":"fi_FI","og_type":"article","og_title":"Online Star Registerist\u00e4 (OSR)","og_description":"Lue lis\u00e4\u00e4 Online Star Registerist\u00e4. Katso kuinka voit visualisoida henkil\u00f6kohtaiset t\u00e4hdet taivaalla. Saat maailmanlaajuisen toimituksen ILMAISEKSI!","og_url":"https:\/\/osr.org\/fi\/online-star-registerista-old\/","og_site_name":"Online Star Register","article_modified_time":"2024-10-08T16:36:58+00:00","twitter_card":"summary_large_image","twitter_misc":{"Arvioitu lukuaika":"2 minuuttia"},"schema":{"@context":"https:\/\/schema.org","@graph":[{"@type":"WebPage","@id":"https:\/\/osr.org\/fi\/online-star-registerista-old\/","url":"https:\/\/osr.org\/fi\/online-star-registerista-old\/","name":"Online Star Registerist\u00e4 (OSR)","isPartOf":{"@id":"https:\/\/osr.org\/fi\/#website"},"datePublished":"2015-11-16T21:51:11+00:00","dateModified":"2024-10-08T16:36:58+00:00","description":"Lue lis\u00e4\u00e4 Online Star Registerist\u00e4. Katso kuinka voit visualisoida henkil\u00f6kohtaiset t\u00e4hdet taivaalla. Saat maailmanlaajuisen toimituksen ILMAISEKSI!","breadcrumb":{"@id":"https:\/\/osr.org\/fi\/online-star-registerista-old\/#breadcrumb"},"inLanguage":"fi","potentialAction":[{"@type":"ReadAction","target":["https:\/\/osr.org\/fi\/online-star-registerista-old\/"]}]},{"@type":"BreadcrumbList","@id":"https:\/\/osr.org\/fi\/online-star-registerista-old\/#breadcrumb","itemListElement":[{"@type":"ListItem","position":1,"name":"Home","item":"https:\/\/osr.org\/fi\/"},{"@type":"ListItem","position":2,"name":"Online Star Registerist\u00e4"}]},{"@type":"WebSite","@id":"https:\/\/osr.org\/fi\/#website","url":"https:\/\/osr.org\/fi\/","name":"Online Star Register","description":"","potentialAction":[{"@type":"SearchAction","target":{"@type":"EntryPoint","urlTemplate":"https:\/\/osr.org\/fi\/?s={search_term_string}"},"query-input":{"@type":"PropertyValueSpecification","valueRequired":true,"valueName":"search_term_string"}}],"inLanguage":"fi"}]}},"_links":{"self":[{"href":"https:\/\/osr.org\/fi\/wp-json\/wp\/v2\/pages\/2318","targetHints":{"allow":["GET"]}}],"collection":[{"href":"https:\/\/osr.org\/fi\/wp-json\/wp\/v2\/pages"}],"about":[{"href":"https:\/\/osr.org\/fi\/wp-json\/wp\/v2\/types\/page"}],"author":[{"embeddable":true,"href":"https:\/\/osr.org\/fi\/wp-json\/wp\/v2\/users\/4"}],"replies":[{"embeddable":true,"href":"https:\/\/osr.org\/fi\/wp-json\/wp\/v2\/comments?post=2318"}],"version-history":[{"count":6,"href":"https:\/\/osr.org\/fi\/wp-json\/wp\/v2\/pages\/2318\/revisions"}],"predecessor-version":[{"id":466103,"href":"https:\/\/osr.org\/fi\/wp-json\/wp\/v2\/pages\/2318\/revisions\/466103"}],"wp:attachment":[{"href":"https:\/\/osr.org\/fi\/wp-json\/wp\/v2\/media?parent=2318"}],"curies":[{"name":"wp","href":"https:\/\/api.w.org\/{rel}","templated":true}]}}