{"id":199613,"date":"2022-06-01T10:35:55","date_gmt":"2022-06-01T08:35:55","guid":{"rendered":"https:\/\/osr.org\/?page_id=199613"},"modified":"2022-06-01T13:47:50","modified_gmt":"2022-06-01T11:47:50","slug":"kuinka-lunastaa","status":"publish","type":"page","link":"https:\/\/osr.org\/fi\/osr-lahjakortti\/kuinka-lunastaa\/","title":{"rendered":"Nime\u00e4 t\u00e4hti ILMAISEKSI OSR-lahjakortilla!"},"content":{"rendered":"<p><strong>Onnittelut OSR-lahjakortin saamisesta! T\u00e4ll\u00e4 lahjakortilla voit nimet\u00e4 oman t\u00e4htesi! Saat my\u00f6s t\u00e4ysin henkil\u00f6kohtaisen OSR-lahjapakkauksen toimituksen ilmaiseksi!<\/strong><\/p>\n<p>K\u00e4yt\u00e4 OSR-lahjakortissa oleva ainutlaatuinen koodisi ja rekister\u00f6i t\u00e4htesi verkossa. T\u00e4m\u00e4n j\u00e4lkeen voit katsoa t\u00e4hte\u00e4si <a href=\"\/fi\/osr\/\">Online Star Registeriss\u00e4<\/a> heti. Henkil\u00f6kohtaiselle T\u00e4htisivullesi ja voit l\u00f6yt\u00e4\u00e4 t\u00e4htesi k\u00e4ytt\u00e4m\u00e4ll\u00e4 <a href=\"\/fi\/blog\/osr-fi\/star-finder-sovellus\/\">OSR Star Finder -sovellusta<\/a>.<\/p>\n<p><strong>Seuraa alla olevia yksinkertaisia vaiheita ja koe henkil\u00f6kohtaisen t\u00e4hden ainutlaatuinen lahja!<\/strong><\/p>\n<p><img loading=\"lazy\" decoding=\"async\" class=\"aligncenter size-full wp-image-16618\" src=\"\/wp-content\/uploads\/2015\/10\/a-shining-gift.jpg\" alt=\"Loistava lahjakortti\" width=\"650\" height=\"262\" srcset=\"https:\/\/osr.org\/wp-content\/uploads\/2015\/10\/a-shining-gift.jpg 650w, https:\/\/osr.org\/wp-content\/uploads\/2015\/10\/a-shining-gift-300x121.jpg 300w\" sizes=\"auto, (max-width: 650px) 100vw, 650px\" \/><\/p>\n<h2><span style=\"color: #15acdf;\">Kolme yksinkertaista vaihetta!<\/span><\/h2>\n<ol>\n<li>Klikkaa aloita-painiketta alla.<\/li>\n<li>Kirjoita ainutlaatuinen koodisi, jonka l\u00f6yd\u00e4t OSR-lahjakortin takaa. Kun raaputat hopeisen pinnoitteen pois, saat esille koodin. Jos sinulla on OSR-lahjakortin elektroninen versio, l\u00f6yd\u00e4t koodin PDF-tiedostosta.<\/li>\n<li>Tee t\u00e4hdest\u00e4si henkil\u00f6kohtainen k\u00e4ytt\u00e4m\u00e4ll\u00e4 tilauslomaketta ja saat OSR-lahjapakkauksen toimitettuna kotiovellesi.<\/li>\n<\/ol>\n<p style=\"text-align: center;\"><a class=\"button button-orange medium arrow\" href=\"\/order\/fi\/coupon?currency_id=2\" rel=\"nofollow\">Aloita!<\/a><\/p>\n<p><span class=\"blue-box\">Kiinnostaako sinua t\u00e4htien nime\u00e4minen yst\u00e4villesi ja rakkaimmillesi? K\u00e4yt\u00e4 hetki lukemalla lis\u00e4\u00e4 siit\u00e4 mit\u00e4 <a href=\"\/fi\/\">kaikkea Online Star Registerill\u00e4 on tarjota<\/a>.<\/span><\/p>\n","protected":false},"excerpt":{"rendered":"<p>Onnittelut OSR-lahjakortin saamisesta! T\u00e4ll\u00e4 lahjakortilla voit nimet\u00e4 oman t\u00e4htesi! Saat my\u00f6s t\u00e4ysin henkil\u00f6kohtaisen OSR-lahjapakkauksen toimituksen ilmaiseksi! K\u00e4yt\u00e4 OSR-lahjakortissa oleva ainutlaatuinen koodisi ja rekister\u00f6i t\u00e4htesi verkossa. T\u00e4m\u00e4n j\u00e4lkeen voit katsoa t\u00e4hte\u00e4si Online Star Registeriss\u00e4 heti. Henkil\u00f6kohtaiselle T\u00e4htisivullesi ja voit l\u00f6yt\u00e4\u00e4 t\u00e4htesi k\u00e4ytt\u00e4m\u00e4ll\u00e4 OSR Star Finder -sovellusta. Seuraa alla olevia yksinkertaisia vaiheita ja koe henkil\u00f6kohtaisen t\u00e4hden ainutlaatuinen [&hellip;]<\/p>\n","protected":false},"author":20,"featured_media":0,"parent":199556,"menu_order":0,"comment_status":"closed","ping_status":"closed","template":"page-osr-gift-card-sub.php","meta":{"_acf_changed":false,"inline_featured_image":false,"footnotes":""},"class_list":["post-199613","page","type-page","status-publish","hentry"],"acf":[],"yoast_head":"<!-- This site is optimized with the Yoast SEO plugin v27.1.1 - https:\/\/yoast.com\/product\/yoast-seo-wordpress\/ -->\n<title>Nime\u00e4 t\u00e4hti ILMAISEKSI OSR-lahjakortilla! - Online Star Register<\/title>\n<meta name=\"description\" content=\"Katso kuinka nimet\u00e4 t\u00e4hden kun olet saanut OSR-lahjakortin. Sen j\u00e4lkeen kun olet rekister\u00f6inyt t\u00e4htesi, voit katsella sit\u00e4 heti Online Star Registeriss\u00e4!\" \/>\n<meta name=\"robots\" content=\"index, follow, max-snippet:-1, max-image-preview:large, max-video-preview:-1\" \/>\n<link rel=\"canonical\" href=\"https:\/\/osr.org\/fi\/osr-lahjakortti\/kuinka-lunastaa\/\" \/>\n<meta property=\"og:locale\" content=\"fi_FI\" \/>\n<meta property=\"og:type\" content=\"article\" \/>\n<meta property=\"og:title\" content=\"Nime\u00e4 t\u00e4hti ILMAISEKSI OSR-lahjakortilla! - Online Star Register\" \/>\n<meta property=\"og:description\" content=\"Katso kuinka nimet\u00e4 t\u00e4hden kun olet saanut OSR-lahjakortin. Sen j\u00e4lkeen kun olet rekister\u00f6inyt t\u00e4htesi, voit katsella sit\u00e4 heti Online Star Registeriss\u00e4!\" \/>\n<meta property=\"og:url\" content=\"https:\/\/osr.org\/fi\/osr-lahjakortti\/kuinka-lunastaa\/\" \/>\n<meta property=\"og:site_name\" content=\"Online Star Register\" \/>\n<meta property=\"article:modified_time\" content=\"2022-06-01T11:47:50+00:00\" \/>\n<meta name=\"twitter:card\" content=\"summary_large_image\" \/>\n<meta name=\"twitter:label1\" content=\"Arvioitu lukuaika\" \/>\n\t<meta name=\"twitter:data1\" content=\"1 minuutti\" \/>\n<script type=\"application\/ld+json\" class=\"yoast-schema-graph\">{\n\t    \"@context\": \"https:\/\/schema.org\",\n\t    \"@graph\": [\n\t        {\n\t            \"@type\": \"WebPage\",\n\t            \"@id\": \"https:\/\/osr.org\/fi\/osr-lahjakortti\/kuinka-lunastaa\/\",\n\t            \"url\": \"https:\/\/osr.org\/fi\/osr-lahjakortti\/kuinka-lunastaa\/\",\n\t            \"name\": \"Nime\u00e4 t\u00e4hti ILMAISEKSI OSR-lahjakortilla! - Online Star Register\",\n\t            \"isPartOf\": {\n\t                \"@id\": \"https:\/\/osr.org\/fi\/#website\"\n\t            },\n\t            \"datePublished\": \"2022-06-01T08:35:55+00:00\",\n\t            \"dateModified\": \"2022-06-01T11:47:50+00:00\",\n\t            \"description\": \"Katso kuinka nimet\u00e4 t\u00e4hden kun olet saanut OSR-lahjakortin. Sen j\u00e4lkeen kun olet rekister\u00f6inyt t\u00e4htesi, voit katsella sit\u00e4 heti Online Star Registeriss\u00e4!\",\n\t            \"breadcrumb\": {\n\t                \"@id\": \"https:\/\/osr.org\/fi\/osr-lahjakortti\/kuinka-lunastaa\/#breadcrumb\"\n\t            },\n\t            \"inLanguage\": \"fi\",\n\t            \"potentialAction\": [\n\t                {\n\t                    \"@type\": \"ReadAction\",\n\t                    \"target\": [\n\t                        \"https:\/\/osr.org\/fi\/osr-lahjakortti\/kuinka-lunastaa\/\"\n\t                    ]\n\t                }\n\t            ]\n\t        },\n\t        {\n\t            \"@type\": \"BreadcrumbList\",\n\t            \"@id\": \"https:\/\/osr.org\/fi\/osr-lahjakortti\/kuinka-lunastaa\/#breadcrumb\",\n\t            \"itemListElement\": [\n\t                {\n\t                    \"@type\": \"ListItem\",\n\t                    \"position\": 1,\n\t                    \"name\": \"Home\",\n\t                    \"item\": \"https:\/\/osr.org\/fi\/\"\n\t                },\n\t                {\n\t                    \"@type\": \"ListItem\",\n\t                    \"position\": 2,\n\t                    \"name\": \"OSR-lahjakortti\",\n\t                    \"item\": \"https:\/\/osr.org\/fi\/osr-lahjakortti\/\"\n\t                },\n\t                {\n\t                    \"@type\": \"ListItem\",\n\t                    \"position\": 3,\n\t                    \"name\": \"Nime\u00e4 t\u00e4hti ILMAISEKSI OSR-lahjakortilla!\"\n\t                }\n\t            ]\n\t        },\n\t        {\n\t            \"@type\": \"WebSite\",\n\t            \"@id\": \"https:\/\/osr.org\/fi\/#website\",\n\t            \"url\": \"https:\/\/osr.org\/fi\/\",\n\t            \"name\": \"Online Star Register\",\n\t            \"description\": \"\",\n\t            \"potentialAction\": [\n\t                {\n\t                    \"@type\": \"SearchAction\",\n\t                    \"target\": {\n\t                        \"@type\": \"EntryPoint\",\n\t                        \"urlTemplate\": \"https:\/\/osr.org\/fi\/?s={search_term_string}\"\n\t                    },\n\t                    \"query-input\": {\n\t                        \"@type\": \"PropertyValueSpecification\",\n\t                        \"valueRequired\": true,\n\t                        \"valueName\": \"search_term_string\"\n\t                    }\n\t                }\n\t            ],\n\t            \"inLanguage\": \"fi\"\n\t        }\n\t    ]\n\t}<\/script>\n<!-- \/ Yoast SEO plugin. -->","yoast_head_json":{"title":"Nime\u00e4 t\u00e4hti ILMAISEKSI OSR-lahjakortilla! - Online Star Register","description":"Katso kuinka nimet\u00e4 t\u00e4hden kun olet saanut OSR-lahjakortin. Sen j\u00e4lkeen kun olet rekister\u00f6inyt t\u00e4htesi, voit katsella sit\u00e4 heti Online Star Registeriss\u00e4!","robots":{"index":"index","follow":"follow","max-snippet":"max-snippet:-1","max-image-preview":"max-image-preview:large","max-video-preview":"max-video-preview:-1"},"canonical":"https:\/\/osr.org\/fi\/osr-lahjakortti\/kuinka-lunastaa\/","og_locale":"fi_FI","og_type":"article","og_title":"Nime\u00e4 t\u00e4hti ILMAISEKSI OSR-lahjakortilla! - Online Star Register","og_description":"Katso kuinka nimet\u00e4 t\u00e4hden kun olet saanut OSR-lahjakortin. Sen j\u00e4lkeen kun olet rekister\u00f6inyt t\u00e4htesi, voit katsella sit\u00e4 heti Online Star Registeriss\u00e4!","og_url":"https:\/\/osr.org\/fi\/osr-lahjakortti\/kuinka-lunastaa\/","og_site_name":"Online Star Register","article_modified_time":"2022-06-01T11:47:50+00:00","twitter_card":"summary_large_image","twitter_misc":{"Arvioitu lukuaika":"1 minuutti"},"schema":{"@context":"https:\/\/schema.org","@graph":[{"@type":"WebPage","@id":"https:\/\/osr.org\/fi\/osr-lahjakortti\/kuinka-lunastaa\/","url":"https:\/\/osr.org\/fi\/osr-lahjakortti\/kuinka-lunastaa\/","name":"Nime\u00e4 t\u00e4hti ILMAISEKSI OSR-lahjakortilla! - Online Star Register","isPartOf":{"@id":"https:\/\/osr.org\/fi\/#website"},"datePublished":"2022-06-01T08:35:55+00:00","dateModified":"2022-06-01T11:47:50+00:00","description":"Katso kuinka nimet\u00e4 t\u00e4hden kun olet saanut OSR-lahjakortin. Sen j\u00e4lkeen kun olet rekister\u00f6inyt t\u00e4htesi, voit katsella sit\u00e4 heti Online Star Registeriss\u00e4!","breadcrumb":{"@id":"https:\/\/osr.org\/fi\/osr-lahjakortti\/kuinka-lunastaa\/#breadcrumb"},"inLanguage":"fi","potentialAction":[{"@type":"ReadAction","target":["https:\/\/osr.org\/fi\/osr-lahjakortti\/kuinka-lunastaa\/"]}]},{"@type":"BreadcrumbList","@id":"https:\/\/osr.org\/fi\/osr-lahjakortti\/kuinka-lunastaa\/#breadcrumb","itemListElement":[{"@type":"ListItem","position":1,"name":"Home","item":"https:\/\/osr.org\/fi\/"},{"@type":"ListItem","position":2,"name":"OSR-lahjakortti","item":"https:\/\/osr.org\/fi\/osr-lahjakortti\/"},{"@type":"ListItem","position":3,"name":"Nime\u00e4 t\u00e4hti ILMAISEKSI OSR-lahjakortilla!"}]},{"@type":"WebSite","@id":"https:\/\/osr.org\/fi\/#website","url":"https:\/\/osr.org\/fi\/","name":"Online Star Register","description":"","potentialAction":[{"@type":"SearchAction","target":{"@type":"EntryPoint","urlTemplate":"https:\/\/osr.org\/fi\/?s={search_term_string}"},"query-input":{"@type":"PropertyValueSpecification","valueRequired":true,"valueName":"search_term_string"}}],"inLanguage":"fi"}]}},"_links":{"self":[{"href":"https:\/\/osr.org\/fi\/wp-json\/wp\/v2\/pages\/199613","targetHints":{"allow":["GET"]}}],"collection":[{"href":"https:\/\/osr.org\/fi\/wp-json\/wp\/v2\/pages"}],"about":[{"href":"https:\/\/osr.org\/fi\/wp-json\/wp\/v2\/types\/page"}],"author":[{"embeddable":true,"href":"https:\/\/osr.org\/fi\/wp-json\/wp\/v2\/users\/20"}],"replies":[{"embeddable":true,"href":"https:\/\/osr.org\/fi\/wp-json\/wp\/v2\/comments?post=199613"}],"version-history":[{"count":2,"href":"https:\/\/osr.org\/fi\/wp-json\/wp\/v2\/pages\/199613\/revisions"}],"predecessor-version":[{"id":199717,"href":"https:\/\/osr.org\/fi\/wp-json\/wp\/v2\/pages\/199613\/revisions\/199717"}],"up":[{"embeddable":true,"href":"https:\/\/osr.org\/fi\/wp-json\/wp\/v2\/pages\/199556"}],"wp:attachment":[{"href":"https:\/\/osr.org\/fi\/wp-json\/wp\/v2\/media?parent=199613"}],"curies":[{"name":"wp","href":"https:\/\/api.w.org\/{rel}","templated":true}]}}