{"id":134035,"date":"2020-07-20T15:42:11","date_gmt":"2020-07-20T13:42:11","guid":{"rendered":"https:\/\/osr.org\/?page_id=134035"},"modified":"2020-07-20T15:42:11","modified_gmt":"2020-07-20T13:42:11","slug":"peruuttamislomake","status":"publish","type":"page","link":"https:\/\/osr.org\/fi\/peruuttamislomake\/","title":{"rendered":"Peruuttamislomake"},"content":{"rendered":"<p>Huomaa: t\u00e4yt\u00e4 t\u00e4m\u00e4 lomake vain siin\u00e4 tapauksessa, ett\u00e4 haluat peruuttaa sopimuksen.<\/p>\n\n<div class=\"wpcf7 no-js\" id=\"wpcf7-f134036-o1\" lang=\"en-US\" dir=\"ltr\" data-wpcf7-id=\"134036\">\n<div class=\"screen-reader-response\"><p role=\"status\" aria-live=\"polite\" aria-atomic=\"true\"><\/p> <ul><\/ul><\/div>\n<form action=\"\/fi\/wp-json\/wp\/v2\/pages\/134035#wpcf7-f134036-o1\" method=\"post\" class=\"wpcf7-form init\" aria-label=\"Contact form\" novalidate=\"novalidate\" data-status=\"init\">\n<fieldset class=\"hidden-fields-container\"><input type=\"hidden\" name=\"_wpcf7\" value=\"134036\" \/><input type=\"hidden\" name=\"_wpcf7_version\" value=\"6.1.5\" \/><input type=\"hidden\" name=\"_wpcf7_locale\" value=\"en_US\" \/><input type=\"hidden\" name=\"_wpcf7_unit_tag\" value=\"wpcf7-f134036-o1\" \/><input type=\"hidden\" name=\"_wpcf7_container_post\" value=\"0\" \/><input type=\"hidden\" name=\"_wpcf7_posted_data_hash\" value=\"\" \/>\n<\/fieldset>\n<div class=\"wpcf7-turnstile cf-turnstile\" data-sitekey=\"0x4AAAAAACtXztal9POC4gX4\" data-response-field-name=\"_wpcf7_turnstile_response\"><\/div>\n\n<p><label> Rekister\u00f6innist\u00e4<br \/>\n<span class=\"wpcf7-form-control-wrap\" data-name=\"registration-code\"><input size=\"40\" maxlength=\"400\" class=\"wpcf7-form-control wpcf7-text wpcf7-validates-as-required\" aria-required=\"true\" aria-invalid=\"false\" value=\"\" type=\"text\" name=\"registration-code\" \/><\/span> <\/label>\n<\/p>\n<p><label> T\u00e4hden nimi<br \/>\n<span class=\"wpcf7-form-control-wrap\" data-name=\"star-name\"><input size=\"40\" maxlength=\"400\" class=\"wpcf7-form-control wpcf7-text wpcf7-validates-as-required\" aria-required=\"true\" aria-invalid=\"false\" value=\"\" type=\"text\" name=\"star-name\" \/><\/span> <\/label>\n<\/p>\n<p><label> Tilausp\u00e4iv\u00e4m\u00e4\u00e4r\u00e4<br \/>\n<span class=\"wpcf7-form-control-wrap\" data-name=\"date-ordered\"><input size=\"40\" maxlength=\"400\" class=\"wpcf7-form-control wpcf7-text wpcf7-validates-as-required\" aria-required=\"true\" aria-invalid=\"false\" value=\"\" type=\"text\" name=\"date-ordered\" \/><\/span> <\/label>\n<\/p>\n<p><label> Asiakkaan nimi<br \/>\n<span class=\"wpcf7-form-control-wrap\" data-name=\"customer-name\"><input size=\"40\" maxlength=\"400\" class=\"wpcf7-form-control wpcf7-text wpcf7-validates-as-required\" aria-required=\"true\" aria-invalid=\"false\" value=\"\" type=\"text\" name=\"customer-name\" \/><\/span> <\/label>\n<\/p>\n<p><label> S\u00e4hk\u00f6postiosoite<br \/>\n<span class=\"wpcf7-form-control-wrap\" data-name=\"customer-email\"><input size=\"40\" maxlength=\"400\" class=\"wpcf7-form-control wpcf7-email wpcf7-validates-as-required wpcf7-text wpcf7-validates-as-email\" aria-required=\"true\" aria-invalid=\"false\" value=\"\" type=\"email\" name=\"customer-email\" \/><\/span> <\/label>\n<\/p>\n<p><label> Asiakkaan osoite<br \/>\n<span class=\"wpcf7-form-control-wrap\" data-name=\"customer-address\"><textarea cols=\"40\" rows=\"10\" maxlength=\"2000\" class=\"wpcf7-form-control wpcf7-textarea wpcf7-validates-as-required\" aria-required=\"true\" aria-invalid=\"false\" name=\"customer-address\"><\/textarea><\/span> <\/label>\n<\/p>\n<p><span class=\"wpcf7-form-control-wrap\" data-name=\"checkbox-555\"><span class=\"wpcf7-form-control wpcf7-checkbox wpcf7-validates-as-required\"><span class=\"wpcf7-list-item first last\"><input type=\"checkbox\" name=\"checkbox-555[]\" value=\"Vakuutan t\u00e4ten, ett\u00e4 haluan peruuttaa sopimuksen rekister\u00f6inti\" \/><span class=\"wpcf7-list-item-label\">Vakuutan t\u00e4ten, ett\u00e4 haluan peruuttaa sopimuksen rekister\u00f6inti<\/span><\/span><\/span><\/span>\n<\/p>\n<p><input class=\"wpcf7-form-control wpcf7-submit has-spinner\" type=\"submit\" value=\"L\u00e4hett\u00e4\u00e4\" \/>\n<\/p><div class=\"wpcf7-response-output\" aria-hidden=\"true\"><\/div>\n<\/form>\n<\/div>\n\n","protected":false},"excerpt":{"rendered":"<p>Huomaa: t\u00e4yt\u00e4 t\u00e4m\u00e4 lomake vain siin\u00e4 tapauksessa, ett\u00e4 haluat peruuttaa sopimuksen.<\/p>\n","protected":false},"author":4,"featured_media":0,"parent":0,"menu_order":0,"comment_status":"closed","ping_status":"closed","template":"page-service.php","meta":{"_acf_changed":false,"inline_featured_image":false,"footnotes":""},"class_list":["post-134035","page","type-page","status-publish","hentry"],"acf":[],"yoast_head":"<!-- This site is optimized with the Yoast SEO plugin v27.1.1 - https:\/\/yoast.com\/product\/yoast-seo-wordpress\/ -->\n<title>Peruuttamislomake - Online Star Register<\/title>\n<meta name=\"robots\" content=\"noindex, follow\" \/>\n<meta property=\"og:locale\" content=\"fi_FI\" \/>\n<meta property=\"og:type\" content=\"article\" \/>\n<meta property=\"og:title\" content=\"Peruuttamislomake - Online Star Register\" \/>\n<meta property=\"og:description\" content=\"Huomaa: t\u00e4yt\u00e4 t\u00e4m\u00e4 lomake vain siin\u00e4 tapauksessa, ett\u00e4 haluat peruuttaa sopimuksen.\" \/>\n<meta property=\"og:url\" content=\"https:\/\/osr.org\/fi\/peruuttamislomake\/\" \/>\n<meta property=\"og:site_name\" content=\"Online Star Register\" \/>\n<meta name=\"twitter:card\" content=\"summary_large_image\" \/>\n<script type=\"application\/ld+json\" class=\"yoast-schema-graph\">{\n\t    \"@context\": \"https:\/\/schema.org\",\n\t    \"@graph\": [\n\t        {\n\t            \"@type\": \"WebPage\",\n\t            \"@id\": \"https:\/\/osr.org\/fi\/peruuttamislomake\/\",\n\t            \"url\": \"https:\/\/osr.org\/fi\/peruuttamislomake\/\",\n\t            \"name\": \"Peruuttamislomake - Online Star Register\",\n\t            \"isPartOf\": {\n\t                \"@id\": \"https:\/\/osr.org\/fi\/#website\"\n\t            },\n\t            \"datePublished\": \"2020-07-20T13:42:11+00:00\",\n\t            \"breadcrumb\": {\n\t                \"@id\": \"https:\/\/osr.org\/fi\/peruuttamislomake\/#breadcrumb\"\n\t            },\n\t            \"inLanguage\": \"fi\",\n\t            \"potentialAction\": [\n\t                {\n\t                    \"@type\": \"ReadAction\",\n\t                    \"target\": [\n\t                        \"https:\/\/osr.org\/fi\/peruuttamislomake\/\"\n\t                    ]\n\t                }\n\t            ]\n\t        },\n\t        {\n\t            \"@type\": \"BreadcrumbList\",\n\t            \"@id\": \"https:\/\/osr.org\/fi\/peruuttamislomake\/#breadcrumb\",\n\t            \"itemListElement\": [\n\t                {\n\t                    \"@type\": \"ListItem\",\n\t                    \"position\": 1,\n\t                    \"name\": \"Home\",\n\t                    \"item\": \"https:\/\/osr.org\/fi\/\"\n\t                },\n\t                {\n\t                    \"@type\": \"ListItem\",\n\t                    \"position\": 2,\n\t                    \"name\": \"Peruuttamislomake\"\n\t                }\n\t            ]\n\t        },\n\t        {\n\t            \"@type\": \"WebSite\",\n\t            \"@id\": \"https:\/\/osr.org\/fi\/#website\",\n\t            \"url\": \"https:\/\/osr.org\/fi\/\",\n\t            \"name\": \"Online Star Register\",\n\t            \"description\": \"\",\n\t            \"potentialAction\": [\n\t                {\n\t                    \"@type\": \"SearchAction\",\n\t                    \"target\": {\n\t                        \"@type\": \"EntryPoint\",\n\t                        \"urlTemplate\": \"https:\/\/osr.org\/fi\/?s={search_term_string}\"\n\t                    },\n\t                    \"query-input\": {\n\t                        \"@type\": \"PropertyValueSpecification\",\n\t                        \"valueRequired\": true,\n\t                        \"valueName\": \"search_term_string\"\n\t                    }\n\t                }\n\t            ],\n\t            \"inLanguage\": \"fi\"\n\t        }\n\t    ]\n\t}<\/script>\n<!-- \/ Yoast SEO plugin. -->","yoast_head_json":{"title":"Peruuttamislomake - Online Star Register","robots":{"index":"noindex","follow":"follow"},"og_locale":"fi_FI","og_type":"article","og_title":"Peruuttamislomake - Online Star Register","og_description":"Huomaa: t\u00e4yt\u00e4 t\u00e4m\u00e4 lomake vain siin\u00e4 tapauksessa, ett\u00e4 haluat peruuttaa sopimuksen.","og_url":"https:\/\/osr.org\/fi\/peruuttamislomake\/","og_site_name":"Online Star Register","twitter_card":"summary_large_image","schema":{"@context":"https:\/\/schema.org","@graph":[{"@type":"WebPage","@id":"https:\/\/osr.org\/fi\/peruuttamislomake\/","url":"https:\/\/osr.org\/fi\/peruuttamislomake\/","name":"Peruuttamislomake - Online Star Register","isPartOf":{"@id":"https:\/\/osr.org\/fi\/#website"},"datePublished":"2020-07-20T13:42:11+00:00","breadcrumb":{"@id":"https:\/\/osr.org\/fi\/peruuttamislomake\/#breadcrumb"},"inLanguage":"fi","potentialAction":[{"@type":"ReadAction","target":["https:\/\/osr.org\/fi\/peruuttamislomake\/"]}]},{"@type":"BreadcrumbList","@id":"https:\/\/osr.org\/fi\/peruuttamislomake\/#breadcrumb","itemListElement":[{"@type":"ListItem","position":1,"name":"Home","item":"https:\/\/osr.org\/fi\/"},{"@type":"ListItem","position":2,"name":"Peruuttamislomake"}]},{"@type":"WebSite","@id":"https:\/\/osr.org\/fi\/#website","url":"https:\/\/osr.org\/fi\/","name":"Online Star Register","description":"","potentialAction":[{"@type":"SearchAction","target":{"@type":"EntryPoint","urlTemplate":"https:\/\/osr.org\/fi\/?s={search_term_string}"},"query-input":{"@type":"PropertyValueSpecification","valueRequired":true,"valueName":"search_term_string"}}],"inLanguage":"fi"}]}},"_links":{"self":[{"href":"https:\/\/osr.org\/fi\/wp-json\/wp\/v2\/pages\/134035","targetHints":{"allow":["GET"]}}],"collection":[{"href":"https:\/\/osr.org\/fi\/wp-json\/wp\/v2\/pages"}],"about":[{"href":"https:\/\/osr.org\/fi\/wp-json\/wp\/v2\/types\/page"}],"author":[{"embeddable":true,"href":"https:\/\/osr.org\/fi\/wp-json\/wp\/v2\/users\/4"}],"replies":[{"embeddable":true,"href":"https:\/\/osr.org\/fi\/wp-json\/wp\/v2\/comments?post=134035"}],"version-history":[{"count":1,"href":"https:\/\/osr.org\/fi\/wp-json\/wp\/v2\/pages\/134035\/revisions"}],"predecessor-version":[{"id":134037,"href":"https:\/\/osr.org\/fi\/wp-json\/wp\/v2\/pages\/134035\/revisions\/134037"}],"wp:attachment":[{"href":"https:\/\/osr.org\/fi\/wp-json\/wp\/v2\/media?parent=134035"}],"curies":[{"name":"wp","href":"https:\/\/api.w.org\/{rel}","templated":true}]}}