{"id":44764,"date":"2017-12-11T15:10:37","date_gmt":"2017-12-11T13:10:37","guid":{"rendered":"https:\/\/osr.org\/?page_id=44764\/"},"modified":"2021-01-19T13:42:00","modified_gmt":"2021-01-19T11:42:00","slug":"descarga-star-finder","status":"publish","type":"page","link":"https:\/\/osr.org\/es\/descarga-star-finder\/","title":{"rendered":"Descarga Star Finder"},"content":{"rendered":"<p><strong> La aplicaci\u00f3n OSR Star Finder App versi\u00f3n 2.0 ya est\u00e1 activa y disponible para iOS y Android!<\/strong><\/p>\n<p><a class=\"button button-blue medium arrow\" href=\"https:\/\/apps.apple.com\/es\/app\/osr-star-finder\/id946123330\" target=\"_blank\" rel=\"noopener\">AppStore (iOS)<\/a>\u00a0 <a class=\"button button-blue medium arrow\" href=\"https:\/\/play.google.com\/store\/apps\/details?id=nl.DTT.OSR&#038;hl=es_ES\" target=\"_blank\" rel=\"noopener\">Play Store (Android)<\/a><\/p>\n","protected":false},"excerpt":{"rendered":"<p>La aplicaci\u00f3n OSR Star Finder App versi\u00f3n 2.0 ya est\u00e1 activa y disponible para iOS y Android! AppStore (iOS)\u00a0 Play Store (Android)<\/p>\n","protected":false},"author":4,"featured_media":0,"parent":0,"menu_order":0,"comment_status":"closed","ping_status":"closed","template":"page-about.php","meta":{"_acf_changed":false,"inline_featured_image":false,"footnotes":""},"class_list":["post-44764","page","type-page","status-publish","hentry"],"acf":[],"yoast_head":"<!-- This site is optimized with the Yoast SEO plugin v27.5 - https:\/\/yoast.com\/product\/yoast-seo-wordpress\/ -->\n<title>Descarga Star Finder - Online Star Register<\/title>\n<meta name=\"robots\" content=\"index, follow, max-snippet:-1, max-image-preview:large, max-video-preview:-1\" \/>\n<link rel=\"canonical\" href=\"https:\/\/osr.org\/es\/descarga-star-finder\/\" \/>\n<meta property=\"og:locale\" content=\"es_ES\" \/>\n<meta property=\"og:type\" content=\"article\" \/>\n<meta property=\"og:title\" content=\"Descarga Star Finder - Online Star Register\" \/>\n<meta property=\"og:description\" content=\"La aplicaci\u00f3n OSR Star Finder App versi\u00f3n 2.0 ya est\u00e1 activa y disponible para iOS y Android! AppStore (iOS)\u00a0 Play Store (Android)\" \/>\n<meta property=\"og:url\" content=\"https:\/\/osr.org\/es\/descarga-star-finder\/\" \/>\n<meta property=\"og:site_name\" content=\"Online Star Register\" \/>\n<meta property=\"article:modified_time\" content=\"2021-01-19T11:42:00+00:00\" \/>\n<meta name=\"twitter:card\" content=\"summary_large_image\" \/>\n<script type=\"application\/ld+json\" class=\"yoast-schema-graph\">{\n\t    \"@context\": \"https:\\\/\\\/schema.org\",\n\t    \"@graph\": [\n\t        {\n\t            \"@type\": \"WebPage\",\n\t            \"@id\": \"https:\\\/\\\/osr.org\\\/es\\\/descarga-star-finder\\\/\",\n\t            \"url\": \"https:\\\/\\\/osr.org\\\/es\\\/descarga-star-finder\\\/\",\n\t            \"name\": \"Descarga Star Finder - Online Star Register\",\n\t            \"isPartOf\": {\n\t                \"@id\": \"https:\\\/\\\/osr.org\\\/es\\\/#website\"\n\t            },\n\t            \"datePublished\": \"2017-12-11T13:10:37+00:00\",\n\t            \"dateModified\": \"2021-01-19T11:42:00+00:00\",\n\t            \"breadcrumb\": {\n\t                \"@id\": \"https:\\\/\\\/osr.org\\\/es\\\/descarga-star-finder\\\/#breadcrumb\"\n\t            },\n\t            \"inLanguage\": \"es\",\n\t            \"potentialAction\": [\n\t                {\n\t                    \"@type\": \"ReadAction\",\n\t                    \"target\": [\n\t                        \"https:\\\/\\\/osr.org\\\/es\\\/descarga-star-finder\\\/\"\n\t                    ]\n\t                }\n\t            ]\n\t        },\n\t        {\n\t            \"@type\": \"BreadcrumbList\",\n\t            \"@id\": \"https:\\\/\\\/osr.org\\\/es\\\/descarga-star-finder\\\/#breadcrumb\",\n\t            \"itemListElement\": [\n\t                {\n\t                    \"@type\": \"ListItem\",\n\t                    \"position\": 1,\n\t                    \"name\": \"Home\",\n\t                    \"item\": \"https:\\\/\\\/osr.org\\\/es\\\/\"\n\t                },\n\t                {\n\t                    \"@type\": \"ListItem\",\n\t                    \"position\": 2,\n\t                    \"name\": \"Descarga Star Finder\"\n\t                }\n\t            ]\n\t        },\n\t        {\n\t            \"@type\": \"WebSite\",\n\t            \"@id\": \"https:\\\/\\\/osr.org\\\/es\\\/#website\",\n\t            \"url\": \"https:\\\/\\\/osr.org\\\/es\\\/\",\n\t            \"name\": \"Online Star Register\",\n\t            \"description\": \"\",\n\t            \"potentialAction\": [\n\t                {\n\t                    \"@type\": \"SearchAction\",\n\t                    \"target\": {\n\t                        \"@type\": \"EntryPoint\",\n\t                        \"urlTemplate\": \"https:\\\/\\\/osr.org\\\/es\\\/?s={search_term_string}\"\n\t                    },\n\t                    \"query-input\": {\n\t                        \"@type\": \"PropertyValueSpecification\",\n\t                        \"valueRequired\": true,\n\t                        \"valueName\": \"search_term_string\"\n\t                    }\n\t                }\n\t            ],\n\t            \"inLanguage\": \"es\"\n\t        }\n\t    ]\n\t}<\/script>\n<!-- \/ Yoast SEO plugin. -->","yoast_head_json":{"title":"Descarga Star Finder - Online Star Register","robots":{"index":"index","follow":"follow","max-snippet":"max-snippet:-1","max-image-preview":"max-image-preview:large","max-video-preview":"max-video-preview:-1"},"canonical":"https:\/\/osr.org\/es\/descarga-star-finder\/","og_locale":"es_ES","og_type":"article","og_title":"Descarga Star Finder - Online Star Register","og_description":"La aplicaci\u00f3n OSR Star Finder App versi\u00f3n 2.0 ya est\u00e1 activa y disponible para iOS y Android! AppStore (iOS)\u00a0 Play Store (Android)","og_url":"https:\/\/osr.org\/es\/descarga-star-finder\/","og_site_name":"Online Star Register","article_modified_time":"2021-01-19T11:42:00+00:00","twitter_card":"summary_large_image","schema":{"@context":"https:\/\/schema.org","@graph":[{"@type":"WebPage","@id":"https:\/\/osr.org\/es\/descarga-star-finder\/","url":"https:\/\/osr.org\/es\/descarga-star-finder\/","name":"Descarga Star Finder - Online Star Register","isPartOf":{"@id":"https:\/\/osr.org\/es\/#website"},"datePublished":"2017-12-11T13:10:37+00:00","dateModified":"2021-01-19T11:42:00+00:00","breadcrumb":{"@id":"https:\/\/osr.org\/es\/descarga-star-finder\/#breadcrumb"},"inLanguage":"es","potentialAction":[{"@type":"ReadAction","target":["https:\/\/osr.org\/es\/descarga-star-finder\/"]}]},{"@type":"BreadcrumbList","@id":"https:\/\/osr.org\/es\/descarga-star-finder\/#breadcrumb","itemListElement":[{"@type":"ListItem","position":1,"name":"Home","item":"https:\/\/osr.org\/es\/"},{"@type":"ListItem","position":2,"name":"Descarga Star Finder"}]},{"@type":"WebSite","@id":"https:\/\/osr.org\/es\/#website","url":"https:\/\/osr.org\/es\/","name":"Online Star Register","description":"","potentialAction":[{"@type":"SearchAction","target":{"@type":"EntryPoint","urlTemplate":"https:\/\/osr.org\/es\/?s={search_term_string}"},"query-input":{"@type":"PropertyValueSpecification","valueRequired":true,"valueName":"search_term_string"}}],"inLanguage":"es"}]}},"_links":{"self":[{"href":"https:\/\/osr.org\/es\/wp-json\/wp\/v2\/pages\/44764","targetHints":{"allow":["GET"]}}],"collection":[{"href":"https:\/\/osr.org\/es\/wp-json\/wp\/v2\/pages"}],"about":[{"href":"https:\/\/osr.org\/es\/wp-json\/wp\/v2\/types\/page"}],"author":[{"embeddable":true,"href":"https:\/\/osr.org\/es\/wp-json\/wp\/v2\/users\/4"}],"replies":[{"embeddable":true,"href":"https:\/\/osr.org\/es\/wp-json\/wp\/v2\/comments?post=44764"}],"version-history":[{"count":5,"href":"https:\/\/osr.org\/es\/wp-json\/wp\/v2\/pages\/44764\/revisions"}],"predecessor-version":[{"id":148403,"href":"https:\/\/osr.org\/es\/wp-json\/wp\/v2\/pages\/44764\/revisions\/148403"}],"wp:attachment":[{"href":"https:\/\/osr.org\/es\/wp-json\/wp\/v2\/media?parent=44764"}],"curies":[{"name":"wp","href":"https:\/\/api.w.org\/{rel}","templated":true}]}}