{"id":3303,"date":"2015-11-17T15:34:47","date_gmt":"2015-11-17T13:34:47","guid":{"rendered":"https:\/\/osr.org\/es\/?page_id=3303"},"modified":"2023-01-25T09:01:37","modified_gmt":"2023-01-25T07:01:37","slug":"sitemap","status":"publish","type":"page","link":"https:\/\/osr.org\/es\/sitemap\/","title":{"rendered":"Sitemap"},"content":{"rendered":"<ul>\n<li><a title=\"Regalar una Estrella\" href=\"\/es\/\"><strong>Regalar una Estrella<\/strong><\/a><\/li>\n<li><a href=\"\/es\/regalo\/fallecimiento\/\">Fallecimiento<\/a><\/li>\n<li><a href=\"\/es\/regalo\/bautizo-nina\/\">Regalo Bautizo Ni\u00f1a<\/a><\/li>\n<li><a href=\"\/es\/regalo\/bautizo-nino\/\">Regalo Bautizo Ni\u00f1o<\/a><\/li>\n<li><a href=\"\/es\/regalo\/de-50-cumpleanos\/\">Regalo de 50 Cumplea\u00f1os<\/a><\/li>\n<li><a href=\"\/es\/regalo\/de-amor\/\">Regalo de Amor<\/a><\/li>\n<li><a href=\"\/es\/regalo\/de-aniversario\/\">Regalo de Aniversario<\/a><\/li>\n<li><a href=\"\/es\/regalo\/de-boda\/\">Regalo de Boda<\/a><\/li>\n<li><a href=\"\/es\/regalo\/de-cumpleanos\/\">Regalo de Cumplea\u00f1os<\/a><\/li>\n<li><a href=\"\/es\/regalo\/de-fin-de-ano\/\">Regalo de Fin de A\u00f1o<\/a><\/li>\n<li><a href=\"\/es\/regalo\/de-navidad\/\">Regalo de Navidad<\/a><\/li>\n<li><a href=\"https:\/\/osr.org\/es\/\">Regalo de Reyes Magos<\/a><\/li>\n<li><a href=\"\/es\/regalo\/de-san-valentin\/\">Regalo de San Valent\u00edn<\/a><\/li>\n<li><a href=\"\/es\/regalo\/dia-de-la-madre\/\">Regalo D\u00eda de la Madre<\/a><\/li>\n<li><a href=\"\/es\/regalo\/dia-del-padre\/\">Regalo D\u00eda del Padre<\/a><\/li>\n<li><a href=\"\/es\/regalo\/de-nacimiento-nina\/\">Regalo Nacimiento Ni\u00f1a<\/a><\/li>\n<li><a href=\"\/es\/regalo\/de-nacimiento-nino\/\">Regalo Nacimiento Ni\u00f1o<\/a><\/li>\n<\/ul>\n","protected":false},"excerpt":{"rendered":"<p>Regalar una Estrella Fallecimiento Regalo Bautizo Ni\u00f1a Regalo Bautizo Ni\u00f1o Regalo de 50 Cumplea\u00f1os Regalo de Amor Regalo de Aniversario Regalo de Boda Regalo de Cumplea\u00f1os Regalo de Fin de A\u00f1o Regalo de Navidad Regalo de Reyes Magos Regalo de San Valent\u00edn Regalo D\u00eda de la Madre Regalo D\u00eda del Padre Regalo Nacimiento Ni\u00f1a Regalo [&hellip;]<\/p>\n","protected":false},"author":4,"featured_media":0,"parent":0,"menu_order":0,"comment_status":"closed","ping_status":"closed","template":"page-about.php","meta":{"_acf_changed":false,"inline_featured_image":false,"footnotes":""},"class_list":["post-3303","page","type-page","status-publish","hentry"],"acf":[],"yoast_head":"<!-- This site is optimized with the Yoast SEO plugin v27.1.1 - https:\/\/yoast.com\/product\/yoast-seo-wordpress\/ -->\n<title>Sitemap - Online Star Register<\/title>\n<meta name=\"robots\" content=\"index, follow, max-snippet:-1, max-image-preview:large, max-video-preview:-1\" \/>\n<link rel=\"canonical\" href=\"https:\/\/osr.org\/es\/sitemap\/\" \/>\n<meta property=\"og:locale\" content=\"es_ES\" \/>\n<meta property=\"og:type\" content=\"article\" \/>\n<meta property=\"og:title\" content=\"Sitemap - Online Star Register\" \/>\n<meta property=\"og:description\" content=\"Regalar una Estrella Fallecimiento Regalo Bautizo Ni\u00f1a Regalo Bautizo Ni\u00f1o Regalo de 50 Cumplea\u00f1os Regalo de Amor Regalo de Aniversario Regalo de Boda Regalo de Cumplea\u00f1os Regalo de Fin de A\u00f1o Regalo de Navidad Regalo de Reyes Magos Regalo de San Valent\u00edn Regalo D\u00eda de la Madre Regalo D\u00eda del Padre Regalo Nacimiento Ni\u00f1a Regalo [&hellip;]\" \/>\n<meta property=\"og:url\" content=\"https:\/\/osr.org\/es\/sitemap\/\" \/>\n<meta property=\"og:site_name\" content=\"Online Star Register\" \/>\n<meta property=\"article:modified_time\" content=\"2023-01-25T07:01:37+00:00\" \/>\n<meta name=\"twitter:card\" content=\"summary_large_image\" \/>\n<meta name=\"twitter:label1\" content=\"Tiempo de lectura\" \/>\n\t<meta name=\"twitter:data1\" content=\"1 minuto\" \/>\n<script type=\"application\/ld+json\" class=\"yoast-schema-graph\">{\n\t    \"@context\": \"https:\/\/schema.org\",\n\t    \"@graph\": [\n\t        {\n\t            \"@type\": \"WebPage\",\n\t            \"@id\": \"https:\/\/osr.org\/es\/sitemap\/\",\n\t            \"url\": \"https:\/\/osr.org\/es\/sitemap\/\",\n\t            \"name\": \"Sitemap - Online Star Register\",\n\t            \"isPartOf\": {\n\t                \"@id\": \"https:\/\/osr.org\/es\/#website\"\n\t            },\n\t            \"datePublished\": \"2015-11-17T13:34:47+00:00\",\n\t            \"dateModified\": \"2023-01-25T07:01:37+00:00\",\n\t            \"breadcrumb\": {\n\t                \"@id\": \"https:\/\/osr.org\/es\/sitemap\/#breadcrumb\"\n\t            },\n\t            \"inLanguage\": \"es\",\n\t            \"potentialAction\": [\n\t                {\n\t                    \"@type\": \"ReadAction\",\n\t                    \"target\": [\n\t                        \"https:\/\/osr.org\/es\/sitemap\/\"\n\t                    ]\n\t                }\n\t            ]\n\t        },\n\t        {\n\t            \"@type\": \"BreadcrumbList\",\n\t            \"@id\": \"https:\/\/osr.org\/es\/sitemap\/#breadcrumb\",\n\t            \"itemListElement\": [\n\t                {\n\t                    \"@type\": \"ListItem\",\n\t                    \"position\": 1,\n\t                    \"name\": \"Home\",\n\t                    \"item\": \"https:\/\/osr.org\/es\/\"\n\t                },\n\t                {\n\t                    \"@type\": \"ListItem\",\n\t                    \"position\": 2,\n\t                    \"name\": \"Sitemap\"\n\t                }\n\t            ]\n\t        },\n\t        {\n\t            \"@type\": \"WebSite\",\n\t            \"@id\": \"https:\/\/osr.org\/es\/#website\",\n\t            \"url\": \"https:\/\/osr.org\/es\/\",\n\t            \"name\": \"Online Star Register\",\n\t            \"description\": \"\",\n\t            \"potentialAction\": [\n\t                {\n\t                    \"@type\": \"SearchAction\",\n\t                    \"target\": {\n\t                        \"@type\": \"EntryPoint\",\n\t                        \"urlTemplate\": \"https:\/\/osr.org\/es\/?s={search_term_string}\"\n\t                    },\n\t                    \"query-input\": {\n\t                        \"@type\": \"PropertyValueSpecification\",\n\t                        \"valueRequired\": true,\n\t                        \"valueName\": \"search_term_string\"\n\t                    }\n\t                }\n\t            ],\n\t            \"inLanguage\": \"es\"\n\t        }\n\t    ]\n\t}<\/script>\n<!-- \/ Yoast SEO plugin. -->","yoast_head_json":{"title":"Sitemap - Online Star Register","robots":{"index":"index","follow":"follow","max-snippet":"max-snippet:-1","max-image-preview":"max-image-preview:large","max-video-preview":"max-video-preview:-1"},"canonical":"https:\/\/osr.org\/es\/sitemap\/","og_locale":"es_ES","og_type":"article","og_title":"Sitemap - Online Star Register","og_description":"Regalar una Estrella Fallecimiento Regalo Bautizo Ni\u00f1a Regalo Bautizo Ni\u00f1o Regalo de 50 Cumplea\u00f1os Regalo de Amor Regalo de Aniversario Regalo de Boda Regalo de Cumplea\u00f1os Regalo de Fin de A\u00f1o Regalo de Navidad Regalo de Reyes Magos Regalo de San Valent\u00edn Regalo D\u00eda de la Madre Regalo D\u00eda del Padre Regalo Nacimiento Ni\u00f1a Regalo [&hellip;]","og_url":"https:\/\/osr.org\/es\/sitemap\/","og_site_name":"Online Star Register","article_modified_time":"2023-01-25T07:01:37+00:00","twitter_card":"summary_large_image","twitter_misc":{"Tiempo de lectura":"1 minuto"},"schema":{"@context":"https:\/\/schema.org","@graph":[{"@type":"WebPage","@id":"https:\/\/osr.org\/es\/sitemap\/","url":"https:\/\/osr.org\/es\/sitemap\/","name":"Sitemap - Online Star Register","isPartOf":{"@id":"https:\/\/osr.org\/es\/#website"},"datePublished":"2015-11-17T13:34:47+00:00","dateModified":"2023-01-25T07:01:37+00:00","breadcrumb":{"@id":"https:\/\/osr.org\/es\/sitemap\/#breadcrumb"},"inLanguage":"es","potentialAction":[{"@type":"ReadAction","target":["https:\/\/osr.org\/es\/sitemap\/"]}]},{"@type":"BreadcrumbList","@id":"https:\/\/osr.org\/es\/sitemap\/#breadcrumb","itemListElement":[{"@type":"ListItem","position":1,"name":"Home","item":"https:\/\/osr.org\/es\/"},{"@type":"ListItem","position":2,"name":"Sitemap"}]},{"@type":"WebSite","@id":"https:\/\/osr.org\/es\/#website","url":"https:\/\/osr.org\/es\/","name":"Online Star Register","description":"","potentialAction":[{"@type":"SearchAction","target":{"@type":"EntryPoint","urlTemplate":"https:\/\/osr.org\/es\/?s={search_term_string}"},"query-input":{"@type":"PropertyValueSpecification","valueRequired":true,"valueName":"search_term_string"}}],"inLanguage":"es"}]}},"_links":{"self":[{"href":"https:\/\/osr.org\/es\/wp-json\/wp\/v2\/pages\/3303","targetHints":{"allow":["GET"]}}],"collection":[{"href":"https:\/\/osr.org\/es\/wp-json\/wp\/v2\/pages"}],"about":[{"href":"https:\/\/osr.org\/es\/wp-json\/wp\/v2\/types\/page"}],"author":[{"embeddable":true,"href":"https:\/\/osr.org\/es\/wp-json\/wp\/v2\/users\/4"}],"replies":[{"embeddable":true,"href":"https:\/\/osr.org\/es\/wp-json\/wp\/v2\/comments?post=3303"}],"version-history":[{"count":3,"href":"https:\/\/osr.org\/es\/wp-json\/wp\/v2\/pages\/3303\/revisions"}],"predecessor-version":[{"id":225398,"href":"https:\/\/osr.org\/es\/wp-json\/wp\/v2\/pages\/3303\/revisions\/225398"}],"wp:attachment":[{"href":"https:\/\/osr.org\/es\/wp-json\/wp\/v2\/media?parent=3303"}],"curies":[{"name":"wp","href":"https:\/\/api.w.org\/{rel}","templated":true}]}}