{"id":2892,"date":"2015-11-17T14:43:43","date_gmt":"2015-11-17T12:43:43","guid":{"rendered":"https:\/\/osr.org\/es\/?page_id=2892"},"modified":"2017-10-19T12:34:17","modified_gmt":"2017-10-19T10:34:17","slug":"osr","status":"publish","type":"page","link":"https:\/\/osr.org\/es\/osr\/","title":{"rendered":"Online Star Register"},"content":{"rendered":"<h1>\u00a1Disfruta de Online Star Register en 3D desde tu navegador!<\/h1>\n<p>\u00a1Toda estrella <a href=\"\/es\/\">bautizada a trav\u00e9s de Online Star Register<\/a> puede ser visualizada a trav\u00e9s de nuestra aplicaci\u00f3n web, <strong>One Million Stars<\/strong>! Recuerda que:<\/p>\n<ol>\n<li>One Million Stars utiliza gr\u00e1ficos de alta definici\u00f3n, por lo tanto, aseg\u00farate que puedas disfrutarlo en una computadora que cuenta con un controlador de gr\u00e1ficos actualizado.<\/li>\n<li>Tendr\u00e1s que utilizar Google Chrome o un navegador similar que <a href=\"https:\/\/get.webgl.org\/\" target=\"_blank\">soporte WebGL<\/a>.<\/li>\n<li>\u00a1Est\u00e1s visualizando verdaderas coordenadas estelares! Por favor ten paciencia mientras incorporamos las estrellas y recreamos la galaxia en tu navegador.<\/li>\n<li>Para localizar una estrella en el antiguo registro, ve al pie de la p\u00e1gina.<\/li>\n<\/ol>\n","protected":false},"excerpt":{"rendered":"<p>\u00a1Disfruta de Online Star Register en 3D desde tu navegador! \u00a1Toda estrella bautizada a trav\u00e9s de Online Star Register puede ser visualizada a trav\u00e9s de nuestra aplicaci\u00f3n web, One Million Stars! Recuerda que: One Million Stars utiliza gr\u00e1ficos de alta definici\u00f3n, por lo tanto, aseg\u00farate que puedas disfrutarlo en una computadora que cuenta con un [&hellip;]<\/p>\n","protected":false},"author":4,"featured_media":0,"parent":0,"menu_order":0,"comment_status":"closed","ping_status":"closed","template":"page-register-fallback.php","meta":{"_acf_changed":false,"inline_featured_image":false,"footnotes":""},"class_list":["post-2892","page","type-page","status-publish","hentry"],"acf":[],"yoast_head":"<!-- This site is optimized with the Yoast SEO plugin v27.5 - https:\/\/yoast.com\/product\/yoast-seo-wordpress\/ -->\n<title>\u00a1Localiza tu estrella a trav\u00e9s de Online Star Register!<\/title>\n<meta name=\"description\" content=\"\u00a1Toda estrella bautizada a trav\u00e9s de Online Star Register puede ser visualizada con la aplicaci\u00f3n One Million Stars!\" \/>\n<meta name=\"robots\" content=\"noindex, nofollow\" \/>\n<meta property=\"og:locale\" content=\"es_ES\" \/>\n<meta property=\"og:type\" content=\"article\" \/>\n<meta property=\"og:title\" content=\"\u00a1Localiza tu estrella a trav\u00e9s de Online Star Register!\" \/>\n<meta property=\"og:description\" content=\"\u00a1Toda estrella bautizada a trav\u00e9s de Online Star Register puede ser visualizada con la aplicaci\u00f3n One Million Stars!\" \/>\n<meta property=\"og:url\" content=\"https:\/\/osr.org\/es\/osr\/\" \/>\n<meta property=\"og:site_name\" content=\"Online Star Register\" \/>\n<meta property=\"article:modified_time\" content=\"2017-10-19T10:34:17+00:00\" \/>\n<meta name=\"twitter:card\" content=\"summary_large_image\" \/>\n<meta name=\"twitter:label1\" content=\"Tiempo de lectura\" \/>\n\t<meta name=\"twitter:data1\" content=\"1 minuto\" \/>\n<script type=\"application\/ld+json\" class=\"yoast-schema-graph\">{\n\t    \"@context\": \"https:\\\/\\\/schema.org\",\n\t    \"@graph\": [\n\t        {\n\t            \"@type\": \"WebPage\",\n\t            \"@id\": \"https:\\\/\\\/osr.org\\\/es\\\/osr\\\/\",\n\t            \"url\": \"https:\\\/\\\/osr.org\\\/es\\\/osr\\\/\",\n\t            \"name\": \"\u00a1Localiza tu estrella a trav\u00e9s de Online Star Register!\",\n\t            \"isPartOf\": {\n\t                \"@id\": \"https:\\\/\\\/osr.org\\\/es\\\/#website\"\n\t            },\n\t            \"datePublished\": \"2015-11-17T12:43:43+00:00\",\n\t            \"dateModified\": \"2017-10-19T10:34:17+00:00\",\n\t            \"description\": \"\u00a1Toda estrella bautizada a trav\u00e9s de Online Star Register puede ser visualizada con la aplicaci\u00f3n One Million Stars!\",\n\t            \"breadcrumb\": {\n\t                \"@id\": \"https:\\\/\\\/osr.org\\\/es\\\/osr\\\/#breadcrumb\"\n\t            },\n\t            \"inLanguage\": \"es\",\n\t            \"potentialAction\": [\n\t                {\n\t                    \"@type\": \"ReadAction\",\n\t                    \"target\": [\n\t                        \"https:\\\/\\\/osr.org\\\/es\\\/osr\\\/\"\n\t                    ]\n\t                }\n\t            ]\n\t        },\n\t        {\n\t            \"@type\": \"BreadcrumbList\",\n\t            \"@id\": \"https:\\\/\\\/osr.org\\\/es\\\/osr\\\/#breadcrumb\",\n\t            \"itemListElement\": [\n\t                {\n\t                    \"@type\": \"ListItem\",\n\t                    \"position\": 1,\n\t                    \"name\": \"Home\",\n\t                    \"item\": \"https:\\\/\\\/osr.org\\\/es\\\/\"\n\t                },\n\t                {\n\t                    \"@type\": \"ListItem\",\n\t                    \"position\": 2,\n\t                    \"name\": \"Online Star Register\"\n\t                }\n\t            ]\n\t        },\n\t        {\n\t            \"@type\": \"WebSite\",\n\t            \"@id\": \"https:\\\/\\\/osr.org\\\/es\\\/#website\",\n\t            \"url\": \"https:\\\/\\\/osr.org\\\/es\\\/\",\n\t            \"name\": \"Online Star Register\",\n\t            \"description\": \"\",\n\t            \"potentialAction\": [\n\t                {\n\t                    \"@type\": \"SearchAction\",\n\t                    \"target\": {\n\t                        \"@type\": \"EntryPoint\",\n\t                        \"urlTemplate\": \"https:\\\/\\\/osr.org\\\/es\\\/?s={search_term_string}\"\n\t                    },\n\t                    \"query-input\": {\n\t                        \"@type\": \"PropertyValueSpecification\",\n\t                        \"valueRequired\": true,\n\t                        \"valueName\": \"search_term_string\"\n\t                    }\n\t                }\n\t            ],\n\t            \"inLanguage\": \"es\"\n\t        }\n\t    ]\n\t}<\/script>\n<!-- \/ Yoast SEO plugin. -->","yoast_head_json":{"title":"\u00a1Localiza tu estrella a trav\u00e9s de Online Star Register!","description":"\u00a1Toda estrella bautizada a trav\u00e9s de Online Star Register puede ser visualizada con la aplicaci\u00f3n One Million Stars!","robots":{"index":"noindex","follow":"nofollow"},"og_locale":"es_ES","og_type":"article","og_title":"\u00a1Localiza tu estrella a trav\u00e9s de Online Star Register!","og_description":"\u00a1Toda estrella bautizada a trav\u00e9s de Online Star Register puede ser visualizada con la aplicaci\u00f3n One Million Stars!","og_url":"https:\/\/osr.org\/es\/osr\/","og_site_name":"Online Star Register","article_modified_time":"2017-10-19T10:34:17+00:00","twitter_card":"summary_large_image","twitter_misc":{"Tiempo de lectura":"1 minuto"},"schema":{"@context":"https:\/\/schema.org","@graph":[{"@type":"WebPage","@id":"https:\/\/osr.org\/es\/osr\/","url":"https:\/\/osr.org\/es\/osr\/","name":"\u00a1Localiza tu estrella a trav\u00e9s de Online Star Register!","isPartOf":{"@id":"https:\/\/osr.org\/es\/#website"},"datePublished":"2015-11-17T12:43:43+00:00","dateModified":"2017-10-19T10:34:17+00:00","description":"\u00a1Toda estrella bautizada a trav\u00e9s de Online Star Register puede ser visualizada con la aplicaci\u00f3n One Million Stars!","breadcrumb":{"@id":"https:\/\/osr.org\/es\/osr\/#breadcrumb"},"inLanguage":"es","potentialAction":[{"@type":"ReadAction","target":["https:\/\/osr.org\/es\/osr\/"]}]},{"@type":"BreadcrumbList","@id":"https:\/\/osr.org\/es\/osr\/#breadcrumb","itemListElement":[{"@type":"ListItem","position":1,"name":"Home","item":"https:\/\/osr.org\/es\/"},{"@type":"ListItem","position":2,"name":"Online Star Register"}]},{"@type":"WebSite","@id":"https:\/\/osr.org\/es\/#website","url":"https:\/\/osr.org\/es\/","name":"Online Star Register","description":"","potentialAction":[{"@type":"SearchAction","target":{"@type":"EntryPoint","urlTemplate":"https:\/\/osr.org\/es\/?s={search_term_string}"},"query-input":{"@type":"PropertyValueSpecification","valueRequired":true,"valueName":"search_term_string"}}],"inLanguage":"es"}]}},"_links":{"self":[{"href":"https:\/\/osr.org\/es\/wp-json\/wp\/v2\/pages\/2892","targetHints":{"allow":["GET"]}}],"collection":[{"href":"https:\/\/osr.org\/es\/wp-json\/wp\/v2\/pages"}],"about":[{"href":"https:\/\/osr.org\/es\/wp-json\/wp\/v2\/types\/page"}],"author":[{"embeddable":true,"href":"https:\/\/osr.org\/es\/wp-json\/wp\/v2\/users\/4"}],"replies":[{"embeddable":true,"href":"https:\/\/osr.org\/es\/wp-json\/wp\/v2\/comments?post=2892"}],"version-history":[{"count":8,"href":"https:\/\/osr.org\/es\/wp-json\/wp\/v2\/pages\/2892\/revisions"}],"predecessor-version":[{"id":44478,"href":"https:\/\/osr.org\/es\/wp-json\/wp\/v2\/pages\/2892\/revisions\/44478"}],"wp:attachment":[{"href":"https:\/\/osr.org\/es\/wp-json\/wp\/v2\/media?parent=2892"}],"curies":[{"name":"wp","href":"https:\/\/api.w.org\/{rel}","templated":true}]}}