{"id":2657,"date":"2015-11-17T00:38:59","date_gmt":"2015-11-16T22:38:59","guid":{"rendered":"https:\/\/osr.org\/es\/?page_id=2657"},"modified":"2021-05-03T14:56:35","modified_gmt":"2021-05-03T12:56:35","slug":"localizar","status":"publish","type":"page","link":"https:\/\/osr.org\/es\/localizar\/","title":{"rendered":"\u00bfC\u00f3mo hago para encontrar mi estrella en el cielo?"},"content":{"rendered":"<p><strong>Existen muchas otras maneras de encontrar tu estrella aparte de Star Map. OSR te ayuda a ubicar tu estrella a trav\u00e9s de diversas herramientas y aplicaciones, tales como OSR Star Finder para tu tel\u00e9fono m\u00f3vil y One Million Stars para tu navegador web.<\/strong><\/p>\n<div class=\"container-lazyload preview-lazyload container-youtube js-lazyload--not-loaded\"><a href=\"https:\/\/youtu.be\/cNnu2cgiGa8\" class=\"lazy-load-youtube preview-lazyload preview-youtube\" data-video-title=\"C\u00f3mo localizar tu estrella\" title=\"Play video &quot;C\u00f3mo localizar tu estrella&quot;\">https:\/\/youtu.be\/cNnu2cgiGa8<\/a><noscript>Video can&#8217;t be loaded because JavaScript is disabled: <a href=\"https:\/\/youtu.be\/cNnu2cgiGa8\" title=\"C\u00f3mo localizar tu estrella\">C\u00f3mo localizar tu estrella (https:\/\/youtu.be\/cNnu2cgiGa8)<\/a><\/noscript><\/div>\n<p><span class=\"blue-box\">En este art\u00edculo, te explicaremos c\u00f3mo encontrar una estrella llamada<strong> One Million Stars<\/strong> utilizando m\u00faltiples aplicaciones. Esta estrella cuenta con las coordenadas <strong>RA 13h03m33.35 -49\u00b031&#8217;38.1\u00bb dec 4.83 mag Cen<\/strong>.<\/span><\/p>\n<h3>Sobre las coordenadas<\/h3>\n<ul>\n<li><strong>AR<\/strong> es la abreviaci\u00f3n de Ascensi\u00f3n Recta mientras que Dec es la abreviaci\u00f3n de declinaci\u00f3n. Son similares a la latitud y la longitud que se utilizan en la cartograf\u00eda moderna, s\u00f3lo que se aplican espec\u00edficamente a las coordenadas astron\u00f3micas.<\/li>\n<li><strong>Mag<\/strong> es la abreviaci\u00f3n de magnitud, lo cual se refiere a la luminosidad de la estrella en cuesti\u00f3n. El l\u00edmite de luminosidad de las estrellas que pueden verse a simple vista es de una magnitud de 6.5. Con binoculares, el ser humano puede visualizar estrellas de una magnitud m\u00e1xima de 10. Para visualizar estrellas con magnitudes superiores, se recomienda el uso de un telescopio.<\/li>\n<li><strong>Cen<\/strong>, en este caso, es la abreviaci\u00f3n de Centaurus, una de las 88 constelaciones que se encuentran en el cielo. Si conoces la constelaci\u00f3n de tu estrella, podr\u00e1s localizarla con mayor facilidad.<\/li>\n<\/ul>\n<h3>La Aplicaci\u00f3n OSR Star Finder<\/h3>\n<p><a href=\"\/es\/blog\/osr-es\/aplicacion-star-finder\/\">OSR Star Finder app<\/a> hace que encontrar tu estrella en el firmamento nocturno sea mucho m\u00e1s f\u00e1cil. Utiliza tu C\u00f3digo OSR para encontrar tu estrella, y luego apunta tu m\u00f3vil hacia el cielo para localizarla. Si tu estrella no es visible porque te encuentras en el otro hemisferio, la aplicaci\u00f3n te ayudar\u00e1 a determinar cu\u00e1ndo podr\u00e1s visualizar tu estrella nuevamente. La aplicaci\u00f3n tambi\u00e9n te dir\u00e1 desde donde se puede visualizar tu estrella en este preciso momento.<\/p>\n<h3>Google Earth<\/h3>\n<p>Para localizar tu estrella utilizando la versi\u00f3n gratuita de Google Earth, sigue estos pasos:<\/p>\n<ol>\n<li><a href=\"https:\/\/www.google.com\/intl\/es\/earth\/about\/download\/gep\/agree.html\" target=\"_blank\" rel=\"noopener noreferrer\">Descarga e instala el programa<\/a><\/li>\n<li>Desde la barra superior, selecciona el \u00edcono en forma de planeta y presiona sobre la opci\u00f3n que lee &#8216;Sky&#8217; (cielo) del men\u00fa desplegable<\/li>\n<li>En el campo de b\u00fasqueda que se encuentra a la izquierda, ingresa las coordenadas en el formato 13:03:33.35 -49:31:38.1. Esto se deriva de las coordenadas AR 3h03m33.35 -49\u00b031&#8217;38.1\u00bb dec 4.83 mag Cen<\/li>\n<\/ol>\n<p>Adem\u00e1s, puedes localizar tu estrella visitando tu p\u00e1gina personalizada, <a href=\"\/es\/blog\/osr-es\/star-page\/\">OSR Star Page<\/a>. Aqu\u00ed podr\u00e1s encontrar <a href=\"https:\/\/stars.osr.org\/one-million-stars\" target=\"_blank\" rel=\"noopener noreferrer\">un ejemplo de una Star Page<\/a>.<\/p>\n<h3>Online Star Register y One Million Stars<\/h3>\n<p>Puedes localizar tu estrella a trav\u00e9s de Online Star Register, con <a href=\"\/es\/osr\/\">One Million Stars<\/a>. Introduce tu C\u00f3digo OSR y la aplicaci\u00f3n te llevar\u00e1 volando hacia tu estrella. <a href=\"https:\/\/osr.org\/oms\/es\/LPR805246\" target=\"_blank\" rel=\"noopener noreferrer\">Aqu\u00ed podr\u00e1s las estrellas de muy cerca<\/a>.<\/p>\n<p>\u00bfQuieres ser el primero en saber sobre las nuevas herramientas y aplicaciones para visualizar tu estrella? \u00a1<a href=\"#popup\">Suscr\u00edbete a nuestro newsletter y te mantendremos al tanto de las \u00faltimas novedades<\/a>!<\/p>\n","protected":false},"excerpt":{"rendered":"<p>Existen muchas otras maneras de encontrar tu estrella aparte de Star Map. OSR te ayuda a ubicar tu estrella a trav\u00e9s de diversas herramientas y aplicaciones, tales como OSR Star Finder para tu tel\u00e9fono m\u00f3vil y One Million Stars para tu navegador web. https:\/\/youtu.be\/cNnu2cgiGa8Video can&#8217;t be loaded because JavaScript is disabled: C\u00f3mo localizar tu estrella [&hellip;]<\/p>\n","protected":false},"author":4,"featured_media":0,"parent":0,"menu_order":0,"comment_status":"closed","ping_status":"closed","template":"page-about.php","meta":{"_acf_changed":false,"inline_featured_image":false,"footnotes":""},"class_list":["post-2657","page","type-page","status-publish","hentry"],"acf":[],"yoast_head":"<!-- This site is optimized with the Yoast SEO plugin v27.5 - https:\/\/yoast.com\/product\/yoast-seo-wordpress\/ -->\n<title>\u00bfC\u00f3mo hago para encontrar mi estrella en el cielo? - Online Star Register<\/title>\n<meta name=\"description\" content=\"Aprende c\u00f3mo encontrar tu estrella en el firmamento utilizando las variadas herramientas de OSR, incluyendo el Star Map, Star Finder y One Million Stars.\" \/>\n<meta name=\"robots\" content=\"index, follow, max-snippet:-1, max-image-preview:large, max-video-preview:-1\" \/>\n<link rel=\"canonical\" href=\"https:\/\/osr.org\/es\/localizar\/\" \/>\n<meta property=\"og:locale\" content=\"es_ES\" \/>\n<meta property=\"og:type\" content=\"article\" \/>\n<meta property=\"og:title\" content=\"\u00bfC\u00f3mo hago para encontrar mi estrella en el cielo? - Online Star Register\" \/>\n<meta property=\"og:description\" content=\"Aprende c\u00f3mo encontrar tu estrella en el firmamento utilizando las variadas herramientas de OSR, incluyendo el Star Map, Star Finder y One Million Stars.\" \/>\n<meta property=\"og:url\" content=\"https:\/\/osr.org\/es\/localizar\/\" \/>\n<meta property=\"og:site_name\" content=\"Online Star Register\" \/>\n<meta property=\"article:modified_time\" content=\"2021-05-03T12:56:35+00:00\" \/>\n<meta name=\"twitter:card\" content=\"summary_large_image\" \/>\n<meta name=\"twitter:label1\" content=\"Tiempo de lectura\" \/>\n\t<meta name=\"twitter:data1\" content=\"3 minutos\" \/>\n<script type=\"application\/ld+json\" class=\"yoast-schema-graph\">{\n\t    \"@context\": \"https:\\\/\\\/schema.org\",\n\t    \"@graph\": [\n\t        {\n\t            \"@type\": \"WebPage\",\n\t            \"@id\": \"https:\\\/\\\/osr.org\\\/es\\\/localizar\\\/\",\n\t            \"url\": \"https:\\\/\\\/osr.org\\\/es\\\/localizar\\\/\",\n\t            \"name\": \"\u00bfC\u00f3mo hago para encontrar mi estrella en el cielo? - Online Star Register\",\n\t            \"isPartOf\": {\n\t                \"@id\": \"https:\\\/\\\/osr.org\\\/es\\\/#website\"\n\t            },\n\t            \"datePublished\": \"2015-11-16T22:38:59+00:00\",\n\t            \"dateModified\": \"2021-05-03T12:56:35+00:00\",\n\t            \"description\": \"Aprende c\u00f3mo encontrar tu estrella en el firmamento utilizando las variadas herramientas de OSR, incluyendo el Star Map, Star Finder y One Million Stars.\",\n\t            \"breadcrumb\": {\n\t                \"@id\": \"https:\\\/\\\/osr.org\\\/es\\\/localizar\\\/#breadcrumb\"\n\t            },\n\t            \"inLanguage\": \"es\",\n\t            \"potentialAction\": [\n\t                {\n\t                    \"@type\": \"ReadAction\",\n\t                    \"target\": [\n\t                        \"https:\\\/\\\/osr.org\\\/es\\\/localizar\\\/\"\n\t                    ]\n\t                }\n\t            ]\n\t        },\n\t        {\n\t            \"@type\": \"BreadcrumbList\",\n\t            \"@id\": \"https:\\\/\\\/osr.org\\\/es\\\/localizar\\\/#breadcrumb\",\n\t            \"itemListElement\": [\n\t                {\n\t                    \"@type\": \"ListItem\",\n\t                    \"position\": 1,\n\t                    \"name\": \"Home\",\n\t                    \"item\": \"https:\\\/\\\/osr.org\\\/es\\\/\"\n\t                },\n\t                {\n\t                    \"@type\": \"ListItem\",\n\t                    \"position\": 2,\n\t                    \"name\": \"\u00bfC\u00f3mo hago para encontrar mi estrella en el cielo?\"\n\t                }\n\t            ]\n\t        },\n\t        {\n\t            \"@type\": \"WebSite\",\n\t            \"@id\": \"https:\\\/\\\/osr.org\\\/es\\\/#website\",\n\t            \"url\": \"https:\\\/\\\/osr.org\\\/es\\\/\",\n\t            \"name\": \"Online Star Register\",\n\t            \"description\": \"\",\n\t            \"potentialAction\": [\n\t                {\n\t                    \"@type\": \"SearchAction\",\n\t                    \"target\": {\n\t                        \"@type\": \"EntryPoint\",\n\t                        \"urlTemplate\": \"https:\\\/\\\/osr.org\\\/es\\\/?s={search_term_string}\"\n\t                    },\n\t                    \"query-input\": {\n\t                        \"@type\": \"PropertyValueSpecification\",\n\t                        \"valueRequired\": true,\n\t                        \"valueName\": \"search_term_string\"\n\t                    }\n\t                }\n\t            ],\n\t            \"inLanguage\": \"es\"\n\t        }\n\t    ]\n\t}<\/script>\n<!-- \/ Yoast SEO plugin. -->","yoast_head_json":{"title":"\u00bfC\u00f3mo hago para encontrar mi estrella en el cielo? - Online Star Register","description":"Aprende c\u00f3mo encontrar tu estrella en el firmamento utilizando las variadas herramientas de OSR, incluyendo el Star Map, Star Finder y One Million Stars.","robots":{"index":"index","follow":"follow","max-snippet":"max-snippet:-1","max-image-preview":"max-image-preview:large","max-video-preview":"max-video-preview:-1"},"canonical":"https:\/\/osr.org\/es\/localizar\/","og_locale":"es_ES","og_type":"article","og_title":"\u00bfC\u00f3mo hago para encontrar mi estrella en el cielo? - Online Star Register","og_description":"Aprende c\u00f3mo encontrar tu estrella en el firmamento utilizando las variadas herramientas de OSR, incluyendo el Star Map, Star Finder y One Million Stars.","og_url":"https:\/\/osr.org\/es\/localizar\/","og_site_name":"Online Star Register","article_modified_time":"2021-05-03T12:56:35+00:00","twitter_card":"summary_large_image","twitter_misc":{"Tiempo de lectura":"3 minutos"},"schema":{"@context":"https:\/\/schema.org","@graph":[{"@type":"WebPage","@id":"https:\/\/osr.org\/es\/localizar\/","url":"https:\/\/osr.org\/es\/localizar\/","name":"\u00bfC\u00f3mo hago para encontrar mi estrella en el cielo? - Online Star Register","isPartOf":{"@id":"https:\/\/osr.org\/es\/#website"},"datePublished":"2015-11-16T22:38:59+00:00","dateModified":"2021-05-03T12:56:35+00:00","description":"Aprende c\u00f3mo encontrar tu estrella en el firmamento utilizando las variadas herramientas de OSR, incluyendo el Star Map, Star Finder y One Million Stars.","breadcrumb":{"@id":"https:\/\/osr.org\/es\/localizar\/#breadcrumb"},"inLanguage":"es","potentialAction":[{"@type":"ReadAction","target":["https:\/\/osr.org\/es\/localizar\/"]}]},{"@type":"BreadcrumbList","@id":"https:\/\/osr.org\/es\/localizar\/#breadcrumb","itemListElement":[{"@type":"ListItem","position":1,"name":"Home","item":"https:\/\/osr.org\/es\/"},{"@type":"ListItem","position":2,"name":"\u00bfC\u00f3mo hago para encontrar mi estrella en el cielo?"}]},{"@type":"WebSite","@id":"https:\/\/osr.org\/es\/#website","url":"https:\/\/osr.org\/es\/","name":"Online Star Register","description":"","potentialAction":[{"@type":"SearchAction","target":{"@type":"EntryPoint","urlTemplate":"https:\/\/osr.org\/es\/?s={search_term_string}"},"query-input":{"@type":"PropertyValueSpecification","valueRequired":true,"valueName":"search_term_string"}}],"inLanguage":"es"}]}},"_links":{"self":[{"href":"https:\/\/osr.org\/es\/wp-json\/wp\/v2\/pages\/2657","targetHints":{"allow":["GET"]}}],"collection":[{"href":"https:\/\/osr.org\/es\/wp-json\/wp\/v2\/pages"}],"about":[{"href":"https:\/\/osr.org\/es\/wp-json\/wp\/v2\/types\/page"}],"author":[{"embeddable":true,"href":"https:\/\/osr.org\/es\/wp-json\/wp\/v2\/users\/4"}],"replies":[{"embeddable":true,"href":"https:\/\/osr.org\/es\/wp-json\/wp\/v2\/comments?post=2657"}],"version-history":[{"count":7,"href":"https:\/\/osr.org\/es\/wp-json\/wp\/v2\/pages\/2657\/revisions"}],"predecessor-version":[{"id":453285,"href":"https:\/\/osr.org\/es\/wp-json\/wp\/v2\/pages\/2657\/revisions\/453285"}],"wp:attachment":[{"href":"https:\/\/osr.org\/es\/wp-json\/wp\/v2\/media?parent=2657"}],"curies":[{"name":"wp","href":"https:\/\/api.w.org\/{rel}","templated":true}]}}