{"id":2521,"date":"2015-11-17T00:19:07","date_gmt":"2015-11-16T22:19:07","guid":{"rendered":"https:\/\/osr.org\/es\/?page_id=2521"},"modified":"2026-03-16T18:29:34","modified_gmt":"2026-03-16T16:29:34","slug":"preguntas-mas-frecuentes","status":"publish","type":"page","link":"https:\/\/osr.org\/es\/preguntas-mas-frecuentes\/","title":{"rendered":"Preguntas M\u00e1s Frecuentes"},"content":{"rendered":"<p>A continuaci\u00f3n te proveemos las respuestas de Online Star Register a las preguntas m\u00e1s frecuentes de nuestros clientes. Si entre ellas no encuentras una respuesta a tu pregunta, no dudes en <a href=\"https:\/\/osr.org\/es\/contactanos\/\">contactarnos<\/a>.<\/p>\n","protected":false},"excerpt":{"rendered":"<p>A continuaci\u00f3n te proveemos las respuestas de Online Star Register a las preguntas m\u00e1s frecuentes de nuestros clientes. Si entre ellas no encuentras una respuesta a tu pregunta, no dudes en contactarnos.<\/p>\n","protected":false},"author":4,"featured_media":0,"parent":0,"menu_order":0,"comment_status":"closed","ping_status":"closed","template":"page-faq.php","meta":{"_acf_changed":false,"inline_featured_image":false,"footnotes":""},"class_list":["post-2521","page","type-page","status-publish","hentry"],"acf":[],"yoast_head":"<!-- This site is optimized with the Yoast SEO plugin v27.3 - https:\/\/yoast.com\/product\/yoast-seo-wordpress\/ -->\n<title>Preguntas M\u00e1s Frecuentes - Online Star Register<\/title>\n<meta name=\"description\" content=\"Explora las respuestas a las preguntas m\u00e1s frecuentes.\" \/>\n<meta name=\"robots\" content=\"index, follow, max-snippet:-1, max-image-preview:large, max-video-preview:-1\" \/>\n<link rel=\"canonical\" href=\"https:\/\/osr.org\/es\/preguntas-mas-frecuentes\/\" \/>\n<meta property=\"og:locale\" content=\"es_ES\" \/>\n<meta property=\"og:type\" content=\"article\" \/>\n<meta property=\"og:title\" content=\"Preguntas M\u00e1s Frecuentes - Online Star Register\" \/>\n<meta property=\"og:description\" content=\"Explora las respuestas a las preguntas m\u00e1s frecuentes.\" \/>\n<meta property=\"og:url\" content=\"https:\/\/osr.org\/es\/preguntas-mas-frecuentes\/\" \/>\n<meta property=\"og:site_name\" content=\"Online Star Register\" \/>\n<meta property=\"article:modified_time\" content=\"2026-03-16T16:29:34+00:00\" \/>\n<meta name=\"twitter:card\" content=\"summary_large_image\" \/>\n<meta name=\"twitter:label1\" content=\"Tiempo de lectura\" \/>\n\t<meta name=\"twitter:data1\" content=\"1 minuto\" \/>\n<script type=\"application\/ld+json\" class=\"yoast-schema-graph\">{\n\t    \"@context\": \"https:\\\/\\\/schema.org\",\n\t    \"@graph\": [\n\t        {\n\t            \"@type\": \"WebPage\",\n\t            \"@id\": \"https:\\\/\\\/osr.org\\\/es\\\/preguntas-mas-frecuentes\\\/\",\n\t            \"url\": \"https:\\\/\\\/osr.org\\\/es\\\/preguntas-mas-frecuentes\\\/\",\n\t            \"name\": \"Preguntas M\u00e1s Frecuentes - Online Star Register\",\n\t            \"isPartOf\": {\n\t                \"@id\": \"https:\\\/\\\/osr.org\\\/es\\\/#website\"\n\t            },\n\t            \"datePublished\": \"2015-11-16T22:19:07+00:00\",\n\t            \"dateModified\": \"2026-03-16T16:29:34+00:00\",\n\t            \"description\": \"Explora las respuestas a las preguntas m\u00e1s frecuentes.\",\n\t            \"breadcrumb\": {\n\t                \"@id\": \"https:\\\/\\\/osr.org\\\/es\\\/preguntas-mas-frecuentes\\\/#breadcrumb\"\n\t            },\n\t            \"inLanguage\": \"es\",\n\t            \"potentialAction\": [\n\t                {\n\t                    \"@type\": \"ReadAction\",\n\t                    \"target\": [\n\t                        \"https:\\\/\\\/osr.org\\\/es\\\/preguntas-mas-frecuentes\\\/\"\n\t                    ]\n\t                }\n\t            ]\n\t        },\n\t        {\n\t            \"@type\": \"BreadcrumbList\",\n\t            \"@id\": \"https:\\\/\\\/osr.org\\\/es\\\/preguntas-mas-frecuentes\\\/#breadcrumb\",\n\t            \"itemListElement\": [\n\t                {\n\t                    \"@type\": \"ListItem\",\n\t                    \"position\": 1,\n\t                    \"name\": \"Home\",\n\t                    \"item\": \"https:\\\/\\\/osr.org\\\/es\\\/\"\n\t                },\n\t                {\n\t                    \"@type\": \"ListItem\",\n\t                    \"position\": 2,\n\t                    \"name\": \"Preguntas M\u00e1s Frecuentes\"\n\t                }\n\t            ]\n\t        },\n\t        {\n\t            \"@type\": \"WebSite\",\n\t            \"@id\": \"https:\\\/\\\/osr.org\\\/es\\\/#website\",\n\t            \"url\": \"https:\\\/\\\/osr.org\\\/es\\\/\",\n\t            \"name\": \"Online Star Register\",\n\t            \"description\": \"\",\n\t            \"potentialAction\": [\n\t                {\n\t                    \"@type\": \"SearchAction\",\n\t                    \"target\": {\n\t                        \"@type\": \"EntryPoint\",\n\t                        \"urlTemplate\": \"https:\\\/\\\/osr.org\\\/es\\\/?s={search_term_string}\"\n\t                    },\n\t                    \"query-input\": {\n\t                        \"@type\": \"PropertyValueSpecification\",\n\t                        \"valueRequired\": true,\n\t                        \"valueName\": \"search_term_string\"\n\t                    }\n\t                }\n\t            ],\n\t            \"inLanguage\": \"es\"\n\t        }\n\t    ]\n\t}<\/script>\n<!-- \/ Yoast SEO plugin. -->","yoast_head_json":{"title":"Preguntas M\u00e1s Frecuentes - Online Star Register","description":"Explora las respuestas a las preguntas m\u00e1s frecuentes.","robots":{"index":"index","follow":"follow","max-snippet":"max-snippet:-1","max-image-preview":"max-image-preview:large","max-video-preview":"max-video-preview:-1"},"canonical":"https:\/\/osr.org\/es\/preguntas-mas-frecuentes\/","og_locale":"es_ES","og_type":"article","og_title":"Preguntas M\u00e1s Frecuentes - Online Star Register","og_description":"Explora las respuestas a las preguntas m\u00e1s frecuentes.","og_url":"https:\/\/osr.org\/es\/preguntas-mas-frecuentes\/","og_site_name":"Online Star Register","article_modified_time":"2026-03-16T16:29:34+00:00","twitter_card":"summary_large_image","twitter_misc":{"Tiempo de lectura":"1 minuto"},"schema":{"@context":"https:\/\/schema.org","@graph":[{"@type":"WebPage","@id":"https:\/\/osr.org\/es\/preguntas-mas-frecuentes\/","url":"https:\/\/osr.org\/es\/preguntas-mas-frecuentes\/","name":"Preguntas M\u00e1s Frecuentes - Online Star Register","isPartOf":{"@id":"https:\/\/osr.org\/es\/#website"},"datePublished":"2015-11-16T22:19:07+00:00","dateModified":"2026-03-16T16:29:34+00:00","description":"Explora las respuestas a las preguntas m\u00e1s frecuentes.","breadcrumb":{"@id":"https:\/\/osr.org\/es\/preguntas-mas-frecuentes\/#breadcrumb"},"inLanguage":"es","potentialAction":[{"@type":"ReadAction","target":["https:\/\/osr.org\/es\/preguntas-mas-frecuentes\/"]}]},{"@type":"BreadcrumbList","@id":"https:\/\/osr.org\/es\/preguntas-mas-frecuentes\/#breadcrumb","itemListElement":[{"@type":"ListItem","position":1,"name":"Home","item":"https:\/\/osr.org\/es\/"},{"@type":"ListItem","position":2,"name":"Preguntas M\u00e1s Frecuentes"}]},{"@type":"WebSite","@id":"https:\/\/osr.org\/es\/#website","url":"https:\/\/osr.org\/es\/","name":"Online Star Register","description":"","potentialAction":[{"@type":"SearchAction","target":{"@type":"EntryPoint","urlTemplate":"https:\/\/osr.org\/es\/?s={search_term_string}"},"query-input":{"@type":"PropertyValueSpecification","valueRequired":true,"valueName":"search_term_string"}}],"inLanguage":"es"}]}},"_links":{"self":[{"href":"https:\/\/osr.org\/es\/wp-json\/wp\/v2\/pages\/2521","targetHints":{"allow":["GET"]}}],"collection":[{"href":"https:\/\/osr.org\/es\/wp-json\/wp\/v2\/pages"}],"about":[{"href":"https:\/\/osr.org\/es\/wp-json\/wp\/v2\/types\/page"}],"author":[{"embeddable":true,"href":"https:\/\/osr.org\/es\/wp-json\/wp\/v2\/users\/4"}],"replies":[{"embeddable":true,"href":"https:\/\/osr.org\/es\/wp-json\/wp\/v2\/comments?post=2521"}],"version-history":[{"count":10,"href":"https:\/\/osr.org\/es\/wp-json\/wp\/v2\/pages\/2521\/revisions"}],"predecessor-version":[{"id":521083,"href":"https:\/\/osr.org\/es\/wp-json\/wp\/v2\/pages\/2521\/revisions\/521083"}],"wp:attachment":[{"href":"https:\/\/osr.org\/es\/wp-json\/wp\/v2\/media?parent=2521"}],"curies":[{"name":"wp","href":"https:\/\/api.w.org\/{rel}","templated":true}]}}