{"id":2407,"date":"2015-11-17T00:03:32","date_gmt":"2015-11-16T22:03:32","guid":{"rendered":"https:\/\/osr.org\/es\/?page_id=2407"},"modified":"2022-10-21T10:08:37","modified_gmt":"2022-10-21T08:08:37","slug":"contactanos","status":"publish","type":"page","link":"https:\/\/osr.org\/es\/contactanos\/","title":{"rendered":"Cont\u00e1ctanos"},"content":{"rendered":"<p>Para consultar el estado de tu pedido, por favor <a href=\"\/order\/es\/login\">ingresa a tu cuenta<\/a>. Para tu comodidad , hemos compilado las respuestas a <a href=\"\/es\/preguntas-mas-frecuentes\/\">las preguntas m\u00e1s frecuentes<\/a>.<\/p>\n<p>Utiliza el siguiente formulario para hacernos cualquier pregunta sobre Online Star Register. No s\u00f3lo te responderemos a la brevedad, sino que tambi\u00e9n te brindaremos el mejor servicio de atenci\u00f3n al cliente.<\/p>\n\n<div class=\"wpcf7 no-js\" id=\"wpcf7-f7993-o1\" lang=\"es-ES\" dir=\"ltr\" data-wpcf7-id=\"7993\">\n<div class=\"screen-reader-response\"><p role=\"status\" aria-live=\"polite\" aria-atomic=\"true\"><\/p> <ul><\/ul><\/div>\n<form action=\"\/es\/wp-json\/wp\/v2\/pages\/2407#wpcf7-f7993-o1\" method=\"post\" class=\"wpcf7-form init\" aria-label=\"Formulario de contacto\" novalidate=\"novalidate\" data-status=\"init\">\n<fieldset class=\"hidden-fields-container\"><input type=\"hidden\" name=\"_wpcf7\" value=\"7993\" \/><input type=\"hidden\" name=\"_wpcf7_version\" value=\"6.1.5\" \/><input type=\"hidden\" name=\"_wpcf7_locale\" value=\"es_ES\" \/><input type=\"hidden\" name=\"_wpcf7_unit_tag\" value=\"wpcf7-f7993-o1\" \/><input type=\"hidden\" name=\"_wpcf7_container_post\" value=\"0\" \/><input type=\"hidden\" name=\"_wpcf7_posted_data_hash\" value=\"\" \/>\n<\/fieldset>\n<div class=\"wpcf7-turnstile cf-turnstile\" data-sitekey=\"0x4AAAAAACtXztal9POC4gX4\" data-response-field-name=\"_wpcf7_turnstile_response\"><\/div>\n\n<p>Nombre (requerido)\n<\/p>\n<p><span class=\"wpcf7-form-control-wrap\" data-name=\"your-name\"><input size=\"40\" maxlength=\"400\" class=\"wpcf7-form-control wpcf7-text wpcf7-validates-as-required\" aria-required=\"true\" aria-invalid=\"false\" value=\"\" type=\"text\" name=\"your-name\" \/><\/span>\n<\/p>\n<p>Correo electr\u00f3nico (requerido)\n<\/p>\n<p><span class=\"wpcf7-form-control-wrap\" data-name=\"your-email\"><input size=\"40\" maxlength=\"400\" class=\"wpcf7-form-control wpcf7-email wpcf7-validates-as-required wpcf7-text wpcf7-validates-as-email\" aria-required=\"true\" aria-invalid=\"false\" value=\"\" type=\"email\" name=\"your-email\" \/><\/span>\n<\/p>\n<p>Asunto\n<\/p>\n<p><span class=\"wpcf7-form-control-wrap\" data-name=\"your-subject\"><input size=\"40\" maxlength=\"400\" class=\"wpcf7-form-control wpcf7-text wpcf7-validates-as-required\" aria-required=\"true\" aria-invalid=\"false\" value=\"\" type=\"text\" name=\"your-subject\" \/><\/span>\n<\/p>\n<p>Mensaje\n<\/p>\n<p><span class=\"wpcf7-form-control-wrap\" data-name=\"your-message\"><textarea cols=\"40\" rows=\"10\" maxlength=\"2000\" class=\"wpcf7-form-control wpcf7-textarea\" aria-invalid=\"false\" name=\"your-message\"><\/textarea><\/span>\n<\/p>\n<p><input class=\"wpcf7-form-control wpcf7-submit has-spinner\" type=\"submit\" value=\"Enviar\" \/>\n<\/p><div class=\"wpcf7-response-output\" aria-hidden=\"true\"><\/div>\n<\/form>\n<\/div>\n\n<h3>Direcci\u00f3n comercial<\/h3>\n<p>Sede Central<br \/>\nOnline Star Register<br \/>\nLaan van de Maagd 83<br \/>\n7324 BT APELDOORN<br \/>\nTHE NETHERLANDS<br \/>\nKVK: 60333553<br \/>\nT: +3188-8000088<br \/>\nE: <a href=\"mailto:help@osr.org\">help@osr.org<\/a><\/p>\n<p>Ten en cuenta que el n\u00famero provisto no es un n\u00famero que presta servicio de atenci\u00f3n al consumidor. Si tienes cualquier pregunta o consulta, env\u00edala a trav\u00e9s de nuestro formulario de consulta.<\/p>\n<h3>Sigue a OSR en las Redes Sociales<\/h3>\n<ul>\n<li><a href=\"\/es\/blog\/\">El Blog de Online Star Register<\/a><\/li>\n<li><a href=\"https:\/\/www.facebook.com\/osrorg\">Sigue a OSR en Facebook<\/a><\/li>\n<li><a href=\"https:\/\/www.instagram.com\/onlinestarregister\/\">Sigue a OSR en Instagram<\/a><\/li>\n<li><a href=\"https:\/\/www.tiktok.com\/@onlinestarregister\">Sigue a OSR en TikTok<\/a><\/li>\n<li><a href=\"https:\/\/www.pinterest.com\/OnlineStarRegister\/\">Sigue a OSR en Pinterest<\/a><\/li>\n<li><a href=\"https:\/\/www.youtube.com\/OnlineStarRegister?cbrd=1&amp;ucbcb=1\">Sigue a OSR en YouTube<\/a><\/li>\n<\/ul>\n","protected":false},"excerpt":{"rendered":"<p>Para consultar el estado de tu pedido, por favor ingresa a tu cuenta. Para tu comodidad , hemos compilado las respuestas a las preguntas m\u00e1s frecuentes. Utiliza el siguiente formulario para hacernos cualquier pregunta sobre Online Star Register. No s\u00f3lo te responderemos a la brevedad, sino que tambi\u00e9n te brindaremos el mejor servicio de atenci\u00f3n [&hellip;]<\/p>\n","protected":false},"author":4,"featured_media":0,"parent":0,"menu_order":0,"comment_status":"closed","ping_status":"closed","template":"page-service.php","meta":{"_acf_changed":false,"inline_featured_image":false,"footnotes":""},"class_list":["post-2407","page","type-page","status-publish","hentry"],"acf":[],"yoast_head":"<!-- This site is optimized with the Yoast SEO plugin v27.1.1 - https:\/\/yoast.com\/product\/yoast-seo-wordpress\/ -->\n<title>Cont\u00e1ctanos - Online Star Register<\/title>\n<meta name=\"description\" content=\"Para cualquier consulta sobre Online Star Register, rellena nuestro formulario.\" \/>\n<meta name=\"robots\" content=\"index, follow, max-snippet:-1, max-image-preview:large, max-video-preview:-1\" \/>\n<link rel=\"canonical\" href=\"https:\/\/osr.org\/es\/contactanos\/\" \/>\n<meta property=\"og:locale\" content=\"es_ES\" \/>\n<meta property=\"og:type\" content=\"article\" \/>\n<meta property=\"og:title\" content=\"Cont\u00e1ctanos - Online Star Register\" \/>\n<meta property=\"og:description\" content=\"Para cualquier consulta sobre Online Star Register, rellena nuestro formulario.\" \/>\n<meta property=\"og:url\" content=\"https:\/\/osr.org\/es\/contactanos\/\" \/>\n<meta property=\"og:site_name\" content=\"Online Star Register\" \/>\n<meta property=\"article:modified_time\" content=\"2022-10-21T08:08:37+00:00\" \/>\n<meta name=\"twitter:card\" content=\"summary_large_image\" \/>\n<meta name=\"twitter:label1\" content=\"Tiempo de lectura\" \/>\n\t<meta name=\"twitter:data1\" content=\"1 minuto\" \/>\n<script type=\"application\/ld+json\" class=\"yoast-schema-graph\">{\n\t    \"@context\": \"https:\/\/schema.org\",\n\t    \"@graph\": [\n\t        {\n\t            \"@type\": \"WebPage\",\n\t            \"@id\": \"https:\/\/osr.org\/es\/contactanos\/\",\n\t            \"url\": \"https:\/\/osr.org\/es\/contactanos\/\",\n\t            \"name\": \"Cont\u00e1ctanos - Online Star Register\",\n\t            \"isPartOf\": {\n\t                \"@id\": \"https:\/\/osr.org\/es\/#website\"\n\t            },\n\t            \"datePublished\": \"2015-11-16T22:03:32+00:00\",\n\t            \"dateModified\": \"2022-10-21T08:08:37+00:00\",\n\t            \"description\": \"Para cualquier consulta sobre Online Star Register, rellena nuestro formulario.\",\n\t            \"breadcrumb\": {\n\t                \"@id\": \"https:\/\/osr.org\/es\/contactanos\/#breadcrumb\"\n\t            },\n\t            \"inLanguage\": \"es\",\n\t            \"potentialAction\": [\n\t                {\n\t                    \"@type\": \"ReadAction\",\n\t                    \"target\": [\n\t                        \"https:\/\/osr.org\/es\/contactanos\/\"\n\t                    ]\n\t                }\n\t            ]\n\t        },\n\t        {\n\t            \"@type\": \"BreadcrumbList\",\n\t            \"@id\": \"https:\/\/osr.org\/es\/contactanos\/#breadcrumb\",\n\t            \"itemListElement\": [\n\t                {\n\t                    \"@type\": \"ListItem\",\n\t                    \"position\": 1,\n\t                    \"name\": \"Home\",\n\t                    \"item\": \"https:\/\/osr.org\/es\/\"\n\t                },\n\t                {\n\t                    \"@type\": \"ListItem\",\n\t                    \"position\": 2,\n\t                    \"name\": \"Cont\u00e1ctanos\"\n\t                }\n\t            ]\n\t        },\n\t        {\n\t            \"@type\": \"WebSite\",\n\t            \"@id\": \"https:\/\/osr.org\/es\/#website\",\n\t            \"url\": \"https:\/\/osr.org\/es\/\",\n\t            \"name\": \"Online Star Register\",\n\t            \"description\": \"\",\n\t            \"potentialAction\": [\n\t                {\n\t                    \"@type\": \"SearchAction\",\n\t                    \"target\": {\n\t                        \"@type\": \"EntryPoint\",\n\t                        \"urlTemplate\": \"https:\/\/osr.org\/es\/?s={search_term_string}\"\n\t                    },\n\t                    \"query-input\": {\n\t                        \"@type\": \"PropertyValueSpecification\",\n\t                        \"valueRequired\": true,\n\t                        \"valueName\": \"search_term_string\"\n\t                    }\n\t                }\n\t            ],\n\t            \"inLanguage\": \"es\"\n\t        }\n\t    ]\n\t}<\/script>\n<!-- \/ Yoast SEO plugin. -->","yoast_head_json":{"title":"Cont\u00e1ctanos - Online Star Register","description":"Para cualquier consulta sobre Online Star Register, rellena nuestro formulario.","robots":{"index":"index","follow":"follow","max-snippet":"max-snippet:-1","max-image-preview":"max-image-preview:large","max-video-preview":"max-video-preview:-1"},"canonical":"https:\/\/osr.org\/es\/contactanos\/","og_locale":"es_ES","og_type":"article","og_title":"Cont\u00e1ctanos - Online Star Register","og_description":"Para cualquier consulta sobre Online Star Register, rellena nuestro formulario.","og_url":"https:\/\/osr.org\/es\/contactanos\/","og_site_name":"Online Star Register","article_modified_time":"2022-10-21T08:08:37+00:00","twitter_card":"summary_large_image","twitter_misc":{"Tiempo de lectura":"1 minuto"},"schema":{"@context":"https:\/\/schema.org","@graph":[{"@type":"WebPage","@id":"https:\/\/osr.org\/es\/contactanos\/","url":"https:\/\/osr.org\/es\/contactanos\/","name":"Cont\u00e1ctanos - Online Star Register","isPartOf":{"@id":"https:\/\/osr.org\/es\/#website"},"datePublished":"2015-11-16T22:03:32+00:00","dateModified":"2022-10-21T08:08:37+00:00","description":"Para cualquier consulta sobre Online Star Register, rellena nuestro formulario.","breadcrumb":{"@id":"https:\/\/osr.org\/es\/contactanos\/#breadcrumb"},"inLanguage":"es","potentialAction":[{"@type":"ReadAction","target":["https:\/\/osr.org\/es\/contactanos\/"]}]},{"@type":"BreadcrumbList","@id":"https:\/\/osr.org\/es\/contactanos\/#breadcrumb","itemListElement":[{"@type":"ListItem","position":1,"name":"Home","item":"https:\/\/osr.org\/es\/"},{"@type":"ListItem","position":2,"name":"Cont\u00e1ctanos"}]},{"@type":"WebSite","@id":"https:\/\/osr.org\/es\/#website","url":"https:\/\/osr.org\/es\/","name":"Online Star Register","description":"","potentialAction":[{"@type":"SearchAction","target":{"@type":"EntryPoint","urlTemplate":"https:\/\/osr.org\/es\/?s={search_term_string}"},"query-input":{"@type":"PropertyValueSpecification","valueRequired":true,"valueName":"search_term_string"}}],"inLanguage":"es"}]}},"_links":{"self":[{"href":"https:\/\/osr.org\/es\/wp-json\/wp\/v2\/pages\/2407","targetHints":{"allow":["GET"]}}],"collection":[{"href":"https:\/\/osr.org\/es\/wp-json\/wp\/v2\/pages"}],"about":[{"href":"https:\/\/osr.org\/es\/wp-json\/wp\/v2\/types\/page"}],"author":[{"embeddable":true,"href":"https:\/\/osr.org\/es\/wp-json\/wp\/v2\/users\/4"}],"replies":[{"embeddable":true,"href":"https:\/\/osr.org\/es\/wp-json\/wp\/v2\/comments?post=2407"}],"version-history":[{"count":9,"href":"https:\/\/osr.org\/es\/wp-json\/wp\/v2\/pages\/2407\/revisions"}],"predecessor-version":[{"id":453252,"href":"https:\/\/osr.org\/es\/wp-json\/wp\/v2\/pages\/2407\/revisions\/453252"}],"wp:attachment":[{"href":"https:\/\/osr.org\/es\/wp-json\/wp\/v2\/media?parent=2407"}],"curies":[{"name":"wp","href":"https:\/\/api.w.org\/{rel}","templated":true}]}}