{"id":2317,"date":"2015-11-16T23:51:07","date_gmt":"2015-11-16T21:51:07","guid":{"rendered":"https:\/\/osr.org\/es\/?page_id=2317"},"modified":"2024-10-08T18:36:32","modified_gmt":"2024-10-08T16:36:32","slug":"sobre-online-star-register-old","status":"publish","type":"page","link":"https:\/\/osr.org\/es\/sobre-online-star-register-old\/","title":{"rendered":"Sobre Online Star Register"},"content":{"rendered":"<p><strong>Online Star Register (OSR) cree que cada ser humano sobre la faz de la tierra deber\u00eda disfrutar del placer de tener su propia estrella en el firmamento celestial. Por eso nos hemos dedicado a hacer este sue\u00f1o realidad, \u00a1brindandote la oportunidad de <a href=\"https:\/\/osr.org\/es\/\">bautizar tu propia estrella<\/a> con Online Star Register!<\/strong><\/p>\n<p><img loading=\"lazy\" decoding=\"async\" src=\"\/wp-content\/uploads\/2015\/10\/about-osr.jpg\" alt=\"About OSR\" width=\"650\" height=\"400\" class=\"alignnone size-full wp-image-16146\" srcset=\"https:\/\/osr.org\/wp-content\/uploads\/2015\/10\/about-osr.jpg 650w, https:\/\/osr.org\/wp-content\/uploads\/2015\/10\/about-osr-300x185.jpg 300w\" sizes=\"auto, (max-width: 650px) 100vw, 650px\" \/><\/p>\n<p><span class=\"blue-box\">OSR se ha dedicado a registrar estrellas para el p\u00fablico desde comienzos del milenio. Hoy en d\u00eda se enorgullece de ser el principal servicio de registro de estrellas del mundo. Un registro personalizado en <a href=\"\/es\/osr\/\">Online Star Register<\/a>: es uno de los regalos m\u00e1s originales, \u00fanicos y sorprendentes que puedes hacerle a tu pareja, amigos, familiares o compa\u00f1eros de trabajo.<\/span><\/p>\n<h3><span style=\"color: #15acdf;\">Visualizar las estrellas<\/span><\/h3>\n<p>Nunca perder\u00e1s tu estrella de vista, porque OSR sigue innovando y creando nuevas maneras de ubicar tu estrella. Cada vez que dise\u00f1emos un producto nuevo, lo agregaremos a tu paquete de regalo original de manera autom\u00e1tica y completamente GRATUITA. La estrella a la que le diste nombre y registraste en esa fecha especial para ti, seguir\u00e1 brillando durante miles de a\u00f1os. Tu regalo durar\u00e1 para siempre, mientras que nuestras actualizaciones aseguran que sigas disfrutando de tu estrella.<\/p>\n<p>Por ejemplo, ahora puedes viajar por el espacio y visualizar tanto las estrellas como la galaxia entera en 3D. \u00bfNo nos crees? \u00a1\u00c9chale un vistazo al siguiente video!<\/p>\n<p><iframe loading=\"lazy\" width=\"560\" height=\"315\" src=\"https:\/\/www.youtube.com\/embed\/wTI1GMAM8io?rel=0\" frameborder=\"0\" allowfullscreen><\/iframe><\/p>\n<h3><span style=\"color: #15acdf;\">Lo \u00faltimo en servicio al consumidor y seguridad online<\/span><\/h3>\n<ol>\n<li>OSR es una compa\u00f1\u00eda internacional, con su sede central en los Pa\u00edses Bajos. Ofrecemos env\u00edos r\u00e1pidos a todo el mundo y e-delivery al instante.<\/li>\n<li>Ofrecemos el mejor servicio al consumidor en todos los idiomas. Nos comprometemos a responder a tu mensaje en un plazo de 1-2 d\u00edas h\u00e1biles.<\/li>\n<li>OSR.org garantiza que los datos personales e informaci\u00f3n de pago que ingreses al realizar tu pedido estar\u00e1n completamente protegidos, ya que nuestra tienda utiliza lo \u00faltimo en seguridad SSL (HTTPS). Asimismo, utilizamos Norton Secured y McAfee Secure para monitorear la seguridad de nuestro portal web de manera cont\u00ednua.<\/li>\n<\/ol>\n<h3><span style=\"color: #15acdf;\">Prensa<\/span><\/h3>\n<p>OSR ha aparecido en art\u00edculos de prensa y en revistas al igual que programas de radio y televisi\u00f3n alrededor del mundo. Para consultas de prensa y medios, <a href=\"\/es\/prensa\/\">visita nuestra p\u00e1gina de prensa<\/a>.<\/p>\n<h3><span style=\"color: #15acdf;\">El Blog de Online Star Register<\/span><\/h3>\n<p>En el <a href=\"\/es\/blog\/\">blog de Online Star Register<\/a> compartimos las \u00faltimas noticias sobre nuestra l\u00ednea de regalos OSR, nuestras apps y lo que m\u00e1s nos apasiona en todo el universo: \u00a1el firmamento y las estrellas!<\/p>\n","protected":false},"excerpt":{"rendered":"<p>Online Star Register (OSR) cree que cada ser humano sobre la faz de la tierra deber\u00eda disfrutar del placer de tener su propia estrella en el firmamento celestial. Por eso nos hemos dedicado a hacer este sue\u00f1o realidad, \u00a1brindandote la oportunidad de bautizar tu propia estrella con Online Star Register! OSR se ha dedicado a [&hellip;]<\/p>\n","protected":false},"author":4,"featured_media":0,"parent":0,"menu_order":0,"comment_status":"closed","ping_status":"closed","template":"page-about.php","meta":{"_acf_changed":false,"inline_featured_image":false,"footnotes":""},"class_list":["post-2317","page","type-page","status-publish","hentry"],"acf":[],"yoast_head":"<!-- This site is optimized with the Yoast SEO plugin v27.1.1 - https:\/\/yoast.com\/product\/yoast-seo-wordpress\/ -->\n<title>Sobre Online Star Register (OSR)<\/title>\n<meta name=\"description\" content=\"Informate m\u00e1s acerca de OSR. Averigua c\u00f3mo puedes visualizar tu propia estrella personalizada en el cielo. Env\u00edos r\u00e1pidos a todo el mundo, \u00a1GRATIS!\" \/>\n<meta name=\"robots\" content=\"noindex, follow\" \/>\n<meta property=\"og:locale\" content=\"es_ES\" \/>\n<meta property=\"og:type\" content=\"article\" \/>\n<meta property=\"og:title\" content=\"Sobre Online Star Register (OSR)\" \/>\n<meta property=\"og:description\" content=\"Informate m\u00e1s acerca de OSR. Averigua c\u00f3mo puedes visualizar tu propia estrella personalizada en el cielo. Env\u00edos r\u00e1pidos a todo el mundo, \u00a1GRATIS!\" \/>\n<meta property=\"og:url\" content=\"https:\/\/osr.org\/es\/sobre-online-star-register-old\/\" \/>\n<meta property=\"og:site_name\" content=\"Online Star Register\" \/>\n<meta property=\"article:modified_time\" content=\"2024-10-08T16:36:32+00:00\" \/>\n<meta name=\"twitter:card\" content=\"summary_large_image\" \/>\n<meta name=\"twitter:label1\" content=\"Tiempo de lectura\" \/>\n\t<meta name=\"twitter:data1\" content=\"3 minutos\" \/>\n<script type=\"application\/ld+json\" class=\"yoast-schema-graph\">{\n\t    \"@context\": \"https:\/\/schema.org\",\n\t    \"@graph\": [\n\t        {\n\t            \"@type\": \"WebPage\",\n\t            \"@id\": \"https:\/\/osr.org\/es\/sobre-online-star-register-old\/\",\n\t            \"url\": \"https:\/\/osr.org\/es\/sobre-online-star-register-old\/\",\n\t            \"name\": \"Sobre Online Star Register (OSR)\",\n\t            \"isPartOf\": {\n\t                \"@id\": \"https:\/\/osr.org\/es\/#website\"\n\t            },\n\t            \"datePublished\": \"2015-11-16T21:51:07+00:00\",\n\t            \"dateModified\": \"2024-10-08T16:36:32+00:00\",\n\t            \"description\": \"Informate m\u00e1s acerca de OSR. Averigua c\u00f3mo puedes visualizar tu propia estrella personalizada en el cielo. Env\u00edos r\u00e1pidos a todo el mundo, \u00a1GRATIS!\",\n\t            \"breadcrumb\": {\n\t                \"@id\": \"https:\/\/osr.org\/es\/sobre-online-star-register-old\/#breadcrumb\"\n\t            },\n\t            \"inLanguage\": \"es\",\n\t            \"potentialAction\": [\n\t                {\n\t                    \"@type\": \"ReadAction\",\n\t                    \"target\": [\n\t                        \"https:\/\/osr.org\/es\/sobre-online-star-register-old\/\"\n\t                    ]\n\t                }\n\t            ]\n\t        },\n\t        {\n\t            \"@type\": \"BreadcrumbList\",\n\t            \"@id\": \"https:\/\/osr.org\/es\/sobre-online-star-register-old\/#breadcrumb\",\n\t            \"itemListElement\": [\n\t                {\n\t                    \"@type\": \"ListItem\",\n\t                    \"position\": 1,\n\t                    \"name\": \"Home\",\n\t                    \"item\": \"https:\/\/osr.org\/es\/\"\n\t                },\n\t                {\n\t                    \"@type\": \"ListItem\",\n\t                    \"position\": 2,\n\t                    \"name\": \"Sobre Online Star Register\"\n\t                }\n\t            ]\n\t        },\n\t        {\n\t            \"@type\": \"WebSite\",\n\t            \"@id\": \"https:\/\/osr.org\/es\/#website\",\n\t            \"url\": \"https:\/\/osr.org\/es\/\",\n\t            \"name\": \"Online Star Register\",\n\t            \"description\": \"\",\n\t            \"potentialAction\": [\n\t                {\n\t                    \"@type\": \"SearchAction\",\n\t                    \"target\": {\n\t                        \"@type\": \"EntryPoint\",\n\t                        \"urlTemplate\": \"https:\/\/osr.org\/es\/?s={search_term_string}\"\n\t                    },\n\t                    \"query-input\": {\n\t                        \"@type\": \"PropertyValueSpecification\",\n\t                        \"valueRequired\": true,\n\t                        \"valueName\": \"search_term_string\"\n\t                    }\n\t                }\n\t            ],\n\t            \"inLanguage\": \"es\"\n\t        }\n\t    ]\n\t}<\/script>\n<!-- \/ Yoast SEO plugin. -->","yoast_head_json":{"title":"Sobre Online Star Register (OSR)","description":"Informate m\u00e1s acerca de OSR. Averigua c\u00f3mo puedes visualizar tu propia estrella personalizada en el cielo. Env\u00edos r\u00e1pidos a todo el mundo, \u00a1GRATIS!","robots":{"index":"noindex","follow":"follow"},"og_locale":"es_ES","og_type":"article","og_title":"Sobre Online Star Register (OSR)","og_description":"Informate m\u00e1s acerca de OSR. Averigua c\u00f3mo puedes visualizar tu propia estrella personalizada en el cielo. Env\u00edos r\u00e1pidos a todo el mundo, \u00a1GRATIS!","og_url":"https:\/\/osr.org\/es\/sobre-online-star-register-old\/","og_site_name":"Online Star Register","article_modified_time":"2024-10-08T16:36:32+00:00","twitter_card":"summary_large_image","twitter_misc":{"Tiempo de lectura":"3 minutos"},"schema":{"@context":"https:\/\/schema.org","@graph":[{"@type":"WebPage","@id":"https:\/\/osr.org\/es\/sobre-online-star-register-old\/","url":"https:\/\/osr.org\/es\/sobre-online-star-register-old\/","name":"Sobre Online Star Register (OSR)","isPartOf":{"@id":"https:\/\/osr.org\/es\/#website"},"datePublished":"2015-11-16T21:51:07+00:00","dateModified":"2024-10-08T16:36:32+00:00","description":"Informate m\u00e1s acerca de OSR. Averigua c\u00f3mo puedes visualizar tu propia estrella personalizada en el cielo. Env\u00edos r\u00e1pidos a todo el mundo, \u00a1GRATIS!","breadcrumb":{"@id":"https:\/\/osr.org\/es\/sobre-online-star-register-old\/#breadcrumb"},"inLanguage":"es","potentialAction":[{"@type":"ReadAction","target":["https:\/\/osr.org\/es\/sobre-online-star-register-old\/"]}]},{"@type":"BreadcrumbList","@id":"https:\/\/osr.org\/es\/sobre-online-star-register-old\/#breadcrumb","itemListElement":[{"@type":"ListItem","position":1,"name":"Home","item":"https:\/\/osr.org\/es\/"},{"@type":"ListItem","position":2,"name":"Sobre Online Star Register"}]},{"@type":"WebSite","@id":"https:\/\/osr.org\/es\/#website","url":"https:\/\/osr.org\/es\/","name":"Online Star Register","description":"","potentialAction":[{"@type":"SearchAction","target":{"@type":"EntryPoint","urlTemplate":"https:\/\/osr.org\/es\/?s={search_term_string}"},"query-input":{"@type":"PropertyValueSpecification","valueRequired":true,"valueName":"search_term_string"}}],"inLanguage":"es"}]}},"_links":{"self":[{"href":"https:\/\/osr.org\/es\/wp-json\/wp\/v2\/pages\/2317","targetHints":{"allow":["GET"]}}],"collection":[{"href":"https:\/\/osr.org\/es\/wp-json\/wp\/v2\/pages"}],"about":[{"href":"https:\/\/osr.org\/es\/wp-json\/wp\/v2\/types\/page"}],"author":[{"embeddable":true,"href":"https:\/\/osr.org\/es\/wp-json\/wp\/v2\/users\/4"}],"replies":[{"embeddable":true,"href":"https:\/\/osr.org\/es\/wp-json\/wp\/v2\/comments?post=2317"}],"version-history":[{"count":5,"href":"https:\/\/osr.org\/es\/wp-json\/wp\/v2\/pages\/2317\/revisions"}],"predecessor-version":[{"id":466102,"href":"https:\/\/osr.org\/es\/wp-json\/wp\/v2\/pages\/2317\/revisions\/466102"}],"wp:attachment":[{"href":"https:\/\/osr.org\/es\/wp-json\/wp\/v2\/media?parent=2317"}],"curies":[{"name":"wp","href":"https:\/\/api.w.org\/{rel}","templated":true}]}}