{"id":199610,"date":"2022-04-01T17:03:31","date_gmt":"2022-04-01T15:03:31","guid":{"rendered":"https:\/\/osr.org\/la-tarjeta-de-regalo-osr\/the-osr-gift-card\/"},"modified":"2022-06-01T15:17:12","modified_gmt":"2022-06-01T13:17:12","slug":"la-tarjeta-de-regalo-osr-2","status":"publish","type":"page","link":"https:\/\/osr.org\/es\/la-tarjeta-de-regalo-osr\/la-tarjeta-de-regalo-osr-2\/","title":{"rendered":"La Tarjeta de Regalo OSR"},"content":{"rendered":"<p><strong>Con la Tarjeta de Regalo OSR, el destinatario puede bautizar una estrella y tambi\u00e9n elegir una fecha para la estrella, una constelaci\u00f3n y un tema del regalo. Puede recibir la tarjeta de regalo por correo o descargarla instant\u00e1neamente en formato PDF. Sigue leyendo para obtener m\u00e1s informaci\u00f3n sobre la Tarjeta de Regalo OSR.<\/strong><\/p>\n<ul>\n<li>Elige este regalo si deseas dejar la opci\u00f3n de elegir el nombre de estrella al destinatario<\/li>\n<li>Recibir\u00e1s una Tarjeta de Regalo, ya sea en l\u00ednea (PDF) o en tu buz\u00f3n (a trav\u00e9s de UPS)<\/li>\n<li>Con la Tarjeta de Regalo OSR, el destinatario podr\u00e1 solicitar su propio Paquete de Regalo OSR gratis<\/li>\n<\/ul>\n<p><strong><span class=\"blue-box\">\u00bfRecibiste la Tarjeta de Regalo OSR como regalo y te gustar\u00eda pedir tu Paquete de Regalo OSR gratis? <a href=\"https:\/\/osr.org\/es\/tarjeta-regalo\/\">\u00a1Bautiza una estrella GRATIS con tu Tarjeta de Regalo OSR aqu\u00ed<\/a>!<\/span><\/strong><\/p>\n<h2><span style=\"color: #15acdf;\">Sobre la Tarjeta de Regalo OSR<\/span><\/h2>\n<p>\u00bfY si deseas bautizar una estrella con el nombre de alguien, pero <em>te gustar\u00eda dejar la elecci\u00f3n del nombre de la estrella al destinatario del regalo<\/em>? Esto podr\u00eda ser muy posible, por ejemplo, si deseas sorprender&#8230;<\/p>\n<ul>\n<li>a los padres que est\u00e1n esperando un hijo<\/li>\n<li>a alguien a quien no conoces demasiado<\/li>\n<li>a alguien que crees le gustar\u00eda elegir su propio nombre para la estrella<\/li>\n<\/ul>\n<p>\u00a1Aqu\u00ed es donde la Tarjeta de Regalo OSR es perfecta, ya que ofrece justo eso! Las im\u00e1genes siguientes muestran c\u00f3mo funciona en detalle:<br \/>\n<div class=\"st-slider-container\"><div class=\"st-slider js-slider-shortcode\"><div class=\"swiper-slide\"><div class=\"st-slider__slide-inner\"><picture><source srcset=\"https:\/\/osr.org\/wp-content\/uploads\/2021\/10\/mobile-osr-gift-card-2d.jpg\" media=\"(max-width:640px)\"><img loading=\"lazy\" decoding=\"async\" src=\"https:\/\/osr.org\/wp-content\/uploads\/2021\/10\/osr-gift-card-2d.jpg\" width=\"650\" height=\"500\"><\/picture><div class=\"st-slider__slide-content\"><p>Con el c\u00f3digo \u00fanico de la Tarjeta de Regalo OSR, el destinatario puede ordenar el Paquete de Regalo OSR a trav\u00e9s de osr.org de forma gratuita. El destinatario podr\u00e1 elegir y bautizar la estrella \u00e9l mismo.<\/p>\n<\/div><\/div><\/div><div class=\"swiper-slide\"><div class=\"st-slider__slide-inner\"><picture><source srcset=\"https:\/\/osr.org\/wp-content\/uploads\/2021\/10\/mobile-osr-gift-card-physical.jpg\" media=\"(max-width:640px)\"><img loading=\"lazy\" decoding=\"async\" src=\"https:\/\/osr.org\/wp-content\/uploads\/2021\/10\/osr-gift-card-physical.jpg\" width=\"650\" height=\"500\"><\/picture><div class=\"st-slider__slide-content\"><p>Puedes solicitar la Tarjeta de Regalo OSR en forma f\u00edsica que se enviar\u00e1 a trav\u00e9s de UPS con costo adicional.<\/p>\n<\/div><\/div><\/div><div class=\"swiper-slide\"><div class=\"st-slider__slide-inner\"><picture><source srcset=\"https:\/\/osr.org\/wp-content\/uploads\/2021\/10\/mobile-osr-gift-card-wrapped.jpg\" media=\"(max-width:640px)\"><img loading=\"lazy\" decoding=\"async\" src=\"https:\/\/osr.org\/wp-content\/uploads\/2021\/10\/osr-gift-card-wrapped.jpg\" width=\"650\" height=\"500\"><\/picture><div class=\"st-slider__slide-content\"><p>La Tarjeta de Regalo OSR f\u00edsica viene con una elegante envoltura de regalo. Puedes incluir un mensaje personal en el interior.<\/p>\n<\/div><\/div><\/div><div class=\"swiper-slide\"><div class=\"st-slider__slide-inner\"><picture><source srcset=\"https:\/\/osr.org\/wp-content\/uploads\/2021\/10\/mobile-gift-card-online.jpg\" media=\"(max-width:640px)\"><img loading=\"lazy\" decoding=\"async\" src=\"https:\/\/osr.org\/wp-content\/uploads\/2021\/10\/gift-card-online.jpg\" width=\"650\" height=\"500\"><\/picture><div class=\"st-slider__slide-content\"><p>Tambi\u00e9n puedes optar por nuestra Tarjeta de Regalo en l\u00ednea (sin gastos de env\u00edo), que puedes descargar de forma instant\u00e1nea (PDF).<\/p>\n<\/div><\/div><\/div><\/div><\/div><\/p>\n<h2><span style=\"color: #15acdf;\">Delivery: Instant (PDF) or with UPS<\/span><\/h2>\n<p style=\"text-align: left;\"><img loading=\"lazy\" decoding=\"async\" class=\"alignnone size-full wp-image-20325\" src=\"https:\/\/osr.org\/wp-content\/uploads\/2017\/10\/which-osr-gift-card.jpg\" alt=\"Cu\u00e1l Tarjeta de Regalo OSR\" width=\"650\" height=\"217\" \/><br \/>\nPara su conveniencia, le ofrecemos dos versiones de la Tarjeta de Regalo:<\/p>\n<ol>\n<li>La<strong>Tarjeta de Regalo en l\u00ednea<\/strong> tiene env\u00edo gratuito. La puedes descargar al instante (PDF) luego de tu compra.<\/li>\n<li>La <strong>Tarjeta de Regalo OSR<\/strong> es una tarjeta de regalo f\u00edsica con una lujosa envoltura para regalo que se env\u00eda a trav\u00e9s de UPS (debido al valor de la Tarjeta de Regalo) dentro de las 48 horas. El costo de env\u00edo depende de su ubicaci\u00f3n.<\/li>\n<\/ol>\n<p style=\"text-align: center;\"><a class=\"button button-orange medium arrow\" href=\"\/order\/es\/giftcard?currency_id=2\"><strong>\u00a1Elige tu Tarjeta de Regalo!<\/strong><\/a><\/p>\n<h2><span style=\"color: #15acdf;\">\u00bfQu\u00e9 puedes pedir con la Tarjeta de Regalo?<\/span><\/h2>\n<p>Con el c\u00f3digo \u00fanico en la Tarjeta de Regalo OSR, el destinatario puede pedir el Paquete de Regalo OSR a trav\u00e9s de osr.org GRATIS. El destinatario podr\u00e1 elegir el nombre de la estrella \u00e9l mismo y elegir una fecha para la estrella, una constelaci\u00f3n y el tema del regalo. Las im\u00e1genes siguientes muestran el contenido del Paquete de Regalo OSR:<\/p>\n<div class=\"st-slider-container\"><div class=\"st-slider js-slider-shortcode\"><div class=\"swiper-slide\"><div class=\"st-slider__slide-inner\"><picture><source srcset=\"https:\/\/osr.org\/wp-content\/uploads\/2022\/02\/Mobile-Totaalpakket.jpg\" media=\"(max-width:640px)\"><img loading=\"lazy\" decoding=\"async\" src=\"https:\/\/osr.org\/wp-content\/uploads\/2022\/02\/Totaalpakket.jpg\" width=\"650\" height=\"500\"><\/picture><div class=\"st-slider__slide-content\"><p>\u00a1Descubre los art\u00edculos del regalo en el Paquete del Regalo OSR - nuestro regalo m\u00e1s popular!<\/p>\n<\/div><\/div><\/div><div class=\"swiper-slide\"><div class=\"st-slider__slide-inner\"><picture><source srcset=\"https:\/\/osr.org\/wp-content\/uploads\/2021\/10\/Mobile-Certificaat-1.jpg\" media=\"(max-width:640px)\"><img loading=\"lazy\" decoding=\"async\" src=\"https:\/\/osr.org\/wp-content\/uploads\/2021\/10\/Certificaat-1.jpg\" width=\"650\" height=\"500\"><\/picture><div class=\"st-slider__slide-content\"><p>El Certificado de Estrella est\u00e1 impreso en papel de lujo y contiene las coordenadas de la estrella, el nombre de la estrella y la fecha de la estrella.<\/p>\n<\/div><\/div><\/div><div class=\"swiper-slide\"><div class=\"st-slider__slide-inner\"><picture><source srcset=\"https:\/\/osr.org\/wp-content\/uploads\/2021\/10\/Mobile-Info-Sheet-1.jpg\" media=\"(max-width:640px)\"><img loading=\"lazy\" decoding=\"async\" src=\"https:\/\/osr.org\/wp-content\/uploads\/2021\/10\/Info-Sheet-1.jpg\" width=\"650\" height=\"500\"><\/picture><div class=\"st-slider__slide-content\"><p>Esta planilla explica c\u00f3mo puedes usar todas las caracter\u00edsticas de tu regalo estrella usando el c\u00f3digo \u00fanico OSR.<\/p>\n<\/div><\/div><\/div><div class=\"swiper-slide\"><div class=\"st-slider__slide-inner\"><picture><source srcset=\"https:\/\/osr.org\/wp-content\/uploads\/2021\/10\/Mobile-Sticker-2.jpg\" media=\"(max-width:640px)\"><img loading=\"lazy\" decoding=\"async\" src=\"https:\/\/osr.org\/wp-content\/uploads\/2021\/10\/Sticker-2.jpg\" width=\"650\" height=\"500\"><\/picture><div class=\"st-slider__slide-content\"><p>La estrella que est\u00e1 en la planilla explicativa es tambi\u00e9n una pegatina que brilla en la oscuridad.<\/p>\n<\/div><\/div><\/div><div class=\"swiper-slide\"><div class=\"st-slider__slide-inner\"><picture><source srcset=\"https:\/\/osr.org\/wp-content\/uploads\/2021\/10\/Mobile-Sticker.jpg\" media=\"(max-width:640px)\"><img loading=\"lazy\" decoding=\"async\" src=\"https:\/\/osr.org\/wp-content\/uploads\/2021\/10\/Sticker.jpg\" width=\"650\" height=\"500\"><\/picture><div class=\"st-slider__slide-content\"><p>La estrella que est\u00e1 en la planilla explicativa es tambi\u00e9n una pegatina que brilla en la oscuridad.<\/p>\n<\/div><\/div><\/div><div class=\"swiper-slide\"><div class=\"st-slider__slide-inner\"><picture><source srcset=\"https:\/\/osr.org\/wp-content\/uploads\/2021\/10\/Mobile-Tekstkaart-1.jpg\" media=\"(max-width:640px)\"><img loading=\"lazy\" decoding=\"async\" src=\"https:\/\/osr.org\/wp-content\/uploads\/2021\/10\/Tekstkaart.jpg\" width=\"650\" height=\"500\"><\/picture><div class=\"st-slider__slide-content\"><p>En el formulario de pedido puedes agregar un mensaje personal para el destinatario, que ser\u00e1 impreso en esta tarjeta.<\/p>\n<\/div><\/div><\/div><div class=\"swiper-slide\"><div class=\"st-slider__slide-inner\"><picture><source srcset=\"https:\/\/osr.org\/wp-content\/uploads\/2021\/10\/Mobile-Star-Map.jpg\" media=\"(max-width:640px)\"><img loading=\"lazy\" decoding=\"async\" src=\"https:\/\/osr.org\/wp-content\/uploads\/2021\/10\/Star-Map.jpg\" width=\"650\" height=\"500\"><\/picture><div class=\"st-slider__slide-content\"><p>Este cuadro de estrella detallado y rotativo te ayudar\u00e1 a localizar tu estrella en el cielo nocturno.<\/p>\n<\/div><\/div><\/div><div class=\"swiper-slide\"><div class=\"st-slider__slide-inner\"><picture><source srcset=\"https:\/\/osr.org\/wp-content\/uploads\/2021\/10\/Mobile-Brief-1.jpg\" media=\"(max-width:640px)\"><img loading=\"lazy\" decoding=\"async\" src=\"https:\/\/osr.org\/wp-content\/uploads\/2021\/10\/Brief-1.jpg\" width=\"650\" height=\"500\"><\/picture><div class=\"st-slider__slide-content\"><p>La nota oficial de OSR, que confirma el registro de la estrella en el Online Star Register.<\/p>\n<\/div><\/div><\/div><div class=\"swiper-slide\"><div class=\"st-slider__slide-inner\"><picture><source srcset=\"https:\/\/osr.org\/wp-content\/uploads\/2022\/02\/Mobile-Envelope.jpg\" media=\"(max-width:640px)\"><img loading=\"lazy\" decoding=\"async\" src=\"https:\/\/osr.org\/wp-content\/uploads\/2022\/02\/Envelope.jpg\" width=\"650\" height=\"500\"><\/picture><div class=\"st-slider__slide-content\"><p>Hay envoltorio de regalo especial disponible para cada ocasi\u00f3n. Por ejemplo: general, cumplea\u00f1os, amor, Navidad, un nacimiento o una boda.<\/p>\n<\/div><\/div><\/div><div class=\"swiper-slide\"><div class=\"st-slider__slide-inner\"><picture><source srcset=\"https:\/\/osr.org\/wp-content\/uploads\/2022\/02\/Mobile-Snazzy-bag.jpg\" media=\"(max-width:640px)\"><img loading=\"lazy\" decoding=\"async\" src=\"https:\/\/osr.org\/wp-content\/uploads\/2022\/02\/Snazzy-bag.jpg\" width=\"650\" height=\"500\"><\/picture><div class=\"st-slider__slide-content\"><p>El elegante paquete de regalo cabe en cualquier buz\u00f3n; as\u00ed no tendr\u00e1 que quedarse en casa para recibirlo.<\/p>\n<\/div><\/div><\/div><div class=\"swiper-slide\"><div class=\"st-slider__slide-inner\"><picture><source srcset=\"https:\/\/osr.org\/wp-content\/uploads\/2021\/10\/Mobile-OMS.jpg\" media=\"(max-width:640px)\"><img loading=\"lazy\" decoding=\"async\" src=\"https:\/\/osr.org\/wp-content\/uploads\/2021\/10\/OMS.jpg\" width=\"650\" height=\"500\"><\/picture><div class=\"st-slider__slide-content\"><p>Cada estrella bautizada puede visualizarse en la aplicaci\u00f3n de navegador 3D \u00fanica One Million Stars.<\/p>\n<\/div><\/div><\/div><div class=\"swiper-slide\"><div class=\"st-slider__slide-inner\"><picture><source srcset=\"https:\/\/osr.org\/wp-content\/uploads\/2021\/10\/Star-Finder-App-SML.jpg\" media=\"(max-width:640px)\"><img loading=\"lazy\" decoding=\"async\" src=\"https:\/\/osr.org\/wp-content\/uploads\/2021\/10\/Star-Finder-App-1.jpg\" width=\"650\" height=\"500\"><\/picture><div class=\"st-slider__slide-content\"><p>\u00a1Encuentra tu estrella f\u00e1cilmente con la aplicaci\u00f3n m\u00f3vil Star Finder!<\/p>\n<\/div><\/div><\/div><div class=\"swiper-slide\"><div class=\"st-slider__slide-inner\"><picture><source srcset=\"https:\/\/osr.org\/wp-content\/uploads\/2021\/10\/Mobile-Star-Page-1.jpg\" media=\"(max-width:640px)\"><img loading=\"lazy\" decoding=\"async\" src=\"https:\/\/osr.org\/wp-content\/uploads\/2021\/10\/Star-Page.jpg\" width=\"650\" height=\"500\"><\/picture><div class=\"st-slider__slide-content\"><p>En la Star Page especial puedes agregar mensajes, im\u00e1genes y un video. \u00a1Incluso tiene un libro de visitas y puedes pedir a amigos y familiares que lo firmen!<\/p>\n<\/div><\/div><\/div><\/div><\/div>\n<p style=\"text-align: center;\"><a class=\"button button-orange medium arrow\" href=\"\/order\/es\/giftcard?currency_id=2\"><strong>\u00a1Solicita la Tarjeta de Regalo OSR ahora!<\/strong><\/a><\/p>\n<h2><span style=\"color: #15acdf;\">Tarjetas de Regalo OSR como regalo empresarial<\/span><\/h2>\n<p>\u00a1La Tarjeta de Regalo OSR es perfecta para las empresas! S\u00f3lo elija la Tarjeta de Regalo OSR f\u00edsica o nuestra Tarjeta de Regalo en l\u00ednea. Luego, el destinatario puede registrar y bautizar su propia estrella y as\u00ed no tienes que hacerlo t\u00fa. La mejor parte es que cada destinatario recibir\u00e1 el Paquete de Regalo OSR en su propia direcci\u00f3n.<\/p>\n<ul>\n<li>Es r\u00e1pido y f\u00e1cil (env\u00edo dentro de las 48 horas a trav\u00e9s de UPS)<\/li>\n<li>No necesita personalizar<\/li>\n<li>Perfecto para muchas ocasiones como aniversarios, Navidad, celebraciones de fin de a\u00f1o o para celebrar haber alcanzado un objetivo<\/li>\n<\/ul>\n<p>Muchas empresas han elegido Online Star Register como regalo empresarial. El regalo es un excelente recordatorio del aprecio hacia colegas, empleados, clientes u otras relaciones de negocios. Ellos son realmente las estrellas que hacen brillar a las empresas. \u00a1Solicita la Tarjeta de Regalo OSR ahora y dales el regalo empresarial m\u00e1s original del universo!<\/p>\n<p style=\"text-align: center;\"><a class=\"button button-blue medium arrow\" href=\"https:\/\/osr.org\/es\/obsequios-corporativos\/\"><strong>P\u00f3ngase en contacto con nosotros para solicitar su regalo empresarial<\/strong><\/a><\/p>\n<p><span class=\"blue-box\"><strong>Consejo<\/strong>: tambi\u00e9n es posible pedir tarjetas de regalo en grandes cantidades al instante <a href=\"https:\/\/osr.org\/order\/es\/giftcard?currency_id=2\">a trav\u00e9s de nuestro formulario de solicitud<\/a>.<\/span><\/p>\n","protected":false},"excerpt":{"rendered":"<p>Con la Tarjeta de Regalo OSR, el destinatario puede bautizar una estrella y tambi\u00e9n elegir una fecha para la estrella, una constelaci\u00f3n y un tema del regalo. Puede recibir la tarjeta de regalo por correo o descargarla instant\u00e1neamente en formato PDF. Sigue leyendo para obtener m\u00e1s informaci\u00f3n sobre la Tarjeta de Regalo OSR. Elige este [&hellip;]<\/p>\n","protected":false},"author":4,"featured_media":0,"parent":199623,"menu_order":0,"comment_status":"closed","ping_status":"closed","template":"page-osr-gift-card-sub.php","meta":{"_acf_changed":false,"inline_featured_image":false,"footnotes":""},"class_list":["post-199610","page","type-page","status-publish","hentry"],"acf":[],"yoast_head":"<!-- This site is optimized with the Yoast SEO plugin v27.1.1 - https:\/\/yoast.com\/product\/yoast-seo-wordpress\/ -->\n<title>La Tarjeta de Regalo OSR - Online Star Register<\/title>\n<meta name=\"description\" content=\"\u00bfY si desearas bautizar una estrella con el nombre de alguien, pero quieres que el destinatario elija el nombre? \u00a1Pide la tarjeta de regalo OSR!\" \/>\n<meta name=\"robots\" content=\"index, follow, max-snippet:-1, max-image-preview:large, max-video-preview:-1\" \/>\n<link rel=\"canonical\" href=\"https:\/\/osr.org\/es\/la-tarjeta-de-regalo-osr\/la-tarjeta-de-regalo-osr-2\/\" \/>\n<meta property=\"og:locale\" content=\"es_ES\" \/>\n<meta property=\"og:type\" content=\"article\" \/>\n<meta property=\"og:title\" content=\"La Tarjeta de Regalo OSR - Online Star Register\" \/>\n<meta property=\"og:description\" content=\"\u00bfY si desearas bautizar una estrella con el nombre de alguien, pero quieres que el destinatario elija el nombre? \u00a1Pide la tarjeta de regalo OSR!\" \/>\n<meta property=\"og:url\" content=\"https:\/\/osr.org\/es\/la-tarjeta-de-regalo-osr\/la-tarjeta-de-regalo-osr-2\/\" \/>\n<meta property=\"og:site_name\" content=\"Online Star Register\" \/>\n<meta property=\"article:modified_time\" content=\"2022-06-01T13:17:12+00:00\" \/>\n<meta property=\"og:image\" content=\"https:\/\/osr.org\/wp-content\/uploads\/2017\/10\/which-osr-gift-card.jpg\" \/>\n<meta name=\"twitter:card\" content=\"summary_large_image\" \/>\n<meta name=\"twitter:label1\" content=\"Tiempo de lectura\" \/>\n\t<meta name=\"twitter:data1\" content=\"3 minutos\" \/>\n<script type=\"application\/ld+json\" class=\"yoast-schema-graph\">{\n\t    \"@context\": \"https:\/\/schema.org\",\n\t    \"@graph\": [\n\t        {\n\t            \"@type\": \"WebPage\",\n\t            \"@id\": \"https:\/\/osr.org\/es\/la-tarjeta-de-regalo-osr\/la-tarjeta-de-regalo-osr-2\/\",\n\t            \"url\": \"https:\/\/osr.org\/es\/la-tarjeta-de-regalo-osr\/la-tarjeta-de-regalo-osr-2\/\",\n\t            \"name\": \"La Tarjeta de Regalo OSR - Online Star Register\",\n\t            \"isPartOf\": {\n\t                \"@id\": \"https:\/\/osr.org\/es\/#website\"\n\t            },\n\t            \"primaryImageOfPage\": {\n\t                \"@id\": \"https:\/\/osr.org\/es\/la-tarjeta-de-regalo-osr\/la-tarjeta-de-regalo-osr-2\/#primaryimage\"\n\t            },\n\t            \"image\": {\n\t                \"@id\": \"https:\/\/osr.org\/es\/la-tarjeta-de-regalo-osr\/la-tarjeta-de-regalo-osr-2\/#primaryimage\"\n\t            },\n\t            \"thumbnailUrl\": \"https:\/\/osr.org\/wp-content\/uploads\/2017\/10\/which-osr-gift-card.jpg\",\n\t            \"datePublished\": \"2022-04-01T15:03:31+00:00\",\n\t            \"dateModified\": \"2022-06-01T13:17:12+00:00\",\n\t            \"description\": \"\u00bfY si desearas bautizar una estrella con el nombre de alguien, pero quieres que el destinatario elija el nombre? \u00a1Pide la tarjeta de regalo OSR!\",\n\t            \"breadcrumb\": {\n\t                \"@id\": \"https:\/\/osr.org\/es\/la-tarjeta-de-regalo-osr\/la-tarjeta-de-regalo-osr-2\/#breadcrumb\"\n\t            },\n\t            \"inLanguage\": \"es\",\n\t            \"potentialAction\": [\n\t                {\n\t                    \"@type\": \"ReadAction\",\n\t                    \"target\": [\n\t                        \"https:\/\/osr.org\/es\/la-tarjeta-de-regalo-osr\/la-tarjeta-de-regalo-osr-2\/\"\n\t                    ]\n\t                }\n\t            ]\n\t        },\n\t        {\n\t            \"@type\": \"ImageObject\",\n\t            \"inLanguage\": \"es\",\n\t            \"@id\": \"https:\/\/osr.org\/es\/la-tarjeta-de-regalo-osr\/la-tarjeta-de-regalo-osr-2\/#primaryimage\",\n\t            \"url\": \"https:\/\/osr.org\/wp-content\/uploads\/2017\/10\/which-osr-gift-card.jpg\",\n\t            \"contentUrl\": \"https:\/\/osr.org\/wp-content\/uploads\/2017\/10\/which-osr-gift-card.jpg\"\n\t        },\n\t        {\n\t            \"@type\": \"BreadcrumbList\",\n\t            \"@id\": \"https:\/\/osr.org\/es\/la-tarjeta-de-regalo-osr\/la-tarjeta-de-regalo-osr-2\/#breadcrumb\",\n\t            \"itemListElement\": [\n\t                {\n\t                    \"@type\": \"ListItem\",\n\t                    \"position\": 1,\n\t                    \"name\": \"Home\",\n\t                    \"item\": \"https:\/\/osr.org\/es\/\"\n\t                },\n\t                {\n\t                    \"@type\": \"ListItem\",\n\t                    \"position\": 2,\n\t                    \"name\": \"La Tarjeta de Regalo OSR\",\n\t                    \"item\": \"https:\/\/osr.org\/es\/la-tarjeta-de-regalo-osr\/\"\n\t                },\n\t                {\n\t                    \"@type\": \"ListItem\",\n\t                    \"position\": 3,\n\t                    \"name\": \"La Tarjeta de Regalo OSR\"\n\t                }\n\t            ]\n\t        },\n\t        {\n\t            \"@type\": \"WebSite\",\n\t            \"@id\": \"https:\/\/osr.org\/es\/#website\",\n\t            \"url\": \"https:\/\/osr.org\/es\/\",\n\t            \"name\": \"Online Star Register\",\n\t            \"description\": \"\",\n\t            \"potentialAction\": [\n\t                {\n\t                    \"@type\": \"SearchAction\",\n\t                    \"target\": {\n\t                        \"@type\": \"EntryPoint\",\n\t                        \"urlTemplate\": \"https:\/\/osr.org\/es\/?s={search_term_string}\"\n\t                    },\n\t                    \"query-input\": {\n\t                        \"@type\": \"PropertyValueSpecification\",\n\t                        \"valueRequired\": true,\n\t                        \"valueName\": \"search_term_string\"\n\t                    }\n\t                }\n\t            ],\n\t            \"inLanguage\": \"es\"\n\t        }\n\t    ]\n\t}<\/script>\n<!-- \/ Yoast SEO plugin. -->","yoast_head_json":{"title":"La Tarjeta de Regalo OSR - Online Star Register","description":"\u00bfY si desearas bautizar una estrella con el nombre de alguien, pero quieres que el destinatario elija el nombre? \u00a1Pide la tarjeta de regalo OSR!","robots":{"index":"index","follow":"follow","max-snippet":"max-snippet:-1","max-image-preview":"max-image-preview:large","max-video-preview":"max-video-preview:-1"},"canonical":"https:\/\/osr.org\/es\/la-tarjeta-de-regalo-osr\/la-tarjeta-de-regalo-osr-2\/","og_locale":"es_ES","og_type":"article","og_title":"La Tarjeta de Regalo OSR - Online Star Register","og_description":"\u00bfY si desearas bautizar una estrella con el nombre de alguien, pero quieres que el destinatario elija el nombre? \u00a1Pide la tarjeta de regalo OSR!","og_url":"https:\/\/osr.org\/es\/la-tarjeta-de-regalo-osr\/la-tarjeta-de-regalo-osr-2\/","og_site_name":"Online Star Register","article_modified_time":"2022-06-01T13:17:12+00:00","og_image":[{"url":"https:\/\/osr.org\/wp-content\/uploads\/2017\/10\/which-osr-gift-card.jpg","type":"","width":"","height":""}],"twitter_card":"summary_large_image","twitter_misc":{"Tiempo de lectura":"3 minutos"},"schema":{"@context":"https:\/\/schema.org","@graph":[{"@type":"WebPage","@id":"https:\/\/osr.org\/es\/la-tarjeta-de-regalo-osr\/la-tarjeta-de-regalo-osr-2\/","url":"https:\/\/osr.org\/es\/la-tarjeta-de-regalo-osr\/la-tarjeta-de-regalo-osr-2\/","name":"La Tarjeta de Regalo OSR - Online Star Register","isPartOf":{"@id":"https:\/\/osr.org\/es\/#website"},"primaryImageOfPage":{"@id":"https:\/\/osr.org\/es\/la-tarjeta-de-regalo-osr\/la-tarjeta-de-regalo-osr-2\/#primaryimage"},"image":{"@id":"https:\/\/osr.org\/es\/la-tarjeta-de-regalo-osr\/la-tarjeta-de-regalo-osr-2\/#primaryimage"},"thumbnailUrl":"https:\/\/osr.org\/wp-content\/uploads\/2017\/10\/which-osr-gift-card.jpg","datePublished":"2022-04-01T15:03:31+00:00","dateModified":"2022-06-01T13:17:12+00:00","description":"\u00bfY si desearas bautizar una estrella con el nombre de alguien, pero quieres que el destinatario elija el nombre? \u00a1Pide la tarjeta de regalo OSR!","breadcrumb":{"@id":"https:\/\/osr.org\/es\/la-tarjeta-de-regalo-osr\/la-tarjeta-de-regalo-osr-2\/#breadcrumb"},"inLanguage":"es","potentialAction":[{"@type":"ReadAction","target":["https:\/\/osr.org\/es\/la-tarjeta-de-regalo-osr\/la-tarjeta-de-regalo-osr-2\/"]}]},{"@type":"ImageObject","inLanguage":"es","@id":"https:\/\/osr.org\/es\/la-tarjeta-de-regalo-osr\/la-tarjeta-de-regalo-osr-2\/#primaryimage","url":"https:\/\/osr.org\/wp-content\/uploads\/2017\/10\/which-osr-gift-card.jpg","contentUrl":"https:\/\/osr.org\/wp-content\/uploads\/2017\/10\/which-osr-gift-card.jpg"},{"@type":"BreadcrumbList","@id":"https:\/\/osr.org\/es\/la-tarjeta-de-regalo-osr\/la-tarjeta-de-regalo-osr-2\/#breadcrumb","itemListElement":[{"@type":"ListItem","position":1,"name":"Home","item":"https:\/\/osr.org\/es\/"},{"@type":"ListItem","position":2,"name":"La Tarjeta de Regalo OSR","item":"https:\/\/osr.org\/es\/la-tarjeta-de-regalo-osr\/"},{"@type":"ListItem","position":3,"name":"La Tarjeta de Regalo OSR"}]},{"@type":"WebSite","@id":"https:\/\/osr.org\/es\/#website","url":"https:\/\/osr.org\/es\/","name":"Online Star Register","description":"","potentialAction":[{"@type":"SearchAction","target":{"@type":"EntryPoint","urlTemplate":"https:\/\/osr.org\/es\/?s={search_term_string}"},"query-input":{"@type":"PropertyValueSpecification","valueRequired":true,"valueName":"search_term_string"}}],"inLanguage":"es"}]}},"_links":{"self":[{"href":"https:\/\/osr.org\/es\/wp-json\/wp\/v2\/pages\/199610","targetHints":{"allow":["GET"]}}],"collection":[{"href":"https:\/\/osr.org\/es\/wp-json\/wp\/v2\/pages"}],"about":[{"href":"https:\/\/osr.org\/es\/wp-json\/wp\/v2\/types\/page"}],"author":[{"embeddable":true,"href":"https:\/\/osr.org\/es\/wp-json\/wp\/v2\/users\/4"}],"replies":[{"embeddable":true,"href":"https:\/\/osr.org\/es\/wp-json\/wp\/v2\/comments?post=199610"}],"version-history":[{"count":3,"href":"https:\/\/osr.org\/es\/wp-json\/wp\/v2\/pages\/199610\/revisions"}],"predecessor-version":[{"id":199747,"href":"https:\/\/osr.org\/es\/wp-json\/wp\/v2\/pages\/199610\/revisions\/199747"}],"up":[{"embeddable":true,"href":"https:\/\/osr.org\/es\/wp-json\/wp\/v2\/pages\/199623"}],"wp:attachment":[{"href":"https:\/\/osr.org\/es\/wp-json\/wp\/v2\/media?parent=199610"}],"curies":[{"name":"wp","href":"https:\/\/api.w.org\/{rel}","templated":true}]}}