{"id":3292,"date":"2015-11-17T15:34:17","date_gmt":"2015-11-17T13:34:17","guid":{"rendered":"https:\/\/osr.org\/de\/?page_id=3292"},"modified":"2023-01-25T08:50:46","modified_gmt":"2023-01-25T06:50:46","slug":"sitemap","status":"publish","type":"page","link":"https:\/\/osr.org\/de\/sitemap\/","title":{"rendered":"Sitemap"},"content":{"rendered":"<ul>\n<li><a title=\"Sterntaufe\" href=\"https:\/\/osr.org\/de\/\"><strong>Sterntaufe<\/strong><\/a><\/li>\n<li><a href=\"\/de\/geschenke-fur\/funfzigster-geburtstag\/\">F\u00fcnfzigster Geburtstag<\/a><\/li>\n<li><a href=\"\/de\/geschenke-fur\/geburt-junge\/\">Geburtsgeschenk Junge<\/a><\/li>\n<li><a href=\"\/de\/geschenke-fur\/geburt-madchen\/\">Geburtsgeschenk M\u00e4dchen<\/a><\/li>\n<li><a href=\"\/de\/geschenke-fur\/geburtstag\/\">Geburtstagsgeschenk<\/a><\/li>\n<li><a href=\"\/de\/geschenke-fur\/hochzeit\/\">Hochzeitsgeschenk<\/a><\/li>\n<li><a href=\"\/de\/geschenke-fur\/jubilaum\/\">Jubil\u00e4umsgeschenk<\/a><\/li>\n<li><a href=\"\/de\/geschenke-fur\/liebe\/\">Liebesgeschenk<\/a><\/li>\n<li><a href=\"https:\/\/osr.org\/de\/geschenke-fur\/muttertag\/\">Muttertagsgeschenk<\/a><\/li>\n<li><a href=\"\/de\/geschenke-fur\/silvester\/\">Silvestergeschenk<\/a><\/li>\n<li><a href=\"\/de\/geschenke-fur\/sterbefall\/\">Sterbefall<\/a><\/li>\n<li><a href=\"\/de\/geschenke-fur\/taufe-junge\/\">Taufgeschenk Junge<\/a><\/li>\n<li><a href=\"\/de\/geschenke-fur\/taufe-madchen\/\">Taufgeschenk M\u00e4dchen<\/a><\/li>\n<li><a href=\"\/de\/geschenke-fur\/valentinstag\/\">Valentinsgeschenk<\/a><\/li>\n<li><a href=\"\/de\/geschenke-fur\/vatertag\/\">Vatertagsgeschenk<\/a><\/li>\n<li><a href=\"\/de\/geschenke-fur\/weihnacht\/\">Weihnachtsgeschenk<\/a><\/li>\n<\/ul>\n","protected":false},"excerpt":{"rendered":"<p>Sterntaufe F\u00fcnfzigster Geburtstag Geburtsgeschenk Junge Geburtsgeschenk M\u00e4dchen Geburtstagsgeschenk Hochzeitsgeschenk Jubil\u00e4umsgeschenk Liebesgeschenk Muttertagsgeschenk Silvestergeschenk Sterbefall Taufgeschenk Junge Taufgeschenk M\u00e4dchen Valentinsgeschenk Vatertagsgeschenk Weihnachtsgeschenk<\/p>\n","protected":false},"author":4,"featured_media":0,"parent":0,"menu_order":0,"comment_status":"closed","ping_status":"closed","template":"page-about.php","meta":{"_acf_changed":false,"inline_featured_image":false,"footnotes":""},"class_list":["post-3292","page","type-page","status-publish","hentry"],"acf":[],"yoast_head":"<!-- This site is optimized with the Yoast SEO plugin v27.1.1 - https:\/\/yoast.com\/product\/yoast-seo-wordpress\/ -->\n<title>Sitemap - Online Star Register<\/title>\n<meta name=\"description\" content=\"Hier findest du die Sitemap des Online Star Register.\" \/>\n<meta name=\"robots\" content=\"index, follow, max-snippet:-1, max-image-preview:large, max-video-preview:-1\" \/>\n<link rel=\"canonical\" href=\"https:\/\/osr.org\/de\/sitemap\/\" \/>\n<meta property=\"og:locale\" content=\"de_DE\" \/>\n<meta property=\"og:type\" content=\"article\" \/>\n<meta property=\"og:title\" content=\"Sitemap - Online Star Register\" \/>\n<meta property=\"og:description\" content=\"Hier findest du die Sitemap des Online Star Register.\" \/>\n<meta property=\"og:url\" content=\"https:\/\/osr.org\/de\/sitemap\/\" \/>\n<meta property=\"og:site_name\" content=\"Online Star Register\" \/>\n<meta property=\"article:modified_time\" content=\"2023-01-25T06:50:46+00:00\" \/>\n<meta name=\"twitter:card\" content=\"summary_large_image\" \/>\n<meta name=\"twitter:label1\" content=\"Gesch\u00e4tzte Lesezeit\" \/>\n\t<meta name=\"twitter:data1\" content=\"1\u00a0Minute\" \/>\n<script type=\"application\/ld+json\" class=\"yoast-schema-graph\">{\n\t    \"@context\": \"https:\/\/schema.org\",\n\t    \"@graph\": [\n\t        {\n\t            \"@type\": \"WebPage\",\n\t            \"@id\": \"https:\/\/osr.org\/de\/sitemap\/\",\n\t            \"url\": \"https:\/\/osr.org\/de\/sitemap\/\",\n\t            \"name\": \"Sitemap - Online Star Register\",\n\t            \"isPartOf\": {\n\t                \"@id\": \"https:\/\/osr.org\/de\/#website\"\n\t            },\n\t            \"datePublished\": \"2015-11-17T13:34:17+00:00\",\n\t            \"dateModified\": \"2023-01-25T06:50:46+00:00\",\n\t            \"description\": \"Hier findest du die Sitemap des Online Star Register.\",\n\t            \"breadcrumb\": {\n\t                \"@id\": \"https:\/\/osr.org\/de\/sitemap\/#breadcrumb\"\n\t            },\n\t            \"inLanguage\": \"de\",\n\t            \"potentialAction\": [\n\t                {\n\t                    \"@type\": \"ReadAction\",\n\t                    \"target\": [\n\t                        \"https:\/\/osr.org\/de\/sitemap\/\"\n\t                    ]\n\t                }\n\t            ]\n\t        },\n\t        {\n\t            \"@type\": \"BreadcrumbList\",\n\t            \"@id\": \"https:\/\/osr.org\/de\/sitemap\/#breadcrumb\",\n\t            \"itemListElement\": [\n\t                {\n\t                    \"@type\": \"ListItem\",\n\t                    \"position\": 1,\n\t                    \"name\": \"Home\",\n\t                    \"item\": \"https:\/\/osr.org\/de\/\"\n\t                },\n\t                {\n\t                    \"@type\": \"ListItem\",\n\t                    \"position\": 2,\n\t                    \"name\": \"Sitemap\"\n\t                }\n\t            ]\n\t        },\n\t        {\n\t            \"@type\": \"WebSite\",\n\t            \"@id\": \"https:\/\/osr.org\/de\/#website\",\n\t            \"url\": \"https:\/\/osr.org\/de\/\",\n\t            \"name\": \"Online Star Register\",\n\t            \"description\": \"\",\n\t            \"potentialAction\": [\n\t                {\n\t                    \"@type\": \"SearchAction\",\n\t                    \"target\": {\n\t                        \"@type\": \"EntryPoint\",\n\t                        \"urlTemplate\": \"https:\/\/osr.org\/de\/?s={search_term_string}\"\n\t                    },\n\t                    \"query-input\": {\n\t                        \"@type\": \"PropertyValueSpecification\",\n\t                        \"valueRequired\": true,\n\t                        \"valueName\": \"search_term_string\"\n\t                    }\n\t                }\n\t            ],\n\t            \"inLanguage\": \"de\"\n\t        }\n\t    ]\n\t}<\/script>\n<!-- \/ Yoast SEO plugin. -->","yoast_head_json":{"title":"Sitemap - Online Star Register","description":"Hier findest du die Sitemap des Online Star Register.","robots":{"index":"index","follow":"follow","max-snippet":"max-snippet:-1","max-image-preview":"max-image-preview:large","max-video-preview":"max-video-preview:-1"},"canonical":"https:\/\/osr.org\/de\/sitemap\/","og_locale":"de_DE","og_type":"article","og_title":"Sitemap - Online Star Register","og_description":"Hier findest du die Sitemap des Online Star Register.","og_url":"https:\/\/osr.org\/de\/sitemap\/","og_site_name":"Online Star Register","article_modified_time":"2023-01-25T06:50:46+00:00","twitter_card":"summary_large_image","twitter_misc":{"Gesch\u00e4tzte Lesezeit":"1\u00a0Minute"},"schema":{"@context":"https:\/\/schema.org","@graph":[{"@type":"WebPage","@id":"https:\/\/osr.org\/de\/sitemap\/","url":"https:\/\/osr.org\/de\/sitemap\/","name":"Sitemap - Online Star Register","isPartOf":{"@id":"https:\/\/osr.org\/de\/#website"},"datePublished":"2015-11-17T13:34:17+00:00","dateModified":"2023-01-25T06:50:46+00:00","description":"Hier findest du die Sitemap des Online Star Register.","breadcrumb":{"@id":"https:\/\/osr.org\/de\/sitemap\/#breadcrumb"},"inLanguage":"de","potentialAction":[{"@type":"ReadAction","target":["https:\/\/osr.org\/de\/sitemap\/"]}]},{"@type":"BreadcrumbList","@id":"https:\/\/osr.org\/de\/sitemap\/#breadcrumb","itemListElement":[{"@type":"ListItem","position":1,"name":"Home","item":"https:\/\/osr.org\/de\/"},{"@type":"ListItem","position":2,"name":"Sitemap"}]},{"@type":"WebSite","@id":"https:\/\/osr.org\/de\/#website","url":"https:\/\/osr.org\/de\/","name":"Online Star Register","description":"","potentialAction":[{"@type":"SearchAction","target":{"@type":"EntryPoint","urlTemplate":"https:\/\/osr.org\/de\/?s={search_term_string}"},"query-input":{"@type":"PropertyValueSpecification","valueRequired":true,"valueName":"search_term_string"}}],"inLanguage":"de"}]}},"_links":{"self":[{"href":"https:\/\/osr.org\/de\/wp-json\/wp\/v2\/pages\/3292","targetHints":{"allow":["GET"]}}],"collection":[{"href":"https:\/\/osr.org\/de\/wp-json\/wp\/v2\/pages"}],"about":[{"href":"https:\/\/osr.org\/de\/wp-json\/wp\/v2\/types\/page"}],"author":[{"embeddable":true,"href":"https:\/\/osr.org\/de\/wp-json\/wp\/v2\/users\/4"}],"replies":[{"embeddable":true,"href":"https:\/\/osr.org\/de\/wp-json\/wp\/v2\/comments?post=3292"}],"version-history":[{"count":5,"href":"https:\/\/osr.org\/de\/wp-json\/wp\/v2\/pages\/3292\/revisions"}],"predecessor-version":[{"id":225389,"href":"https:\/\/osr.org\/de\/wp-json\/wp\/v2\/pages\/3292\/revisions\/225389"}],"wp:attachment":[{"href":"https:\/\/osr.org\/de\/wp-json\/wp\/v2\/media?parent=3292"}],"curies":[{"name":"wp","href":"https:\/\/api.w.org\/{rel}","templated":true}]}}