{"id":3082,"date":"2015-11-17T15:17:53","date_gmt":"2015-11-17T13:17:53","guid":{"rendered":"https:\/\/osr.org\/de\/?page_id=3082"},"modified":"2021-03-10T13:45:35","modified_gmt":"2021-03-10T11:45:35","slug":"privatsphare","status":"publish","type":"page","link":"https:\/\/osr.org\/de\/privatsphare\/","title":{"rendered":"Datenschutzerkl\u00e4rung von Online Star Register"},"content":{"rendered":"<p align=\"CENTER\"><a href=\"https:\/\/osr.org\/de\/\">www.osr.org<\/a><\/p>\n<h3>1. Einleitung<\/h3>\n<p>Online-Sternregister (im Folgenden auch \u201ewir\u201c, \u201euns\u201c oder \u201eunser\u201c genannt) verarbeitet personenbezogene Daten als Verantwortlicher im Sinne der DSGVO. Wir m\u00f6chten Ihnen Informationen hier\u00fcber zur Verf\u00fcgung stellen. Wir sehen es als unsere Verantwortung an, Ihre Privatsph\u00e4re so gut wie m\u00f6glich zu sch\u00fctzen und Ihnen ein Verst\u00e4ndnis daf\u00fcr zu vermitteln, wie wir dies tun.<br \/>\nIn diesem Dokument erkl\u00e4ren wir, welche personenbezogenen Daten von Ihnen wir verarbeiten sowie zu welchem Zweck und auf welcher Grundlage wir diese personenbezogenen Daten verarbeiten.<\/p>\n<h3>2. Definitionen<\/h3>\n<p><b>Online Star Register<\/b>: Online Star Register BV, eingetragen im niederl\u00e4ndischen Handelsregister unter der Nummer 60333553.<br \/>\n<b>DSGVO<\/b>: Verordnung (EU) 2016\/679 des Europ\u00e4ischen Parlaments und des Rates vom 27. April 2016 zum Schutz nat\u00fcrlicher Personen bei der Verarbeitung personenbezogener Daten und zum freien Austausch solcher Daten, sowie zur Aufhebung der Richtlinie 95\/46\/EG.<br \/>\n<b>Betroffene Person<\/b>: Eine betroffene Person im Sinne von Artikel 4 (1) der DSGVO.<br \/>\n<b>Cookies<\/b>: Cookies und Skripte.<br \/>\n<b>Personenbezogene Daten<\/b>: Personenbezoge Daten gem\u00e4\u00df Artikel 4 (1) der DSGVO.<br \/>\n<b>Verarbeiter<\/b>: der in Artikel 4 (8) der DSGVO genannte Verarbeiter.<br \/>\n<b>Verarbeitung<\/b>: Verarbeitung gem\u00e4\u00df Artikel 4 (2) der DSGVO.<br \/>\n<b>Verantwortlicher<\/b>: der f\u00fcr die Verarbeitung Verantwortliche gem\u00e4\u00df Artikel 4 (7) der DSGVO.<br \/>\n<b>Webseite<\/b>: Die Webseite, auf die \u00fcber <a href=\"https:\/\/osr.org\/de\/\">www.osr.org<\/a> zugegriffen werden kann, und alle Unterseiten davon.<\/p>\n<h3>3. Verarbeitung Ihrer personenbezogenen Daten durch Online Star Register<\/h3>\n<p><b>3.1. Vertragserf\u00fcllung<\/b><br \/>\nZun\u00e4chst verarbeiten wir Ihre personenbezogenen Daten zum Zweck der Bereitstellung unserer Dienstleistungen\/Produkte. Wir k\u00f6nnen die folgenden personenbezogenen Daten von Ihnen zu diesem Zweck verarbeiten:<br \/>\n1. Name und Anschrift (und Firmenname, falls Sie sich daf\u00fcr entscheiden);<br \/>\n2. E-Mail-Adresse;<br \/>\n3. Finanzielle Informationen wie Ihre Bankkontonummer;<br \/>\n4. sonstige personenbezogene Daten, die Sie selbst auf der Textkarte angeben;<br \/>\n5. Telefonnummer;<br \/>\n6. sonstige personenbezogene Daten, die Sie selbst auf Ihrer \u201eUnique Star-Seite\u201c ver\u00f6ffentlichen, einschlie\u00dflich Text, Fotos und Videos.<br \/>\nGrundlage f\u00fcr eine solche Verarbeitung ist die Erf\u00fcllung der Vereinbarung, die Sie mit uns geschlossen haben.<br \/>\n<b><\/b><\/p>\n<p><b>3.2. Kontakt<\/b><br \/>\nZweitens verarbeiten wir Ihre personenbezogenen Daten, wenn uns \u00fcber unser Kontaktformular auf der Webseite oder \u00fcber <a href=\"mailto:help@osr.org\">help@osr.org<\/a> zu kontaktieren versuchen. Auf diese Weise k\u00f6nnen wir auf Ihre Fragen antworten. Wir k\u00f6nnen die folgenden personenbezogenen Daten von Ihnen zu diesem Zweck verarbeiten:<br \/>\n1. Name;<br \/>\n2. E-Mail-Adresse;<br \/>\n3. sonstige personenbezogene Daten, die Sie selbst in Ihrer Nachricht an uns angeben.<br \/>\nGrundlage f\u00fcr eine solche Verarbeitung ist unser berechtigtes Interesse, insbesondere die Beantwortung der Fragen, die Sie selbst uns stellen. Daher verarbeiten wir die betreffenden personenbezogenen Daten nur, um Sie zu kontaktieren und Ihre Fragen zu beantworten.<br \/>\n<b><\/b><\/p>\n<p><b>3.3. Newsletter<\/b><br \/>\nDrittens verarbeiten wir Ihre personenbezogenen Daten, um Ihnen, wenn Sie sich daf\u00fcr registriert haben (separat oder w\u00e4hrend des Bestellvorgangs), unseren Newsletter zuzustellen. Wir k\u00f6nnen die folgenden personenbezogenen Daten von Ihnen zu diesem Zweck verarbeiten:<br \/>\n1. Name;<br \/>\n2. E-Mail-Adresse.<br \/>\nDie Grundlage f\u00fcr eine solche Verarbeitung ist ein berechtigtes Interesse von unserer Seite, insbesondere um Sie \u00fcber Neuigkeiten, Rabattcodes \/ Angebote und neue Produkte und Dienstleistungen auf dem Laufenden zu halten.<br \/>\n<b><\/b><\/p>\n<p><b>3.4. Informationen zu Werbegeschenken<\/b><br \/>\nViertens verarbeiten wir Ihre personenbezogenen Daten, um Sie (auf Ihre Anfrage hin) \u00fcber Werbegeschenke zu informieren. Wir k\u00f6nnen die folgenden personenbezogenen Daten von Ihnen zu diesem Zweck verarbeiten:<br \/>\n1. Name;<br \/>\n2. E-Mail-Adresse;<br \/>\n3. Firmenname;<br \/>\n4. sonstige personenbezogene Daten, die Sie in Ihrer Anfrage an uns selbst angeben.<br \/>\nGrundlage f\u00fcr eine solche Verarbeitung ist ein berechtigtes Interesse unsererseits, insbesondere Sie \u00fcber die M\u00f6glichkeiten bez\u00fcglich Werbegeschenken zu informieren.<\/p>\n<h3>4. Aufbewahrungsdauer<\/h3>\n<p>Wir speichern Ihre personenbezogenen Daten nicht l\u00e4nger als das f\u00fcr die oben genannten Zwecke, f\u00fcr die wir sie verarbeiten, erforderlich ist, au\u00dfer wenn wir gesetzlich dazu verpflichtet sind. Wir wenden die folgenden spezifischen Aufbewahrungsfristen an:<br \/>\n1. F\u00fcr den Zweck &#8222;Vertragserf\u00fcllung&#8220; speichern wir Ihre Namen- und Adressdaten, finanziellen Daten und Telefonnummer f\u00fcr einen Zeitraum von 20 Jahren, nachdem Sie Ihre letzte Bestellung aufgegeben haben. Zu diesem Zweck gibt es keine spezifische Aufbewahrungsfrist f\u00fcr Ihre E-Mail-Adresse oder andere personenbezogene Daten, die Sie selbst auf der Textkarte oder in der Ver\u00f6ffentlichung auf Ihrer Unique Star-Seite angeben.<br \/>\n2. F\u00fcr den Zweck &#8222;Kontakt&#8220; speichern wir Ihre personenbezogenen Daten f\u00fcr einen Zeitraum von 5 Jahren nach unserem letzten Kontakt mit Ihnen.<br \/>\n3. F\u00fcr den Zweck &#8222;Newsletter&#8220; speichern wir Ihre personenbezogenen Daten f\u00fcr einen Zeitraum von 1 Jahr, nachdem Sie sich f\u00fcr den Newsletter registriert haben.<br \/>\n4. F\u00fcr den Zweck &#8222;Informationen zu Werbegeschenken&#8220; speichern wir Ihre personenbezogenen Daten f\u00fcr einen Zeitraum von 5 Jahren, nachdem wir Sie \u00fcber Werbegeschenke informiert haben.<br \/>\n5. Um unserer gesetzlichen Verpflichtung zur Umsatzsteuererkl\u00e4rung nachzukommen, bewahren wir Ihre Rechnungsanschrift und Bankdaten f\u00fcr einen Zeitraum von 10 Jahren auf.<br \/>\nWenn wir Ihre personenbezogenen Daten f\u00fcr mehrere Zwecke verarbeiten, werden Ihre personenbezogenen Daten nach Ablauf der letzten aktuellen Aufbewahrungsfrist gel\u00f6scht.<\/p>\n<h3>5. Cookies<\/h3>\n<p>Auf unserer Webseite verwenden wir Cookies. Wir tun dies in \u00dcbereinstimmung mit der DSGVO. Insbesondere m\u00fcssen wir Sie \u00fcber bestimmte Cookies informieren und Sie um Erlaubnis bitten, diese zu verwenden. Wir erf\u00fcllen diese Anforderungen durch einen &#8222;Cookie-Bot&#8220;.<\/p>\n<h3>6. Weitergabe Ihrer pers\u00f6nlichen Daten an Dritte<\/h3>\n<p>In einigen F\u00e4llen m\u00fcssen wir Ihre personenbezogenen Daten, die wir verarbeiten, an Dritte weitergeben. Dies betrifft die folgenden Situationen:<br \/>\n1. bei der Erbringung unserer Dienstleistungen und der Lieferung unserer Produkte, wenn Sie sich beispielsweise daf\u00fcr entscheiden, dass der Empf\u00e4nger (ein Dritter) wissen soll, von wem das Geschenk stammt, oder wenn Sie Ihre eigene Unique Star-Seite verwenden (die auf der Webseite ver\u00f6ffentlicht werden kann);<br \/>\n2. um unsere gesetzlichen Verpflichtungen zu erf\u00fcllen, wie beispielsweise eine Mitteilung an die niederl\u00e4ndische Datenschutzbeh\u00f6rde [<i>Autoriteit Persoonsgegevens<\/i>] (eine Drittpartei);<br \/>\n3. bei der Einbeziehung externer Lieferanten (Dritter), beispielsweise unseres IKT-Partners und unseres Hosting-Anbieters.<br \/>\nWenn wir externe Lieferanten einsetzen und diese Parteien personenbezogene Daten f\u00fcr uns verarbeiten, schlie\u00dfen wir mit diesen Parteien einen DSGVO-konformen Datenverarbeitungsvertrag. Wenn diese Parteien keine personenbezogenen Daten f\u00fcr uns verarbeiten, sind sie selbst f\u00fcr die Verarbeitung dieser Daten verantwortlich und daher an die DSGVO gebunden.<\/p>\n<h3>7. Sicherheit Ihrer pers\u00f6nlichen Daten<\/h3>\n<p>Wir haben geeignete technische und organisatorische Ma\u00dfnahmen getroffen, um dem Missbrauch, dem Verlust und der unerw\u00fcnschten Offenlegung Ihrer personenbezogenen Daten sowie dem unbefugten Zugriff auf diese und unzul\u00e4ssigen \u00c4nderungen an diesen Daten entgegenzuwirken.<br \/>\nWenn Sie Fragen zu unserer Sicherung Ihrer personenbezogenen Daten oder den Verdacht auf Missbrauch Ihrer personenbezogenen Daten haben, k\u00f6nnen Sie sich \u00fcber <a href=\"mailto:help@osr.org\">help@osr.org<\/a> an uns wenden.<\/p>\n<h3>8. Rechte der betroffenen Person<\/h3>\n<p><i>Recht auf Zugriff<\/i><\/p>\n<p>Sie haben das Recht, dass wir Ihnen, auf Ihren Wunsch hin, mitteilen, ob wir Ihre personenbezogenen Daten verarbeiten und dass Sie in diesem Fall Zugang zu diesen personenbezogenen Daten sowie weitere Informationen zur Verarbeitung dieser Daten erhalten. Auf Ihren Wunsch senden wir Ihnen eine Kopie der personenbezogenen Daten, die wir von Ihnen verarbeiten, zu. Wenn Sie uns um zus\u00e4tzliche Exemplare bitten, k\u00f6nnen wir (basierend auf den Verwaltungskosten) eine angemessene Geb\u00fchr erheben.<br \/>\n<i><\/i><\/p>\n<p><i>Recht auf Berichtigung<\/i><\/p>\n<p>Sie haben Anspruch auf unverz\u00fcgliche Berichtigung Ihrer falschen personenbezogenen Daten durch uns. Vorbehaltlich der oben beschriebenen Zwecke der Verarbeitung sind Sie berechtigt, unvollst\u00e4ndige personenbezogene Daten zu erg\u00e4nzen, indem Sie uns beispielsweise eine erg\u00e4nzende Erkl\u00e4rung \u00fcbermitteln.<br \/>\n<i><\/i><\/p>\n<p><i>Anspruch auf L\u00f6schung<\/i><\/p>\n<p>Auf Ihre Aufforderung hin werden wir Ihre personenbezogenen Daten in den folgenden F\u00e4llen unverz\u00fcglich l\u00f6schen:<br \/>\n1. Die personenbezogenen Daten sind f\u00fcr die Zwecke, f\u00fcr die sie erhoben oder auf andere Weise verarbeitet wurden, nicht mehr erforderlich.<br \/>\n2. Sie widersprechen der Verarbeitung gem\u00e4\u00df Artikel 21 (1) DSGVO, und es liegen keine zwingenden berechtigten Gr\u00fcnde f\u00fcr die Verarbeitung vor, oder Sie widersprechen der Verarbeitung gem\u00e4\u00df Artikel 21 (2) DSGVO;<br \/>\n3. Die personenbezogenen Daten wurden rechtswidrig verarbeitet.<br \/>\n4. Die personenbezogenen Daten m\u00fcssen gel\u00f6scht werden, um einer gesetzlichen Verpflichtung nach EU- oder niederl\u00e4ndischem Recht nachzukommen, der wir unterliegen.<br \/>\n5. Die personenbezogenen Daten wurden im Zusammenhang mit dem Angebot von Diensten der Informationsgesellschaft gem\u00e4\u00df Artikel 8 (1) DSGVO erhoben.<br \/>\n<i><\/i><\/p>\n<p><i>Recht auf Einschr\u00e4nkung der Verarbeitung<\/i><\/p>\n<p>Auf Ihren Wunsch beschr\u00e4nken wir die Verarbeitung Ihrer personenbezogenen Daten in folgenden F\u00e4llen:<br \/>\n1. Sie bestreiten die Richtigkeit der personenbezogenen Daten (f\u00fcr einen Zeitraum, in dem wir die Richtigkeit der personenbezogenen Daten \u00fcberpr\u00fcfen k\u00f6nnen);<br \/>\n2. Die Verarbeitung ist rechtswidrig, und Sie lehnen die L\u00f6schung der personenbezogenen Daten ab und fordern stattdessen die Einschr\u00e4nkung ihrer Verwendung.<br \/>\n3. Wir ben\u00f6tigen die personenbezogenen Daten nicht mehr zum Zwecke der Verarbeitung, sondern sie werden von Ihnen zur Begr\u00fcndung, Aus\u00fcbung oder Verteidigung von Rechtsanspr\u00fcchen ben\u00f6tigt.<br \/>\n4. Sie haben der Verarbeitung gem\u00e4\u00df Artikel 21 (1) DSGVO widersprochen, bis \u00fcberpr\u00fcft wurde, ob unsere berechtigten Gr\u00fcnde Ihre Gr\u00fcnde au\u00dfer Kraft setzen.<br \/>\n<i><\/i><\/p>\n<p><i>Recht auf Daten\u00fcbertragbarkeit<\/i><\/p>\n<p>Sie haben das Recht, Ihre personenbezogene Daten, die wir auf Basis der Grundlagen &#8222;Vertragserf\u00fcllung&#8220; und &#8222;berechtigtes Interesse&#8220; verarbeiten, in einem strukturierten, allgemein verwendeten und maschinenlesbaren Format zu erhalten. Dar\u00fcber hinaus haben Sie das Recht, diese Daten (neben uns) an einen anderen Verantwortlichen zu \u00fcbertragen, wobei Sie das Recht haben, die betreffenden personenbezogenen Daten, sofern dies technisch m\u00f6glich ist, direkt von uns an den anderen Verantwortlichen \u00fcbertragen zu lassen.<br \/>\n<i><\/i><\/p>\n<p><i>Recht auf Widerspruch<\/i><\/p>\n<p>Sie k\u00f6nnen aus Gr\u00fcnden, die Ihre besondere Situation betreffen, jederzeit der Verarbeitung Ihrer personenbezogenen Daten widersprechen, wenn wir diese auf der Grundlage des berechtigten Interesses verarbeiten. In diesem Fall stellen wir die Verarbeitung Ihrer personenbezogenen Daten ein, es sei denn, wir machen zwingende berechtigte Gr\u00fcnde f\u00fcr die Verarbeitung geltend, die Ihre Interessen, Rechte und Freiheiten au\u00dfer Kraft setzen oder die sich auf die Begr\u00fcndung, Aus\u00fcbung oder Verteidigung von Rechtsanspr\u00fcchen beziehen.<\/p>\n<p>Sie m\u00fcssen jedoch verstehen, dass ein Widerspruch gegen die in diesem Dokument genannte Verarbeitung oder die Aufforderung zur L\u00f6schung personenbezogener Daten dazu f\u00fchren kann, dass wir unseren Verpflichtungen Ihnen gegen\u00fcber nicht mehr nachkommen k\u00f6nnen.<\/p>\n<h3>9. Beschwerden<\/h3>\n<p>Sie k\u00f6nnen jederzeit eine Beschwerde bei der niederl\u00e4ndischen Datenschutzbeh\u00f6rde einreichen.<\/p>\n<h3>10. Abschlussbemerkungen<\/h3>\n<p>Wir m\u00fcssen dieses Dokument gelegentlich \u00fcberarbeiten, weil sich beispielsweise die Webseite oder die Regeln f\u00fcr personenbezogene Daten und\/oder Cookies ge\u00e4ndert haben. Wir k\u00f6nnen den Inhalt der Allgemeinen Gesch\u00e4ftsbedingungen ohne vorherige Ank\u00fcndigung einseitig \u00e4ndern. Die neueste Version finden Sie auf der Webseite.<\/p>\n<h3>11. Kontaktinformationen f\u00fcr den Veranwortlichen<\/h3>\n<p>Bei Fragen und\/oder Kommentaren wenden Sie sich bitte an Online Star Register.<\/p>\n<p>Firma: Online Star Register BV<br \/>\nAdresse: Laan van de Maagd 83 &#8211; 7324 BT Apeldoorn &#8211; Niederlande<br \/>\nTelefon: (+31) (0) 88-8000088<br \/>\nE-Mail-Adresse: <a href=\"mailto:help@osr.org\">help@osr.org<\/a><\/p>\n","protected":false},"excerpt":{"rendered":"<p>www.osr.org 1. Einleitung Online-Sternregister (im Folgenden auch \u201ewir\u201c, \u201euns\u201c oder \u201eunser\u201c genannt) verarbeitet personenbezogene Daten als Verantwortlicher im Sinne der DSGVO. Wir m\u00f6chten Ihnen Informationen hier\u00fcber zur Verf\u00fcgung stellen. Wir sehen es als unsere Verantwortung an, Ihre Privatsph\u00e4re so gut wie m\u00f6glich zu sch\u00fctzen und Ihnen ein Verst\u00e4ndnis daf\u00fcr zu vermitteln, wie wir dies tun. [&hellip;]<\/p>\n","protected":false},"author":4,"featured_media":0,"parent":0,"menu_order":0,"comment_status":"closed","ping_status":"closed","template":"page-privacy-policy.php","meta":{"_acf_changed":false,"inline_featured_image":false,"footnotes":""},"class_list":["post-3082","page","type-page","status-publish","hentry"],"acf":[],"yoast_head":"<!-- This site is optimized with the Yoast SEO plugin v27.5 - https:\/\/yoast.com\/product\/yoast-seo-wordpress\/ -->\n<title>Datenschutzerkl\u00e4rung von Online Star Register - Online Star Register<\/title>\n<meta name=\"description\" content=\"Lies die Erkl\u00e4rung zur Privatsph\u00e4re und das Impressum der Website des Online Star Registers.\" \/>\n<meta name=\"robots\" content=\"index, follow, max-snippet:-1, max-image-preview:large, max-video-preview:-1\" \/>\n<link rel=\"canonical\" href=\"https:\/\/osr.org\/de\/privatsphare\/\" \/>\n<meta property=\"og:locale\" content=\"de_DE\" \/>\n<meta property=\"og:type\" content=\"article\" \/>\n<meta property=\"og:title\" content=\"Datenschutzerkl\u00e4rung von Online Star Register - Online Star Register\" \/>\n<meta property=\"og:description\" content=\"Lies die Erkl\u00e4rung zur Privatsph\u00e4re und das Impressum der Website des Online Star Registers.\" \/>\n<meta property=\"og:url\" content=\"https:\/\/osr.org\/de\/privatsphare\/\" \/>\n<meta property=\"og:site_name\" content=\"Online Star Register\" \/>\n<meta property=\"article:modified_time\" content=\"2021-03-10T11:45:35+00:00\" \/>\n<meta name=\"twitter:card\" content=\"summary_large_image\" \/>\n<meta name=\"twitter:label1\" content=\"Gesch\u00e4tzte Lesezeit\" \/>\n\t<meta name=\"twitter:data1\" content=\"8\u00a0Minuten\" \/>\n<script type=\"application\/ld+json\" class=\"yoast-schema-graph\">{\n\t    \"@context\": \"https:\\\/\\\/schema.org\",\n\t    \"@graph\": [\n\t        {\n\t            \"@type\": \"WebPage\",\n\t            \"@id\": \"https:\\\/\\\/osr.org\\\/de\\\/privatsphare\\\/\",\n\t            \"url\": \"https:\\\/\\\/osr.org\\\/de\\\/privatsphare\\\/\",\n\t            \"name\": \"Datenschutzerkl\u00e4rung von Online Star Register - Online Star Register\",\n\t            \"isPartOf\": {\n\t                \"@id\": \"https:\\\/\\\/osr.org\\\/de\\\/#website\"\n\t            },\n\t            \"datePublished\": \"2015-11-17T13:17:53+00:00\",\n\t            \"dateModified\": \"2021-03-10T11:45:35+00:00\",\n\t            \"description\": \"Lies die Erkl\u00e4rung zur Privatsph\u00e4re und das Impressum der Website des Online Star Registers.\",\n\t            \"breadcrumb\": {\n\t                \"@id\": \"https:\\\/\\\/osr.org\\\/de\\\/privatsphare\\\/#breadcrumb\"\n\t            },\n\t            \"inLanguage\": \"de\",\n\t            \"potentialAction\": [\n\t                {\n\t                    \"@type\": \"ReadAction\",\n\t                    \"target\": [\n\t                        \"https:\\\/\\\/osr.org\\\/de\\\/privatsphare\\\/\"\n\t                    ]\n\t                }\n\t            ]\n\t        },\n\t        {\n\t            \"@type\": \"BreadcrumbList\",\n\t            \"@id\": \"https:\\\/\\\/osr.org\\\/de\\\/privatsphare\\\/#breadcrumb\",\n\t            \"itemListElement\": [\n\t                {\n\t                    \"@type\": \"ListItem\",\n\t                    \"position\": 1,\n\t                    \"name\": \"Home\",\n\t                    \"item\": \"https:\\\/\\\/osr.org\\\/de\\\/\"\n\t                },\n\t                {\n\t                    \"@type\": \"ListItem\",\n\t                    \"position\": 2,\n\t                    \"name\": \"Datenschutzerkl\u00e4rung von Online Star Register\"\n\t                }\n\t            ]\n\t        },\n\t        {\n\t            \"@type\": \"WebSite\",\n\t            \"@id\": \"https:\\\/\\\/osr.org\\\/de\\\/#website\",\n\t            \"url\": \"https:\\\/\\\/osr.org\\\/de\\\/\",\n\t            \"name\": \"Online Star Register\",\n\t            \"description\": \"\",\n\t            \"potentialAction\": [\n\t                {\n\t                    \"@type\": \"SearchAction\",\n\t                    \"target\": {\n\t                        \"@type\": \"EntryPoint\",\n\t                        \"urlTemplate\": \"https:\\\/\\\/osr.org\\\/de\\\/?s={search_term_string}\"\n\t                    },\n\t                    \"query-input\": {\n\t                        \"@type\": \"PropertyValueSpecification\",\n\t                        \"valueRequired\": true,\n\t                        \"valueName\": \"search_term_string\"\n\t                    }\n\t                }\n\t            ],\n\t            \"inLanguage\": \"de\"\n\t        }\n\t    ]\n\t}<\/script>\n<!-- \/ Yoast SEO plugin. -->","yoast_head_json":{"title":"Datenschutzerkl\u00e4rung von Online Star Register - Online Star Register","description":"Lies die Erkl\u00e4rung zur Privatsph\u00e4re und das Impressum der Website des Online Star Registers.","robots":{"index":"index","follow":"follow","max-snippet":"max-snippet:-1","max-image-preview":"max-image-preview:large","max-video-preview":"max-video-preview:-1"},"canonical":"https:\/\/osr.org\/de\/privatsphare\/","og_locale":"de_DE","og_type":"article","og_title":"Datenschutzerkl\u00e4rung von Online Star Register - Online Star Register","og_description":"Lies die Erkl\u00e4rung zur Privatsph\u00e4re und das Impressum der Website des Online Star Registers.","og_url":"https:\/\/osr.org\/de\/privatsphare\/","og_site_name":"Online Star Register","article_modified_time":"2021-03-10T11:45:35+00:00","twitter_card":"summary_large_image","twitter_misc":{"Gesch\u00e4tzte Lesezeit":"8\u00a0Minuten"},"schema":{"@context":"https:\/\/schema.org","@graph":[{"@type":"WebPage","@id":"https:\/\/osr.org\/de\/privatsphare\/","url":"https:\/\/osr.org\/de\/privatsphare\/","name":"Datenschutzerkl\u00e4rung von Online Star Register - Online Star Register","isPartOf":{"@id":"https:\/\/osr.org\/de\/#website"},"datePublished":"2015-11-17T13:17:53+00:00","dateModified":"2021-03-10T11:45:35+00:00","description":"Lies die Erkl\u00e4rung zur Privatsph\u00e4re und das Impressum der Website des Online Star Registers.","breadcrumb":{"@id":"https:\/\/osr.org\/de\/privatsphare\/#breadcrumb"},"inLanguage":"de","potentialAction":[{"@type":"ReadAction","target":["https:\/\/osr.org\/de\/privatsphare\/"]}]},{"@type":"BreadcrumbList","@id":"https:\/\/osr.org\/de\/privatsphare\/#breadcrumb","itemListElement":[{"@type":"ListItem","position":1,"name":"Home","item":"https:\/\/osr.org\/de\/"},{"@type":"ListItem","position":2,"name":"Datenschutzerkl\u00e4rung von Online Star Register"}]},{"@type":"WebSite","@id":"https:\/\/osr.org\/de\/#website","url":"https:\/\/osr.org\/de\/","name":"Online Star Register","description":"","potentialAction":[{"@type":"SearchAction","target":{"@type":"EntryPoint","urlTemplate":"https:\/\/osr.org\/de\/?s={search_term_string}"},"query-input":{"@type":"PropertyValueSpecification","valueRequired":true,"valueName":"search_term_string"}}],"inLanguage":"de"}]}},"_links":{"self":[{"href":"https:\/\/osr.org\/de\/wp-json\/wp\/v2\/pages\/3082","targetHints":{"allow":["GET"]}}],"collection":[{"href":"https:\/\/osr.org\/de\/wp-json\/wp\/v2\/pages"}],"about":[{"href":"https:\/\/osr.org\/de\/wp-json\/wp\/v2\/types\/page"}],"author":[{"embeddable":true,"href":"https:\/\/osr.org\/de\/wp-json\/wp\/v2\/users\/4"}],"replies":[{"embeddable":true,"href":"https:\/\/osr.org\/de\/wp-json\/wp\/v2\/comments?post=3082"}],"version-history":[{"count":8,"href":"https:\/\/osr.org\/de\/wp-json\/wp\/v2\/pages\/3082\/revisions"}],"predecessor-version":[{"id":103832,"href":"https:\/\/osr.org\/de\/wp-json\/wp\/v2\/pages\/3082\/revisions\/103832"}],"wp:attachment":[{"href":"https:\/\/osr.org\/de\/wp-json\/wp\/v2\/media?parent=3082"}],"curies":[{"name":"wp","href":"https:\/\/api.w.org\/{rel}","templated":true}]}}