{"id":2687,"date":"2015-11-17T00:41:18","date_gmt":"2015-11-16T22:41:18","guid":{"rendered":"https:\/\/osr.org\/de\/?page_id=2687"},"modified":"2021-02-17T16:29:02","modified_gmt":"2021-02-17T14:29:02","slug":"sternenkarte","status":"publish","type":"page","link":"https:\/\/osr.org\/de\/sternenkarte\/","title":{"rendered":"Sternenkarte &#8211; Wie benutze ich sie?"},"content":{"rendered":"<p><strong>Mit der OSR-Sternenkarte (welche im OSR-Geschenkpaket enthalten ist), ist es einfach, vor dem <a href=\"https:\/\/osr.org\/de\/\">Kauf des Sterns<\/a>, dessen Ort zu bestimmen. Die Sternenkarte kann nicht nur den Ort Deines Sternes bestimmen, sondern auch den sichtbaren Sternenhimmel an einem bestimmten Ort und Datum zu einer bestimmten Zeit zeigen.<\/strong><\/p>\n<div class=\"container-lazyload preview-lazyload container-youtube js-lazyload--not-loaded\"><a href=\"https:\/\/youtu.be\/qyIQniaAcWE\" class=\"lazy-load-youtube preview-lazyload preview-youtube\" data-video-title=\"Sternenkarte \u2013 Wie benutze ich sie?\" title=\"Play video &quot;Sternenkarte \u2013 Wie benutze ich sie?&quot;\">https:\/\/youtu.be\/qyIQniaAcWE<\/a><noscript>Video can&#8217;t be loaded because JavaScript is disabled: <a href=\"https:\/\/youtu.be\/qyIQniaAcWE\" title=\"Sternenkarte \u2013 Wie benutze ich sie?\">Sternenkarte \u2013 Wie benutze ich sie? (https:\/\/youtu.be\/qyIQniaAcWE)<\/a><\/noscript><\/div>\n<p><span class=\"blue-box\">Wunderst du dich, wie man einen Stern finden kann mit der OSR Star Map? Schau dir dieses Video an und lerne, wie man den Beispielstern namens <strong>One Million Stars<\/strong> \u00a0im Nachthimmel finden kann. Die Sternkoordinaten f\u00fcr One Million Stars sind: <strong>RA 13h03m33.35 -49\u00b031\u201938.1\u201d dec 4.83 mag Cen<\/strong>. Wenn du den Schritten im Video folgt, wirst du in der Lage sein, deinen eigenen Stern zu finden und ein professioneller Sterngucker zu werden!<\/span><\/p>\n<h3>N\u00f6rdliche Hemisph\u00e4re oder s\u00fcdliche Hemisph\u00e4re?<\/h3>\n<p>Die OSR-Sternenkarte hat zwei Seiten: eine Seite wird zur Lokalisierung von Sternen in der n\u00f6rdlichen Hemisph\u00e4re genutzt und die andere Seite zur Lokalisierung von Sternen in der s\u00fcdlichen Hemisph\u00e4re.<\/p>\n<ul>\n<li>Die Karte f\u00fcr die n\u00f6rdliche Hemisph\u00e4re wird \u00fcberhalb des \u00c4quators genutzt (Europa, Asien, Nordamerika und Nordafrika).<\/li>\n<li>Die Karte f\u00fcr die s\u00fcdliche Hemisph\u00e4re wird unterhalb des \u00c4quators genutzt (Australien, S\u00fcdamerika, s\u00fcdliches Afrika und Antarktis).<\/li>\n<\/ul>\n<p>Zus\u00e4tzlich wurde eine gewisse Anzahl an B\u00f6gen mit Gradzahlen (15\/30\/45(60\/75) auf die durchsichtige Scheibe gedruckt. Dies sind Breitengrade, welche die Grenzen des sichtbaren Himmelsfeldes anzeigen. Wenn der Himmel klar ist, ist es einfach festzustellen, welcher Bogen genutzt werden muss, indem man herausfindet, wo der Himmel sichtbar ist (weitere Informationen dazu, wie der sichtbare Himmel festgestellt wird, sind unten gelistet).<\/p>\n<h3>Bestimmung des Ortes der Koordinaten RA 13h03m33.35 -49\u00b0<\/h3>\n<p>Der Ort wird in 5 Schritten bestimmt:<\/p>\n<p>1. Stelle fest, welche der Seiten der Sternenkarte genutzt werden muss, je nachdem, welche Hemisph\u00e4re f\u00fcr Dich gerade sichtbar ist. In diesem Beispiel betrachten wir die Konstellation Zentaur, welche am besten aus der s\u00fcdlichen Hemisph\u00e4re gesehen werden kann.<br \/>\n2. Halte Ausschau nach <strong>13h<\/strong> und <strong>03m<\/strong> auf dem \u00e4u\u00dferen Ring und runde auf 5 Minuten auf (die Skala ist bis auf 5 Minuten genau). Dies ist die Rektaszension (RA).<br \/>\n3. Zeichne von diesem Punkt auf dem \u00e4u\u00dferen Ring aus eine imagin\u00e4re Linie in die Mitte. Diese imagin\u00e4re Linie hat dieselbe Skaleneinteilung wie die anderen Linien, die in der Mitte zusammenlaufen. So kannst Du die Deklination (dec) bestimmen.<br \/>\n4. Fahre diese Linie entlang, bis Du den <strong>-49.<\/strong> Grad erreichst (die Schrittgr\u00f6\u00dfe der Skala betr\u00e4gt 10 Grad).<br \/>\n5. <strong>13h03m-49\u00b0<\/strong> ist die Position des Sterns auf dieser Sternenkarte. Markiere diese Position, so kannst Du den Stern zu einer anderen Zeit schnell auf der Sternenkarte wiederfinden.<\/p>\n<h3>Bestimmung des sichtbaren Himmelsfelds<\/h3>\n<p>Das sichtbare Himmelsfeld wird in 2 Schritten bestimmt:<\/p>\n<p>1. Die transparente Scheibe hat eine Zeitskala, welche in Stunden bemessen ist. Der innere Ring der Karte hat eine Einteilung in Tage und Monate. Drehe die Scheibe, sodass die Linie der Skaleneinteilung der Zeit auf der transparenten Scheibe (die Zeit, zu der Du die Sterne anschaust) mit dem Block des aktuellen Datums auf der Karte \u00fcbereinstimmt. Schaue zum Beispiel nach 23:00 Uhr am 13. August.<br \/>\n2. Der Bereich des Breitengrades, den Du gerade bestimmt hast, ist das zu diesem Zeitpunkt sichtbare Himmelsfeld.<\/p>\n<h3>Mit der Sternenkarte die Position des Sterns im Himmelsfeld finden<\/h3>\n<p>Richte jetzt die Nordseite der Sternenkarte (aufgedruckt auf der durchsichtigen Scheibe) Richtung Norden. Nach etwas Beobachtung wirst Du das Himmelsfeld erkennen, wie es zu diesem Datum und Zeitpunkt sichtbar ist. Unter Zuhilfenahme der am besten sichtbaren Sterne, kannst Du nun mit der <a href=\"https:\/\/osr.org\/de\/blog\/osr-de\/star-finder-app\/\">Star App<\/a> die Position Deines Sternes bestimmen.<\/p>\n<p>Anhand der Nutzung der allerneuesten Technologien gibt es viel mehr Wege, Deinen Stern zu finden und anzuschauen. Erfahre mehr dar\u00fcber, <a href=\"\/de\/lokalisieren\/\">wie Du Deinen Stern lokalisieren kannst<\/a>.<\/p>\n","protected":false},"excerpt":{"rendered":"<p>Mit der OSR-Sternenkarte (welche im OSR-Geschenkpaket enthalten ist), ist es einfach, vor dem Kauf des Sterns, dessen Ort zu bestimmen. Die Sternenkarte kann nicht nur den Ort Deines Sternes bestimmen, sondern auch den sichtbaren Sternenhimmel an einem bestimmten Ort und Datum zu einer bestimmten Zeit zeigen. https:\/\/youtu.be\/qyIQniaAcWEVideo can&#8217;t be loaded because JavaScript is disabled: Sternenkarte [&hellip;]<\/p>\n","protected":false},"author":4,"featured_media":0,"parent":0,"menu_order":0,"comment_status":"closed","ping_status":"closed","template":"page-about.php","meta":{"_acf_changed":false,"inline_featured_image":false,"footnotes":""},"class_list":["post-2687","page","type-page","status-publish","hentry"],"acf":[],"yoast_head":"<!-- This site is optimized with the Yoast SEO plugin v27.1.1 - https:\/\/yoast.com\/product\/yoast-seo-wordpress\/ -->\n<title>Sternenkarte - Wie benutze ich sie? - Online Star Register<\/title>\n<meta name=\"description\" content=\"Lerne, wie Du die OSR-Sternenkarte nutzt, um Deinen Stern am Himmel zu sehen. Nutze Beispielkoordinaten und versuche es mit Deinem eigenen Stern.\" \/>\n<meta name=\"robots\" content=\"index, follow, max-snippet:-1, max-image-preview:large, max-video-preview:-1\" \/>\n<link rel=\"canonical\" href=\"https:\/\/osr.org\/de\/sternenkarte\/\" \/>\n<meta property=\"og:locale\" content=\"de_DE\" \/>\n<meta property=\"og:type\" content=\"article\" \/>\n<meta property=\"og:title\" content=\"Sternenkarte - Wie benutze ich sie? - Online Star Register\" \/>\n<meta property=\"og:description\" content=\"Lerne, wie Du die OSR-Sternenkarte nutzt, um Deinen Stern am Himmel zu sehen. Nutze Beispielkoordinaten und versuche es mit Deinem eigenen Stern.\" \/>\n<meta property=\"og:url\" content=\"https:\/\/osr.org\/de\/sternenkarte\/\" \/>\n<meta property=\"og:site_name\" content=\"Online Star Register\" \/>\n<meta property=\"article:modified_time\" content=\"2021-02-17T14:29:02+00:00\" \/>\n<meta name=\"twitter:card\" content=\"summary_large_image\" \/>\n<meta name=\"twitter:label1\" content=\"Gesch\u00e4tzte Lesezeit\" \/>\n\t<meta name=\"twitter:data1\" content=\"3\u00a0Minuten\" \/>\n<script type=\"application\/ld+json\" class=\"yoast-schema-graph\">{\n\t    \"@context\": \"https:\/\/schema.org\",\n\t    \"@graph\": [\n\t        {\n\t            \"@type\": \"WebPage\",\n\t            \"@id\": \"https:\/\/osr.org\/de\/sternenkarte\/\",\n\t            \"url\": \"https:\/\/osr.org\/de\/sternenkarte\/\",\n\t            \"name\": \"Sternenkarte - Wie benutze ich sie? - Online Star Register\",\n\t            \"isPartOf\": {\n\t                \"@id\": \"https:\/\/osr.org\/de\/#website\"\n\t            },\n\t            \"datePublished\": \"2015-11-16T22:41:18+00:00\",\n\t            \"dateModified\": \"2021-02-17T14:29:02+00:00\",\n\t            \"description\": \"Lerne, wie Du die OSR-Sternenkarte nutzt, um Deinen Stern am Himmel zu sehen. Nutze Beispielkoordinaten und versuche es mit Deinem eigenen Stern.\",\n\t            \"breadcrumb\": {\n\t                \"@id\": \"https:\/\/osr.org\/de\/sternenkarte\/#breadcrumb\"\n\t            },\n\t            \"inLanguage\": \"de\",\n\t            \"potentialAction\": [\n\t                {\n\t                    \"@type\": \"ReadAction\",\n\t                    \"target\": [\n\t                        \"https:\/\/osr.org\/de\/sternenkarte\/\"\n\t                    ]\n\t                }\n\t            ]\n\t        },\n\t        {\n\t            \"@type\": \"BreadcrumbList\",\n\t            \"@id\": \"https:\/\/osr.org\/de\/sternenkarte\/#breadcrumb\",\n\t            \"itemListElement\": [\n\t                {\n\t                    \"@type\": \"ListItem\",\n\t                    \"position\": 1,\n\t                    \"name\": \"Home\",\n\t                    \"item\": \"https:\/\/osr.org\/de\/\"\n\t                },\n\t                {\n\t                    \"@type\": \"ListItem\",\n\t                    \"position\": 2,\n\t                    \"name\": \"Sternenkarte &#8211; Wie benutze ich sie?\"\n\t                }\n\t            ]\n\t        },\n\t        {\n\t            \"@type\": \"WebSite\",\n\t            \"@id\": \"https:\/\/osr.org\/de\/#website\",\n\t            \"url\": \"https:\/\/osr.org\/de\/\",\n\t            \"name\": \"Online Star Register\",\n\t            \"description\": \"\",\n\t            \"potentialAction\": [\n\t                {\n\t                    \"@type\": \"SearchAction\",\n\t                    \"target\": {\n\t                        \"@type\": \"EntryPoint\",\n\t                        \"urlTemplate\": \"https:\/\/osr.org\/de\/?s={search_term_string}\"\n\t                    },\n\t                    \"query-input\": {\n\t                        \"@type\": \"PropertyValueSpecification\",\n\t                        \"valueRequired\": true,\n\t                        \"valueName\": \"search_term_string\"\n\t                    }\n\t                }\n\t            ],\n\t            \"inLanguage\": \"de\"\n\t        }\n\t    ]\n\t}<\/script>\n<!-- \/ Yoast SEO plugin. -->","yoast_head_json":{"title":"Sternenkarte - Wie benutze ich sie? - Online Star Register","description":"Lerne, wie Du die OSR-Sternenkarte nutzt, um Deinen Stern am Himmel zu sehen. Nutze Beispielkoordinaten und versuche es mit Deinem eigenen Stern.","robots":{"index":"index","follow":"follow","max-snippet":"max-snippet:-1","max-image-preview":"max-image-preview:large","max-video-preview":"max-video-preview:-1"},"canonical":"https:\/\/osr.org\/de\/sternenkarte\/","og_locale":"de_DE","og_type":"article","og_title":"Sternenkarte - Wie benutze ich sie? - Online Star Register","og_description":"Lerne, wie Du die OSR-Sternenkarte nutzt, um Deinen Stern am Himmel zu sehen. Nutze Beispielkoordinaten und versuche es mit Deinem eigenen Stern.","og_url":"https:\/\/osr.org\/de\/sternenkarte\/","og_site_name":"Online Star Register","article_modified_time":"2021-02-17T14:29:02+00:00","twitter_card":"summary_large_image","twitter_misc":{"Gesch\u00e4tzte Lesezeit":"3\u00a0Minuten"},"schema":{"@context":"https:\/\/schema.org","@graph":[{"@type":"WebPage","@id":"https:\/\/osr.org\/de\/sternenkarte\/","url":"https:\/\/osr.org\/de\/sternenkarte\/","name":"Sternenkarte - Wie benutze ich sie? - Online Star Register","isPartOf":{"@id":"https:\/\/osr.org\/de\/#website"},"datePublished":"2015-11-16T22:41:18+00:00","dateModified":"2021-02-17T14:29:02+00:00","description":"Lerne, wie Du die OSR-Sternenkarte nutzt, um Deinen Stern am Himmel zu sehen. Nutze Beispielkoordinaten und versuche es mit Deinem eigenen Stern.","breadcrumb":{"@id":"https:\/\/osr.org\/de\/sternenkarte\/#breadcrumb"},"inLanguage":"de","potentialAction":[{"@type":"ReadAction","target":["https:\/\/osr.org\/de\/sternenkarte\/"]}]},{"@type":"BreadcrumbList","@id":"https:\/\/osr.org\/de\/sternenkarte\/#breadcrumb","itemListElement":[{"@type":"ListItem","position":1,"name":"Home","item":"https:\/\/osr.org\/de\/"},{"@type":"ListItem","position":2,"name":"Sternenkarte &#8211; Wie benutze ich sie?"}]},{"@type":"WebSite","@id":"https:\/\/osr.org\/de\/#website","url":"https:\/\/osr.org\/de\/","name":"Online Star Register","description":"","potentialAction":[{"@type":"SearchAction","target":{"@type":"EntryPoint","urlTemplate":"https:\/\/osr.org\/de\/?s={search_term_string}"},"query-input":{"@type":"PropertyValueSpecification","valueRequired":true,"valueName":"search_term_string"}}],"inLanguage":"de"}]}},"_links":{"self":[{"href":"https:\/\/osr.org\/de\/wp-json\/wp\/v2\/pages\/2687","targetHints":{"allow":["GET"]}}],"collection":[{"href":"https:\/\/osr.org\/de\/wp-json\/wp\/v2\/pages"}],"about":[{"href":"https:\/\/osr.org\/de\/wp-json\/wp\/v2\/types\/page"}],"author":[{"embeddable":true,"href":"https:\/\/osr.org\/de\/wp-json\/wp\/v2\/users\/4"}],"replies":[{"embeddable":true,"href":"https:\/\/osr.org\/de\/wp-json\/wp\/v2\/comments?post=2687"}],"version-history":[{"count":9,"href":"https:\/\/osr.org\/de\/wp-json\/wp\/v2\/pages\/2687\/revisions"}],"predecessor-version":[{"id":153104,"href":"https:\/\/osr.org\/de\/wp-json\/wp\/v2\/pages\/2687\/revisions\/153104"}],"wp:attachment":[{"href":"https:\/\/osr.org\/de\/wp-json\/wp\/v2\/media?parent=2687"}],"curies":[{"name":"wp","href":"https:\/\/api.w.org\/{rel}","templated":true}]}}