{"id":2307,"date":"2015-11-16T23:50:37","date_gmt":"2015-11-16T21:50:37","guid":{"rendered":"https:\/\/osr.org\/de\/?page_id=2307"},"modified":"2024-10-08T18:35:33","modified_gmt":"2024-10-08T16:35:33","slug":"ueber-online-star-register-old","status":"publish","type":"page","link":"https:\/\/osr.org\/de\/ueber-online-star-register-old\/","title":{"rendered":"\u00dcber Online Star Register"},"content":{"rendered":"<p><strong>Das Online Star Register (OSR) glaubt daran, dass jeder Mensch seinen eigenen Stern am Nachthimmel genie\u00dfen k\u00f6nnen sollte. Deswegen erm\u00f6glichen wir es Dir, im Online Star Register <a href=\"https:\/\/osr.org\/de\/\">einen Stern zu taufen<\/a>!<\/strong><\/p>\n<p><img loading=\"lazy\" decoding=\"async\" class=\"size-full wp-image-16138 aligncenter\" src=\"\/wp-content\/uploads\/2015\/10\/about-osr.jpg\" alt=\"\u00dcber OSR\" width=\"650\" height=\"400\" srcset=\"https:\/\/osr.org\/wp-content\/uploads\/2015\/10\/about-osr.jpg 650w, https:\/\/osr.org\/wp-content\/uploads\/2015\/10\/about-osr-300x185.jpg 300w\" sizes=\"auto, (max-width: 650px) 100vw, 650px\" \/><\/p>\n<p><span class=\"blue-box\">OSR tauft seit dem Beginn dieses Jahrtausends Sterne f\u00fcr Menschen \u00fcberall auf der Welt und ist heute die Nummer Eins der Sternregistrierungs-Services in der Welt. Eine personalisierte Registrierung eines Sterns im <a href=\"\/de\/osr\/\">Online Star Register<\/a> wird weithin als eines der originellsten, gef\u00fchlvollsten und pers\u00f6nlichen Geschenke anerkannt, die Du Deinem Partner, einem Freund, Familienmitglied oder Kollegen machen kannst.<\/span><\/p>\n<h3><span style=\"color: #15acdf;\">Die Sterne visualisieren<\/span><\/h3>\n<p>Wann immer wir uns neue Arten ausdenken, Deinen Stern zu visualisieren, werden wir diese Deinem urspr\u00fcnglichen <a href=\"https:\/\/osr.org\/de\/#select=3\">Geschenkpaket<\/a> GRATIS hinzuf\u00fcgen, so kannst Du Deinen Stern am Nachthimmel immer lokalisieren. Dein getaufter Stern und das besondere Sternendatum werden noch Millionen von Jahren am Himmel strahlt. Das stellt sicher, dass Dein Geschenk f\u00fcr immer erhalten bleibt, w\u00e4hrend neue Updates sicherstellen, dass Dein Stern sich mit den neuen Innovationen des Online Star Register weiterentwickelt.<\/p>\n<p>Zum Beispiel kannst Du jetzt durch das Universum fliegen und die Sterne und die Galaxie in 3D erleben. Schau Dir unser Video unten an!<\/p>\n<div class=\"container-lazyload preview-lazyload container-youtube js-lazyload--not-loaded\"><a href=\"https:\/\/youtu.be\/TU6RAjABX40\" class=\"lazy-load-youtube preview-lazyload preview-youtube\" data-video-title=\"100,000 Stars\" title=\"Play video &quot;100,000 Stars&quot;\">https:\/\/youtu.be\/TU6RAjABX40<\/a><noscript>Video can&#8217;t be loaded because JavaScript is disabled: <a href=\"https:\/\/youtu.be\/TU6RAjABX40\" title=\"100,000 Stars\">100,000 Stars (https:\/\/youtu.be\/TU6RAjABX40)<\/a><\/noscript><\/div>\n<h3><span style=\"color: #15acdf;\">H\u00f6chster Service und h\u00f6chste Sicherheit<\/span><\/h3>\n<ol>\n<li>OSR ist ein internationales Unternehmen und unser Hauptsitz befindet sich in den Niederlanden. Wir bieten schnellen, weltweiten Versand ebenso wie eine elektronische Sofort-Lieferung.<\/li>\n<li>Wir bieten einen exzellenten Kundenservice in allen erdenklichen Sprachen. Wir bem\u00fchen uns, Deine Nachricht innerhalb von 1-2 Werktagen zu beantworten.<\/li>\n<li>OSR.org garantiert die umfassende Sicherheit Deiner Bestellinformationen und Zahlungen, da wir den neuesten SSL-Standard (HTTPS) nutzen. Die Sicherheit unserer Seite wird laufend \u00fcberwacht und sowohl durch Norton Secured als auch durch MacAfee Secure garantiert.<\/li>\n<\/ol>\n<h3><span style=\"color: #15acdf;\">Presse<\/span><\/h3>\n<p>\u00dcber OSR wurde im TV und Radio, Zeitungen und Magazinen in der ganzen Welt berichtet. F\u00fcr Anfragen von Presse und Medien, besuche bitte unsere <a href=\"\/de\/presse\/\">Presse-Seite<\/a>.<\/p>\n<h3><span style=\"color: #15acdf;\">Der Online Star Register Blog<\/span><\/h3>\n<p>Auf dem <a href=\"\/de\/blog\/\">Online Star Register Blog<\/a> erh\u00e4ltst Du die neuesten Informationen \u00fcber die OSR-Geschenke, unsere Apps und \u00fcber das, was wir am meisten lieben: Das Universum und die Sterne!<\/p>\n","protected":false},"excerpt":{"rendered":"<p>Das Online Star Register (OSR) glaubt daran, dass jeder Mensch seinen eigenen Stern am Nachthimmel genie\u00dfen k\u00f6nnen sollte. Deswegen erm\u00f6glichen wir es Dir, im Online Star Register einen Stern zu taufen! OSR tauft seit dem Beginn dieses Jahrtausends Sterne f\u00fcr Menschen \u00fcberall auf der Welt und ist heute die Nummer Eins der Sternregistrierungs-Services in der [&hellip;]<\/p>\n","protected":false},"author":4,"featured_media":0,"parent":0,"menu_order":0,"comment_status":"closed","ping_status":"closed","template":"page-about.php","meta":{"_acf_changed":false,"inline_featured_image":false,"footnotes":""},"class_list":["post-2307","page","type-page","status-publish","hentry"],"acf":[],"yoast_head":"<!-- This site is optimized with the Yoast SEO plugin v27.1.1 - https:\/\/yoast.com\/product\/yoast-seo-wordpress\/ -->\n<title>\u00dcber das Online Star Register (OSR)<\/title>\n<meta name=\"description\" content=\"Erfahre mehr \u00fcber das Online Star Register. Finde heraus, wie Du eigene Sterne am Himmel betrachten kannst. Erhalte GRATIS weltweiten Standard-Versand!\" \/>\n<meta name=\"robots\" content=\"noindex, follow\" \/>\n<meta property=\"og:locale\" content=\"de_DE\" \/>\n<meta property=\"og:type\" content=\"article\" \/>\n<meta property=\"og:title\" content=\"\u00dcber das Online Star Register (OSR)\" \/>\n<meta property=\"og:description\" content=\"Erfahre mehr \u00fcber das Online Star Register. Finde heraus, wie Du eigene Sterne am Himmel betrachten kannst. Erhalte GRATIS weltweiten Standard-Versand!\" \/>\n<meta property=\"og:url\" content=\"https:\/\/osr.org\/de\/ueber-online-star-register-old\/\" \/>\n<meta property=\"og:site_name\" content=\"Online Star Register\" \/>\n<meta property=\"article:modified_time\" content=\"2024-10-08T16:35:33+00:00\" \/>\n<meta name=\"twitter:card\" content=\"summary_large_image\" \/>\n<meta name=\"twitter:label1\" content=\"Gesch\u00e4tzte Lesezeit\" \/>\n\t<meta name=\"twitter:data1\" content=\"3\u00a0Minuten\" \/>\n<script type=\"application\/ld+json\" class=\"yoast-schema-graph\">{\n\t    \"@context\": \"https:\/\/schema.org\",\n\t    \"@graph\": [\n\t        {\n\t            \"@type\": \"WebPage\",\n\t            \"@id\": \"https:\/\/osr.org\/de\/ueber-online-star-register-old\/\",\n\t            \"url\": \"https:\/\/osr.org\/de\/ueber-online-star-register-old\/\",\n\t            \"name\": \"\u00dcber das Online Star Register (OSR)\",\n\t            \"isPartOf\": {\n\t                \"@id\": \"https:\/\/osr.org\/de\/#website\"\n\t            },\n\t            \"datePublished\": \"2015-11-16T21:50:37+00:00\",\n\t            \"dateModified\": \"2024-10-08T16:35:33+00:00\",\n\t            \"description\": \"Erfahre mehr \u00fcber das Online Star Register. Finde heraus, wie Du eigene Sterne am Himmel betrachten kannst. Erhalte GRATIS weltweiten Standard-Versand!\",\n\t            \"breadcrumb\": {\n\t                \"@id\": \"https:\/\/osr.org\/de\/ueber-online-star-register-old\/#breadcrumb\"\n\t            },\n\t            \"inLanguage\": \"de\",\n\t            \"potentialAction\": [\n\t                {\n\t                    \"@type\": \"ReadAction\",\n\t                    \"target\": [\n\t                        \"https:\/\/osr.org\/de\/ueber-online-star-register-old\/\"\n\t                    ]\n\t                }\n\t            ]\n\t        },\n\t        {\n\t            \"@type\": \"BreadcrumbList\",\n\t            \"@id\": \"https:\/\/osr.org\/de\/ueber-online-star-register-old\/#breadcrumb\",\n\t            \"itemListElement\": [\n\t                {\n\t                    \"@type\": \"ListItem\",\n\t                    \"position\": 1,\n\t                    \"name\": \"Home\",\n\t                    \"item\": \"https:\/\/osr.org\/de\/\"\n\t                },\n\t                {\n\t                    \"@type\": \"ListItem\",\n\t                    \"position\": 2,\n\t                    \"name\": \"\u00dcber Online Star Register\"\n\t                }\n\t            ]\n\t        },\n\t        {\n\t            \"@type\": \"WebSite\",\n\t            \"@id\": \"https:\/\/osr.org\/de\/#website\",\n\t            \"url\": \"https:\/\/osr.org\/de\/\",\n\t            \"name\": \"Online Star Register\",\n\t            \"description\": \"\",\n\t            \"potentialAction\": [\n\t                {\n\t                    \"@type\": \"SearchAction\",\n\t                    \"target\": {\n\t                        \"@type\": \"EntryPoint\",\n\t                        \"urlTemplate\": \"https:\/\/osr.org\/de\/?s={search_term_string}\"\n\t                    },\n\t                    \"query-input\": {\n\t                        \"@type\": \"PropertyValueSpecification\",\n\t                        \"valueRequired\": true,\n\t                        \"valueName\": \"search_term_string\"\n\t                    }\n\t                }\n\t            ],\n\t            \"inLanguage\": \"de\"\n\t        }\n\t    ]\n\t}<\/script>\n<!-- \/ Yoast SEO plugin. -->","yoast_head_json":{"title":"\u00dcber das Online Star Register (OSR)","description":"Erfahre mehr \u00fcber das Online Star Register. Finde heraus, wie Du eigene Sterne am Himmel betrachten kannst. Erhalte GRATIS weltweiten Standard-Versand!","robots":{"index":"noindex","follow":"follow"},"og_locale":"de_DE","og_type":"article","og_title":"\u00dcber das Online Star Register (OSR)","og_description":"Erfahre mehr \u00fcber das Online Star Register. Finde heraus, wie Du eigene Sterne am Himmel betrachten kannst. Erhalte GRATIS weltweiten Standard-Versand!","og_url":"https:\/\/osr.org\/de\/ueber-online-star-register-old\/","og_site_name":"Online Star Register","article_modified_time":"2024-10-08T16:35:33+00:00","twitter_card":"summary_large_image","twitter_misc":{"Gesch\u00e4tzte Lesezeit":"3\u00a0Minuten"},"schema":{"@context":"https:\/\/schema.org","@graph":[{"@type":"WebPage","@id":"https:\/\/osr.org\/de\/ueber-online-star-register-old\/","url":"https:\/\/osr.org\/de\/ueber-online-star-register-old\/","name":"\u00dcber das Online Star Register (OSR)","isPartOf":{"@id":"https:\/\/osr.org\/de\/#website"},"datePublished":"2015-11-16T21:50:37+00:00","dateModified":"2024-10-08T16:35:33+00:00","description":"Erfahre mehr \u00fcber das Online Star Register. Finde heraus, wie Du eigene Sterne am Himmel betrachten kannst. Erhalte GRATIS weltweiten Standard-Versand!","breadcrumb":{"@id":"https:\/\/osr.org\/de\/ueber-online-star-register-old\/#breadcrumb"},"inLanguage":"de","potentialAction":[{"@type":"ReadAction","target":["https:\/\/osr.org\/de\/ueber-online-star-register-old\/"]}]},{"@type":"BreadcrumbList","@id":"https:\/\/osr.org\/de\/ueber-online-star-register-old\/#breadcrumb","itemListElement":[{"@type":"ListItem","position":1,"name":"Home","item":"https:\/\/osr.org\/de\/"},{"@type":"ListItem","position":2,"name":"\u00dcber Online Star Register"}]},{"@type":"WebSite","@id":"https:\/\/osr.org\/de\/#website","url":"https:\/\/osr.org\/de\/","name":"Online Star Register","description":"","potentialAction":[{"@type":"SearchAction","target":{"@type":"EntryPoint","urlTemplate":"https:\/\/osr.org\/de\/?s={search_term_string}"},"query-input":{"@type":"PropertyValueSpecification","valueRequired":true,"valueName":"search_term_string"}}],"inLanguage":"de"}]}},"_links":{"self":[{"href":"https:\/\/osr.org\/de\/wp-json\/wp\/v2\/pages\/2307","targetHints":{"allow":["GET"]}}],"collection":[{"href":"https:\/\/osr.org\/de\/wp-json\/wp\/v2\/pages"}],"about":[{"href":"https:\/\/osr.org\/de\/wp-json\/wp\/v2\/types\/page"}],"author":[{"embeddable":true,"href":"https:\/\/osr.org\/de\/wp-json\/wp\/v2\/users\/4"}],"replies":[{"embeddable":true,"href":"https:\/\/osr.org\/de\/wp-json\/wp\/v2\/comments?post=2307"}],"version-history":[{"count":9,"href":"https:\/\/osr.org\/de\/wp-json\/wp\/v2\/pages\/2307\/revisions"}],"predecessor-version":[{"id":216029,"href":"https:\/\/osr.org\/de\/wp-json\/wp\/v2\/pages\/2307\/revisions\/216029"}],"wp:attachment":[{"href":"https:\/\/osr.org\/de\/wp-json\/wp\/v2\/media?parent=2307"}],"curies":[{"name":"wp","href":"https:\/\/api.w.org\/{rel}","templated":true}]}}