{"id":199546,"date":"2022-04-01T17:03:31","date_gmt":"2022-04-01T15:03:31","guid":{"rendered":"https:\/\/osr.org\/osr-geschenkgutschein\/the-osr-gift-card\/"},"modified":"2022-06-01T15:14:26","modified_gmt":"2022-06-01T13:14:26","slug":"der-osr-geschenkgutschein","status":"publish","type":"page","link":"https:\/\/osr.org\/de\/osr-geschenkgutschein\/der-osr-geschenkgutschein\/","title":{"rendered":"Der OSR-Geschenkgutschein"},"content":{"rendered":"<p><strong>Mit dem OSR-Geschenkgutschein kann der Beschenkte oder die Beschenkte selbst den <a href=\"https:\/\/osr.org\/de\/\">Stern taufen<\/a> und auch ein Sternendatum, eine Konstellation und ein Geschenkmotiv ausw\u00e4hlen. Du kannst den Geschenkgutschein per Post erhalten oder sofort als PDF herunterladen. Weitere Informationen zum OSR-Geschenkgutschein gibt es auf dieser Seite.<\/strong><\/p>\n<ul>\n<li>Dieses Geschenk ist perfekt, wenn Du es dem Beschenkten oder der Beschenkten \u00fcberlassen m\u00f6chtest, den Namen des Sterns auszuw\u00e4hlen<\/li>\n<li>Du erh\u00e4ltst einen Geschenkgutschein, entweder online (PDF) oder per Post (via UPS)<\/li>\n<li>Mit dem OSR-Geschenkgutschein kann der Empf\u00e4nger oder die Empf\u00e4ngerin kostenlos sein oder ihr Geschenkpaket bestellen<\/li>\n<\/ul>\n<p><strong><span class=\"blue-box\">Hast Du den OSR-Geschenkgutschein als Geschenk erhalten und m\u00f6chtest Dein kostenloses OSR-Geschenkpaket bestellen? <a href=\"https:\/\/osr.org\/de\/geschenkgutschein\/\">Taufe mit dem OSR-Geschenkgutschein hier kostenlos einen Stern<\/a>!<\/span><\/strong><\/p>\n<h2><span style=\"color: #15acdf;\">\u00dcber den OSR-Geschenkgutschein<\/span><\/h2>\n<p>Du m\u00f6chtest einen Stern nach jemandem benennen, willst die Namenswahl<em> aber dem Empf\u00e4nger oder der Empf\u00e4ngerin \u00fcberlassen<\/em>? Das k\u00f6nnte gut der Fall sein, wenn Du zum Beispiel folgende Personen \u00fcberraschen m\u00f6chtest:<\/p>\n<ul>\n<li>Eltern, die ein Kind erwarten<\/li>\n<li>jemanden, den Du nicht so gut kennst<\/li>\n<li>jemanden, vom dem Du glaubst, dass er oder sie einen eigenen Sternennamen aussuchen m\u00f6chte<\/li>\n<\/ul>\n<p>Daf\u00fcr eignet sich der OSR-Geschenkgutschein perfekt, denn er macht genau das m\u00f6glich! Der Reiter unten zeigt Dir, wie genau er funktioniert:<br \/>\n<div class=\"st-slider-container\"><div class=\"st-slider js-slider-shortcode\"><div class=\"swiper-slide\"><div class=\"st-slider__slide-inner\"><picture><source srcset=\"https:\/\/osr.org\/wp-content\/uploads\/2021\/10\/mobile-osr-gift-card-2d.jpg\" media=\"(max-width:640px)\"><img loading=\"lazy\" decoding=\"async\" src=\"https:\/\/osr.org\/wp-content\/uploads\/2021\/10\/osr-gift-card-2d.jpg\" width=\"650\" height=\"500\"><\/picture><div class=\"st-slider__slide-content\"><p>Mit dem einzigartigen Code auf dem OSR Geschenkgutschein kann der Empf\u00e4nger oder die Empf\u00e4ngerin KOSTENLOS das OSR Geschenkpaket auf osr.org bestellen. Der Empf\u00e4nger oder die Empf\u00e4nger kann den Namen seines oder ihres Stern selbst ausw\u00e4hlen.<\/p>\n<\/div><\/div><\/div><div class=\"swiper-slide\"><div class=\"st-slider__slide-inner\"><picture><source srcset=\"https:\/\/osr.org\/wp-content\/uploads\/2021\/10\/mobile-osr-gift-card-physical.jpg\" media=\"(max-width:640px)\"><img loading=\"lazy\" decoding=\"async\" src=\"https:\/\/osr.org\/wp-content\/uploads\/2021\/10\/osr-gift-card-physical.jpg\" width=\"650\" height=\"500\"><\/picture><div class=\"st-slider__slide-content\"><p>Du kannst Den OSR Geschenkgutschein in physischer Form bestellen, der via UPS und mit zus\u00e4tzlichen Versandkosten verschickt wird.<\/p>\n<\/div><\/div><\/div><div class=\"swiper-slide\"><div class=\"st-slider__slide-inner\"><picture><source srcset=\"https:\/\/osr.org\/wp-content\/uploads\/2021\/10\/mobile-osr-gift-card-wrapped.jpg\" media=\"(max-width:640px)\"><img loading=\"lazy\" decoding=\"async\" src=\"https:\/\/osr.org\/wp-content\/uploads\/2021\/10\/osr-gift-card-wrapped.jpg\" width=\"650\" height=\"500\"><\/picture><div class=\"st-slider__slide-content\"><p>Der physische OSR Geschenkgutschein wird in elegantem Geschenkpapier eingepackt. Du kannst auf der Innenseite eine pers\u00f6nliche Nachricht hinzuf\u00fcgen.<\/p>\n<\/div><\/div><\/div><div class=\"swiper-slide\"><div class=\"st-slider__slide-inner\"><picture><source srcset=\"https:\/\/osr.org\/wp-content\/uploads\/2021\/10\/mobile-gift-card-online.jpg\" media=\"(max-width:640px)\"><img loading=\"lazy\" decoding=\"async\" src=\"https:\/\/osr.org\/wp-content\/uploads\/2021\/10\/gift-card-online.jpg\" width=\"650\" height=\"500\"><\/picture><div class=\"st-slider__slide-content\"><p>Du kannst dich auch f\u00fcr den Online Geschenkgutschein (keine Versandkosten) entscheiden, den Du sofort im PDF-Format herunterladen kannst.<\/p>\n<\/div><\/div><\/div><\/div><\/div><\/p>\n<h2><span style=\"color: #15acdf;\">Lieferung: Sofort (PDF) oder mit UPS<\/span><\/h2>\n<p style=\"text-align: left;\"><img loading=\"lazy\" decoding=\"async\" class=\"alignnone size-full wp-image-20325\" src=\"https:\/\/osr.org\/wp-content\/uploads\/2017\/10\/which-osr-gift-card.jpg\" alt=\"Welcher OSR Geschenkgutschein\" width=\"650\" height=\"217\" \/><br \/>\nWir bieten zwei Versionen des Geschenkgutscheins an:<\/p>\n<ol>\n<li>Der <strong>Online Geschenkgutschein<\/strong> ist versandkostenfrei. Du kannst ihn direkt nach der Bestellung herunterladen (PDF).<\/li>\n<li>Der <strong>OSR-Geschenkgutschein<\/strong> ist ein physischer Geschenkgutschein in luxuri\u00f6sem Geschenkpapier, das (aufgrund des Wertes des Geschenkgutscheins) innerhalb von 48 Stunden via UPS verschickt wird. Die Versandkosten sind von Deinem Standort abh\u00e4ngig.<\/li>\n<\/ol>\n<p style=\"text-align: center;\"><a class=\"button button-orange medium arrow\" href=\"\/order\/de\/giftcard?currency_id=2\"><strong>W\u00e4hle Deinen Geschenkgutschein aus!<\/strong><\/a><\/p>\n<h2><span style=\"color: #15acdf;\">Was kann man mit dem Geschenkgutschein bestellen?<\/span><\/h2>\n<p>Mit dem einzigartigen Code auf dem OSR-Geschenkgutschein kann der Empf\u00e4nger oder die Empf\u00e4ngerin KOSTENLOS das OSR-Geschenkpaket bestellen. Der Empf\u00e4nger oder die Empf\u00e4ngerin kann selbst die <a href=\"https:\/\/osr.org\/de\/\">Sterntaufe<\/a> durchf\u00fchren und ein Sternendatum, eine Konstellation und das Geschenkmotiv w\u00e4hlen. Der Reiter unten zeigt Dir den Inhalt des OSR Geschenkpakets:<\/p>\n<div class=\"st-slider-container\"><div class=\"st-slider js-slider-shortcode\"><div class=\"swiper-slide\"><div class=\"st-slider__slide-inner\"><picture><source srcset=\"https:\/\/osr.org\/wp-content\/uploads\/2022\/02\/Mobile-Totaalpakket.jpg\" media=\"(max-width:640px)\"><img loading=\"lazy\" decoding=\"async\" src=\"https:\/\/osr.org\/wp-content\/uploads\/2022\/02\/Totaalpakket.jpg\" width=\"650\" height=\"500\"><\/picture><div class=\"st-slider__slide-content\"><p>Entdecke die Geschenkinhalte des OSR Geschenkpakets - unser beliebtestes Geschenk!<\/p>\n<\/div><\/div><\/div><div class=\"swiper-slide\"><div class=\"st-slider__slide-inner\"><picture><source srcset=\"https:\/\/osr.org\/wp-content\/uploads\/2021\/10\/Mobile-Certificaat-1.jpg\" media=\"(max-width:640px)\"><img loading=\"lazy\" decoding=\"async\" src=\"https:\/\/osr.org\/wp-content\/uploads\/2021\/10\/Certificaat-1.jpg\" width=\"650\" height=\"500\"><\/picture><div class=\"st-slider__slide-content\"><p>Das Sternenzertifikat wird auf luxuri\u00f6sem Papier gedruckt und enth\u00e4lt die Sternenkoordinaten, den Sternennamen und das Sternendatum.<\/p>\n<\/div><\/div><\/div><div class=\"swiper-slide\"><div class=\"st-slider__slide-inner\"><picture><source srcset=\"https:\/\/osr.org\/wp-content\/uploads\/2021\/10\/Mobile-Info-Sheet-1.jpg\" media=\"(max-width:640px)\"><img loading=\"lazy\" decoding=\"async\" src=\"https:\/\/osr.org\/wp-content\/uploads\/2021\/10\/Info-Sheet-1.jpg\" width=\"650\" height=\"500\"><\/picture><div class=\"st-slider__slide-content\"><p>Dieses Dokument erkl\u00e4rt, wie Du alle Vorteile Deines Sternengeschenks mit dem einzigartigen OSR Code nutzen kannst.<\/p>\n<\/div><\/div><\/div><div class=\"swiper-slide\"><div class=\"st-slider__slide-inner\"><picture><source srcset=\"https:\/\/osr.org\/wp-content\/uploads\/2021\/10\/Mobile-Sticker-2.jpg\" media=\"(max-width:640px)\"><img loading=\"lazy\" decoding=\"async\" src=\"https:\/\/osr.org\/wp-content\/uploads\/2021\/10\/Sticker-2.jpg\" width=\"650\" height=\"500\"><\/picture><div class=\"st-slider__slide-content\"><p>Der Stern auf dem Erl\u00e4uterungsblatt ist au\u00dferdem ein Sticker, der im Dunkeln leuchtet.<\/p>\n<\/div><\/div><\/div><div class=\"swiper-slide\"><div class=\"st-slider__slide-inner\"><picture><source srcset=\"https:\/\/osr.org\/wp-content\/uploads\/2021\/10\/Mobile-Sticker.jpg\" media=\"(max-width:640px)\"><img loading=\"lazy\" decoding=\"async\" src=\"https:\/\/osr.org\/wp-content\/uploads\/2021\/10\/Sticker.jpg\" width=\"650\" height=\"500\"><\/picture><div class=\"st-slider__slide-content\"><p>Der Stern auf dem Erl\u00e4uterungsblatt ist au\u00dferdem ein Sticker, der im Dunkeln leuchtet.<\/p>\n<\/div><\/div><\/div><div class=\"swiper-slide\"><div class=\"st-slider__slide-inner\"><picture><source srcset=\"https:\/\/osr.org\/wp-content\/uploads\/2021\/10\/Mobile-Tekstkaart-1.jpg\" media=\"(max-width:640px)\"><img loading=\"lazy\" decoding=\"async\" src=\"https:\/\/osr.org\/wp-content\/uploads\/2021\/10\/Tekstkaart.jpg\" width=\"650\" height=\"500\"><\/picture><div class=\"st-slider__slide-content\"><p>Im Bestellformular kannst Du eine pers\u00f6nliche Nachricht an den Empf\u00e4nger oder die Empf\u00e4ngerin einf\u00fcgen, die dann auf diese Karte gedruckt wird.<\/p>\n<\/div><\/div><\/div><div class=\"swiper-slide\"><div class=\"st-slider__slide-inner\"><picture><source srcset=\"https:\/\/osr.org\/wp-content\/uploads\/2021\/10\/Mobile-Star-Map.jpg\" media=\"(max-width:640px)\"><img loading=\"lazy\" decoding=\"async\" src=\"https:\/\/osr.org\/wp-content\/uploads\/2021\/10\/Star-Map.jpg\" width=\"650\" height=\"500\"><\/picture><div class=\"st-slider__slide-content\"><p>Diese detailliere drehbare Sternenkarte wird Dir helfen, Deinen Stern im Nachthimmel zu finden.<\/p>\n<\/div><\/div><\/div><div class=\"swiper-slide\"><div class=\"st-slider__slide-inner\"><picture><source srcset=\"https:\/\/osr.org\/wp-content\/uploads\/2021\/10\/Mobile-Brief-1.jpg\" media=\"(max-width:640px)\"><img loading=\"lazy\" decoding=\"async\" src=\"https:\/\/osr.org\/wp-content\/uploads\/2021\/10\/Brief-1.jpg\" width=\"650\" height=\"500\"><\/picture><div class=\"st-slider__slide-content\"><p>Das offizielle PDF-Dokument von OSR best\u00e4tigt die Registrierung des Sterns im Online Star Register.<\/p>\n<\/div><\/div><\/div><div class=\"swiper-slide\"><div class=\"st-slider__slide-inner\"><picture><source srcset=\"https:\/\/osr.org\/wp-content\/uploads\/2022\/02\/Mobile-Envelope.jpg\" media=\"(max-width:640px)\"><img loading=\"lazy\" decoding=\"async\" src=\"https:\/\/osr.org\/wp-content\/uploads\/2022\/02\/Envelope.jpg\" width=\"650\" height=\"500\"><\/picture><div class=\"st-slider__slide-content\"><p>F\u00fcr jeden Anlass ist ein spezielles Geschenkpapier verf\u00fcgbar. Zum Beispiel: Allgemein, Geburtstag, Liebe, Weihnachten, Geburt oder Hochzeit.<\/p>\n<\/div><\/div><\/div><div class=\"swiper-slide\"><div class=\"st-slider__slide-inner\"><picture><source srcset=\"https:\/\/osr.org\/wp-content\/uploads\/2022\/02\/Mobile-Snazzy-bag.jpg\" media=\"(max-width:640px)\"><img loading=\"lazy\" decoding=\"async\" src=\"https:\/\/osr.org\/wp-content\/uploads\/2022\/02\/Snazzy-bag.jpg\" width=\"650\" height=\"500\"><\/picture><div class=\"st-slider__slide-content\"><p>Das elegante Geschenkpaket passt in jeden Briefkasten, Du musst also nicht zu Hause sein, um es zu erhalten.<\/p>\n<\/div><\/div><\/div><div class=\"swiper-slide\"><div class=\"st-slider__slide-inner\"><picture><source srcset=\"https:\/\/osr.org\/wp-content\/uploads\/2021\/10\/Mobile-OMS.jpg\" media=\"(max-width:640px)\"><img loading=\"lazy\" decoding=\"async\" src=\"https:\/\/osr.org\/wp-content\/uploads\/2021\/10\/OMS.jpg\" width=\"650\" height=\"500\"><\/picture><div class=\"st-slider__slide-content\"><p>Jeder getaufte Stern wird in der einzigartigen 3D Browser App One Million Stars angezeigt.<\/p>\n<\/div><\/div><\/div><div class=\"swiper-slide\"><div class=\"st-slider__slide-inner\"><picture><source srcset=\"https:\/\/osr.org\/wp-content\/uploads\/2021\/10\/Star-Finder-App-SML.jpg\" media=\"(max-width:640px)\"><img loading=\"lazy\" decoding=\"async\" src=\"https:\/\/osr.org\/wp-content\/uploads\/2021\/10\/Star-Finder-App-1.jpg\" width=\"650\" height=\"500\"><\/picture><div class=\"st-slider__slide-content\"><p>Finde Deinen Stern einfach mit der mobilen Star Finder App!<\/p>\n<\/div><\/div><\/div><div class=\"swiper-slide\"><div class=\"st-slider__slide-inner\"><picture><source srcset=\"https:\/\/osr.org\/wp-content\/uploads\/2021\/10\/Mobile-Star-Page-1.jpg\" media=\"(max-width:640px)\"><img loading=\"lazy\" decoding=\"async\" src=\"https:\/\/osr.org\/wp-content\/uploads\/2021\/10\/Star-Page.jpg\" width=\"650\" height=\"500\"><\/picture><div class=\"st-slider__slide-content\"><p>Auf der besonderen Sternenseite kannst Du Nachrichten, Bilder und ein Video hinzuf\u00fcgen. Es gibt sogar ein G\u00e4stebuch, in dem sich Deine Freunde und Familienmitglieder eintragen k\u00f6nnen.<\/p>\n<\/div><\/div><\/div><\/div><\/div>\n<p style=\"text-align: center;\"><a class=\"button button-orange medium arrow\" href=\"\/order\/de\/giftcard?currency_id=2\"><strong>Bestelle jetzt den OSR-Geschenkgutschein!<\/strong><\/a><\/p>\n<h2><span style=\"color: #15acdf;\">OSR-Geschenkgutscheine als Geschenk an Mitarbeiter<\/span><\/h2>\n<p>Der OSR-Geschenkgutschein ist perfekt als Geschenk an Mitarbeiter! W\u00e4hle einfach den physischen OSR-Geschenkgutschein oder den Online Geschenkgutschein aus. Dann kann der Empf\u00e4nger oder die Empf\u00e4ngerin seinen oder ihren eigenen Stern registrieren. ohne dass du noch etwas machen musst. Das Beste ist: Jeder Empf\u00e4nger oder jede Empf\u00e4ngerin wird das OSR-Geschenkpaket an seine oder ihre eigene Adresse erhalten.<\/p>\n<ul>\n<li>Es ist schnell und einfach (Versand innerhalb von 48 Stunden mit UPS)<\/li>\n<li>Keine Personalisierung notwendig<\/li>\n<li>Perfekt f\u00fcr viele Anl\u00e4sse wie Jubil\u00e4en, Weihnachten, Silvesterfeiern oder Firmenfeiern<\/li>\n<\/ul>\n<p>Viele Unternehmen haben sich beim Geschenk f\u00fcr Mitarbeiter schon f\u00fcr das Online Star Register entschieden. Das Geschenk ist eine wunderbare Erinnerung daran, wie sehr Kollegen, Angestellte, Kunden oder andere gesch\u00e4ftliche Beziehungen wertgesch\u00e4tzt werden. Denn sie sind die Sterne, die das Unternehmen zum Strahlen bringen. Bestelle jetzt den OSR-Geschenkgutschein und gib ihnen das originellste Unternehmensgeschenk des Universums!<\/p>\n<p style=\"text-align: center;\"><a class=\"button button-blue medium arrow\" href=\"https:\/\/osr.org\/de\/firmengeschenke\/\"><strong>Kontaktiere uns, um Unternehmensgeschenke zu bestellen<\/strong><\/a><\/p>\n<p><span class=\"blue-box\"><strong>Tipp<\/strong>: es ist auch m\u00f6glich, sofort Geschenkgutscheine in gro\u00dfer Anzahl <a href=\"https:\/\/osr.org\/order\/de\/giftcard?currency_id=2\">\u00fcber unser Bestellformular zu bestellen<\/a>.<\/span><\/p>\n","protected":false},"excerpt":{"rendered":"<p>Mit dem OSR-Geschenkgutschein kann der Beschenkte oder die Beschenkte selbst den Stern taufen und auch ein Sternendatum, eine Konstellation und ein Geschenkmotiv ausw\u00e4hlen. Du kannst den Geschenkgutschein per Post erhalten oder sofort als PDF herunterladen. Weitere Informationen zum OSR-Geschenkgutschein gibt es auf dieser Seite. Dieses Geschenk ist perfekt, wenn Du es dem Beschenkten oder der [&hellip;]<\/p>\n","protected":false},"author":4,"featured_media":0,"parent":199570,"menu_order":0,"comment_status":"closed","ping_status":"closed","template":"page-osr-gift-card-sub.php","meta":{"_acf_changed":false,"inline_featured_image":false,"footnotes":""},"class_list":["post-199546","page","type-page","status-publish","hentry"],"acf":[],"yoast_head":"<!-- This site is optimized with the Yoast SEO plugin v27.3 - https:\/\/yoast.com\/product\/yoast-seo-wordpress\/ -->\n<title>Der OSR-Geschenkgutschein - Online Star Register<\/title>\n<meta name=\"description\" content=\"Mit dem OSR-Geschenkgutschein kann der Beschenkte oder die Beschenkte selbst den Stern taufen. Weitere Informationen zum OSR-Geschenkgutschein gibt es auf dieser Seite.\" \/>\n<meta name=\"robots\" content=\"index, follow, max-snippet:-1, max-image-preview:large, max-video-preview:-1\" \/>\n<link rel=\"canonical\" href=\"https:\/\/osr.org\/de\/osr-geschenkgutschein\/der-osr-geschenkgutschein\/\" \/>\n<meta property=\"og:locale\" content=\"de_DE\" \/>\n<meta property=\"og:type\" content=\"article\" \/>\n<meta property=\"og:title\" content=\"Der OSR-Geschenkgutschein - Online Star Register\" \/>\n<meta property=\"og:description\" content=\"Mit dem OSR-Geschenkgutschein kann der Beschenkte oder die Beschenkte selbst den Stern taufen. Weitere Informationen zum OSR-Geschenkgutschein gibt es auf dieser Seite.\" \/>\n<meta property=\"og:url\" content=\"https:\/\/osr.org\/de\/osr-geschenkgutschein\/der-osr-geschenkgutschein\/\" \/>\n<meta property=\"og:site_name\" content=\"Online Star Register\" \/>\n<meta property=\"article:modified_time\" content=\"2022-06-01T13:14:26+00:00\" \/>\n<meta property=\"og:image\" content=\"https:\/\/osr.org\/wp-content\/uploads\/2017\/10\/which-osr-gift-card.jpg\" \/>\n<meta name=\"twitter:card\" content=\"summary_large_image\" \/>\n<meta name=\"twitter:label1\" content=\"Gesch\u00e4tzte Lesezeit\" \/>\n\t<meta name=\"twitter:data1\" content=\"3\u00a0Minuten\" \/>\n<script type=\"application\/ld+json\" class=\"yoast-schema-graph\">{\n\t    \"@context\": \"https:\\\/\\\/schema.org\",\n\t    \"@graph\": [\n\t        {\n\t            \"@type\": \"WebPage\",\n\t            \"@id\": \"https:\\\/\\\/osr.org\\\/de\\\/osr-geschenkgutschein\\\/der-osr-geschenkgutschein\\\/\",\n\t            \"url\": \"https:\\\/\\\/osr.org\\\/de\\\/osr-geschenkgutschein\\\/der-osr-geschenkgutschein\\\/\",\n\t            \"name\": \"Der OSR-Geschenkgutschein - Online Star Register\",\n\t            \"isPartOf\": {\n\t                \"@id\": \"https:\\\/\\\/osr.org\\\/de\\\/#website\"\n\t            },\n\t            \"primaryImageOfPage\": {\n\t                \"@id\": \"https:\\\/\\\/osr.org\\\/de\\\/osr-geschenkgutschein\\\/der-osr-geschenkgutschein\\\/#primaryimage\"\n\t            },\n\t            \"image\": {\n\t                \"@id\": \"https:\\\/\\\/osr.org\\\/de\\\/osr-geschenkgutschein\\\/der-osr-geschenkgutschein\\\/#primaryimage\"\n\t            },\n\t            \"thumbnailUrl\": \"https:\\\/\\\/osr.org\\\/wp-content\\\/uploads\\\/2017\\\/10\\\/which-osr-gift-card.jpg\",\n\t            \"datePublished\": \"2022-04-01T15:03:31+00:00\",\n\t            \"dateModified\": \"2022-06-01T13:14:26+00:00\",\n\t            \"description\": \"Mit dem OSR-Geschenkgutschein kann der Beschenkte oder die Beschenkte selbst den Stern taufen. Weitere Informationen zum OSR-Geschenkgutschein gibt es auf dieser Seite.\",\n\t            \"breadcrumb\": {\n\t                \"@id\": \"https:\\\/\\\/osr.org\\\/de\\\/osr-geschenkgutschein\\\/der-osr-geschenkgutschein\\\/#breadcrumb\"\n\t            },\n\t            \"inLanguage\": \"de\",\n\t            \"potentialAction\": [\n\t                {\n\t                    \"@type\": \"ReadAction\",\n\t                    \"target\": [\n\t                        \"https:\\\/\\\/osr.org\\\/de\\\/osr-geschenkgutschein\\\/der-osr-geschenkgutschein\\\/\"\n\t                    ]\n\t                }\n\t            ]\n\t        },\n\t        {\n\t            \"@type\": \"ImageObject\",\n\t            \"inLanguage\": \"de\",\n\t            \"@id\": \"https:\\\/\\\/osr.org\\\/de\\\/osr-geschenkgutschein\\\/der-osr-geschenkgutschein\\\/#primaryimage\",\n\t            \"url\": \"https:\\\/\\\/osr.org\\\/wp-content\\\/uploads\\\/2017\\\/10\\\/which-osr-gift-card.jpg\",\n\t            \"contentUrl\": \"https:\\\/\\\/osr.org\\\/wp-content\\\/uploads\\\/2017\\\/10\\\/which-osr-gift-card.jpg\"\n\t        },\n\t        {\n\t            \"@type\": \"BreadcrumbList\",\n\t            \"@id\": \"https:\\\/\\\/osr.org\\\/de\\\/osr-geschenkgutschein\\\/der-osr-geschenkgutschein\\\/#breadcrumb\",\n\t            \"itemListElement\": [\n\t                {\n\t                    \"@type\": \"ListItem\",\n\t                    \"position\": 1,\n\t                    \"name\": \"Home\",\n\t                    \"item\": \"https:\\\/\\\/osr.org\\\/de\\\/\"\n\t                },\n\t                {\n\t                    \"@type\": \"ListItem\",\n\t                    \"position\": 2,\n\t                    \"name\": \"Der OSR-Geschenkgutschein\",\n\t                    \"item\": \"https:\\\/\\\/osr.org\\\/de\\\/osr-geschenkgutschein\\\/\"\n\t                },\n\t                {\n\t                    \"@type\": \"ListItem\",\n\t                    \"position\": 3,\n\t                    \"name\": \"Der OSR-Geschenkgutschein\"\n\t                }\n\t            ]\n\t        },\n\t        {\n\t            \"@type\": \"WebSite\",\n\t            \"@id\": \"https:\\\/\\\/osr.org\\\/de\\\/#website\",\n\t            \"url\": \"https:\\\/\\\/osr.org\\\/de\\\/\",\n\t            \"name\": \"Online Star Register\",\n\t            \"description\": \"\",\n\t            \"potentialAction\": [\n\t                {\n\t                    \"@type\": \"SearchAction\",\n\t                    \"target\": {\n\t                        \"@type\": \"EntryPoint\",\n\t                        \"urlTemplate\": \"https:\\\/\\\/osr.org\\\/de\\\/?s={search_term_string}\"\n\t                    },\n\t                    \"query-input\": {\n\t                        \"@type\": \"PropertyValueSpecification\",\n\t                        \"valueRequired\": true,\n\t                        \"valueName\": \"search_term_string\"\n\t                    }\n\t                }\n\t            ],\n\t            \"inLanguage\": \"de\"\n\t        }\n\t    ]\n\t}<\/script>\n<!-- \/ Yoast SEO plugin. -->","yoast_head_json":{"title":"Der OSR-Geschenkgutschein - Online Star Register","description":"Mit dem OSR-Geschenkgutschein kann der Beschenkte oder die Beschenkte selbst den Stern taufen. Weitere Informationen zum OSR-Geschenkgutschein gibt es auf dieser Seite.","robots":{"index":"index","follow":"follow","max-snippet":"max-snippet:-1","max-image-preview":"max-image-preview:large","max-video-preview":"max-video-preview:-1"},"canonical":"https:\/\/osr.org\/de\/osr-geschenkgutschein\/der-osr-geschenkgutschein\/","og_locale":"de_DE","og_type":"article","og_title":"Der OSR-Geschenkgutschein - Online Star Register","og_description":"Mit dem OSR-Geschenkgutschein kann der Beschenkte oder die Beschenkte selbst den Stern taufen. Weitere Informationen zum OSR-Geschenkgutschein gibt es auf dieser Seite.","og_url":"https:\/\/osr.org\/de\/osr-geschenkgutschein\/der-osr-geschenkgutschein\/","og_site_name":"Online Star Register","article_modified_time":"2022-06-01T13:14:26+00:00","og_image":[{"url":"https:\/\/osr.org\/wp-content\/uploads\/2017\/10\/which-osr-gift-card.jpg","type":"","width":"","height":""}],"twitter_card":"summary_large_image","twitter_misc":{"Gesch\u00e4tzte Lesezeit":"3\u00a0Minuten"},"schema":{"@context":"https:\/\/schema.org","@graph":[{"@type":"WebPage","@id":"https:\/\/osr.org\/de\/osr-geschenkgutschein\/der-osr-geschenkgutschein\/","url":"https:\/\/osr.org\/de\/osr-geschenkgutschein\/der-osr-geschenkgutschein\/","name":"Der OSR-Geschenkgutschein - Online Star Register","isPartOf":{"@id":"https:\/\/osr.org\/de\/#website"},"primaryImageOfPage":{"@id":"https:\/\/osr.org\/de\/osr-geschenkgutschein\/der-osr-geschenkgutschein\/#primaryimage"},"image":{"@id":"https:\/\/osr.org\/de\/osr-geschenkgutschein\/der-osr-geschenkgutschein\/#primaryimage"},"thumbnailUrl":"https:\/\/osr.org\/wp-content\/uploads\/2017\/10\/which-osr-gift-card.jpg","datePublished":"2022-04-01T15:03:31+00:00","dateModified":"2022-06-01T13:14:26+00:00","description":"Mit dem OSR-Geschenkgutschein kann der Beschenkte oder die Beschenkte selbst den Stern taufen. Weitere Informationen zum OSR-Geschenkgutschein gibt es auf dieser Seite.","breadcrumb":{"@id":"https:\/\/osr.org\/de\/osr-geschenkgutschein\/der-osr-geschenkgutschein\/#breadcrumb"},"inLanguage":"de","potentialAction":[{"@type":"ReadAction","target":["https:\/\/osr.org\/de\/osr-geschenkgutschein\/der-osr-geschenkgutschein\/"]}]},{"@type":"ImageObject","inLanguage":"de","@id":"https:\/\/osr.org\/de\/osr-geschenkgutschein\/der-osr-geschenkgutschein\/#primaryimage","url":"https:\/\/osr.org\/wp-content\/uploads\/2017\/10\/which-osr-gift-card.jpg","contentUrl":"https:\/\/osr.org\/wp-content\/uploads\/2017\/10\/which-osr-gift-card.jpg"},{"@type":"BreadcrumbList","@id":"https:\/\/osr.org\/de\/osr-geschenkgutschein\/der-osr-geschenkgutschein\/#breadcrumb","itemListElement":[{"@type":"ListItem","position":1,"name":"Home","item":"https:\/\/osr.org\/de\/"},{"@type":"ListItem","position":2,"name":"Der OSR-Geschenkgutschein","item":"https:\/\/osr.org\/de\/osr-geschenkgutschein\/"},{"@type":"ListItem","position":3,"name":"Der OSR-Geschenkgutschein"}]},{"@type":"WebSite","@id":"https:\/\/osr.org\/de\/#website","url":"https:\/\/osr.org\/de\/","name":"Online Star Register","description":"","potentialAction":[{"@type":"SearchAction","target":{"@type":"EntryPoint","urlTemplate":"https:\/\/osr.org\/de\/?s={search_term_string}"},"query-input":{"@type":"PropertyValueSpecification","valueRequired":true,"valueName":"search_term_string"}}],"inLanguage":"de"}]}},"_links":{"self":[{"href":"https:\/\/osr.org\/de\/wp-json\/wp\/v2\/pages\/199546","targetHints":{"allow":["GET"]}}],"collection":[{"href":"https:\/\/osr.org\/de\/wp-json\/wp\/v2\/pages"}],"about":[{"href":"https:\/\/osr.org\/de\/wp-json\/wp\/v2\/types\/page"}],"author":[{"embeddable":true,"href":"https:\/\/osr.org\/de\/wp-json\/wp\/v2\/users\/4"}],"replies":[{"embeddable":true,"href":"https:\/\/osr.org\/de\/wp-json\/wp\/v2\/comments?post=199546"}],"version-history":[{"count":4,"href":"https:\/\/osr.org\/de\/wp-json\/wp\/v2\/pages\/199546\/revisions"}],"predecessor-version":[{"id":199737,"href":"https:\/\/osr.org\/de\/wp-json\/wp\/v2\/pages\/199546\/revisions\/199737"}],"up":[{"embeddable":true,"href":"https:\/\/osr.org\/de\/wp-json\/wp\/v2\/pages\/199570"}],"wp:attachment":[{"href":"https:\/\/osr.org\/de\/wp-json\/wp\/v2\/media?parent=199546"}],"curies":[{"name":"wp","href":"https:\/\/api.w.org\/{rel}","templated":true}]}}