{"id":3289,"date":"2015-11-17T15:34:01","date_gmt":"2015-11-17T13:34:01","guid":{"rendered":"https:\/\/osr.org\/da\/?page_id=3289"},"modified":"2023-01-25T08:49:31","modified_gmt":"2023-01-25T06:49:31","slug":"sitemap","status":"publish","type":"page","link":"https:\/\/osr.org\/da\/sitemap\/","title":{"rendered":"Sitemap"},"content":{"rendered":"<ul>\n<li><a title=\"D\u00f8b en stjerne\" href=\"\/da\/\"><strong>D\u00f8b en stjerne<\/strong><\/a><\/li>\n<li><a href=\"\/da\/gave-til\/halvtreds-fodselsdag\/\">50-\u00e5rs-f\u00f8dselsdagsgave<\/a><\/li>\n<li><a href=\"\/da\/gave-til\/fodsel-dreng\/\">Babygave til dreng<\/a><\/li>\n<li><a href=\"\/da\/gave-til\/fodsel-pige\/\">Babygave til pige<\/a><\/li>\n<li><a href=\"\/da\/gave-til\/bryllup\/\">Bryllupsgave<\/a><\/li>\n<li><a href=\"\/da\/gave-til\/dab-dreng\/\">D\u00e5bsgave til en dreng<\/a><\/li>\n<li><a href=\"\/da\/gave-til\/dab-pige\/\">D\u00e5bsgave til en pige<\/a><\/li>\n<li><a href=\"\/da\/gave-til\/fars-dag\/\">Farsdagsgave<\/a><\/li>\n<li><a href=\"\/da\/gave-til\/fodselsdag\/\">F\u00f8dselsdagsgave<\/a><\/li>\n<li><a href=\"\/da\/gave-til\/jubilaum\/\">Jubil\u00e6umsgave<\/a><\/li>\n<li><a href=\"\/da\/gave-til\/jul\/\">Julegave<\/a><\/li>\n<li><a href=\"\/da\/gave-til\/karlighed\/\">K\u00e6rlighedsgave<\/a><\/li>\n<li><a href=\"\/da\/gave-til\/minde\/\">Mindegave<\/a><\/li>\n<li><a href=\"\/da\/gave-til\/mors-dag\/\">Morsdagsgave<\/a><\/li>\n<li><a href=\"\/da\/gave-til\/nytar\/\">Nyt\u00e5rsgave<\/a><\/li>\n<li><a href=\"\/da\/gave-til\/valentinsdag\/\">Valentinsgave<\/a><\/li>\n<\/ul>\n","protected":false},"excerpt":{"rendered":"<p>D\u00f8b en stjerne 50-\u00e5rs-f\u00f8dselsdagsgave Babygave til dreng Babygave til pige Bryllupsgave D\u00e5bsgave til en dreng D\u00e5bsgave til en pige Farsdagsgave F\u00f8dselsdagsgave Jubil\u00e6umsgave Julegave K\u00e6rlighedsgave Mindegave Morsdagsgave Nyt\u00e5rsgave Valentinsgave<\/p>\n","protected":false},"author":4,"featured_media":0,"parent":0,"menu_order":0,"comment_status":"closed","ping_status":"closed","template":"page-about.php","meta":{"_acf_changed":false,"inline_featured_image":false,"footnotes":""},"class_list":["post-3289","page","type-page","status-publish","hentry"],"acf":[],"yoast_head":"<!-- This site is optimized with the Yoast SEO plugin v27.1.1 - https:\/\/yoast.com\/product\/yoast-seo-wordpress\/ -->\n<title>Sitemap - Online Star Register<\/title>\n<meta name=\"robots\" content=\"index, follow, max-snippet:-1, max-image-preview:large, max-video-preview:-1\" \/>\n<link rel=\"canonical\" href=\"https:\/\/osr.org\/da\/sitemap\/\" \/>\n<meta property=\"og:locale\" content=\"da_DK\" \/>\n<meta property=\"og:type\" content=\"article\" \/>\n<meta property=\"og:title\" content=\"Sitemap - Online Star Register\" \/>\n<meta property=\"og:description\" content=\"D\u00f8b en stjerne 50-\u00e5rs-f\u00f8dselsdagsgave Babygave til dreng Babygave til pige Bryllupsgave D\u00e5bsgave til en dreng D\u00e5bsgave til en pige Farsdagsgave F\u00f8dselsdagsgave Jubil\u00e6umsgave Julegave K\u00e6rlighedsgave Mindegave Morsdagsgave Nyt\u00e5rsgave Valentinsgave\" \/>\n<meta property=\"og:url\" content=\"https:\/\/osr.org\/da\/sitemap\/\" \/>\n<meta property=\"og:site_name\" content=\"Online Star Register\" \/>\n<meta property=\"article:modified_time\" content=\"2023-01-25T06:49:31+00:00\" \/>\n<meta name=\"twitter:card\" content=\"summary_large_image\" \/>\n<meta name=\"twitter:label1\" content=\"Estimeret l\u00e6setid\" \/>\n\t<meta name=\"twitter:data1\" content=\"1 minut\" \/>\n<script type=\"application\/ld+json\" class=\"yoast-schema-graph\">{\n\t    \"@context\": \"https:\/\/schema.org\",\n\t    \"@graph\": [\n\t        {\n\t            \"@type\": \"WebPage\",\n\t            \"@id\": \"https:\/\/osr.org\/da\/sitemap\/\",\n\t            \"url\": \"https:\/\/osr.org\/da\/sitemap\/\",\n\t            \"name\": \"Sitemap - Online Star Register\",\n\t            \"isPartOf\": {\n\t                \"@id\": \"https:\/\/osr.org\/da\/#website\"\n\t            },\n\t            \"datePublished\": \"2015-11-17T13:34:01+00:00\",\n\t            \"dateModified\": \"2023-01-25T06:49:31+00:00\",\n\t            \"breadcrumb\": {\n\t                \"@id\": \"https:\/\/osr.org\/da\/sitemap\/#breadcrumb\"\n\t            },\n\t            \"inLanguage\": \"da-DK\",\n\t            \"potentialAction\": [\n\t                {\n\t                    \"@type\": \"ReadAction\",\n\t                    \"target\": [\n\t                        \"https:\/\/osr.org\/da\/sitemap\/\"\n\t                    ]\n\t                }\n\t            ]\n\t        },\n\t        {\n\t            \"@type\": \"BreadcrumbList\",\n\t            \"@id\": \"https:\/\/osr.org\/da\/sitemap\/#breadcrumb\",\n\t            \"itemListElement\": [\n\t                {\n\t                    \"@type\": \"ListItem\",\n\t                    \"position\": 1,\n\t                    \"name\": \"Home\",\n\t                    \"item\": \"https:\/\/osr.org\/da\/\"\n\t                },\n\t                {\n\t                    \"@type\": \"ListItem\",\n\t                    \"position\": 2,\n\t                    \"name\": \"Sitemap\"\n\t                }\n\t            ]\n\t        },\n\t        {\n\t            \"@type\": \"WebSite\",\n\t            \"@id\": \"https:\/\/osr.org\/da\/#website\",\n\t            \"url\": \"https:\/\/osr.org\/da\/\",\n\t            \"name\": \"Online Star Register\",\n\t            \"description\": \"\",\n\t            \"potentialAction\": [\n\t                {\n\t                    \"@type\": \"SearchAction\",\n\t                    \"target\": {\n\t                        \"@type\": \"EntryPoint\",\n\t                        \"urlTemplate\": \"https:\/\/osr.org\/da\/?s={search_term_string}\"\n\t                    },\n\t                    \"query-input\": {\n\t                        \"@type\": \"PropertyValueSpecification\",\n\t                        \"valueRequired\": true,\n\t                        \"valueName\": \"search_term_string\"\n\t                    }\n\t                }\n\t            ],\n\t            \"inLanguage\": \"da-DK\"\n\t        }\n\t    ]\n\t}<\/script>\n<!-- \/ Yoast SEO plugin. -->","yoast_head_json":{"title":"Sitemap - Online Star Register","robots":{"index":"index","follow":"follow","max-snippet":"max-snippet:-1","max-image-preview":"max-image-preview:large","max-video-preview":"max-video-preview:-1"},"canonical":"https:\/\/osr.org\/da\/sitemap\/","og_locale":"da_DK","og_type":"article","og_title":"Sitemap - Online Star Register","og_description":"D\u00f8b en stjerne 50-\u00e5rs-f\u00f8dselsdagsgave Babygave til dreng Babygave til pige Bryllupsgave D\u00e5bsgave til en dreng D\u00e5bsgave til en pige Farsdagsgave F\u00f8dselsdagsgave Jubil\u00e6umsgave Julegave K\u00e6rlighedsgave Mindegave Morsdagsgave Nyt\u00e5rsgave Valentinsgave","og_url":"https:\/\/osr.org\/da\/sitemap\/","og_site_name":"Online Star Register","article_modified_time":"2023-01-25T06:49:31+00:00","twitter_card":"summary_large_image","twitter_misc":{"Estimeret l\u00e6setid":"1 minut"},"schema":{"@context":"https:\/\/schema.org","@graph":[{"@type":"WebPage","@id":"https:\/\/osr.org\/da\/sitemap\/","url":"https:\/\/osr.org\/da\/sitemap\/","name":"Sitemap - Online Star Register","isPartOf":{"@id":"https:\/\/osr.org\/da\/#website"},"datePublished":"2015-11-17T13:34:01+00:00","dateModified":"2023-01-25T06:49:31+00:00","breadcrumb":{"@id":"https:\/\/osr.org\/da\/sitemap\/#breadcrumb"},"inLanguage":"da-DK","potentialAction":[{"@type":"ReadAction","target":["https:\/\/osr.org\/da\/sitemap\/"]}]},{"@type":"BreadcrumbList","@id":"https:\/\/osr.org\/da\/sitemap\/#breadcrumb","itemListElement":[{"@type":"ListItem","position":1,"name":"Home","item":"https:\/\/osr.org\/da\/"},{"@type":"ListItem","position":2,"name":"Sitemap"}]},{"@type":"WebSite","@id":"https:\/\/osr.org\/da\/#website","url":"https:\/\/osr.org\/da\/","name":"Online Star Register","description":"","potentialAction":[{"@type":"SearchAction","target":{"@type":"EntryPoint","urlTemplate":"https:\/\/osr.org\/da\/?s={search_term_string}"},"query-input":{"@type":"PropertyValueSpecification","valueRequired":true,"valueName":"search_term_string"}}],"inLanguage":"da-DK"}]}},"_links":{"self":[{"href":"https:\/\/osr.org\/da\/wp-json\/wp\/v2\/pages\/3289","targetHints":{"allow":["GET"]}}],"collection":[{"href":"https:\/\/osr.org\/da\/wp-json\/wp\/v2\/pages"}],"about":[{"href":"https:\/\/osr.org\/da\/wp-json\/wp\/v2\/types\/page"}],"author":[{"embeddable":true,"href":"https:\/\/osr.org\/da\/wp-json\/wp\/v2\/users\/4"}],"replies":[{"embeddable":true,"href":"https:\/\/osr.org\/da\/wp-json\/wp\/v2\/comments?post=3289"}],"version-history":[{"count":3,"href":"https:\/\/osr.org\/da\/wp-json\/wp\/v2\/pages\/3289\/revisions"}],"predecessor-version":[{"id":225385,"href":"https:\/\/osr.org\/da\/wp-json\/wp\/v2\/pages\/3289\/revisions\/225385"}],"wp:attachment":[{"href":"https:\/\/osr.org\/da\/wp-json\/wp\/v2\/media?parent=3289"}],"curies":[{"name":"wp","href":"https:\/\/api.w.org\/{rel}","templated":true}]}}