{"id":2880,"date":"2015-11-17T14:43:07","date_gmt":"2015-11-17T12:43:07","guid":{"rendered":"https:\/\/osr.org\/da\/?page_id=2880"},"modified":"2017-10-19T12:28:01","modified_gmt":"2017-10-19T10:28:01","slug":"osr","status":"publish","type":"page","link":"https:\/\/osr.org\/da\/osr\/","title":{"rendered":"Online Star Register"},"content":{"rendered":"<h1>Oplev Online Star Register i 3D fra din webbrowser!<\/h1>\n<p>Stjerner, der bliver <a href=\"\/da\/\">d\u00f8bt i Online Star Register<\/a> er nu synlige i den unikke <strong>One Million Stars<\/strong> browser app! Noter venligst at:<\/p>\n<ol>\n<li>One Million Stars anvender HD grafik, s\u00e5 s\u00f8rg for at anvende det p\u00e5 en st\u00e6rk enhed med opdaterede grafikdrivere.<\/li>\n<li>Du b\u00f8r bruge Google Chrome eller en anden browser, som <a href=\"https:\/\/get.webgl.org\/\" target=\"_blank\">underst\u00f8tter WebGL<\/a>.<\/li>\n<li>Du ser her faktiske stjernekoordinater! B\u00e6r venligst over med os, mens vi tilf\u00f8jer stjerner og genskaber galaksen i din browser.<\/li>\n<li>For at finde en stjerne i det gamle register bedes du rulle ned.<\/li>\n<\/ol>\n","protected":false},"excerpt":{"rendered":"<p>Oplev Online Star Register i 3D fra din webbrowser! Stjerner, der bliver d\u00f8bt i Online Star Register er nu synlige i den unikke One Million Stars browser app! Noter venligst at: One Million Stars anvender HD grafik, s\u00e5 s\u00f8rg for at anvende det p\u00e5 en st\u00e6rk enhed med opdaterede grafikdrivere. Du b\u00f8r bruge Google Chrome [&hellip;]<\/p>\n","protected":false},"author":4,"featured_media":0,"parent":0,"menu_order":0,"comment_status":"closed","ping_status":"closed","template":"page-register-fallback.php","meta":{"_acf_changed":false,"inline_featured_image":false,"footnotes":""},"class_list":["post-2880","page","type-page","status-publish","hentry"],"acf":[],"yoast_head":"<!-- This site is optimized with the Yoast SEO plugin v27.1.1 - https:\/\/yoast.com\/product\/yoast-seo-wordpress\/ -->\n<title>Find din stjerne i Online Star Register!<\/title>\n<meta name=\"description\" content=\"Stjerner, der bliver d\u00f8bt i Online Star Register, er nu ogs\u00e5 synlige i den unikke One Million Stars browser app!\" \/>\n<meta name=\"robots\" content=\"noindex, nofollow\" \/>\n<meta property=\"og:locale\" content=\"da_DK\" \/>\n<meta property=\"og:type\" content=\"article\" \/>\n<meta property=\"og:title\" content=\"Find din stjerne i Online Star Register!\" \/>\n<meta property=\"og:description\" content=\"Stjerner, der bliver d\u00f8bt i Online Star Register, er nu ogs\u00e5 synlige i den unikke One Million Stars browser app!\" \/>\n<meta property=\"og:url\" content=\"https:\/\/osr.org\/da\/osr\/\" \/>\n<meta property=\"og:site_name\" content=\"Online Star Register\" \/>\n<meta property=\"article:modified_time\" content=\"2017-10-19T10:28:01+00:00\" \/>\n<meta name=\"twitter:card\" content=\"summary_large_image\" \/>\n<meta name=\"twitter:label1\" content=\"Estimeret l\u00e6setid\" \/>\n\t<meta name=\"twitter:data1\" content=\"1 minut\" \/>\n<script type=\"application\/ld+json\" class=\"yoast-schema-graph\">{\n\t    \"@context\": \"https:\/\/schema.org\",\n\t    \"@graph\": [\n\t        {\n\t            \"@type\": \"WebPage\",\n\t            \"@id\": \"https:\/\/osr.org\/da\/osr\/\",\n\t            \"url\": \"https:\/\/osr.org\/da\/osr\/\",\n\t            \"name\": \"Find din stjerne i Online Star Register!\",\n\t            \"isPartOf\": {\n\t                \"@id\": \"https:\/\/osr.org\/da\/#website\"\n\t            },\n\t            \"datePublished\": \"2015-11-17T12:43:07+00:00\",\n\t            \"dateModified\": \"2017-10-19T10:28:01+00:00\",\n\t            \"description\": \"Stjerner, der bliver d\u00f8bt i Online Star Register, er nu ogs\u00e5 synlige i den unikke One Million Stars browser app!\",\n\t            \"breadcrumb\": {\n\t                \"@id\": \"https:\/\/osr.org\/da\/osr\/#breadcrumb\"\n\t            },\n\t            \"inLanguage\": \"da-DK\",\n\t            \"potentialAction\": [\n\t                {\n\t                    \"@type\": \"ReadAction\",\n\t                    \"target\": [\n\t                        \"https:\/\/osr.org\/da\/osr\/\"\n\t                    ]\n\t                }\n\t            ]\n\t        },\n\t        {\n\t            \"@type\": \"BreadcrumbList\",\n\t            \"@id\": \"https:\/\/osr.org\/da\/osr\/#breadcrumb\",\n\t            \"itemListElement\": [\n\t                {\n\t                    \"@type\": \"ListItem\",\n\t                    \"position\": 1,\n\t                    \"name\": \"Home\",\n\t                    \"item\": \"https:\/\/osr.org\/da\/\"\n\t                },\n\t                {\n\t                    \"@type\": \"ListItem\",\n\t                    \"position\": 2,\n\t                    \"name\": \"Online Star Register\"\n\t                }\n\t            ]\n\t        },\n\t        {\n\t            \"@type\": \"WebSite\",\n\t            \"@id\": \"https:\/\/osr.org\/da\/#website\",\n\t            \"url\": \"https:\/\/osr.org\/da\/\",\n\t            \"name\": \"Online Star Register\",\n\t            \"description\": \"\",\n\t            \"potentialAction\": [\n\t                {\n\t                    \"@type\": \"SearchAction\",\n\t                    \"target\": {\n\t                        \"@type\": \"EntryPoint\",\n\t                        \"urlTemplate\": \"https:\/\/osr.org\/da\/?s={search_term_string}\"\n\t                    },\n\t                    \"query-input\": {\n\t                        \"@type\": \"PropertyValueSpecification\",\n\t                        \"valueRequired\": true,\n\t                        \"valueName\": \"search_term_string\"\n\t                    }\n\t                }\n\t            ],\n\t            \"inLanguage\": \"da-DK\"\n\t        }\n\t    ]\n\t}<\/script>\n<!-- \/ Yoast SEO plugin. -->","yoast_head_json":{"title":"Find din stjerne i Online Star Register!","description":"Stjerner, der bliver d\u00f8bt i Online Star Register, er nu ogs\u00e5 synlige i den unikke One Million Stars browser app!","robots":{"index":"noindex","follow":"nofollow"},"og_locale":"da_DK","og_type":"article","og_title":"Find din stjerne i Online Star Register!","og_description":"Stjerner, der bliver d\u00f8bt i Online Star Register, er nu ogs\u00e5 synlige i den unikke One Million Stars browser app!","og_url":"https:\/\/osr.org\/da\/osr\/","og_site_name":"Online Star Register","article_modified_time":"2017-10-19T10:28:01+00:00","twitter_card":"summary_large_image","twitter_misc":{"Estimeret l\u00e6setid":"1 minut"},"schema":{"@context":"https:\/\/schema.org","@graph":[{"@type":"WebPage","@id":"https:\/\/osr.org\/da\/osr\/","url":"https:\/\/osr.org\/da\/osr\/","name":"Find din stjerne i Online Star Register!","isPartOf":{"@id":"https:\/\/osr.org\/da\/#website"},"datePublished":"2015-11-17T12:43:07+00:00","dateModified":"2017-10-19T10:28:01+00:00","description":"Stjerner, der bliver d\u00f8bt i Online Star Register, er nu ogs\u00e5 synlige i den unikke One Million Stars browser app!","breadcrumb":{"@id":"https:\/\/osr.org\/da\/osr\/#breadcrumb"},"inLanguage":"da-DK","potentialAction":[{"@type":"ReadAction","target":["https:\/\/osr.org\/da\/osr\/"]}]},{"@type":"BreadcrumbList","@id":"https:\/\/osr.org\/da\/osr\/#breadcrumb","itemListElement":[{"@type":"ListItem","position":1,"name":"Home","item":"https:\/\/osr.org\/da\/"},{"@type":"ListItem","position":2,"name":"Online Star Register"}]},{"@type":"WebSite","@id":"https:\/\/osr.org\/da\/#website","url":"https:\/\/osr.org\/da\/","name":"Online Star Register","description":"","potentialAction":[{"@type":"SearchAction","target":{"@type":"EntryPoint","urlTemplate":"https:\/\/osr.org\/da\/?s={search_term_string}"},"query-input":{"@type":"PropertyValueSpecification","valueRequired":true,"valueName":"search_term_string"}}],"inLanguage":"da-DK"}]}},"_links":{"self":[{"href":"https:\/\/osr.org\/da\/wp-json\/wp\/v2\/pages\/2880","targetHints":{"allow":["GET"]}}],"collection":[{"href":"https:\/\/osr.org\/da\/wp-json\/wp\/v2\/pages"}],"about":[{"href":"https:\/\/osr.org\/da\/wp-json\/wp\/v2\/types\/page"}],"author":[{"embeddable":true,"href":"https:\/\/osr.org\/da\/wp-json\/wp\/v2\/users\/4"}],"replies":[{"embeddable":true,"href":"https:\/\/osr.org\/da\/wp-json\/wp\/v2\/comments?post=2880"}],"version-history":[{"count":6,"href":"https:\/\/osr.org\/da\/wp-json\/wp\/v2\/pages\/2880\/revisions"}],"predecessor-version":[{"id":44462,"href":"https:\/\/osr.org\/da\/wp-json\/wp\/v2\/pages\/2880\/revisions\/44462"}],"wp:attachment":[{"href":"https:\/\/osr.org\/da\/wp-json\/wp\/v2\/media?parent=2880"}],"curies":[{"name":"wp","href":"https:\/\/api.w.org\/{rel}","templated":true}]}}