{"id":2644,"date":"2015-11-17T00:37:29","date_gmt":"2015-11-16T22:37:29","guid":{"rendered":"https:\/\/osr.org\/da\/?page_id=2644"},"modified":"2021-05-03T14:45:58","modified_gmt":"2021-05-03T12:45:58","slug":"lokaliser","status":"publish","type":"page","link":"https:\/\/osr.org\/da\/lokaliser\/","title":{"rendered":"Hvordan lokaliserer jeg en stjerne?"},"content":{"rendered":"<p><strong>Der findes mange flere m\u00e5der at finde en stjerne p\u00e5, udover at bruge et stjernekort. OSR hj\u00e6lper dig med at finde stjerner, ved at tilbyde unikke apps og v\u00e6rkt\u00f8jer, som fx OSR Star Finder appen og vores One Million Stars browser app.<\/strong><\/p>\n<div class=\"container-lazyload preview-lazyload container-youtube js-lazyload--not-loaded\"><a href=\"https:\/\/youtu.be\/amPhcf-Tt0w\" class=\"lazy-load-youtube preview-lazyload preview-youtube\" data-video-title=\"S\u00e5dan finder du din stjerne\" title=\"Play video &quot;S\u00e5dan finder du din stjerne&quot;\">https:\/\/youtu.be\/amPhcf-Tt0w<\/a><noscript>Video can&#8217;t be loaded because JavaScript is disabled: <a href=\"https:\/\/youtu.be\/amPhcf-Tt0w\" title=\"S\u00e5dan finder du din stjerne\">S\u00e5dan finder du din stjerne (https:\/\/youtu.be\/amPhcf-Tt0w)<\/a><\/noscript><\/div>\n<p><span class=\"blue-box\">I denne artikel vil vi vise dig, hvordan du finder den navngivne stjerne ved hj\u00e6lp af <strong>One Million Stars<\/strong> gennem brug af flere applikationer. Dette eksempel p\u00e5 en stjerne, har koordinaterne <strong>RA 13h03m33.35 -49\u00b031&#8217;38.1&#8221; dec 4.83 mag Cen<\/strong>.<\/span><\/p>\n<h3>Om koordinaterne<\/h3>\n<ul>\n<li><strong>RA<\/strong> er en forkortelse for rektascension og dec er en forkortelse for deklination. De minder om bredde- og l\u00e6ngdegrader, men de vedr\u00f8rer koordinater p\u00e5 himlen.<\/li>\n<li><strong>Mag<\/strong> st\u00e5r for st\u00f8rrelsesorden, som er lysstyrken af stjernen. Den begr\u00e6nsende lysstyrke af stjerner, der ses med det blotte \u00f8je, har en st\u00f8rrelsesorden p\u00e5 omkring 6,5. Med en kikkert kan man se til st\u00f8rrelsesordener p\u00e5 omkring 10. For st\u00f8rrelsesordener ud over dette, anbefales et amat\u00f8rteleskop..<\/li>\n<li><strong>Cen<\/strong>, i dette tilf\u00e6lde, st\u00e5r for Centaurus, som er et af de 88 stjernebilleder, der kan findes p\u00e5 himlen. At kende til dette stjernebillede kan hj\u00e6lpe dig med at finde en stjerne lettere.<\/li>\n<\/ul>\n<h3>OSR Star Finder appen<\/h3>\n<p>At finde en stjerne p\u00e5 nattehimlen er gjort nemt med <a href=\"\/da\/blog\/osr-da\/star-finder-app\/\">OSR Star Finder appen<\/a>. Brug din OSR kode for at finde din stjerne, peg derefter din telefonen mod himlen for at finde den. Hvis stjernen ikke er synlig, er det fordi du ikke er p\u00e5 den rigtige halvkugle. Appen kan hj\u00e6lpe dig med at afg\u00f8re, hvorn\u00e5r stjernen vil blive synlig for dig. Appen kan ogs\u00e5 fort\u00e6lle dig de steder, hvor stjernen i \u00f8jeblikket er synlig.<\/p>\n<h3>Google Earth<\/h3>\n<p>For at finde din stjerne med gratis versionen af Google Earth, skal du blot g\u00f8re f\u00f8lgende:<\/p>\n<ol>\n<li><a href=\"https:\/\/www.google.dk\/earth\/about\/download\/gep\/agree.html\" target=\"_blank\" rel=\"noopener noreferrer\">Download og installer softwaren<\/a><\/li>\n<li>Fra den \u00f8verste bj\u00e6lke, v\u00e6lg planet ikonet og v\u00e6lg &#8216;Sky&#8217; fra dropdown menuen<\/li>\n<li>I s\u00f8gefeltet til venstre skal du indtaste koordinaterne i formatet 13: 03: 33.35 -49: 31: 38.1. Dette kan udledes af koordinaterne RA 13h03m33.35 -49 \u00b0 31&#8217;38.1 &#8221; dec 4,83 mag Cen<\/li>\n<\/ol>\n<p>Derudover kan du finde din stjerne ved at bes\u00f8ge <a href=\"\/da\/blog\/osr-da\/stjerne-side\/\">OSR stjernesiden<\/a>. Her er der et <a href=\"https:\/\/stars.osr.org\/one-million-stars\" target=\"_blank\" rel=\"noopener noreferrer\">eksempel p\u00e5 en stjerneside<\/a>.<\/p>\n<h3>Online Star Register og One Million Stars<\/h3>\n<p>Du kan se din stjerne i Online Star Register ved at bes\u00f8ge <a href=\"\/da\/osr\/\">One Million Stars<\/a>. Brug din OSR kode til at flyve ud til din stjerne. <a href=\"https:\/\/osr.org\/oms\/#LPR805246\" target=\"_blank\" rel=\"noopener noreferrer\">Her kan du se en af disse stjerner helt t\u00e6t p\u00e5<\/a>.<\/p>\n<p>Kunne du t\u00e6nke dig at blive opdateret vedr\u00f8rende de nyeste muligheder inden for stjernekigning? <a href=\"#popup\">Tilmeld dig vores nyhedsbrev for at modtage de seneste opdateringer<\/a>!<\/p>\n","protected":false},"excerpt":{"rendered":"<p>Der findes mange flere m\u00e5der at finde en stjerne p\u00e5, udover at bruge et stjernekort. OSR hj\u00e6lper dig med at finde stjerner, ved at tilbyde unikke apps og v\u00e6rkt\u00f8jer, som fx OSR Star Finder appen og vores One Million Stars browser app. https:\/\/youtu.be\/amPhcf-Tt0wVideo can&#8217;t be loaded because JavaScript is disabled: S\u00e5dan finder du din stjerne [&hellip;]<\/p>\n","protected":false},"author":4,"featured_media":0,"parent":0,"menu_order":0,"comment_status":"closed","ping_status":"closed","template":"page-about.php","meta":{"_acf_changed":false,"inline_featured_image":false,"footnotes":""},"class_list":["post-2644","page","type-page","status-publish","hentry"],"acf":[],"yoast_head":"<!-- This site is optimized with the Yoast SEO plugin v27.3 - https:\/\/yoast.com\/product\/yoast-seo-wordpress\/ -->\n<title>Hvordan lokaliserer jeg en stjerne? - Online Star Register<\/title>\n<meta name=\"description\" content=\"L\u00e6r hvordan du finder en stjerne p\u00e5 himlen med OSR apps og v\u00e6rkt\u00f8jer, der omfatter Stjernekortet, Star Finder appen, og One Million Stars appen.\" \/>\n<meta name=\"robots\" content=\"index, follow, max-snippet:-1, max-image-preview:large, max-video-preview:-1\" \/>\n<link rel=\"canonical\" href=\"https:\/\/osr.org\/da\/lokaliser\/\" \/>\n<meta property=\"og:locale\" content=\"da_DK\" \/>\n<meta property=\"og:type\" content=\"article\" \/>\n<meta property=\"og:title\" content=\"Hvordan lokaliserer jeg en stjerne? - Online Star Register\" \/>\n<meta property=\"og:description\" content=\"L\u00e6r hvordan du finder en stjerne p\u00e5 himlen med OSR apps og v\u00e6rkt\u00f8jer, der omfatter Stjernekortet, Star Finder appen, og One Million Stars appen.\" \/>\n<meta property=\"og:url\" content=\"https:\/\/osr.org\/da\/lokaliser\/\" \/>\n<meta property=\"og:site_name\" content=\"Online Star Register\" \/>\n<meta property=\"article:modified_time\" content=\"2021-05-03T12:45:58+00:00\" \/>\n<meta name=\"twitter:card\" content=\"summary_large_image\" \/>\n<meta name=\"twitter:label1\" content=\"Estimeret l\u00e6setid\" \/>\n\t<meta name=\"twitter:data1\" content=\"2 minutter\" \/>\n<script type=\"application\/ld+json\" class=\"yoast-schema-graph\">{\n\t    \"@context\": \"https:\\\/\\\/schema.org\",\n\t    \"@graph\": [\n\t        {\n\t            \"@type\": \"WebPage\",\n\t            \"@id\": \"https:\\\/\\\/osr.org\\\/da\\\/lokaliser\\\/\",\n\t            \"url\": \"https:\\\/\\\/osr.org\\\/da\\\/lokaliser\\\/\",\n\t            \"name\": \"Hvordan lokaliserer jeg en stjerne? - Online Star Register\",\n\t            \"isPartOf\": {\n\t                \"@id\": \"https:\\\/\\\/osr.org\\\/da\\\/#website\"\n\t            },\n\t            \"datePublished\": \"2015-11-16T22:37:29+00:00\",\n\t            \"dateModified\": \"2021-05-03T12:45:58+00:00\",\n\t            \"description\": \"L\u00e6r hvordan du finder en stjerne p\u00e5 himlen med OSR apps og v\u00e6rkt\u00f8jer, der omfatter Stjernekortet, Star Finder appen, og One Million Stars appen.\",\n\t            \"breadcrumb\": {\n\t                \"@id\": \"https:\\\/\\\/osr.org\\\/da\\\/lokaliser\\\/#breadcrumb\"\n\t            },\n\t            \"inLanguage\": \"da-DK\",\n\t            \"potentialAction\": [\n\t                {\n\t                    \"@type\": \"ReadAction\",\n\t                    \"target\": [\n\t                        \"https:\\\/\\\/osr.org\\\/da\\\/lokaliser\\\/\"\n\t                    ]\n\t                }\n\t            ]\n\t        },\n\t        {\n\t            \"@type\": \"BreadcrumbList\",\n\t            \"@id\": \"https:\\\/\\\/osr.org\\\/da\\\/lokaliser\\\/#breadcrumb\",\n\t            \"itemListElement\": [\n\t                {\n\t                    \"@type\": \"ListItem\",\n\t                    \"position\": 1,\n\t                    \"name\": \"Home\",\n\t                    \"item\": \"https:\\\/\\\/osr.org\\\/da\\\/\"\n\t                },\n\t                {\n\t                    \"@type\": \"ListItem\",\n\t                    \"position\": 2,\n\t                    \"name\": \"Hvordan lokaliserer jeg en stjerne?\"\n\t                }\n\t            ]\n\t        },\n\t        {\n\t            \"@type\": \"WebSite\",\n\t            \"@id\": \"https:\\\/\\\/osr.org\\\/da\\\/#website\",\n\t            \"url\": \"https:\\\/\\\/osr.org\\\/da\\\/\",\n\t            \"name\": \"Online Star Register\",\n\t            \"description\": \"\",\n\t            \"potentialAction\": [\n\t                {\n\t                    \"@type\": \"SearchAction\",\n\t                    \"target\": {\n\t                        \"@type\": \"EntryPoint\",\n\t                        \"urlTemplate\": \"https:\\\/\\\/osr.org\\\/da\\\/?s={search_term_string}\"\n\t                    },\n\t                    \"query-input\": {\n\t                        \"@type\": \"PropertyValueSpecification\",\n\t                        \"valueRequired\": true,\n\t                        \"valueName\": \"search_term_string\"\n\t                    }\n\t                }\n\t            ],\n\t            \"inLanguage\": \"da-DK\"\n\t        }\n\t    ]\n\t}<\/script>\n<!-- \/ Yoast SEO plugin. -->","yoast_head_json":{"title":"Hvordan lokaliserer jeg en stjerne? - Online Star Register","description":"L\u00e6r hvordan du finder en stjerne p\u00e5 himlen med OSR apps og v\u00e6rkt\u00f8jer, der omfatter Stjernekortet, Star Finder appen, og One Million Stars appen.","robots":{"index":"index","follow":"follow","max-snippet":"max-snippet:-1","max-image-preview":"max-image-preview:large","max-video-preview":"max-video-preview:-1"},"canonical":"https:\/\/osr.org\/da\/lokaliser\/","og_locale":"da_DK","og_type":"article","og_title":"Hvordan lokaliserer jeg en stjerne? - Online Star Register","og_description":"L\u00e6r hvordan du finder en stjerne p\u00e5 himlen med OSR apps og v\u00e6rkt\u00f8jer, der omfatter Stjernekortet, Star Finder appen, og One Million Stars appen.","og_url":"https:\/\/osr.org\/da\/lokaliser\/","og_site_name":"Online Star Register","article_modified_time":"2021-05-03T12:45:58+00:00","twitter_card":"summary_large_image","twitter_misc":{"Estimeret l\u00e6setid":"2 minutter"},"schema":{"@context":"https:\/\/schema.org","@graph":[{"@type":"WebPage","@id":"https:\/\/osr.org\/da\/lokaliser\/","url":"https:\/\/osr.org\/da\/lokaliser\/","name":"Hvordan lokaliserer jeg en stjerne? - Online Star Register","isPartOf":{"@id":"https:\/\/osr.org\/da\/#website"},"datePublished":"2015-11-16T22:37:29+00:00","dateModified":"2021-05-03T12:45:58+00:00","description":"L\u00e6r hvordan du finder en stjerne p\u00e5 himlen med OSR apps og v\u00e6rkt\u00f8jer, der omfatter Stjernekortet, Star Finder appen, og One Million Stars appen.","breadcrumb":{"@id":"https:\/\/osr.org\/da\/lokaliser\/#breadcrumb"},"inLanguage":"da-DK","potentialAction":[{"@type":"ReadAction","target":["https:\/\/osr.org\/da\/lokaliser\/"]}]},{"@type":"BreadcrumbList","@id":"https:\/\/osr.org\/da\/lokaliser\/#breadcrumb","itemListElement":[{"@type":"ListItem","position":1,"name":"Home","item":"https:\/\/osr.org\/da\/"},{"@type":"ListItem","position":2,"name":"Hvordan lokaliserer jeg en stjerne?"}]},{"@type":"WebSite","@id":"https:\/\/osr.org\/da\/#website","url":"https:\/\/osr.org\/da\/","name":"Online Star Register","description":"","potentialAction":[{"@type":"SearchAction","target":{"@type":"EntryPoint","urlTemplate":"https:\/\/osr.org\/da\/?s={search_term_string}"},"query-input":{"@type":"PropertyValueSpecification","valueRequired":true,"valueName":"search_term_string"}}],"inLanguage":"da-DK"}]}},"_links":{"self":[{"href":"https:\/\/osr.org\/da\/wp-json\/wp\/v2\/pages\/2644","targetHints":{"allow":["GET"]}}],"collection":[{"href":"https:\/\/osr.org\/da\/wp-json\/wp\/v2\/pages"}],"about":[{"href":"https:\/\/osr.org\/da\/wp-json\/wp\/v2\/types\/page"}],"author":[{"embeddable":true,"href":"https:\/\/osr.org\/da\/wp-json\/wp\/v2\/users\/4"}],"replies":[{"embeddable":true,"href":"https:\/\/osr.org\/da\/wp-json\/wp\/v2\/comments?post=2644"}],"version-history":[{"count":8,"href":"https:\/\/osr.org\/da\/wp-json\/wp\/v2\/pages\/2644\/revisions"}],"predecessor-version":[{"id":453279,"href":"https:\/\/osr.org\/da\/wp-json\/wp\/v2\/pages\/2644\/revisions\/453279"}],"wp:attachment":[{"href":"https:\/\/osr.org\/da\/wp-json\/wp\/v2\/media?parent=2644"}],"curies":[{"name":"wp","href":"https:\/\/api.w.org\/{rel}","templated":true}]}}