{"id":2304,"date":"2015-11-16T23:50:25","date_gmt":"2015-11-16T21:50:25","guid":{"rendered":"https:\/\/osr.org\/da\/?page_id=2304"},"modified":"2024-10-08T18:34:49","modified_gmt":"2024-10-08T16:34:49","slug":"om-online-star-register-old","status":"publish","type":"page","link":"https:\/\/osr.org\/da\/om-online-star-register-old\/","title":{"rendered":"Om Online Star Register"},"content":{"rendered":"<p><strong>Online Star Register (OSR) tror p\u00e5, at alle mennesker i verden b\u00f8r have mulighed for at have deres helt egen stjerne p\u00e5 nattehimlen. Derfor har vi gjort det muligt for dig at <a href=\"https:\/\/osr.org\/da\/\">navngive en stjerne<\/a> i Online Star Register!<\/strong><\/p>\n<p><img loading=\"lazy\" decoding=\"async\" src=\"\/wp-content\/uploads\/2015\/10\/about-osr.jpg\" alt=\"Om OSR\" width=\"650\" height=\"400\" class=\"alignnone size-full wp-image-16132\" srcset=\"https:\/\/osr.org\/wp-content\/uploads\/2015\/10\/about-osr.jpg 650w, https:\/\/osr.org\/wp-content\/uploads\/2015\/10\/about-osr-300x185.jpg 300w\" sizes=\"auto, (max-width: 650px) 100vw, 650px\" \/><\/p>\n<p><span class=\"blue-box\">OSR har navngivet stjerner for mennesker over hele verden, siden begyndelsen af dette \u00e5rtusinde, og er i dag de den f\u00f8rende registreringstjeneste for stjerner i verden. En tilpasset registrering af en stjerne i <a href=\"\/da\/osr\/\">Online Star Register<\/a> bliver bredt anset som en af de mest originale, dybtf\u00f8lte og personlige gaver, som man kan give sin partner, ven, familiemedlem eller kollega.<\/span><\/p>\n<h3><span style=\"color: #15acdf;\">Visualiser stjernerne<\/span><\/h3>\n<p>Hver gang vi udt\u00e6nker nye m\u00e5der at visualisere din stjerne, vil vi tilf\u00f8je dem til din originale gavepakke helt GRATIS, s\u00e5 du altid kan lokalisere din stjerne p\u00e5 nattehimlen. Din navngivne stjerne og en speciel stjernedato vil skinne p\u00e5 himlen i flere millioner af \u00e5r, s\u00e5 du kan v\u00e6re sikker p\u00e5, at din gave varer evigt, mens nye opdateringer sikrer, at din stjerne udvikler sig i takt med nye innovationer fra Online Star Register. <\/p>\n<p>For eksempel kan du nu flyve gennem universet og opleve stjernerne og galakserne i 3D. Se det i vores video nedenfor!<\/p>\n<div class=\"container-lazyload preview-lazyload container-youtube js-lazyload--not-loaded\"><a href=\"https:\/\/youtu.be\/TU6RAjABX40\" class=\"lazy-load-youtube preview-lazyload preview-youtube\" data-video-title=\"100,000 Stars\" title=\"Play video &quot;100,000 Stars&quot;\">https:\/\/youtu.be\/TU6RAjABX40<\/a><noscript>Video can&#8217;t be loaded because JavaScript is disabled: <a href=\"https:\/\/youtu.be\/TU6RAjABX40\" title=\"100,000 Stars\">100,000 Stars (https:\/\/youtu.be\/TU6RAjABX40)<\/a><\/noscript><\/div>\n<h3><span style=\"color: #15acdf;\">Den bedst mulige service og sikkerhed<\/span><\/h3>\n<ol>\n<li>OSR er et internationalt firma, og vores hovedkontor ligger i Holland. Vi tilbyder hurtig, verdensomsp\u00e6ndende levering samt \u00f8jeblikkelig e-levering.<\/li>\n<li>Vi tilbyder fremragende kundeservice p\u00e5 alle mulige sprog. Vi bestr\u00e6ber os p\u00e5 at besvare din besked inden for 1-2 arbejdsdage.<\/li>\n<li>OSR.org garanterer den fulde sikkerhed af din ordreinformationer og betalinger, da vi bruger den seneste SSL sikkerhed (HTTPS). Sikkerheden p\u00e5 vores side bliver kontinuerligt overv\u00e5get og er garanteret af b\u00e5de Norton Secured og McAfee Secure.<\/li>\n<\/ol>\n<h3><span style=\"color: #15acdf;\">Presseomtale<\/span><\/h3>\n<p>OSR har v\u00e6ret med i tv- og radioudsendelser, aviser, og magasiner over hele verden. For presse- og medieforesp\u00f8rgsler, <a href=\"\/da\/presseside\/\">bes\u00f8g vores presseside<\/a>.<\/p>\n<h3><span style=\"color: #15acdf;\">Online Star Register Bloggen<\/span><\/h3>\n<p>P\u00e5 <a href=\"\/da\/blog\/\">Online Star Register bloggen<\/a> deler vi de seneste nyheder om OSR gaver, vores apps, og om det, som vi elsker mest: universet og stjernerne!<\/p>\n","protected":false},"excerpt":{"rendered":"<p>Online Star Register (OSR) tror p\u00e5, at alle mennesker i verden b\u00f8r have mulighed for at have deres helt egen stjerne p\u00e5 nattehimlen. Derfor har vi gjort det muligt for dig at navngive en stjerne i Online Star Register! OSR har navngivet stjerner for mennesker over hele verden, siden begyndelsen af dette \u00e5rtusinde, og er [&hellip;]<\/p>\n","protected":false},"author":4,"featured_media":0,"parent":0,"menu_order":0,"comment_status":"closed","ping_status":"closed","template":"page-about.php","meta":{"_acf_changed":false,"inline_featured_image":false,"footnotes":""},"class_list":["post-2304","page","type-page","status-publish","hentry"],"acf":[],"yoast_head":"<!-- This site is optimized with the Yoast SEO plugin v27.1.1 - https:\/\/yoast.com\/product\/yoast-seo-wordpress\/ -->\n<title>Om Online Star Register (OSR)<\/title>\n<meta name=\"description\" content=\"L\u00e6r mere om OSR. Find ud af, hvordan du kan visualisere tilpassede stjerner p\u00e5 himlen. F\u00e5 regelm\u00e6ssig verdensomsp\u00e6ndende levering helt GRATIS!\" \/>\n<meta name=\"robots\" content=\"noindex, follow\" \/>\n<meta property=\"og:locale\" content=\"da_DK\" \/>\n<meta property=\"og:type\" content=\"article\" \/>\n<meta property=\"og:title\" content=\"Om Online Star Register (OSR)\" \/>\n<meta property=\"og:description\" content=\"L\u00e6r mere om OSR. Find ud af, hvordan du kan visualisere tilpassede stjerner p\u00e5 himlen. F\u00e5 regelm\u00e6ssig verdensomsp\u00e6ndende levering helt GRATIS!\" \/>\n<meta property=\"og:url\" content=\"https:\/\/osr.org\/da\/om-online-star-register-old\/\" \/>\n<meta property=\"og:site_name\" content=\"Online Star Register\" \/>\n<meta property=\"article:modified_time\" content=\"2024-10-08T16:34:49+00:00\" \/>\n<meta name=\"twitter:card\" content=\"summary_large_image\" \/>\n<meta name=\"twitter:label1\" content=\"Estimeret l\u00e6setid\" \/>\n\t<meta name=\"twitter:data1\" content=\"2 minutter\" \/>\n<script type=\"application\/ld+json\" class=\"yoast-schema-graph\">{\n\t    \"@context\": \"https:\/\/schema.org\",\n\t    \"@graph\": [\n\t        {\n\t            \"@type\": \"WebPage\",\n\t            \"@id\": \"https:\/\/osr.org\/da\/om-online-star-register-old\/\",\n\t            \"url\": \"https:\/\/osr.org\/da\/om-online-star-register-old\/\",\n\t            \"name\": \"Om Online Star Register (OSR)\",\n\t            \"isPartOf\": {\n\t                \"@id\": \"https:\/\/osr.org\/da\/#website\"\n\t            },\n\t            \"datePublished\": \"2015-11-16T21:50:25+00:00\",\n\t            \"dateModified\": \"2024-10-08T16:34:49+00:00\",\n\t            \"description\": \"L\u00e6r mere om OSR. Find ud af, hvordan du kan visualisere tilpassede stjerner p\u00e5 himlen. F\u00e5 regelm\u00e6ssig verdensomsp\u00e6ndende levering helt GRATIS!\",\n\t            \"breadcrumb\": {\n\t                \"@id\": \"https:\/\/osr.org\/da\/om-online-star-register-old\/#breadcrumb\"\n\t            },\n\t            \"inLanguage\": \"da-DK\",\n\t            \"potentialAction\": [\n\t                {\n\t                    \"@type\": \"ReadAction\",\n\t                    \"target\": [\n\t                        \"https:\/\/osr.org\/da\/om-online-star-register-old\/\"\n\t                    ]\n\t                }\n\t            ]\n\t        },\n\t        {\n\t            \"@type\": \"BreadcrumbList\",\n\t            \"@id\": \"https:\/\/osr.org\/da\/om-online-star-register-old\/#breadcrumb\",\n\t            \"itemListElement\": [\n\t                {\n\t                    \"@type\": \"ListItem\",\n\t                    \"position\": 1,\n\t                    \"name\": \"Home\",\n\t                    \"item\": \"https:\/\/osr.org\/da\/\"\n\t                },\n\t                {\n\t                    \"@type\": \"ListItem\",\n\t                    \"position\": 2,\n\t                    \"name\": \"Om Online Star Register\"\n\t                }\n\t            ]\n\t        },\n\t        {\n\t            \"@type\": \"WebSite\",\n\t            \"@id\": \"https:\/\/osr.org\/da\/#website\",\n\t            \"url\": \"https:\/\/osr.org\/da\/\",\n\t            \"name\": \"Online Star Register\",\n\t            \"description\": \"\",\n\t            \"potentialAction\": [\n\t                {\n\t                    \"@type\": \"SearchAction\",\n\t                    \"target\": {\n\t                        \"@type\": \"EntryPoint\",\n\t                        \"urlTemplate\": \"https:\/\/osr.org\/da\/?s={search_term_string}\"\n\t                    },\n\t                    \"query-input\": {\n\t                        \"@type\": \"PropertyValueSpecification\",\n\t                        \"valueRequired\": true,\n\t                        \"valueName\": \"search_term_string\"\n\t                    }\n\t                }\n\t            ],\n\t            \"inLanguage\": \"da-DK\"\n\t        }\n\t    ]\n\t}<\/script>\n<!-- \/ Yoast SEO plugin. -->","yoast_head_json":{"title":"Om Online Star Register (OSR)","description":"L\u00e6r mere om OSR. Find ud af, hvordan du kan visualisere tilpassede stjerner p\u00e5 himlen. F\u00e5 regelm\u00e6ssig verdensomsp\u00e6ndende levering helt GRATIS!","robots":{"index":"noindex","follow":"follow"},"og_locale":"da_DK","og_type":"article","og_title":"Om Online Star Register (OSR)","og_description":"L\u00e6r mere om OSR. Find ud af, hvordan du kan visualisere tilpassede stjerner p\u00e5 himlen. F\u00e5 regelm\u00e6ssig verdensomsp\u00e6ndende levering helt GRATIS!","og_url":"https:\/\/osr.org\/da\/om-online-star-register-old\/","og_site_name":"Online Star Register","article_modified_time":"2024-10-08T16:34:49+00:00","twitter_card":"summary_large_image","twitter_misc":{"Estimeret l\u00e6setid":"2 minutter"},"schema":{"@context":"https:\/\/schema.org","@graph":[{"@type":"WebPage","@id":"https:\/\/osr.org\/da\/om-online-star-register-old\/","url":"https:\/\/osr.org\/da\/om-online-star-register-old\/","name":"Om Online Star Register (OSR)","isPartOf":{"@id":"https:\/\/osr.org\/da\/#website"},"datePublished":"2015-11-16T21:50:25+00:00","dateModified":"2024-10-08T16:34:49+00:00","description":"L\u00e6r mere om OSR. Find ud af, hvordan du kan visualisere tilpassede stjerner p\u00e5 himlen. F\u00e5 regelm\u00e6ssig verdensomsp\u00e6ndende levering helt GRATIS!","breadcrumb":{"@id":"https:\/\/osr.org\/da\/om-online-star-register-old\/#breadcrumb"},"inLanguage":"da-DK","potentialAction":[{"@type":"ReadAction","target":["https:\/\/osr.org\/da\/om-online-star-register-old\/"]}]},{"@type":"BreadcrumbList","@id":"https:\/\/osr.org\/da\/om-online-star-register-old\/#breadcrumb","itemListElement":[{"@type":"ListItem","position":1,"name":"Home","item":"https:\/\/osr.org\/da\/"},{"@type":"ListItem","position":2,"name":"Om Online Star Register"}]},{"@type":"WebSite","@id":"https:\/\/osr.org\/da\/#website","url":"https:\/\/osr.org\/da\/","name":"Online Star Register","description":"","potentialAction":[{"@type":"SearchAction","target":{"@type":"EntryPoint","urlTemplate":"https:\/\/osr.org\/da\/?s={search_term_string}"},"query-input":{"@type":"PropertyValueSpecification","valueRequired":true,"valueName":"search_term_string"}}],"inLanguage":"da-DK"}]}},"_links":{"self":[{"href":"https:\/\/osr.org\/da\/wp-json\/wp\/v2\/pages\/2304","targetHints":{"allow":["GET"]}}],"collection":[{"href":"https:\/\/osr.org\/da\/wp-json\/wp\/v2\/pages"}],"about":[{"href":"https:\/\/osr.org\/da\/wp-json\/wp\/v2\/types\/page"}],"author":[{"embeddable":true,"href":"https:\/\/osr.org\/da\/wp-json\/wp\/v2\/users\/4"}],"replies":[{"embeddable":true,"href":"https:\/\/osr.org\/da\/wp-json\/wp\/v2\/comments?post=2304"}],"version-history":[{"count":6,"href":"https:\/\/osr.org\/da\/wp-json\/wp\/v2\/pages\/2304\/revisions"}],"predecessor-version":[{"id":5341,"href":"https:\/\/osr.org\/da\/wp-json\/wp\/v2\/pages\/2304\/revisions\/5341"}],"wp:attachment":[{"href":"https:\/\/osr.org\/da\/wp-json\/wp\/v2\/media?parent=2304"}],"curies":[{"name":"wp","href":"https:\/\/api.w.org\/{rel}","templated":true}]}}