{"id":118474,"date":"2020-01-08T17:40:14","date_gmt":"2020-01-08T15:40:14","guid":{"rendered":"https:\/\/osr.org\/?page_id=118474"},"modified":"2020-01-08T17:41:52","modified_gmt":"2020-01-08T15:41:52","slug":"fortrydelsesformular","status":"publish","type":"page","link":"https:\/\/osr.org\/da\/fortrydelsesformular\/","title":{"rendered":"Fortrydelsesformular"},"content":{"rendered":"<p>Bem\u00e6rk venligst: udfyld kun denne formular, hvis du \u00f8nsker at tr\u00e6kke aftalen tilbage.<\/p>\n\n<div class=\"wpcf7 no-js\" id=\"wpcf7-f118449-o1\" lang=\"en-US\" dir=\"ltr\" data-wpcf7-id=\"118449\">\n<div class=\"screen-reader-response\"><p role=\"status\" aria-live=\"polite\" aria-atomic=\"true\"><\/p> <ul><\/ul><\/div>\n<form action=\"\/da\/wp-json\/wp\/v2\/pages\/118474#wpcf7-f118449-o1\" method=\"post\" class=\"wpcf7-form init\" aria-label=\"Contact form\" novalidate=\"novalidate\" data-status=\"init\">\n<fieldset class=\"hidden-fields-container\"><input type=\"hidden\" name=\"_wpcf7\" value=\"118449\" \/><input type=\"hidden\" name=\"_wpcf7_version\" value=\"6.1.5\" \/><input type=\"hidden\" name=\"_wpcf7_locale\" value=\"en_US\" \/><input type=\"hidden\" name=\"_wpcf7_unit_tag\" value=\"wpcf7-f118449-o1\" \/><input type=\"hidden\" name=\"_wpcf7_container_post\" value=\"0\" \/><input type=\"hidden\" name=\"_wpcf7_posted_data_hash\" value=\"\" \/>\n<\/fieldset>\n<div class=\"wpcf7-turnstile cf-turnstile\" data-sitekey=\"0x4AAAAAACtXztal9POC4gX4\" data-response-field-name=\"_wpcf7_turnstile_response\"><\/div>\n\n<p><label> Registreringskoden<br \/>\n<span class=\"wpcf7-form-control-wrap\" data-name=\"registration-code\"><input size=\"40\" maxlength=\"400\" class=\"wpcf7-form-control wpcf7-text wpcf7-validates-as-required\" aria-required=\"true\" aria-invalid=\"false\" value=\"\" type=\"text\" name=\"registration-code\" \/><\/span> <\/label>\n<\/p>\n<p><label> Stjernenavn<br \/>\n<span class=\"wpcf7-form-control-wrap\" data-name=\"star-name\"><input size=\"40\" maxlength=\"400\" class=\"wpcf7-form-control wpcf7-text wpcf7-validates-as-required\" aria-required=\"true\" aria-invalid=\"false\" value=\"\" type=\"text\" name=\"star-name\" \/><\/span> <\/label>\n<\/p>\n<p><label> Dato for bestilling<br \/>\n<span class=\"wpcf7-form-control-wrap\" data-name=\"date-ordered\"><input size=\"40\" maxlength=\"400\" class=\"wpcf7-form-control wpcf7-text wpcf7-validates-as-required\" aria-required=\"true\" aria-invalid=\"false\" value=\"\" type=\"text\" name=\"date-ordered\" \/><\/span> <\/label>\n<\/p>\n<p><label> Kundens navn<br \/>\n<span class=\"wpcf7-form-control-wrap\" data-name=\"customer-name\"><input size=\"40\" maxlength=\"400\" class=\"wpcf7-form-control wpcf7-text wpcf7-validates-as-required\" aria-required=\"true\" aria-invalid=\"false\" value=\"\" type=\"text\" name=\"customer-name\" \/><\/span> <\/label>\n<\/p>\n<p><label> Din e-mail<br \/>\n<span class=\"wpcf7-form-control-wrap\" data-name=\"customer-email\"><input size=\"40\" maxlength=\"400\" class=\"wpcf7-form-control wpcf7-email wpcf7-validates-as-required wpcf7-text wpcf7-validates-as-email\" aria-required=\"true\" aria-invalid=\"false\" value=\"\" type=\"email\" name=\"customer-email\" \/><\/span> <\/label>\n<\/p>\n<p><label> Kundens adresse<br \/>\n<span class=\"wpcf7-form-control-wrap\" data-name=\"customer-address\"><textarea cols=\"40\" rows=\"10\" maxlength=\"2000\" class=\"wpcf7-form-control wpcf7-textarea wpcf7-validates-as-required\" aria-required=\"true\" aria-invalid=\"false\" name=\"customer-address\"><\/textarea><\/span> <\/label>\n<\/p>\n<p><span class=\"wpcf7-form-control-wrap\" data-name=\"checkbox-555\"><span class=\"wpcf7-form-control wpcf7-checkbox wpcf7-validates-as-required\"><span class=\"wpcf7-list-item first last\"><input type=\"checkbox\" name=\"checkbox-555[]\" value=\"Jeg erkl\u00e6rer hermed, at jeg gerne vil tr\u00e6kke aftalen tilbage med hensyn til registreringen af en stjerne\" \/><span class=\"wpcf7-list-item-label\">Jeg erkl\u00e6rer hermed, at jeg gerne vil tr\u00e6kke aftalen tilbage med hensyn til registreringen af en stjerne<\/span><\/span><\/span><\/span>\n<\/p>\n<p><input class=\"wpcf7-form-control wpcf7-submit has-spinner\" type=\"submit\" value=\"Send\" \/>\n<\/p><div class=\"wpcf7-response-output\" aria-hidden=\"true\"><\/div>\n<\/form>\n<\/div>\n\n","protected":false},"excerpt":{"rendered":"<p>Bem\u00e6rk venligst: udfyld kun denne formular, hvis du \u00f8nsker at tr\u00e6kke aftalen tilbage.<\/p>\n","protected":false},"author":4,"featured_media":0,"parent":0,"menu_order":0,"comment_status":"closed","ping_status":"closed","template":"page-service.php","meta":{"_acf_changed":false,"inline_featured_image":false,"footnotes":""},"class_list":["post-118474","page","type-page","status-publish","hentry"],"acf":[],"yoast_head":"<!-- This site is optimized with the Yoast SEO plugin v27.3 - https:\/\/yoast.com\/product\/yoast-seo-wordpress\/ -->\n<title>Fortrydelsesformular - Online Star Register<\/title>\n<meta name=\"robots\" content=\"noindex, follow\" \/>\n<meta property=\"og:locale\" content=\"da_DK\" \/>\n<meta property=\"og:type\" content=\"article\" \/>\n<meta property=\"og:title\" content=\"Fortrydelsesformular - Online Star Register\" \/>\n<meta property=\"og:description\" content=\"Bem\u00e6rk venligst: udfyld kun denne formular, hvis du \u00f8nsker at tr\u00e6kke aftalen tilbage.\" \/>\n<meta property=\"og:url\" content=\"https:\/\/osr.org\/da\/fortrydelsesformular\/\" \/>\n<meta property=\"og:site_name\" content=\"Online Star Register\" \/>\n<meta property=\"article:modified_time\" content=\"2020-01-08T15:41:52+00:00\" \/>\n<meta name=\"twitter:card\" content=\"summary_large_image\" \/>\n<script type=\"application\/ld+json\" class=\"yoast-schema-graph\">{\n\t    \"@context\": \"https:\\\/\\\/schema.org\",\n\t    \"@graph\": [\n\t        {\n\t            \"@type\": \"WebPage\",\n\t            \"@id\": \"https:\\\/\\\/osr.org\\\/da\\\/fortrydelsesformular\\\/\",\n\t            \"url\": \"https:\\\/\\\/osr.org\\\/da\\\/fortrydelsesformular\\\/\",\n\t            \"name\": \"Fortrydelsesformular - Online Star Register\",\n\t            \"isPartOf\": {\n\t                \"@id\": \"https:\\\/\\\/osr.org\\\/da\\\/#website\"\n\t            },\n\t            \"datePublished\": \"2020-01-08T15:40:14+00:00\",\n\t            \"dateModified\": \"2020-01-08T15:41:52+00:00\",\n\t            \"breadcrumb\": {\n\t                \"@id\": \"https:\\\/\\\/osr.org\\\/da\\\/fortrydelsesformular\\\/#breadcrumb\"\n\t            },\n\t            \"inLanguage\": \"da-DK\",\n\t            \"potentialAction\": [\n\t                {\n\t                    \"@type\": \"ReadAction\",\n\t                    \"target\": [\n\t                        \"https:\\\/\\\/osr.org\\\/da\\\/fortrydelsesformular\\\/\"\n\t                    ]\n\t                }\n\t            ]\n\t        },\n\t        {\n\t            \"@type\": \"BreadcrumbList\",\n\t            \"@id\": \"https:\\\/\\\/osr.org\\\/da\\\/fortrydelsesformular\\\/#breadcrumb\",\n\t            \"itemListElement\": [\n\t                {\n\t                    \"@type\": \"ListItem\",\n\t                    \"position\": 1,\n\t                    \"name\": \"Home\",\n\t                    \"item\": \"https:\\\/\\\/osr.org\\\/da\\\/\"\n\t                },\n\t                {\n\t                    \"@type\": \"ListItem\",\n\t                    \"position\": 2,\n\t                    \"name\": \"Fortrydelsesformular\"\n\t                }\n\t            ]\n\t        },\n\t        {\n\t            \"@type\": \"WebSite\",\n\t            \"@id\": \"https:\\\/\\\/osr.org\\\/da\\\/#website\",\n\t            \"url\": \"https:\\\/\\\/osr.org\\\/da\\\/\",\n\t            \"name\": \"Online Star Register\",\n\t            \"description\": \"\",\n\t            \"potentialAction\": [\n\t                {\n\t                    \"@type\": \"SearchAction\",\n\t                    \"target\": {\n\t                        \"@type\": \"EntryPoint\",\n\t                        \"urlTemplate\": \"https:\\\/\\\/osr.org\\\/da\\\/?s={search_term_string}\"\n\t                    },\n\t                    \"query-input\": {\n\t                        \"@type\": \"PropertyValueSpecification\",\n\t                        \"valueRequired\": true,\n\t                        \"valueName\": \"search_term_string\"\n\t                    }\n\t                }\n\t            ],\n\t            \"inLanguage\": \"da-DK\"\n\t        }\n\t    ]\n\t}<\/script>\n<!-- \/ Yoast SEO plugin. -->","yoast_head_json":{"title":"Fortrydelsesformular - Online Star Register","robots":{"index":"noindex","follow":"follow"},"og_locale":"da_DK","og_type":"article","og_title":"Fortrydelsesformular - Online Star Register","og_description":"Bem\u00e6rk venligst: udfyld kun denne formular, hvis du \u00f8nsker at tr\u00e6kke aftalen tilbage.","og_url":"https:\/\/osr.org\/da\/fortrydelsesformular\/","og_site_name":"Online Star Register","article_modified_time":"2020-01-08T15:41:52+00:00","twitter_card":"summary_large_image","schema":{"@context":"https:\/\/schema.org","@graph":[{"@type":"WebPage","@id":"https:\/\/osr.org\/da\/fortrydelsesformular\/","url":"https:\/\/osr.org\/da\/fortrydelsesformular\/","name":"Fortrydelsesformular - Online Star Register","isPartOf":{"@id":"https:\/\/osr.org\/da\/#website"},"datePublished":"2020-01-08T15:40:14+00:00","dateModified":"2020-01-08T15:41:52+00:00","breadcrumb":{"@id":"https:\/\/osr.org\/da\/fortrydelsesformular\/#breadcrumb"},"inLanguage":"da-DK","potentialAction":[{"@type":"ReadAction","target":["https:\/\/osr.org\/da\/fortrydelsesformular\/"]}]},{"@type":"BreadcrumbList","@id":"https:\/\/osr.org\/da\/fortrydelsesformular\/#breadcrumb","itemListElement":[{"@type":"ListItem","position":1,"name":"Home","item":"https:\/\/osr.org\/da\/"},{"@type":"ListItem","position":2,"name":"Fortrydelsesformular"}]},{"@type":"WebSite","@id":"https:\/\/osr.org\/da\/#website","url":"https:\/\/osr.org\/da\/","name":"Online Star Register","description":"","potentialAction":[{"@type":"SearchAction","target":{"@type":"EntryPoint","urlTemplate":"https:\/\/osr.org\/da\/?s={search_term_string}"},"query-input":{"@type":"PropertyValueSpecification","valueRequired":true,"valueName":"search_term_string"}}],"inLanguage":"da-DK"}]}},"_links":{"self":[{"href":"https:\/\/osr.org\/da\/wp-json\/wp\/v2\/pages\/118474","targetHints":{"allow":["GET"]}}],"collection":[{"href":"https:\/\/osr.org\/da\/wp-json\/wp\/v2\/pages"}],"about":[{"href":"https:\/\/osr.org\/da\/wp-json\/wp\/v2\/types\/page"}],"author":[{"embeddable":true,"href":"https:\/\/osr.org\/da\/wp-json\/wp\/v2\/users\/4"}],"replies":[{"embeddable":true,"href":"https:\/\/osr.org\/da\/wp-json\/wp\/v2\/comments?post=118474"}],"version-history":[{"count":1,"href":"https:\/\/osr.org\/da\/wp-json\/wp\/v2\/pages\/118474\/revisions"}],"predecessor-version":[{"id":118475,"href":"https:\/\/osr.org\/da\/wp-json\/wp\/v2\/pages\/118474\/revisions\/118475"}],"wp:attachment":[{"href":"https:\/\/osr.org\/da\/wp-json\/wp\/v2\/media?parent=118474"}],"curies":[{"name":"wp","href":"https:\/\/api.w.org\/{rel}","templated":true}]}}